{"id":6478,"date":"2019-06-18T12:44:44","date_gmt":"2019-06-18T10:44:44","guid":{"rendered":"http:\/\/schilddruesenguide.de\/thyreoiditis\/?page_id=6478"},"modified":"2025-09-10T15:20:24","modified_gmt":"2025-09-10T13:20:24","slug":"schilddruesenspezialisten-postleitzahlengebiet-0-chemnitz-dessau-dresden-halle-jena-leipzig","status":"publish","type":"page","link":"https:\/\/schilddruesenguide.de\/thyreoiditis\/schilddruesenspezialisten-postleitzahlengebiet-0-chemnitz-dessau-dresden-halle-jena-leipzig\/","title":{"rendered":"Schilddr\u00fcsenspezialisten &#8211; Postleitzahlengebiet 0 &#8211; Chemnitz, Dessau, Dresden, Halle, Jena, Leipzig"},"content":{"rendered":"<p>Im Raum Sachsen finden Sie zahlreiche erfahrene Fach\u00e4rzte, Kliniken und Praxen mit Spezialisierung auf Schilddr\u00fcsenerkrankungen. Hier erhalten Sie eine \u00dcbersicht qualifizierter Ansprechpartner f\u00fcr Diagnostik, Behandlung und Nachsorge bei Unter- oder \u00dcberfunktion sowie Knoten und Autoimmunerkrankungen wie Hashimoto.<\/p>\n<h2>Schilddr\u00fcsenspezialisten<\/h2>\n<div style=\"font-size: 13px; color: #888;\">Premium-Eintrag (entgeltlich)<\/div>\n<p>&nbsp;<\/p>\n<hr \/>\n<h2>Schilddr\u00fcsensprechstunden<\/h2>\n<h2><strong>Schilddr\u00fcsenzentren<\/strong><\/h2>\n<h2><strong>Schilddr\u00fcsenchirurgie<\/strong><\/h2>\n<ul>\n<li>Krankenhaus St. Joseph-Stift (<a href=\"http:\/\/www.josephstift-dresden.de\/\">Dresden<\/a>). Von der Deutschen Gesellschaft f\u00fcr Allgemein- und Viszeralchirurgie als Kompetenzzentrum f\u00fcr Schilddr\u00fcsen- und Nebenschilddr\u00fcsenchirurgie zertifiziert.<\/li>\n<\/ul>\n<h2><strong>Radioiodtherapiezentren<\/strong><\/h2>\n<ul>\n<li>Klinik f\u00fcr Nuklearmedizin, Klinikum <a href=\"http:\/\/www.skc.de\/\">Chemnitz<\/a><\/li>\n<li>Abteilung f\u00fcr Nuklearmedizin, St\u00e4dtisches Klinikum <a href=\"http:\/\/www.klinikum-dessau.de\/\">Dessau<\/a><\/li>\n<li>Klinik f\u00fcr Nuklearmedizin, Universit\u00e4tsklinikum Carl Gustav Carus (<a href=\"http:\/\/www.uniklinikum-dresden.de\/\">Dresden<\/a>)<\/li>\n<li>Klinik f\u00fcr Nuklearmedizin, Universit\u00e4tsklinikum <a href=\"http:\/\/www.medizin.uni-halle.de\/\">Halle (Saale)<\/a><\/li>\n<li>Klinik f\u00fcr Radiologie, Abteilung Nuklearmedizin, Universit\u00e4tsklinikum <a href=\"http:\/\/www.uniklinikum-jena.de\/\">Jena<\/a><\/li>\n<li>Klinik f\u00fcr Nuklearmedizin, Universit\u00e4t <a href=\"http:\/\/www.uniklinikum-leipzig.de\/\">Leipzig<\/a><\/li>\n<\/ul>\n<div style=\"background-color: #f0f0f0; padding: 20px; border-radius: 5px; margin-top: 40px;\">\n<h2>Informationen f\u00fcr Fach\u00e4rzt:innen im PLZ-Gebiet 0<\/h2>\n<p>Sie f\u00fchren eine Praxis oder Klinik mit Schilddr\u00fcsensprechstunde im Postleitzahlengebiet <strong>0<\/strong>? Dann haben Sie hier die M\u00f6glichkeit, gezielt Patient:innen aus Ihrer Region zu erreichen.<\/p>\n<h3>H\u00e4ufige Fragen (FAQ):<\/h3>\n<ul>\n<li><strong>Wie funktioniert der Eintrag?<\/strong><br \/>\nIch platziere Ihre Praxis gut sichtbar mit Logo, Kontaktdaten und Verlinkung auf dieser Seite.<\/li>\n<li><strong>Was kostet das?<\/strong><br \/>\nEin hervorgehobener Eintrag kostet einmalig 99,95 EUR.<\/li>\n<li><strong>Wie kann ich buchen?<\/strong><br \/>\nBitte nutzen Sie das Kontaktformular.<\/li>\n<li><strong>Wie schnell ist mein Eintrag online?<\/strong><br \/>\nIn der Regel innerhalb von 1\u20132 Werktagen nach Absprache und Datenfreigabe.<\/li>\n<\/ul>\n<p><span style=\"color: #008000;\"><strong>Jetzt Eintrag anfragen \u2192 <a style=\"color: #008000;\" href=\"https:\/\/schilddruesenguide.de\/thyreoiditis\/kontaktformular-fuer-eine-buchungsanfrage\/\">Kontaktformular<\/a><\/strong><\/span><\/p>\n<\/div>\n<hr \/>\n<p>Erstellt am 03. August 2025<\/p>\n","protected":false},"excerpt":{"rendered":"<p>Im Raum Sachsen finden Sie zahlreiche erfahrene Fach\u00e4rzte, Kliniken und Praxen mit Spezialisierung auf Schilddr\u00fcsenerkrankungen. Hier erhalten Sie eine \u00dcbersicht qualifizierter Ansprechpartner f\u00fcr Diagnostik, Behandlung und Nachsorge bei Unter- oder \u00dcberfunktion sowie Knoten und Autoimmunerkrankungen wie Hashimoto. Schilddr\u00fcsenspezialisten Premium-Eintrag (entgeltlich) &nbsp; Schilddr\u00fcsensprechstunden Schilddr\u00fcsenzentren Schilddr\u00fcsenchirurgie Krankenhaus St. Joseph-Stift (Dresden). Von der [&hellip;]<\/p>\n","protected":false},"author":1,"featured_media":0,"parent":0,"menu_order":0,"comment_status":"closed","ping_status":"closed","template":"","meta":{"_metis_text_type":"standard","_metis_text_length":1713,"_post_count":0,"footnotes":""},"class_list":["post-6478","page","type-page","status-publish","hentry"],"_links":{"self":[{"href":"https:\/\/schilddruesenguide.de\/thyreoiditis\/wp-json\/wp\/v2\/pages\/6478","targetHints":{"allow":["GET"]}}],"collection":[{"href":"https:\/\/schilddruesenguide.de\/thyreoiditis\/wp-json\/wp\/v2\/pages"}],"about":[{"href":"https:\/\/schilddruesenguide.de\/thyreoiditis\/wp-json\/wp\/v2\/types\/page"}],"author":[{"embeddable":true,"href":"https:\/\/schilddruesenguide.de\/thyreoiditis\/wp-json\/wp\/v2\/users\/1"}],"replies":[{"embeddable":true,"href":"https:\/\/schilddruesenguide.de\/thyreoiditis\/wp-json\/wp\/v2\/comments?post=6478"}],"version-history":[{"count":0,"href":"https:\/\/schilddruesenguide.de\/thyreoiditis\/wp-json\/wp\/v2\/pages\/6478\/revisions"}],"wp:attachment":[{"href":"https:\/\/schilddruesenguide.de\/thyreoiditis\/wp-json\/wp\/v2\/media?parent=6478"}],"curies":[{"name":"wp","href":"https:\/\/api.w.org\/{rel}","templated":true}]}}