{"id":6474,"date":"2019-06-18T12:43:13","date_gmt":"2019-06-18T10:43:13","guid":{"rendered":"http:\/\/schilddruesenguide.de\/thyreoiditis\/?page_id=6474"},"modified":"2025-09-10T15:21:13","modified_gmt":"2025-09-10T13:21:13","slug":"schilddruesenspezialisten-postleitzahlengebiet-2-bremen-flensburg-hamburg-kiel-oldenburg-rotenburg-wuemme-schiffdorf","status":"publish","type":"page","link":"https:\/\/schilddruesenguide.de\/thyreoiditis\/schilddruesenspezialisten-postleitzahlengebiet-2-bremen-flensburg-hamburg-kiel-oldenburg-rotenburg-wuemme-schiffdorf\/","title":{"rendered":"Schilddr\u00fcsenspezialisten &#8211; Postleitzahlengebiet 2 &#8211; Bremen, Flensburg, Hamburg, Kiel, Oldenburg, Rotenburg-W\u00fcmme, Schiffdorf"},"content":{"rendered":"<p>In Hamburg und Umgebung bieten zahlreiche \u00c4rzte und Kliniken fach\u00e4rztliche Betreuung rund um die Schilddr\u00fcse an. Unsere \u00dcbersicht hilft Ihnen dabei, den richtigen Spezialisten f\u00fcr Ihre individuellen Beschwerden oder zur Vorsorgeuntersuchung zu finden.<\/p>\n<h2>Schilddr\u00fcsenspezialisten<\/h2>\n<div style=\"font-size: 13px; color: #888;\">Premium-Eintrag (entgeltlich)<\/div>\n<p>&nbsp;<\/p>\n<hr \/>\n<h2><strong>Schilddr\u00fcsensprechstunden<\/strong><\/h2>\n<h2><strong>Schilddr\u00fcsenzentren<\/strong><\/h2>\n<h2><strong>Schilddr\u00fcsenchirurgie<\/strong><\/h2>\n<ul>\n<li>Universit\u00e4tsklinikum <a href=\"http:\/\/www.uke.de\/\">Hamburg-Eppendorf<\/a>. Von der Deutschen Gesellschaft f\u00fcr Allgemein- und Viszeralchirurgie als Kompetenzzentrum f\u00fcr Schilddr\u00fcsen- und Nebenschilddr\u00fcsenchirurgie zertifiziert.<\/li>\n<li><del>Universit\u00e4tsklinik Schleswig-Holstein, Campus L\u00fcbeck. Von der Deutschen Gesellschaft f\u00fcr Allgemein- und Viszeralchirurgie als Kompetenzzentrum f\u00fcr Schilddr\u00fcsen- und Nebenschilddr\u00fcsenchirurgie zertifiziert.<\/del><\/li>\n<li>Pius-Hospital Oldenburg. Von der Deutschen Gesellschaft f\u00fcr Allgemein- und Viszeralchirurgie als Kompetenzzentrum f\u00fcr Schilddr\u00fcsen- und Nebenschilddr\u00fcsenchirurgie zertifiziert.<\/li>\n<li style=\"list-style-type: none;\"><\/li>\n<\/ul>\n<h2><strong>Radioiodtherapiezentren<\/strong><\/h2>\n<ul>\n<li>Klinik f\u00fcr Nuklearmedizin, Klinikum <a href=\"http:\/\/www.klinikum-bremen-mitte.de\/\">Bremen-Mitte<\/a><\/li>\n<li>Universit\u00e4tskrankenhaus <a href=\"http:\/\/www.uke.uni-hamburg.de\/\">Hamburg-Eppendorf<\/a><\/li>\n<li>Klinik f\u00fcr Nuklearmedizin, Universit\u00e4tsklinikum Schleswig-Holstein (<a href=\"http:\/\/www.uni-kiel.de\/nuc-med\/\">Kiel<\/a>)<\/li>\n<li>Klinik f\u00fcr Nuklearmedizin, Pius-Hospital <a href=\"http:\/\/www.pius-hospital.de\/03_01_07.php\">Oldenburg<\/a><\/li>\n<li>Institut f\u00fcr Nuklearmedizin, Diakoniekrankenhaus Rotenburg-W\u00fcmme<\/li>\n<li>Klinik Dr. Hancken (<a href=\"http:\/\/www.hancken.de\/\">Stade<\/a>)<\/li>\n<\/ul>\n<div style=\"background-color: #f0f0f0; padding: 20px; border-radius: 5px; margin-top: 40px;\">\n<h2>Informationen f\u00fcr Fach\u00e4rzt:innen im PLZ-Gebiet 2<\/h2>\n<p>Sie f\u00fchren eine Praxis oder Klinik mit Schilddr\u00fcsensprechstunde im Postleitzahlengebiet <b>2<\/b>? Dann haben Sie hier die M\u00f6glichkeit, gezielt Patient:innen aus Ihrer Region zu erreichen.<\/p>\n<h3>H\u00e4ufige Fragen (FAQ):<\/h3>\n<ul>\n<li><strong>Wie funktioniert der Eintrag?<\/strong><br \/>\nIch platziere Ihre Praxis gut sichtbar mit Logo, Kontaktdaten und Verlinkung auf dieser Seite.<\/li>\n<li><strong>Was kostet das?<\/strong><br \/>\nEin hervorgehobener Eintrag kostet einmalig 99,95 EUR.<\/li>\n<li><strong>Wie kann ich buchen?<\/strong><br \/>\nBitte nutzen Sie das Kontaktformular.<\/li>\n<li><strong>Wie schnell ist mein Eintrag online?<\/strong><br \/>\nIn der Regel innerhalb von 1\u20132 Werktagen nach Absprache und Datenfreigabe.<\/li>\n<\/ul>\n<p><span style=\"color: #008000;\"><strong>Jetzt Eintrag anfragen \u2192 <a style=\"color: #008000;\" href=\"https:\/\/schilddruesenguide.de\/thyreoiditis\/kontaktformular-fuer-eine-buchungsanfrage\/\">Kontaktformular<\/a><\/strong><\/span><\/p>\n<\/div>\n<hr \/>\n<p>Erstellt am 03. August 2025<\/p>\n","protected":false},"excerpt":{"rendered":"<p>In Hamburg und Umgebung bieten zahlreiche \u00c4rzte und Kliniken fach\u00e4rztliche Betreuung rund um die Schilddr\u00fcse an. Unsere \u00dcbersicht hilft Ihnen dabei, den richtigen Spezialisten f\u00fcr Ihre individuellen Beschwerden oder zur Vorsorgeuntersuchung zu finden. Schilddr\u00fcsenspezialisten Premium-Eintrag (entgeltlich) &nbsp; Schilddr\u00fcsensprechstunden Schilddr\u00fcsenzentren Schilddr\u00fcsenchirurgie Universit\u00e4tsklinikum Hamburg-Eppendorf. Von der Deutschen Gesellschaft f\u00fcr Allgemein- und Viszeralchirurgie [&hellip;]<\/p>\n","protected":false},"author":1,"featured_media":0,"parent":0,"menu_order":0,"comment_status":"closed","ping_status":"closed","template":"","meta":{"_metis_text_type":"standard","_metis_text_length":1976,"_post_count":0,"footnotes":""},"class_list":["post-6474","page","type-page","status-publish","hentry"],"_links":{"self":[{"href":"https:\/\/schilddruesenguide.de\/thyreoiditis\/wp-json\/wp\/v2\/pages\/6474","targetHints":{"allow":["GET"]}}],"collection":[{"href":"https:\/\/schilddruesenguide.de\/thyreoiditis\/wp-json\/wp\/v2\/pages"}],"about":[{"href":"https:\/\/schilddruesenguide.de\/thyreoiditis\/wp-json\/wp\/v2\/types\/page"}],"author":[{"embeddable":true,"href":"https:\/\/schilddruesenguide.de\/thyreoiditis\/wp-json\/wp\/v2\/users\/1"}],"replies":[{"embeddable":true,"href":"https:\/\/schilddruesenguide.de\/thyreoiditis\/wp-json\/wp\/v2\/comments?post=6474"}],"version-history":[{"count":0,"href":"https:\/\/schilddruesenguide.de\/thyreoiditis\/wp-json\/wp\/v2\/pages\/6474\/revisions"}],"wp:attachment":[{"href":"https:\/\/schilddruesenguide.de\/thyreoiditis\/wp-json\/wp\/v2\/media?parent=6474"}],"curies":[{"name":"wp","href":"https:\/\/api.w.org\/{rel}","templated":true}]}}