{"id":6470,"date":"2019-06-18T12:41:29","date_gmt":"2019-06-18T10:41:29","guid":{"rendered":"http:\/\/schilddruesenguide.de\/thyreoiditis\/?page_id=6470"},"modified":"2025-09-10T15:21:53","modified_gmt":"2025-09-10T13:21:53","slug":"schilddruesenspezialisten-postleitzahlengebiet-4-bochum-dortmund-duisburg-essen-krefeld-luenen-moenchengladbach-muenster-rheine-wesel","status":"publish","type":"page","link":"https:\/\/schilddruesenguide.de\/thyreoiditis\/schilddruesenspezialisten-postleitzahlengebiet-4-bochum-dortmund-duisburg-essen-krefeld-luenen-moenchengladbach-muenster-rheine-wesel\/","title":{"rendered":"Schilddr\u00fcsenspezialisten &#8211; Postleitzahlengebiet 4 &#8211; Bochum, Dortmund, Duisburg, Essen, Krefeld, L\u00fcnen, M\u00f6nchengladbach, M\u00fcnster, Rheine, Wesel"},"content":{"rendered":"<p>Das Ruhrgebiet verf\u00fcgt \u00fcber eine hohe Arztdichte \u2013 hier finden Sie eine Vielzahl erfahrener Fach\u00e4rzte f\u00fcr Schilddr\u00fcsenerkrankungen. Ob \u00dcberfunktion, Hashimoto oder Knoten \u2013 hier werden Sie f\u00fcndig.<\/p>\n<h2>Schilddr\u00fcsenspezialisten<\/h2>\n<div style=\"font-size: 13px; color: #888;\">Premium-Eintrag (entgeltlich)<\/div>\n<p>&nbsp;<\/p>\n<hr \/>\n<h2><strong>Schilddr\u00fcsensprechstunden<\/strong><\/h2>\n<h2><strong>Schilddr\u00fcsenzentren<\/strong><\/h2>\n<ul>\n<li>Klinik f\u00fcr Nuklearmedizin, Universit\u00e4tsklinikum Essen. Zentrum f\u00fcr die Behandlung des medull\u00e4ren Schilddr\u00fcsenkarzinoms (2009 &#8211; 2011 fand hier eine internationale Phase-III-Studie zum Medikament Cabozantinib\/XL184 statt.)<\/li>\n<\/ul>\n<h2><strong>Schilddr\u00fcsenchirurgie<\/strong><\/h2>\n<ul>\n<li>Klinikum <a href=\"http:\/\/www.klinikumdo.de\/\">Dortmund<\/a> gGmbH. Von der Deutschen Gesellschaft f\u00fcr Allgemein- und Viszeralchirurgie als Kompetenzzentrum f\u00fcr Schilddr\u00fcsen- und Nebenschilddr\u00fcsenchirurgie zertifiziert.<\/li>\n<li>Evangelisches Krankenhaus <a href=\"http:\/\/www.evk-herne.de\/\">Herne<\/a>. Von der Deutschen Gesellschaft f\u00fcr Allgemein- und Viszeralchirurgie als Kompetenzzentrum f\u00fcr Schilddr\u00fcsen- und Nebenschilddr\u00fcsenchirurgie zertifiziert.<\/li>\n<li>Lukaskrankenhaus (Neuss). Von der Deutschen Gesellschaft f\u00fcr Allgemein- und Viszeralchirurgie als Kompetenzzentrum f\u00fcr Schilddr\u00fcsen- und Nebenschilddr\u00fcsenchirurgie zertifiziert.<\/li>\n<li>Helios Klinikum Wuppertal. Von der Deutschen Gesellschaft f\u00fcr Allgemein- und Viszeralchirurgie als Referenzzentrum f\u00fcr Schilddr\u00fcsen- und Nebenschilddr\u00fcsenchirurgie zertifiziert.<\/li>\n<li>Raphaelsklinik M\u00fcnster GmbH. Von der Deutschen Gesellschaft f\u00fcr Allgemein- und Viszeralchirurgie als Kompetenzzentrum f\u00fcr Schilddr\u00fcsen- und Nebenschilddr\u00fcsenchirurgie zertifiziert.<\/li>\n<li style=\"list-style-type: none;\"><\/li>\n<\/ul>\n<h2><strong>Radioiodtherapiezentren<\/strong><\/h2>\n<ul>\n<li>Klinik f\u00fcr Nuklearmedizin, Klinikum <a href=\"http:\/\/www.klinikumdo.de\/\">Dortmund<\/a><\/li>\n<li>Klinik f\u00fcr Nuklearmedizin, Universit\u00e4tsklinikum <a href=\"http:\/\/www.uni-essen.de\/\">Essen<\/a><\/li>\n<li>Helios Klinikum Krefeld<\/li>\n<li>Nuklearmedizinische Klink, St.-Marien-Hospital L\u00fcnen<\/li>\n<li>Klinik f\u00fcr Nuklearmedizin, Kliniken Mariahilf <a href=\"http:\/\/www.mariahilf.de\/\">M\u00f6nchengladbach<\/a><\/li>\n<li>Klink f\u00fcr Nuklearmedizin, Universit\u00e4tslinik <a href=\"http:\/\/www.uni-muenster.de\/\">M\u00fcnster<\/a><\/li>\n<li>Mathias Spital <a href=\"http:\/\/www.mathias-stiftung.de\/\">Rheine<\/a><\/li>\n<\/ul>\n<div style=\"background-color: #f0f0f0; padding: 20px; border-radius: 5px; margin-top: 40px;\">\n<h2>Informationen f\u00fcr Fach\u00e4rzt:innen im PLZ-Gebiet 4<\/h2>\n<p>Sie f\u00fchren eine Praxis oder Klinik mit Schilddr\u00fcsensprechstunde im Postleitzahlengebiet <b>4<\/b>? Dann haben Sie hier die M\u00f6glichkeit, gezielt Patient:innen aus Ihrer Region zu erreichen.<\/p>\n<h3>H\u00e4ufige Fragen (FAQ):<\/h3>\n<ul>\n<li><strong>Wie funktioniert der Eintrag?<\/strong><br \/>\nIch platziere Ihre Praxis gut sichtbar mit Logo, Kontaktdaten und Verlinkung auf dieser Seite.<\/li>\n<li><strong>Was kostet das?<\/strong><br \/>\nEin hervorgehobener Eintrag kostet einmalig 99,95 EUR.<\/li>\n<li><strong>Wie kann ich buchen?<\/strong><br \/>\nBitte nutzen Sie das Kontaktformular.<\/li>\n<li><strong>Wie schnell ist mein Eintrag online?<\/strong><br \/>\nIn der Regel innerhalb von 1\u20132 Werktagen nach Absprache und Datenfreigabe.<\/li>\n<\/ul>\n<p><span style=\"color: #008000;\"><strong>Jetzt Eintrag anfragen \u2192 <a style=\"color: #008000;\" href=\"https:\/\/schilddruesenguide.de\/thyreoiditis\/kontaktformular-fuer-eine-buchungsanfrage\/\">Kontaktformular<\/a><\/strong><\/span><\/p>\n<\/div>\n<hr \/>\n<p>Erstellt am 03. August 2025<\/p>\n","protected":false},"excerpt":{"rendered":"<p>Das Ruhrgebiet verf\u00fcgt \u00fcber eine hohe Arztdichte \u2013 hier finden Sie eine Vielzahl erfahrener Fach\u00e4rzte f\u00fcr Schilddr\u00fcsenerkrankungen. Ob \u00dcberfunktion, Hashimoto oder Knoten \u2013 hier werden Sie f\u00fcndig. Schilddr\u00fcsenspezialisten Premium-Eintrag (entgeltlich) &nbsp; Schilddr\u00fcsensprechstunden Schilddr\u00fcsenzentren Klinik f\u00fcr Nuklearmedizin, Universit\u00e4tsklinikum Essen. Zentrum f\u00fcr die Behandlung des medull\u00e4ren Schilddr\u00fcsenkarzinoms (2009 &#8211; 2011 fand hier [&hellip;]<\/p>\n","protected":false},"author":1,"featured_media":0,"parent":0,"menu_order":0,"comment_status":"closed","ping_status":"closed","template":"","meta":{"_metis_text_type":"standard","_metis_text_length":2476,"_post_count":0,"footnotes":""},"class_list":["post-6470","page","type-page","status-publish","hentry"],"_links":{"self":[{"href":"https:\/\/schilddruesenguide.de\/thyreoiditis\/wp-json\/wp\/v2\/pages\/6470","targetHints":{"allow":["GET"]}}],"collection":[{"href":"https:\/\/schilddruesenguide.de\/thyreoiditis\/wp-json\/wp\/v2\/pages"}],"about":[{"href":"https:\/\/schilddruesenguide.de\/thyreoiditis\/wp-json\/wp\/v2\/types\/page"}],"author":[{"embeddable":true,"href":"https:\/\/schilddruesenguide.de\/thyreoiditis\/wp-json\/wp\/v2\/users\/1"}],"replies":[{"embeddable":true,"href":"https:\/\/schilddruesenguide.de\/thyreoiditis\/wp-json\/wp\/v2\/comments?post=6470"}],"version-history":[{"count":0,"href":"https:\/\/schilddruesenguide.de\/thyreoiditis\/wp-json\/wp\/v2\/pages\/6470\/revisions"}],"wp:attachment":[{"href":"https:\/\/schilddruesenguide.de\/thyreoiditis\/wp-json\/wp\/v2\/media?parent=6470"}],"curies":[{"name":"wp","href":"https:\/\/api.w.org\/{rel}","templated":true}]}}