{"id":6468,"date":"2019-06-18T12:40:43","date_gmt":"2019-06-18T10:40:43","guid":{"rendered":"http:\/\/schilddruesenguide.de\/thyreoiditis\/?page_id=6468"},"modified":"2025-09-10T15:22:09","modified_gmt":"2025-09-10T13:22:09","slug":"schilddruesenspezialisten-postleitzahlengebiet-5-aachen-bonn-dembach-hemer-huerth-luedenscheid-koeln-mainz-mainz-kastel-siegen-trier-wesseling-wuppertal","status":"publish","type":"page","link":"https:\/\/schilddruesenguide.de\/thyreoiditis\/schilddruesenspezialisten-postleitzahlengebiet-5-aachen-bonn-dembach-hemer-huerth-luedenscheid-koeln-mainz-mainz-kastel-siegen-trier-wesseling-wuppertal\/","title":{"rendered":"Schilddr\u00fcsenspezialisten &#8211; Postleitzahlengebiet 5 &#8211; Aachen, Bonn, Dembach, Hemer, H\u00fcrth, L\u00fcdenscheid, K\u00f6ln, Mainz, Mainz-Kastel, Siegen, Trier, Wesseling, Wuppertal"},"content":{"rendered":"<p>Im Rheinland sind viele Praxen auf die Behandlung von Schilddr\u00fcsenerkrankungen spezialisiert. Unsere \u00dcbersicht enth\u00e4lt qualifizierte Fach\u00e4rzte aus K\u00f6ln, Bonn, Mainz und Umgebung \u2013 inklusive Kontakt- und ggf. Zusatzinformationen.<\/p>\n<h2>Schilddr\u00fcsenspezialisten<\/h2>\n<div style=\"font-size: 13px; color: #888;\">Premium-Eintrag (entgeltlich)<\/div>\n<p>&nbsp;<\/p>\n<hr \/>\n<h2><strong>Schilddr\u00fcsensprechstunden<\/strong><\/h2>\n<ul>\n<li>Uniklinik RWTH <a href=\"https:\/\/www.ukaachen.de\/kliniken-institute\/klinik-fuer-nuklearmedizin\/fuer-patienten\/sprechstunden.html\">Aachen<\/a> (Schilddr\u00fcsensprechstunde)<\/li>\n<\/ul>\n<h2><strong>Schilddr\u00fcsenzentren<\/strong><\/h2>\n<ul>\n<li>Medizinische Klinik und Poliklinik, Johannes-Gutenberg-Universit\u00e4t <a href=\"http:\/\/www.unimedizin-mainz.de\/1-med\/patienten\/abteilungen\/endokrinologie-und-stoffwechselerkrankungen.html?L=\">Mainz<\/a>. Zentrum f\u00fcr die Behandlung des medull\u00e4ren Schilddr\u00fcsenkarzinoms (2009 &#8211; 2011 fand hier eine internationale Phase-III-Studie zum Medikament Cabozantinib\/XL184 statt.)<\/li>\n<\/ul>\n<h2><strong>Schilddr\u00fcsenchirurgie<\/strong><\/h2>\n<ul>\n<li>St\u00e4dtische Kliniken K\u00f6ln gGmbH, Krankenhaus Holweide. Von der Deutschen Gesellschaft f\u00fcr Allgemein- und Viszeralchirurgie als Kompetenzzentrum f\u00fcr Schilddr\u00fcsen- und Nebenschilddr\u00fcsenchirurgie zertifiziert.<\/li>\n<li>Universit\u00e4tsklinikum Mainz. Von der Deutschen Gesellschaft f\u00fcr Allgemein- und Viszeralchirurgie als Referenzzentrum f\u00fcr Endokrine Chirurgie zertifiziert.<\/li>\n<li>St. Agatha-Krankenhaus (K\u00f6ln). Von der Deutschen Gesellschaft f\u00fcr Allgemein- und Viszeralchirurgie als Kompetenzzentrum f\u00fcr Schilddr\u00fcsen- und Nebenschilddr\u00fcsenchirurgie zertifiziert.<\/li>\n<li>Luisenhospital (Aachen).Von der Deutschen Gesellschaft f\u00fcr Allgemein- und Viszeralchirurgie als Kompetenzzentrum f\u00fcr Schilddr\u00fcsen- und Nebenschilddr\u00fcsenchirurgie zertifiziert.<\/li>\n<li>Johanniter Krankenhaus Bonn.Von der Deutschen Gesellschaft f\u00fcr Allgemein- und Viszeralchirurgie als Kompetenzzentrum f\u00fcr Schilddr\u00fcsen- und Nebenschilddr\u00fcsenchirurgie zertifiziert.<\/li>\n<li>Katholisches Klinikum Mainz.Von der Deutschen Gesellschaft f\u00fcr Allgemein- und Viszeralchirurgie als Kompetenzzentrum f\u00fcr Schilddr\u00fcsen- und Nebenschilddr\u00fcsenchirurgie zertifiziert.<\/li>\n<\/ul>\n<h2><strong>Radioiodtherapiezentren<\/strong><\/h2>\n<ul>\n<li>Klinik f\u00fcr Nuklearmedizin, Universit\u00e4tsklinikum Aachen<\/li>\n<li>Klinik f\u00fcr Nuklearmedizin, Rheinische Friedrich-Wilhelms-Universit\u00e4t Bonn<\/li>\n<li>Herz-Jesu-Krankenkaus Dembach<\/li>\n<li>Prof. Dr. H\u00fcnermann-Therapiezentrum f\u00fcr Schilddr\u00fcsenerkrankungen (H\u00fcrth)<\/li>\n<li>Klinik f\u00fcr Nuklearmedizin, Universit\u00e4t zu <a href=\"http:\/\/www.uni-koeln.de\/\">K\u00f6ln<\/a><\/li>\n<li>Universit\u00e4tsmedizin <a href=\"http:\/\/www.unimedizin-mainz.de\/\">Mainz<\/a><\/li>\n<li>Klinik f\u00fcr Nuklearmedizin, St. Marienkrankenhaus (<a href=\"http:\/\/www.marienkrankenhaus.com\/\">Siegen<\/a>)<\/li>\n<li>Klinikum Mutterhaus der Borrom\u00e4erinnen (<a href=\"http:\/\/www.mutterhaus.de\/\">Trier<\/a>)<\/li>\n<\/ul>\n<div style=\"background-color: #f0f0f0; padding: 20px; border-radius: 5px; margin-top: 40px;\">\n<h2>Informationen f\u00fcr Fach\u00e4rzt:innen im PLZ-Gebiet 5<\/h2>\n<p>Sie f\u00fchren eine Praxis oder Klinik mit Schilddr\u00fcsensprechstunde im Postleitzahlengebiet <b>5<\/b>? Dann haben Sie hier die M\u00f6glichkeit, gezielt Patient:innen aus Ihrer Region zu erreichen.<\/p>\n<h3>H\u00e4ufige Fragen (FAQ):<\/h3>\n<ul>\n<li><strong>Wie funktioniert der Eintrag?<\/strong><br \/>\nIch platziere Ihre Praxis gut sichtbar mit Logo, Kontaktdaten und Verlinkung auf dieser Seite.<\/li>\n<li><strong>Was kostet das?<\/strong><br \/>\nEin hervorgehobener Eintrag kostet einmalig 99,95 EUR.<\/li>\n<li><strong>Wie kann ich buchen?<\/strong><br \/>\nBitte nutzen Sie das Kontaktformular.<\/li>\n<li><strong>Wie schnell ist mein Eintrag online?<\/strong><br \/>\nIn der Regel innerhalb von 1\u20132 Werktagen nach Absprache und Datenfreigabe.<\/li>\n<\/ul>\n<p><span style=\"color: #008000;\"><strong>Jetzt Eintrag anfragen \u2192 <a style=\"color: #008000;\" href=\"https:\/\/schilddruesenguide.de\/thyreoiditis\/kontaktformular-fuer-eine-buchungsanfrage\/\">Kontaktformular<\/a><\/strong><\/span><\/p>\n<\/div>\n<hr \/>\n<p>Erstellt am 03. August 2025<\/p>\n","protected":false},"excerpt":{"rendered":"<p>Im Rheinland sind viele Praxen auf die Behandlung von Schilddr\u00fcsenerkrankungen spezialisiert. Unsere \u00dcbersicht enth\u00e4lt qualifizierte Fach\u00e4rzte aus K\u00f6ln, Bonn, Mainz und Umgebung \u2013 inklusive Kontakt- und ggf. Zusatzinformationen. Schilddr\u00fcsenspezialisten Premium-Eintrag (entgeltlich) &nbsp; Schilddr\u00fcsensprechstunden Uniklinik RWTH Aachen (Schilddr\u00fcsensprechstunde) Schilddr\u00fcsenzentren Medizinische Klinik und Poliklinik, Johannes-Gutenberg-Universit\u00e4t Mainz. Zentrum f\u00fcr die Behandlung des medull\u00e4ren [&hellip;]<\/p>\n","protected":false},"author":1,"featured_media":0,"parent":0,"menu_order":0,"comment_status":"closed","ping_status":"closed","template":"","meta":{"_metis_text_type":"standard","_metis_text_length":2854,"_post_count":0,"footnotes":""},"class_list":["post-6468","page","type-page","status-publish","hentry"],"_links":{"self":[{"href":"https:\/\/schilddruesenguide.de\/thyreoiditis\/wp-json\/wp\/v2\/pages\/6468","targetHints":{"allow":["GET"]}}],"collection":[{"href":"https:\/\/schilddruesenguide.de\/thyreoiditis\/wp-json\/wp\/v2\/pages"}],"about":[{"href":"https:\/\/schilddruesenguide.de\/thyreoiditis\/wp-json\/wp\/v2\/types\/page"}],"author":[{"embeddable":true,"href":"https:\/\/schilddruesenguide.de\/thyreoiditis\/wp-json\/wp\/v2\/users\/1"}],"replies":[{"embeddable":true,"href":"https:\/\/schilddruesenguide.de\/thyreoiditis\/wp-json\/wp\/v2\/comments?post=6468"}],"version-history":[{"count":0,"href":"https:\/\/schilddruesenguide.de\/thyreoiditis\/wp-json\/wp\/v2\/pages\/6468\/revisions"}],"wp:attachment":[{"href":"https:\/\/schilddruesenguide.de\/thyreoiditis\/wp-json\/wp\/v2\/media?parent=6468"}],"curies":[{"name":"wp","href":"https:\/\/api.w.org\/{rel}","templated":true}]}}