{"id":6464,"date":"2019-06-18T12:39:08","date_gmt":"2019-06-18T10:39:08","guid":{"rendered":"http:\/\/schilddruesenguide.de\/thyreoiditis\/?page_id=6464"},"modified":"2025-09-10T15:22:37","modified_gmt":"2025-09-10T13:22:37","slug":"schilddruesenspezialisten-postleitzahlengebiet-7-freiburg-karlsruhe-konstanz-stuttgart-tuebingen","status":"publish","type":"page","link":"https:\/\/schilddruesenguide.de\/thyreoiditis\/schilddruesenspezialisten-postleitzahlengebiet-7-freiburg-karlsruhe-konstanz-stuttgart-tuebingen\/","title":{"rendered":"Schilddr\u00fcsenspezialisten &#8211; Postleitzahlengebiet 7 &#8211; Freiburg, Karlsruhe, Konstanz, Stuttgart, T\u00fcbingen"},"content":{"rendered":"<p>Hier finden Sie Fach\u00e4rzte und Zentren f\u00fcr Schilddr\u00fcsenerkrankungen im S\u00fcden Deutschlands. Die Auswahl richtet sich an Patienten aus Stuttgart, T\u00fcbingen, Reutlingen oder Umgebung.<\/p>\n<h2>Schilddr\u00fcsenspezialisten<\/h2>\n<div style=\"font-size: 13px; color: #888;\">Premium-Eintrag (entgeltlich)<\/div>\n<p>&nbsp;<\/p>\n<hr \/>\n<h2><strong>Schilddr\u00fcsensprechstunde<\/strong><\/h2>\n<h2><strong>Schilddr\u00fcsenzentren<\/strong><\/h2>\n<ul>\n<li>Klinik f\u00fcr Nuklearmedizin, Eberhardt Karls Universit\u00e4t T\u00fcbingen. Zentrum f\u00fcr die Behandlung des medull\u00e4ren Schilddr\u00fcsenkarzinoms (2009 &#8211; 2011 fand hier eine internationale Phase-III-Studie zum Medikament Cabozantinib\/XL184 statt.)<\/li>\n<\/ul>\n<h2><strong>Schilddr\u00fcsenchirurgie<\/strong><\/h2>\n<ul>\n<li><del>Klinikum Konstanz. Von der Deutschen Gesellschaft f\u00fcr Allgemein- und Viszeralchirurgie als Kompetenzzentrum f\u00fcr Schilddr\u00fcsen- und Nebenschilddr\u00fcsenchirurgie zertifiziert.<\/del><\/li>\n<li>Diakonie-Klinikum Stuttgart. Von der Deutschen Gesellschaft f\u00fcr Allgemein- und Viszeralchirurgie als Kompetenzzentrum f\u00fcr Schilddr\u00fcsen- und Nebenschilddr\u00fcsenchirurgie zertifiziert.<\/li>\n<li style=\"list-style-type: none;\"><\/li>\n<\/ul>\n<h2><strong>Radioiodtherapiezentren<\/strong><\/h2>\n<ul>\n<li>Nuklearmedizinische Klinik, Universit\u00e4tsklinikum Freiburg<\/li>\n<li>Nuklearmedizin, Klinikum <a href=\"http:\/\/www.klinikum-karlsruhe.de\/\">Karlsruhe<\/a><\/li>\n<li>Klinik f\u00fcr Nuklearmedizin, Katharinenhospital <a href=\"http:\/\/www.klinikum-stuttgart.de\/\">Stuttgart<\/a><\/li>\n<li>Abteilung Nuklearmedizin, Universit\u00e4tsklinik <a href=\"http:\/\/www.uni-tuebingen.de\/\">T\u00fcbingen<\/a><\/li>\n<\/ul>\n<div style=\"background-color: #f0f0f0; padding: 20px; border-radius: 5px; margin-top: 40px;\">\n<h2>Informationen f\u00fcr Fach\u00e4rzt:innen im PLZ-Gebiet 7<\/h2>\n<p>Sie f\u00fchren eine Praxis oder Klinik mit Schilddr\u00fcsensprechstunde im Postleitzahlengebiet <b>7<\/b>? Dann haben Sie hier die M\u00f6glichkeit, gezielt Patient:innen aus Ihrer Region zu erreichen.<\/p>\n<h3>H\u00e4ufige Fragen (FAQ):<\/h3>\n<ul>\n<li><strong>Wie funktioniert der Eintrag?<\/strong><br \/>\nIch platziere Ihre Praxis gut sichtbar mit Logo, Kontaktdaten und Verlinkung auf dieser Seite.<\/li>\n<li><strong>Was kostet das?<\/strong><br \/>\nEin hervorgehobener Eintrag kostet einmalig 99,95 EUR.<\/li>\n<li><strong>Wie kann ich buchen?<\/strong><br \/>\nBitte nutzen Sie das Kontaktformular.<\/li>\n<li><strong>Wie schnell ist mein Eintrag online?<\/strong><br \/>\nIn der Regel innerhalb von 1\u20132 Werktagen nach Absprache und Datenfreigabe.<\/li>\n<\/ul>\n<p><span style=\"color: #008000;\"><strong>Jetzt Eintrag anfragen \u2192 <a style=\"color: #008000;\" href=\"https:\/\/schilddruesenguide.de\/thyreoiditis\/kontaktformular-fuer-eine-buchungsanfrage\/\">Kontaktformular<\/a><\/strong><\/span><\/p>\n<\/div>\n<hr \/>\n<p>Erstellt am 03. August 2025<\/p>\n","protected":false},"excerpt":{"rendered":"<p>Hier finden Sie Fach\u00e4rzte und Zentren f\u00fcr Schilddr\u00fcsenerkrankungen im S\u00fcden Deutschlands. Die Auswahl richtet sich an Patienten aus Stuttgart, T\u00fcbingen, Reutlingen oder Umgebung. Schilddr\u00fcsenspezialisten Premium-Eintrag (entgeltlich) &nbsp; Schilddr\u00fcsensprechstunde Schilddr\u00fcsenzentren Klinik f\u00fcr Nuklearmedizin, Eberhardt Karls Universit\u00e4t T\u00fcbingen. Zentrum f\u00fcr die Behandlung des medull\u00e4ren Schilddr\u00fcsenkarzinoms (2009 &#8211; 2011 fand hier eine internationale [&hellip;]<\/p>\n","protected":false},"author":1,"featured_media":0,"parent":0,"menu_order":0,"comment_status":"closed","ping_status":"closed","template":"","meta":{"_metis_text_type":"standard","_metis_text_length":1811,"_post_count":0,"footnotes":""},"class_list":["post-6464","page","type-page","status-publish","hentry"],"_links":{"self":[{"href":"https:\/\/schilddruesenguide.de\/thyreoiditis\/wp-json\/wp\/v2\/pages\/6464","targetHints":{"allow":["GET"]}}],"collection":[{"href":"https:\/\/schilddruesenguide.de\/thyreoiditis\/wp-json\/wp\/v2\/pages"}],"about":[{"href":"https:\/\/schilddruesenguide.de\/thyreoiditis\/wp-json\/wp\/v2\/types\/page"}],"author":[{"embeddable":true,"href":"https:\/\/schilddruesenguide.de\/thyreoiditis\/wp-json\/wp\/v2\/users\/1"}],"replies":[{"embeddable":true,"href":"https:\/\/schilddruesenguide.de\/thyreoiditis\/wp-json\/wp\/v2\/comments?post=6464"}],"version-history":[{"count":0,"href":"https:\/\/schilddruesenguide.de\/thyreoiditis\/wp-json\/wp\/v2\/pages\/6464\/revisions"}],"wp:attachment":[{"href":"https:\/\/schilddruesenguide.de\/thyreoiditis\/wp-json\/wp\/v2\/media?parent=6464"}],"curies":[{"name":"wp","href":"https:\/\/api.w.org\/{rel}","templated":true}]}}