{"id":6459,"date":"2019-06-18T12:36:11","date_gmt":"2019-06-18T10:36:11","guid":{"rendered":"http:\/\/schilddruesenguide.de\/thyreoiditis\/?page_id=6459"},"modified":"2025-09-10T15:23:07","modified_gmt":"2025-09-10T13:23:07","slug":"schilddruesenspezialisten-postleitzahlengebiet-9-bayreuth-erlangen-kleinsendelbach-nuernberg-passau-regensburg-regendtauf-wuerzburg","status":"publish","type":"page","link":"https:\/\/schilddruesenguide.de\/thyreoiditis\/schilddruesenspezialisten-postleitzahlengebiet-9-bayreuth-erlangen-kleinsendelbach-nuernberg-passau-regensburg-regendtauf-wuerzburg\/","title":{"rendered":"Schilddr\u00fcsenspezialisten &#8211; Postleitzahlengebiet 9 &#8211; Bayreuth, Erlangen, Kleinsendelbach, N\u00fcrnberg, Passau, Regensburg, Regendtauf, W\u00fcrzburg"},"content":{"rendered":"<p>Patienten aus Nordbayern finden hier eine Auswahl spezialisierter Schilddr\u00fcsen\u00e4rzte \u2013 von N\u00fcrnberg \u00fcber W\u00fcrzburg bis Regensburg. Die \u00dcbersicht unterst\u00fctzt Sie bei der Suche nach \u00e4rztlicher Betreuung vor Ort.<\/p>\n<h2>Schilddr\u00fcsenspezialisten<\/h2>\n<div style=\"font-size: 13px; color: #888;\">Premium-Eintrag (entgeltlich)<\/div>\n<p>&nbsp;<\/p>\n<hr \/>\n<h2><strong>Schilddr\u00fcsensprechstunden<\/strong><\/h2>\n<h2><strong>Schilddr\u00fcsenzentren<\/strong><\/h2>\n<ul>\n<li>Klinik und Poliklinik f\u00fcr Nuklearmedizin, Universit\u00e4tsklinikum W\u00fcrzburg. Zentrum f\u00fcr die Behandlung des medull\u00e4ren Schilddr\u00fcsenkarzinoms (2009 &#8211; 2011 fand hier eine internationale Phase-III-Studie zum Medikament Cabozantinib\/XL184 statt.)<\/li>\n<\/ul>\n<h2><strong>Schilddr\u00fcsenchirurgie<\/strong><\/h2>\n<ul>\n<li>Krankenhaus Martha-Maria (<a href=\"http:\/\/www.martha-maria.de\/\">N\u00fcrnberg<\/a>). Von der Deutschen Gesellschaft f\u00fcr Allgemein- und Viszeralchirurgie als Kompetenzzentrum f\u00fcr Schilddr\u00fcsen- und Nebenschilddr\u00fcsenchirurgie zertifiziert.<\/li>\n<li>Waldkrankenhaus St. Marien (Erlangen). Von der Deutschen Gesellschaft f\u00fcr Allgemein- und Viszeralchirurgie als Kompetenzzentrum f\u00fcr Schilddr\u00fcsen- und Nebenschilddr\u00fcsenchirurgie zertifiziert.<\/li>\n<li>Universit\u00e4tsklinikum W\u00fcrzburg. Von der Deutschen Gesellschaft f\u00fcr Allgemein- und Viszeralchirurgie als Referenzzentrum f\u00fcr Endokrine Chirurgie zertifiziert.<\/li>\n<li style=\"list-style-type: none;\"><\/li>\n<\/ul>\n<h2><strong>Radioiodtherapiezentren<\/strong><\/h2>\n<ul>\n<li>Nuklearmedizin, Klinikum <a href=\"http:\/\/www.klinikum-bayreuth.de\/\">Bayreuth<\/a><\/li>\n<li>Nuklearmedizinische Klinik der Universit\u00e4t Erlangen-N\u00fcrnberg<\/li>\n<li>Klinik f\u00fcr Nuklearmedizin, Klinikum <a href=\"http:\/\/www.klinikum-passau.de\/\">Passau<\/a><\/li>\n<li>Abteilung f\u00fcr Nuklearmedizin, Universit\u00e4tsklinikum <a href=\"http:\/\/www.uniklinikum-regensburg.de\/\">Regensburg<\/a><\/li>\n<li>Klinik f\u00fcr Nuklearmedizin, Universit\u00e4tsklinikum W\u00fcrzburg<\/li>\n<\/ul>\n<div style=\"background-color: #f0f0f0; padding: 20px; border-radius: 5px; margin-top: 40px;\">\n<h2>Informationen f\u00fcr Fach\u00e4rzt:innen im PLZ-Gebiet 9<\/h2>\n<p>Sie f\u00fchren eine Praxis oder Klinik mit Schilddr\u00fcsensprechstunde im Postleitzahlengebiet 9? Dann haben Sie hier die M\u00f6glichkeit, gezielt Patient:innen aus Ihrer Region zu erreichen.<\/p>\n<h3>H\u00e4ufige Fragen (FAQ):<\/h3>\n<ul>\n<li><strong>Wie funktioniert der Eintrag?<\/strong><br \/>\nIch platziere Ihre Praxis gut sichtbar mit Logo, Kontaktdaten und Verlinkung auf dieser Seite.<\/li>\n<li><strong>Was kostet das?<\/strong><br \/>\nEin hervorgehobener Eintrag kostet einmalig 99,95 EUR.<\/li>\n<li><strong>Wie kann ich buchen?<\/strong><br \/>\nBitte nutzen Sie das Kontaktformular.<\/li>\n<li><strong>Wie schnell ist mein Eintrag online?<\/strong><br \/>\nIn der Regel innerhalb von 1\u20132 Werktagen nach Absprache und Datenfreigabe.<\/li>\n<\/ul>\n<p><span style=\"color: #008000;\"><strong>Jetzt Eintrag anfragen \u2192 <a style=\"color: #008000;\" href=\"https:\/\/schilddruesenguide.de\/thyreoiditis\/kontaktformular-fuer-eine-buchungsanfrage\/\">Kontaktformular<\/a><\/strong><\/span><\/p>\n<\/div>\n<hr \/>\n<p>Erstellt am 03. August 2025<\/p>\n","protected":false},"excerpt":{"rendered":"<p>Patienten aus Nordbayern finden hier eine Auswahl spezialisierter Schilddr\u00fcsen\u00e4rzte \u2013 von N\u00fcrnberg \u00fcber W\u00fcrzburg bis Regensburg. Die \u00dcbersicht unterst\u00fctzt Sie bei der Suche nach \u00e4rztlicher Betreuung vor Ort. Schilddr\u00fcsenspezialisten Premium-Eintrag (entgeltlich) &nbsp; Schilddr\u00fcsensprechstunden Schilddr\u00fcsenzentren Klinik und Poliklinik f\u00fcr Nuklearmedizin, Universit\u00e4tsklinikum W\u00fcrzburg. Zentrum f\u00fcr die Behandlung des medull\u00e4ren Schilddr\u00fcsenkarzinoms (2009 &#8211; [&hellip;]<\/p>\n","protected":false},"author":1,"featured_media":0,"parent":0,"menu_order":0,"comment_status":"closed","ping_status":"closed","template":"","meta":{"_metis_text_type":"standard","_metis_text_length":2088,"_post_count":0,"footnotes":""},"class_list":["post-6459","page","type-page","status-publish","hentry"],"_links":{"self":[{"href":"https:\/\/schilddruesenguide.de\/thyreoiditis\/wp-json\/wp\/v2\/pages\/6459","targetHints":{"allow":["GET"]}}],"collection":[{"href":"https:\/\/schilddruesenguide.de\/thyreoiditis\/wp-json\/wp\/v2\/pages"}],"about":[{"href":"https:\/\/schilddruesenguide.de\/thyreoiditis\/wp-json\/wp\/v2\/types\/page"}],"author":[{"embeddable":true,"href":"https:\/\/schilddruesenguide.de\/thyreoiditis\/wp-json\/wp\/v2\/users\/1"}],"replies":[{"embeddable":true,"href":"https:\/\/schilddruesenguide.de\/thyreoiditis\/wp-json\/wp\/v2\/comments?post=6459"}],"version-history":[{"count":0,"href":"https:\/\/schilddruesenguide.de\/thyreoiditis\/wp-json\/wp\/v2\/pages\/6459\/revisions"}],"wp:attachment":[{"href":"https:\/\/schilddruesenguide.de\/thyreoiditis\/wp-json\/wp\/v2\/media?parent=6459"}],"curies":[{"name":"wp","href":"https:\/\/api.w.org\/{rel}","templated":true}]}}