{"id":361,"date":"2015-09-01T16:49:28","date_gmt":"2015-09-01T14:49:28","guid":{"rendered":"http:\/\/schilddruesenguide.de\/thyreoiditis\/?page_id=361"},"modified":"2025-07-27T07:34:11","modified_gmt":"2025-07-27T05:34:11","slug":"xyz-wie-xerostomie","status":"publish","type":"page","link":"https:\/\/schilddruesenguide.de\/thyreoiditis\/xyz-wie-xerostomie\/","title":{"rendered":"XYZ wie Xerostomie"},"content":{"rendered":"<p><strong>Xerostomie: <\/strong>Mundtrockenheit. Kann beispielsweise als Folge einer Radioiodtherapie auftreten. \u2192 <a href=\"https:\/\/schilddruesenguide.de\/thyreoiditis\/erhoehtes-karies-risiko-durch-xerostomie-mundtrockenheit\/\">Xerostomie<\/a><\/p>\n<hr \/>\n<p><strong>Y<\/strong><\/p>\n<hr \/>\n<p><strong>Zactima\u00ae: <\/strong>Verschreibungspflichtiges Schilddr\u00fcsenkrebsmedikamente mit dem Wirkstoff Vandetanib.<\/p>\n<p><strong>Zahn\u00e4rztliche Lokalan\u00e4sthesie: <\/strong>F\u00fcr alle planbaren, zahnmedizinischen Eingriffe sollte grunds\u00e4tzlich eine Euthyreose (ausgeglichene Schilddr\u00fcsenstoffwechsellage) angestrebt werden, da es bei manifesten Hypo- und Hyperthyreosen h\u00e4ufiger zu Komplikationen kommt.<\/p>\n<p><strong>Zahnimplantate: <\/strong>Autoimmunerkrankungen wie die Hashimoto-Thyreoiditis oder der Morbus Basedow stellen eine grunds\u00e4tzliche Kontraindikation f\u00fcr das Einsetzen von Zahnimplantaten dar.<\/p>\n<p><strong>zirkadian: <\/strong>Das TSH wird nicht anhaltend gleichm\u00e4\u00dfig von der Hypophyse produziert, sondern es wird zirkadian und pulsatil ausgesch\u00fcttet. Dies bedeutet, das die Herstellung tageszeitlichen Schwankungen unterliegt, so dass unterschiedliche Werte im Verlauf eines Tages normal sind.<\/p>\n<p><strong>Zitronenmelisse<\/strong> (Melissa officinalis): Verschiedene Naturheilkundler verweisen auf eine die Schilddr\u00fcsenfunktion hemmende Wirkung der Zitronenmelisse. Daf\u00fcr verantwortlich sollen Auron-Flavonoide sein welche die Umwandlung von fT4 in fT3 behindern. Einsatzgebiet: Schilddr\u00fcsen\u00fcberfunktion<\/p>\n<p><strong>Z.n.: <\/strong>Zustand nach<\/p>\n<p><strong>Z\u00f6liakie: <\/strong>auch: Glutenunvertr\u00e4glichkeit, einheimische Sprue. Chronische Darmerkrankung aufgrund einer Unvertr\u00e4glichkeit von Gluten. Kommt geh\u00e4uft bei Hashimoto-Thyreoiditis-Patienten vor.<\/p>\n<p><strong>Zulewski-Score: <\/strong>Dient der Einsch\u00e4tzung des Schweregrades einer Schilddr\u00fcsenunterfunktion (Hypothyreose). \u2192 <a href=\"https:\/\/schilddruesenguide.de\/thyreoiditis\/zulewski-score\/\">Zulewski-Score<\/a><\/p>\n<p><strong>Zuzahlung: <\/strong>Beitrag, den gesetzlich Krankenversicherte bei Inanspruchnahme von Leistungen zu entrichten haben. Praxisgeb\u00fchr: 10,00 \u20ac pro Quartal, Medikamente: 10 % des Abgabepreises (minimal 5,00 \u20ac, maximal 10,00 \u20ac), Krankenhaus: 10,00 \u20ac pro Kalendertag (f\u00fcr maximal 28 Tage), Rehabilitation: 10,00 \u20ac pro Kalendertag (f\u00fcr maximal 42 Tage), Heilmittel: 10,00 \u20ac Verordnungsgeb\u00fchr sowie 10 % des Abgabepreises, Haushaltshilfe: 10 % der Leistung pro Tag (minimal 5,00 \u20ac, maximal 10,00 \u20ac), Fahrkosten: 10 % der Erstattung pro Fahrt (minimal 5,00 \u20ac, maximal 10,00 \u20ac)<\/p>\n<p><strong>Zweitmeinung: <\/strong>F\u00fcr Schilddr\u00fcsenpatienten gibt es verschiedene M\u00f6glichkeiten sich beraten zu lassen oder eine Zweitmeinung einzuholen.<\/p>\n<p><strong>Zyste: <\/strong>Mit Fl\u00fcssigkeit gef\u00fcllter Hohlraum.<\/p>\n<p><strong>Zytostatika: <\/strong>Medikamente die in der Schilddr\u00fcsenkrebstherapie eingesetzt werden. Sie sollen die Zellteilung hemmen und dadurch das Tumorwachstum vermindern<\/p>\n<hr \/>\n<p>Letzte Aktualisierung: 09. Januar 2024<\/p>\n","protected":false},"excerpt":{"rendered":"<p>Xerostomie: Mundtrockenheit. Kann beispielsweise als Folge einer Radioiodtherapie auftreten. \u2192 Xerostomie Y Zactima\u00ae: Verschreibungspflichtiges Schilddr\u00fcsenkrebsmedikamente mit dem Wirkstoff Vandetanib. Zahn\u00e4rztliche Lokalan\u00e4sthesie: F\u00fcr alle planbaren, zahnmedizinischen Eingriffe sollte grunds\u00e4tzlich eine Euthyreose (ausgeglichene Schilddr\u00fcsenstoffwechsellage) angestrebt werden, da es bei manifesten Hypo- und Hyperthyreosen h\u00e4ufiger zu Komplikationen kommt. Zahnimplantate: Autoimmunerkrankungen wie die Hashimoto-Thyreoiditis [&hellip;]<\/p>\n","protected":false},"author":1,"featured_media":0,"parent":0,"menu_order":0,"comment_status":"closed","ping_status":"closed","template":"","meta":{"_metis_text_type":"standard","_metis_text_length":2471,"_post_count":0,"footnotes":""},"class_list":["post-361","page","type-page","status-publish","hentry"],"_links":{"self":[{"href":"https:\/\/schilddruesenguide.de\/thyreoiditis\/wp-json\/wp\/v2\/pages\/361","targetHints":{"allow":["GET"]}}],"collection":[{"href":"https:\/\/schilddruesenguide.de\/thyreoiditis\/wp-json\/wp\/v2\/pages"}],"about":[{"href":"https:\/\/schilddruesenguide.de\/thyreoiditis\/wp-json\/wp\/v2\/types\/page"}],"author":[{"embeddable":true,"href":"https:\/\/schilddruesenguide.de\/thyreoiditis\/wp-json\/wp\/v2\/users\/1"}],"replies":[{"embeddable":true,"href":"https:\/\/schilddruesenguide.de\/thyreoiditis\/wp-json\/wp\/v2\/comments?post=361"}],"version-history":[{"count":0,"href":"https:\/\/schilddruesenguide.de\/thyreoiditis\/wp-json\/wp\/v2\/pages\/361\/revisions"}],"wp:attachment":[{"href":"https:\/\/schilddruesenguide.de\/thyreoiditis\/wp-json\/wp\/v2\/media?parent=361"}],"curies":[{"name":"wp","href":"https:\/\/api.w.org\/{rel}","templated":true}]}}