{"id":357,"date":"2015-09-01T16:43:39","date_gmt":"2015-09-01T14:43:39","guid":{"rendered":"http:\/\/schilddruesenguide.de\/thyreoiditis\/?page_id=357"},"modified":"2025-07-27T07:33:01","modified_gmt":"2025-07-27T05:33:01","slug":"uf-wie-unterfunktion","status":"publish","type":"page","link":"https:\/\/schilddruesenguide.de\/thyreoiditis\/uf-wie-unterfunktion\/","title":{"rendered":"UV wie Unterfunktion"},"content":{"rendered":"<p><strong>\u00dcberfunktion: <\/strong>Damit ist hier eine \u00dcberfunktion der Schilddr\u00fcse gemeint, d.h. die Schilddr\u00fcse produziert zu viele Schilddr\u00fcsenhormone.<\/p>\n<p><strong>\u00dcbergewicht: <\/strong>Insbesondere im Zusammenhang mit einer Schilddr\u00fcsenunterfunktion kommt es sehr h\u00e4ufig begleitend zu \u00dcbergewicht.<\/p>\n<p><strong>\u00dcberlebensrate: <\/strong>Benennt die Wahrscheinlichkeit eines Patienten einen bestimmten Zeitraum ab Diagnosestellung zu \u00fcberleben, z.B. 5-Jahres-\u00dcberlebensrate.<\/p>\n<p><strong>UICC: <\/strong>frz. Union internationale contre le Cancer. Internationale Organisation die sich der Vorbeugung und Behandlung von Krebserkrankungen widmet. Mitglieder sind beispielsweise die Deutsche Krebshilfe und die Deutsche Krebsgesellschaft.<\/p>\n<p><strong>Ultraschalluntersuchung: <\/strong>Auch: Sonografie, Echografie. Die Untersuchung der Schilddr\u00fcse mit Hilfe von Ultraschallwellen.<\/p>\n<p><strong>Ultra short Loop: <\/strong>auch: Ultra-Short-Feedback. Bezieht sich auf den R\u00fcckkopplungsmechanismus des TSH.<\/p>\n<p><strong>Umwandlungsst\u00f6rung: <\/strong>auch: Konversionsst\u00f6rung. Das Schilddr\u00fcsenhormon T4 wird mittels Dejodierung in das stoffwechselaktive Schilddr\u00fcsenhormon T3 umgewandelt. \u2192 <a href=\"https:\/\/schilddruesenguide.de\/thyreoiditis\/umwandlungsstoerung-konversionsstoerung\/\">Umwandlungsst\u00f6rung<\/a><\/p>\n<p><strong>Ungewollte Kinderlosigkeit<\/strong><\/p>\n<p><strong>Unterfunktion: <\/strong>Damit ist hier eine Unterfunktion der Schilddr\u00fcse gemeint, d.h. die Schilddr\u00fcse produziert zu wenig Schilddr\u00fcsenhormone.<\/p>\n<p><strong>Untersuchungsmethoden: <\/strong>Das sind beispielsweise die Palpation, die Sonografie, die Szintigrafie und die Feinnadelbiopsie.<\/p>\n<p><strong>Unifokale Autonomie: <\/strong>Synonym Autonomes Adenom, hei\u00dfer Knoten, der unkontrolliert Schilddr\u00fcsenhormone produziert<\/p>\n<p><strong>Undifferenzierter Schilddr\u00fcsenkrebs: <\/strong>Auch: anaplastisches Schilddr\u00fcsenkarzinom.\u00a0 Dabei unterscheiden sich die Krebszellen v\u00f6llig von gesunden Schilddr\u00fcsenzellen, d.h. sie sind auch nicht in der Lage Jod aufzunehmen weswegen eine Radiojodtherapie wirkungslos w\u00e4re. Nach der Schilddr\u00fcsenoperation wird stattdessen eine Bestrahlung und\/oder Chemotherapie durchgef\u00fchrt.<\/p>\n<p><strong>Uptake: <\/strong>engl. Aufnahme. Bei der Schilddr\u00fcsenszintigraphie wird der Uptake von radioaktivem Technetium bestimmt. Beim Radiojodtest wird der Uptake von radioaktivem Jod gemessen.<\/p>\n<p><strong>Urlaub: <\/strong>W\u00e4hrend einer akuten Krankheitsphase, z.B. einer manifesten Schilddr\u00fcsen\u00fcberfunktion beim Morbus Basedow, ist von anstrengenden Urlaubsreisen mit Langzeitfl\u00fcgen und extremen Temperaturwechseln grunds\u00e4tzlich abzuraten. Die medikament\u00f6se Einstellung erfordert eine konstante, medizinische Betreuung. Auch unmittelbar vor oder nach einer Schilddr\u00fcsenoperation oder Radioiodtherapie sind Fernreisen oder Urlaubsaufenthalte in jodhaltiger Luft, beispielsweise an der Nordsee, nicht empfehlenswert. \u2192 <a href=\"https:\/\/schilddruesenguide.de\/thyreoiditis\/schilddruesenkrank-in-den-urlaub\/\">Schilddr\u00fcsenkrank in den Urlaub<\/a><\/p>\n<hr \/>\n<p><strong>V.a.: <\/strong>Verdacht auf<\/p>\n<p><strong>Vandetanib: <\/strong>Ein Wirkstoff zur Therapie des medull\u00e4ren Schilddr\u00fcsenkarzinoms.<\/p>\n<p><strong>Verschreibungspflicht (Rezeptpflicht): <\/strong>Voraussetzung f\u00fcr die Abgabe von verschreibungspflichtigen Arzneimitteln und Medizinprodukten an den Endverbraucher ist eine \u00e4rztliche Verschreibung (Rezept).<\/p>\n<p><strong>Verstopfung: <\/strong>Bei einer Unterfunktion der Schilddr\u00fcse leiden die betroffenen Schilddr\u00fcsenpatienten sehr h\u00e4ufig unter Verstopfung.<\/p>\n<p><strong>Vitamin: <\/strong>Essentieller Stoff, der mit der Nahrung zugef\u00fchrt werden m\u00fcssen und die f\u00fcr die Gesunderhaltung des K\u00f6rpers lebensnotwendig ist. Grunds\u00e4tzlich unterscheidet man fettl\u00f6sliche und wasserl\u00f6sliche Vitamine. Fettl\u00f6slich sind die Vitamine A, D, E und K, welche im Fettgewebe des K\u00f6rpers gespeichert und deshalb auch \u00fcberdosiert werden k\u00f6nnen. Wasserl\u00f6slich sind die Vitamine des B-Komplexes und Vitamin C, die mit Ausnahme des Vitamins B 12 nicht im K\u00f6rper gespeichert werden k\u00f6nnen und deshalb t\u00e4glich neu aufgenommen werden m\u00fcssen. Nicht ben\u00f6tigte \u00dcbersch\u00fcsse an wasserl\u00f6slichen Vitaminen werden mit dem Urin ausgeschieden.<\/p>\n<p><strong>Vitamin D: <\/strong>Es wird diskutiert, ob ein Vitamin D-Mangel das Risiko f\u00fcr die Entwicklung einer Autoimmunkrankheit wie beispielsweise der Hashimoto-Thyreoiditis erh\u00f6ht. \u2192 <a href=\"https:\/\/schilddruesenguide.de\/thyreoiditis\/naehrstofftherapie-vitamin-d\/\">Artikel zu Vitamin D<\/a><\/p>\n<p><strong>Vitiligo: <\/strong>auch: Weissfleckenkrankheit. Ist h\u00e4ufig mit der Hashimoto-Thyreoiditis vergesellschaftet.<\/p>\n<p><strong>Viszeralchirurgie: <\/strong>lat. Viscera = Eingeweide. Die operative Behandlung der Schilddr\u00fcse ist ein Teilgebiet der Viszeralchirurgie.<\/p>\n<p><strong>Volumen (Schilddr\u00fcsen-): <\/strong>Mit Hilfe der Sonografie wird die Schilddr\u00fcsengr\u00f6\u00dfe bestimmt. Dazu wird zun\u00e4chst f\u00fcr jeden Schilddr\u00fcsenlappen die L\u00e4nge, Breite und Tiefe gemessen und daraus dann das Volumen nach folgender Formel berechnet: L\u00e4nge (cm) x Breite (cm) x Tiefe (cm) x 0,5 = Volumen (cm3).<\/p>\n<hr \/>\n<p>Letzte Aktualisierung: 09. Januar 2024<\/p>\n","protected":false},"excerpt":{"rendered":"<p>\u00dcberfunktion: Damit ist hier eine \u00dcberfunktion der Schilddr\u00fcse gemeint, d.h. die Schilddr\u00fcse produziert zu viele Schilddr\u00fcsenhormone. \u00dcbergewicht: Insbesondere im Zusammenhang mit einer Schilddr\u00fcsenunterfunktion kommt es sehr h\u00e4ufig begleitend zu \u00dcbergewicht. \u00dcberlebensrate: Benennt die Wahrscheinlichkeit eines Patienten einen bestimmten Zeitraum ab Diagnosestellung zu \u00fcberleben, z.B. 5-Jahres-\u00dcberlebensrate. UICC: frz. Union internationale contre [&hellip;]<\/p>\n","protected":false},"author":1,"featured_media":0,"parent":0,"menu_order":0,"comment_status":"closed","ping_status":"closed","template":"","meta":{"_metis_text_type":"standard","_metis_text_length":4327,"_post_count":0,"footnotes":""},"class_list":["post-357","page","type-page","status-publish","hentry"],"_links":{"self":[{"href":"https:\/\/schilddruesenguide.de\/thyreoiditis\/wp-json\/wp\/v2\/pages\/357","targetHints":{"allow":["GET"]}}],"collection":[{"href":"https:\/\/schilddruesenguide.de\/thyreoiditis\/wp-json\/wp\/v2\/pages"}],"about":[{"href":"https:\/\/schilddruesenguide.de\/thyreoiditis\/wp-json\/wp\/v2\/types\/page"}],"author":[{"embeddable":true,"href":"https:\/\/schilddruesenguide.de\/thyreoiditis\/wp-json\/wp\/v2\/users\/1"}],"replies":[{"embeddable":true,"href":"https:\/\/schilddruesenguide.de\/thyreoiditis\/wp-json\/wp\/v2\/comments?post=357"}],"version-history":[{"count":0,"href":"https:\/\/schilddruesenguide.de\/thyreoiditis\/wp-json\/wp\/v2\/pages\/357\/revisions"}],"wp:attachment":[{"href":"https:\/\/schilddruesenguide.de\/thyreoiditis\/wp-json\/wp\/v2\/media?parent=357"}],"curies":[{"name":"wp","href":"https:\/\/api.w.org\/{rel}","templated":true}]}}