{"id":355,"date":"2015-09-01T16:38:46","date_gmt":"2015-09-01T14:38:46","guid":{"rendered":"http:\/\/schilddruesenguide.de\/thyreoiditis\/?page_id=355"},"modified":"2025-07-27T07:32:17","modified_gmt":"2025-07-27T05:32:17","slug":"t-wie-tsh","status":"publish","type":"page","link":"https:\/\/schilddruesenguide.de\/thyreoiditis\/t-wie-tsh\/","title":{"rendered":"T wie TSH"},"content":{"rendered":"<p><strong>TARS<\/strong>: Trans Axillary Robotic Surgery. Operative Entfernung der Schilddr\u00fcse \u00fcber einen Zugang in der Achselh\u00f6hle<\/p>\n<p><strong>TBA: <\/strong>Thyroxin-bindendes Albumin. Speichereiwei\u00df f\u00fcr die Schilddr\u00fcsenhormone.<\/p>\n<p><strong>TBG: <\/strong>Thyroxin-bindendes Globulin. Speichereiwei\u00df f\u00fcr die Schilddr\u00fcsenhormone.<\/p>\n<p><strong>Technetium 99m: <\/strong>Substanz mit jod\u00e4hnlichen Eigenschaften, die zur szintigrafischen Untersuchung der Schilddr\u00fcse verwendet wird.<\/p>\n<p><strong>Technetium-Uptake: <\/strong>Zeigt an, welche Menge Jod die Schilddr\u00fcse einspeichert (erh\u00f6hter Uptake = Hinweis auf Hyperthyreose, erniedrigter Uptake = Hinweis auf Hypothyreose)<\/p>\n<p><strong>Temperaturkurve: <\/strong>Eine andere alternative M\u00f6glichkeit um eine Hypothyreose bei normalen Blutwerten zu diagnostizieren, ist der Test von Broda Barnes auf Grundlage der basalen K\u00f6rpertemperatur. \u2192 <a href=\"https:\/\/schilddruesenguide.de\/thyreoiditis\/temperaturmessmethode-nach-broda-barnes\/\">Temperaturmessmethode nach Broda Barnes<\/a><\/p>\n<p><strong>Teprotumumab<\/strong>: Wirkstoff zur Behandlung der Endokrinen Orbitopathie beim Morbus Basedow<\/p>\n<p><strong>Terminservicestelle<\/strong>: Die Servicestellen der kassen\u00e4rztlichen Vereinigungen helfen dabei innerhalb von vier Wochen einen Termin beim Endokrinologen oder Nuklearmediziner zu bekommen. \u2192 <a href=\"https:\/\/schilddruesenguide.de\/thyreoiditis\/terminservicestellen-wartezeit-facharzttermin-endokrinologen-oder-nuklearmediziner\/\">\u00a0Terminservicestelle<\/a><\/p>\n<p><strong>Tg-AK: <\/strong>Thyreoglobulin-Antik\u00f6rper. Die Tg-AK richten sich gegen das Thyreoglobulin. Dabei handelt es sich um ein an der Produktion und Speicherung von Schilddr\u00fcsenhormonen beteiligtes Protein. \u2192 <a href=\"https:\/\/schilddruesenguide.de\/thyreoiditis\/erklaerung-der-schilddruesenlaborwerte-teil-2-schilddruesenautoantikoerper\/\">Schilddr\u00fcsenautoantik\u00f6rper<\/a><\/p>\n<p><strong>Thalidomid\u00ae: <\/strong>Medikament, welches beim papill\u00e4ren und follikul\u00e4ren Schilddr\u00fcsenkarzinom mit Metastasen Anwendung findet.<\/p>\n<p><strong>Therapieerfolg: <\/strong>Wenn Sie sich bereits Aussagen wie \u201eNehmen Sie Ihre Hormone und dann ist alles gut!?\u201c oder \u201eIhre Werte sind in Ordnung, kommen Sie in einem Jahr zur Kontrolle.\u201c von Ihrem behandelnden Arzt anh\u00f6ren mussten, obwohl Sie alles andere als beschwerdefrei sind, dann geht es Ihnen wie sehr vielen Betroffenen der autoimmunen Schilddr\u00fcsenerkrankungen. Es w\u00e4re zwar sehr sch\u00f6n, wenn es denn immer so einfach w\u00e4re, wie viele \u00c4rzte es ihren Patienten bei der Diagnose erz\u00e4hlen. Aber die Realit\u00e4t sieht sp\u00e4ter leider oft ganz anders aus. Ein Teil der Hashimoto-Thyreoiditis- und auch Morbus-Basedow-Erkrankten (genaue Zahlen sind nicht bekannt) leidet trotz einer durch die Behandlung mit Schilddr\u00fcsenhormonpr\u00e4paraten euthyreoten Stoffwechsellage an anhaltenden Beschwerden wie ausgepr\u00e4gten Lokalsymptomen, einem Grippegef\u00fchl, Muskel- und Gelenkschmerzen, Ersch\u00f6pfungszust\u00e4nden und Konzentrationsst\u00f6rungen. Ein weiteres Problem ist die ungewollte Kinderlosigkeit von Frauen mit einer autoimmunen Schilddr\u00fcsenerkrankung.<\/p>\n<p><strong>Thermoablation: <\/strong>Oberbegriff f\u00fcr spezielle Therapiemethoden bei der Schilddr\u00fcsenknoten mit Hitze behandelt werden. Dazu z\u00e4hlen die Mikrowellenablation, die Radiofrequenzbehandlung und die Ultraschalltherapie. \u2192 <a href=\"https:\/\/schilddruesenguide.de\/thyreoiditis\/thermoablation-von-schilddruesenknoten\/\">Thermoablation von Schilddr\u00fcsenknoten<\/a><\/p>\n<p><strong>THESIS<\/strong>: <strong>T<\/strong>reatment of\u00a0<strong>H<\/strong>ypothyroidism in\u00a0<strong>E<\/strong>urope by\u00a0<strong>S<\/strong>pecialists<\/p>\n<p><strong>Thiamazol\u00ae: <\/strong>Verschreibungspflichtiges Medikament zur Behandlung der Schilddr\u00fcsen\u00fcberfunktion.<\/p>\n<p><strong>Thybon\u00ae: <\/strong>Ein verschreibungspflichtiges Schilddr\u00fcsenhormonpr\u00e4parat, welches Liothyroninhydrochlorid (T3) enth\u00e4lt. T3-Mono-Pr\u00e4parate werden normalerweise nicht allein verordnet, sondern immer in Kombination mit einem T4-Pr\u00e4parat. Sie erm\u00f6glichen eine individuellere Dosisanpassung als T3-\/T4-Kombinationspr\u00e4parate.<\/p>\n<p><strong>Thyreogland\u00ae: <\/strong>Auch: Schilddr\u00fcsenhormonkapseln<\/p>\n<p><strong>Thyreoglobulin: <\/strong>Schilddr\u00fcsenspezifisches Speichereiwei\u00df<\/p>\n<p><strong>Thyreoidea: <\/strong>Schilddr\u00fcse<\/p>\n<p><strong>Thyreoidea Stimulating Hormon (TSH): <\/strong>auch: Thyreotropin<\/p>\n<p><strong>Thyreoidektomie: <\/strong>Operative Entfernung der Schilddr\u00fcse<\/p>\n<p><strong>Thyreoiditis: <\/strong>Entz\u00fcndung der Schilddr\u00fcse (autoimmun, bakteriell oder viral bedingt)<\/p>\n<p><strong>Thyreoiditis de Quervain: <\/strong>Seltene Form einer subakuten Schilddr\u00fcsenentz\u00fcndung. \u2192 <a href=\"https:\/\/schilddruesenguide.de\/thyreoiditis\/thyreoiditis-de-quervain\/\">Thyreoiditis de Quervain<\/a><\/p>\n<p><strong>Thyreostatika: <\/strong>Medikamente, welche die Schilddr\u00fcsenhormonproduktion hemmen<\/p>\n<p><strong>Thyreotoxikose: <\/strong>Massive Schilddr\u00fcsen\u00fcberfunktion mit lebensbedrohlichen Komplikationen<\/p>\n<p><strong>Thyreotoxische Krise: <\/strong>Lebensbedrohliche Situation durch \u00dcberversorgung mit Schilddr\u00fcsenhormonen.<\/p>\n<p><strong>thyreotrop: <\/strong>Der Begriff wird unterschiedlich verwendet<br \/>\n1. schilddr\u00fcsenwirksam bzw. die Schilddr\u00fcse beeinflussend<br \/>\n2. die Schilddr\u00fcsenfunktion steuernd (bezogen auf das Thyreotropin oder TSH)<\/p>\n<p><strong>Thyreozyten: <\/strong>Schilddr\u00fcsenzellen<\/p>\n<p><strong>Thyroid Awareness Week: <\/strong>Internationale Woche der Schilddr\u00fcsengesundheit<\/p>\n<p><strong>Thyroid Cancer Alliance (TCA): <\/strong>Ein relativ neuer internationaler Zusammenschluss von einigen Selbsthilfeorganisationen f\u00fcr Schilddr\u00fcsenkrebspatienten aus Argentinien, Deutschland, England, Frankreich, Kanada und den USA.<\/p>\n<p><strong>Thyroid Federation International (TFI): <\/strong>Die 1995 gegr\u00fcndete internationale Vereinigung f\u00fcr alle Schilddr\u00fcsenpatienten, in der auch die Schilddr\u00fcsen-Liga Deutschland e.V. vertreten ist. Die TFI hat gemeinsam mit Merck Serono beispielsweise die Thyroid Awareness Week (Internationale Woche der Schilddr\u00fcsengesundheit) ins Leben gerufen.<\/p>\n<p><strong>Thyroid Trans Act: <\/strong>Forschungsprojekt der Deutschen Forschungsgemeinschaft in Kooperation mit der Jacobs University.<\/p>\n<p><strong>Thyroacetat: <\/strong>Nebenprodukt der Schilddr\u00fcsenhormonsynthese.<\/p>\n<p><strong>Thyronamin:<\/strong> Nebenprodukt der Schilddr\u00fcsenhormonsynthese.<\/p>\n<p><strong>TIRADS<\/strong>: System zur Beurteilung von Schilddr\u00fcsenknoten<\/p>\n<p><strong>Tirosint\u00ae: <\/strong>Verschreibungspflichtiges Schilddr\u00fcsenhormonpr\u00e4parat<\/p>\n<p><strong>TNM-Klassifikation: <\/strong>engl. Classification of Malignant Tumours = Stadieneinteilung bei b\u00f6sartigen Krebserkrankungen<\/p>\n<p><strong>TOETVA:<\/strong> <span style=\"color: #008000;\">t<\/span>rans<span style=\"color: #008000;\">o<\/span>ral <span style=\"color: #008000;\">e<\/span>ndoscopic <span style=\"color: #008000;\">t<\/span>hyroidectomy <span style=\"color: #008000;\">v<\/span>estibular <span style=\"color: #008000;\">a<\/span>pproach.<\/p>\n<p><strong>TPO-AK: <\/strong>Thyreo-Peroxidase-Antik\u00f6rper. Die TPO-AK greifen die Schilddr\u00fcsenperoxidase an. Dieses Enzym ist an der Bildung der Schildr\u00fcsenhormone beteiligt. \u2192 <a href=\"https:\/\/schilddruesenguide.de\/thyreoiditis\/erklaerung-der-schilddruesenlaborwerte-teil-2-schilddruesenautoantikoerper\/\">Schilddr\u00fcsenautoantik\u00f6rper<\/a><\/p>\n<p><strong>Trachea: <\/strong>Luftr\u00f6hre<\/p>\n<p><strong>TRAK: <\/strong>TSH-Rezeptor-Antik\u00f6rper. Die TRAK docken an den eigentlich f\u00fcr das TSH vorgesehenen Rezeptoren an und blockieren diese dadurch, so dass sich das TSH dort nicht mehr verankern kann. \u2192 <a href=\"https:\/\/schilddruesenguide.de\/thyreoiditis\/erklaerung-der-schilddruesenlaborwerte-teil-2-schilddruesenautoantikoerper\/\">\u00a0Schilddr\u00fcsenautoantik\u00f6rper<\/a><\/p>\n<p><strong>Transthyretin: <\/strong>Speicher- und Transporteiwei\u00df f\u00fcr die Schilddr\u00fcsenhormone.<\/p>\n<p><strong>Tremor: <\/strong>lat. tremere = zittern.\u00a0 H\u00e4ufiges Symptom bei Schilddr\u00fcsen\u00fcberfunktion.<\/p>\n<p><strong>TRH: <\/strong>Thyreotropin Releasing Hormon. Das TRH ist ein Hormon, welches im Hypothalamus produziert wird. Es regt die Hypophyse an TSH freizusetzen. \u2192 <a href=\"https:\/\/schilddruesenguide.de\/thyreoiditis\/schilddruese-und-schilddruesenhormonsynthese\/\">Schilddr\u00fcsenhormonsynthese<\/a><\/p>\n<p><strong>TRUST: <\/strong>= Thyroid Hormone Replacement for Subclinical Hypo-Thyroidism Trial.\u00a0 Schweizer Forschungsprojekt bzgl. der Therapie der Schilddr\u00fcsenunterfunktion.<\/p>\n<p><strong>TSH: <\/strong>Thyreoidea Stimulating Hormon. Das TSH wird von der Hypophyse produziert und stimuliert die Schilddr\u00fcse zur Bildung der Schilddr\u00fcsenhormone T4 und T3. \u2192 <a href=\"https:\/\/schilddruesenguide.de\/thyreoiditis\/ist-das-tsh-normal-fuehlt-der-patient-sich-optimal\/\">TSH<\/a><\/p>\n<p><strong>Tumor: <\/strong>Krebsgeschwulst. \u2192 <a href=\"https:\/\/schilddruesenguide.de\/thyreoiditis\/schilddruesenkrebs-was-ist-das\/\">Schilddr\u00fcsenkrebs<\/a><\/p>\n<p><strong>Tumormarker: <\/strong>Der Tumormarker Calcitonin weist auf ein medull\u00e4res Schilddr\u00fcsenkarzinom hin. Der Tumormarker Thyreoglobulin dient der Verlaufsbeurteilung bei den nicht-medull\u00e4ren Schilddr\u00fcsenkarzinomen.<\/p>\n<hr \/>\n<p>Letzte Aktualisierung: 09. Januar 2024<\/p>\n","protected":false},"excerpt":{"rendered":"<p>TARS: Trans Axillary Robotic Surgery. Operative Entfernung der Schilddr\u00fcse \u00fcber einen Zugang in der Achselh\u00f6hle TBA: Thyroxin-bindendes Albumin. Speichereiwei\u00df f\u00fcr die Schilddr\u00fcsenhormone. TBG: Thyroxin-bindendes Globulin. Speichereiwei\u00df f\u00fcr die Schilddr\u00fcsenhormone. Technetium 99m: Substanz mit jod\u00e4hnlichen Eigenschaften, die zur szintigrafischen Untersuchung der Schilddr\u00fcse verwendet wird. Technetium-Uptake: Zeigt an, welche Menge Jod die [&hellip;]<\/p>\n","protected":false},"author":1,"featured_media":0,"parent":0,"menu_order":0,"comment_status":"closed","ping_status":"closed","template":"","meta":{"_metis_text_type":"standard","_metis_text_length":6579,"_post_count":0,"footnotes":""},"class_list":["post-355","page","type-page","status-publish","hentry"],"_links":{"self":[{"href":"https:\/\/schilddruesenguide.de\/thyreoiditis\/wp-json\/wp\/v2\/pages\/355","targetHints":{"allow":["GET"]}}],"collection":[{"href":"https:\/\/schilddruesenguide.de\/thyreoiditis\/wp-json\/wp\/v2\/pages"}],"about":[{"href":"https:\/\/schilddruesenguide.de\/thyreoiditis\/wp-json\/wp\/v2\/types\/page"}],"author":[{"embeddable":true,"href":"https:\/\/schilddruesenguide.de\/thyreoiditis\/wp-json\/wp\/v2\/users\/1"}],"replies":[{"embeddable":true,"href":"https:\/\/schilddruesenguide.de\/thyreoiditis\/wp-json\/wp\/v2\/comments?post=355"}],"version-history":[{"count":0,"href":"https:\/\/schilddruesenguide.de\/thyreoiditis\/wp-json\/wp\/v2\/pages\/355\/revisions"}],"wp:attachment":[{"href":"https:\/\/schilddruesenguide.de\/thyreoiditis\/wp-json\/wp\/v2\/media?parent=355"}],"curies":[{"name":"wp","href":"https:\/\/api.w.org\/{rel}","templated":true}]}}