{"id":3535,"date":"2017-10-12T17:07:49","date_gmt":"2017-10-12T15:07:49","guid":{"rendered":"http:\/\/schilddruesenguide.de\/thyreoiditis\/?page_id=3535"},"modified":"2025-12-15T09:34:40","modified_gmt":"2025-12-15T08:34:40","slug":"spezial-ernaehrung-bei-hashimoto-thyreoiditis","status":"publish","type":"page","link":"https:\/\/schilddruesenguide.de\/thyreoiditis\/spezial-ernaehrung-bei-hashimoto-thyreoiditis\/","title":{"rendered":"Hashimoto-Thyreoiditis: Worauf muss ich bei der Ern\u00e4hrung achten?"},"content":{"rendered":"<p>Rund um die Ern\u00e4hrung bei Hashimoto-Thyreoiditis kursieren zahlreiche Empfehlungen \u2013 von Paleo (Autoimmunprotokoll) \u00fcber Clean Eating bis hin zu gluten- und milchfreier Kost. Viele dieser Ans\u00e4tze versprechen Linderung der Beschwerden oder sogar eine Verbesserung der Schilddr\u00fcsenfunktion.<\/p>\n<p>Problematisch ist jedoch, dass bislang nur ein Teil dieser Empfehlungen wissenschaftlich gut belegt ist. H\u00e4ufig werden ethische \u00dcberzeugungen (z.\u202fB. zu Tierhaltung oder \u00f6kologischer Landwirtschaft), individuelle Unvertr\u00e4glichkeiten (etwa gegen\u00fcber Gluten, Laktose oder Fructose) und unterschiedliche Theorien zur Krankheitsentstehung miteinander vermischt \u2013 was zu Verunsicherung f\u00fchrt und pauschale Ratschl\u00e4ge erschwert. Eine fundierte Ern\u00e4hrungsweise sollte daher immer individuell angepasst und im Idealfall mit medizinischer oder ern\u00e4hrungswissenschaftlicher Begleitung abgestimmt werden.<\/p>\n<div class=\"hashimoto-teaser\" style=\"border: 1px solid #ccc; padding: 15px; margin: 20px 0; background-color: #f9f9f9;\"><strong><span style=\"color: #008000;\">&#x1f9e9;<\/span>Sind Sie schilddr\u00fcsenkrank und nehmen einfach nicht ab?<\/strong><br \/>\nIn diesem aktuelleren Beitrag erfahren Sie, wie Sie trotz langsamem Stoffwechsel erfolgreich abnehmen k\u00f6nnen \u2013 mit ganz konkreten, praxiserprobten Ern\u00e4hrungstipps.<br \/>\n<span style=\"color: #008000;\"><a style=\"color: #008000; text-decoration: underline;\" href=\"https:\/\/schilddruesenguide.de\/thyreoiditis\/hashimoto-ernaehrung-erfolgreich-abnehmen-trotz-schilddruesenunterfunktion\/\">Hashimoto &amp; Ern\u00e4hrung: Erfolgreich abnehmen trotz Schilddr\u00fcsenunterfunktion<\/a><\/span><\/div>\n<h2>Lebensmittel, die Sie bei Hashimoto meiden sollten, enthalten &#8230;<\/h2>\n<h3>Goitrogene<\/h3>\n<p><strong>Isoflavon-haltige Getreide<\/strong> (Soja, Hirse) und<strong> thiocyanit-haltige Gem\u00fcse<\/strong> (Blumenkohl, Wei\u00dfkohl, Kohlrabi, Wirsing, Rosenkohl) sollten bei einer als Folge der Hashimoto-Thyreoiditis auftretenden Unterfunktion der Schilddr\u00fcse (Hypothyreose) nur in Ma\u00dfen genossen werden, weil sie die Schilddr\u00fcsenhormonproduktion hemmen k\u00f6nnen. Flavonoide beeintr\u00e4chtigen die Produktion der Schilddr\u00fcsenhormone. Thiocyanate behindern die Aufnahme von Jod (wichtiger Baustoff f\u00fcr die Schilddr\u00fcsenhormone) in die Schilddr\u00fcse.<\/p>\n<p><img loading=\"lazy\" decoding=\"async\" class=\"aligncenter wp-image-506 size-full\" src=\"https:\/\/schilddruesenguide.de\/thyreoiditis\/wp-content\/uploads\/2015\/09\/Goitrogene.png\" alt=\"Ern\u00e4hrungsfehler bei Hashimoto vermeiden (Goitrogene)\" width=\"720\" height=\"515\" srcset=\"https:\/\/schilddruesenguide.de\/thyreoiditis\/wp-content\/uploads\/2015\/09\/Goitrogene.png 720w, https:\/\/schilddruesenguide.de\/thyreoiditis\/wp-content\/uploads\/2015\/09\/Goitrogene-300x215.png 300w\" sizes=\"auto, (max-width: 720px) 100vw, 720px\" \/><\/p>\n<h3>Jod<\/h3>\n<p>Es ist unter Medizinern allgemein unstrittig, dass hohe Dosen Jod eine Hashimoto-Thyreoiditis ausl\u00f6sen und den Krankheitsverlauf verschlimmern k\u00f6nnen. Diskutiert wird allerdings dar\u00fcber welche t\u00e4glich aufgenommene Menge Jod f\u00fcr Hashimoto-Thyreoiditis-PatientInnen unbedenklich bzw. gef\u00e4hrlich ist.\u00a0Im Hinblick darf man allerdings nicht vergessen, dass Jod der wichtigste Grundstoff f\u00fcr die Schilddr\u00fcsenhormone ist. Und solange nicht der gesamte Tagesbedarf an Schilddr\u00fcsenhormonen substituiert wird, brauchen auch Hashimoto-Thyreoiditis-PatientInnen eine gewisse Menge Jod.<\/p>\n<p>Die Einnahme von <strong>jodhaltigen Nahrungserg\u00e4nzungsmitteln<\/strong> sowie der Verzehr von <strong>Algenprodukten mit teilweise sehr hohem Jodanteil<\/strong> sollte auf jeden Fall unterbleiben.\u00a0<em>&#8222;Die verschiedensten Algenprodukte werden als Nahrungserg\u00e4nzungsmittel angeboten. Dazu geh\u00f6ren S\u00fc\u00dfwasseralgen wie Spirulina oder Chlorella, AFA-Algen und auch verschiedene Meeresalgen-Produkte. Zu den Meeresalgen geh\u00f6ren Braunalgen wie der Blasentang (Fucus vesiculosus), die Sorten Kombu, Wakame und Hijiki. Oft kommen sie unter dem Sammelnamen &#8222;Seetang&#8220; in den Handel, Nahrungserg\u00e4nzungsmittel werden auch oft als Kelp bezeichnet. Angeboten werden aber auch Rotalgen als Flocken oder Kapseln. Diese k\u00f6nnen besonders viel Jod anreichern, da sich Jod im Meerwasser anreichert und von manchen Algenarten gespeichert wird.&#8220; (Quelle: <a href=\"https:\/\/www.verbraucherzentrale.de\/algen\">verbraucherzentrale.de<\/a>, Link gepr\u00fcft am 10.06.25)<\/em><\/p>\n<p>Im Gegensatz zu dieser schulmedizinischen Sichtweise gibt es vereinzelt Heilpraktikerinnen die Jod auch im Rahmen der Therapie der Hashimoto-Thyreoiditis einsetzen. Dem kann man angesichts der fehlenden Nachweise momentan nur mit Skepsis begegnen.\u00a0In Deutschland wurde dieses Thema beispielsweise von Kyra Hoffmann und Sascha Kauffmann in dem Buch &#8222;Jod. Schl\u00fcssel zur Gesundheit. Wiederentdeckung eines Heilmittels&#8220; aufgegriffen.<\/p>\n<div style=\"border-left: 6px solid #4CAF50; background-color: #f0fff4; padding: 16px 20px 10px 20px; margin: 20px 0; border-radius: 6px; font-family: sans-serif;\">\n<div style=\"font-size: 18px; margin-bottom: 8px;\"><strong>Produktempfehlungen f\u00fcr Schilddr\u00fcsenpatientinnen:<\/strong><\/div>\n<ul style=\"margin: 0 0 4px 20px; padding: 0; color: #333; list-style-type: disc;\">\n<li><a href=\"https:\/\/amzn.to\/4o89pF1\">Tablettenteiler<\/a> f\u00fcr das exakte Halbieren oder Vierteln von L-Thyroxin<\/li>\n<li><a href=\"https:\/\/amzn.to\/3GSZfr7\">Basalthermometer<\/a> (alternative Diagnose einer Schilddr\u00fcsenunterfunktion)<\/li>\n<li><a href=\"https:\/\/amzn.to\/4lGCkyi\">7-Tage-Tablettenbox<\/a>: praktisch auf Reisen<\/li>\n<li><a href=\"https:\/\/amzn.to\/455tfb7\">TSH-Selbsttest<\/a> \u2192 schnelles Ergebnis in nur 10 Minuten<\/li>\n<li><a href=\"https:\/\/amzn.to\/4fbucmX\">Thermocase<\/a> f\u00fcr den wirksicheren Transport der Schilddr\u00fcsenmedikamente<\/li>\n<\/ul>\n<div style=\"font-size: 13px; color: #666; margin-top: 8px;\"><em>Dieser Bereich enth\u00e4lt Affiliate-Links von Amazon. So kann ich Inhalte wie diesen ohne redaktionelle Beeinflussung und unabh\u00e4ngig von Partnern f\u00fcr Sie bereitstellen \u2013 danke f\u00fcr Ihre Unterst\u00fctzung!<\/em><\/div>\n<\/div>\n<h3>Gluten<\/h3>\n<p>Gluten bei Hashimoto \u2013 Was sagt die Wissenschaft wirklich?<\/p>\n<p>Auf einschl\u00e4gigen Internetseiten, themenbezogenen Blogs und in sozialen Netzwerken wird h\u00e4ufig der Eindruck vermittelt, dass die Ursachen der Hashimoto-Thyreoiditis l\u00e4ngst eindeutig gekl\u00e4rt seien \u2013 und dass eine gezielte Ern\u00e4hrungsumstellung, insbesondere der Verzicht auf Gluten, eine Art \u201enat\u00fcrliche Therapie\u201c darstellen k\u00f6nne. Dabei wird Gluten oft als Ausl\u00f6ser oder zumindest als Verst\u00e4rker der Erkrankung dargestellt. Gleichzeitig werden Di\u00e4tpl\u00e4ne, Nahrungserg\u00e4nzungsmittel oder spezielle Lebensstile beworben, die angeblich helfen sollen, die Erkrankung in den Griff zu bekommen.<\/p>\n<p>Doch so verlockend diese Erkl\u00e4rungsmodelle und Therapieans\u00e4tze auch erscheinen m\u00f6gen: Der wissenschaftliche Beweis f\u00fcr einen klaren Zusammenhang zwischen Glutenkonsum und dem Verlauf einer Hashimoto-Thyreoiditis steht bislang aus. Aktuell gibt es keine allgemein anerkannte medizinische Leitlinie, die einen generellen Glutenverzicht bei Hashimoto empfiehlt \u2013 es sei denn, es liegt zus\u00e4tzlich eine nachgewiesene Z\u00f6liakie oder Glutenunvertr\u00e4glichkeit vor.<\/p>\n<p>Was die aktuelle Studienlage betrifft, so existieren mittlerweile mehrere wissenschaftliche Untersuchungen zum Thema. Einige davon deuten darauf hin, dass ein glutenfreier Lebensstil bei bestimmten Betroffenen \u2013 insbesondere bei gleichzeitiger Z\u00f6liakie \u2013 positive Effekte auf Entz\u00fcndungswerte oder Antik\u00f6rperspiegel haben kann. Andere Studien wiederum konnten keinerlei signifikante Ver\u00e4nderungen feststellen oder kommen sogar zu gegenteiligen Schlussfolgerungen.<\/p>\n<p>Fazit: Trotz zahlreicher Erfahrungsberichte aus dem Netz und wachsender \u00f6ffentlicher Aufmerksamkeit ist der Einfluss von Gluten auf Hashimoto bislang wissenschaftlich nicht eindeutig belegt. Wer \u00fcber eine Ern\u00e4hrungsumstellung nachdenkt, sollte dies idealerweise in Absprache mit einer \u00c4rztin oder einem Arzt sowie einer qualifizierten Ern\u00e4hrungsberatung tun \u2013 gerade um sicherzustellen, dass der eigene K\u00f6rper mit allen notwendigen N\u00e4hrstoffen versorgt bleibt.<\/p>\n<p><strong>Wie Sie Ihren Alltag mit Hashimoto erleichtern k\u00f6nnen<\/strong><\/p>\n<p>Viele Betroffene fragen mich, welche N\u00e4hrstoffpr\u00e4parate, Heilpflanzen oder sanfte Kosmetikprodukte wirklich helfen, die Symptome der Schilddr\u00fcsenerkrankung zu lindern. Wenn Sie auf der Suche nach wirksamen und bew\u00e4hrten Mitteln sind, empfehle ich Ihnen meine \u00dcbersicht mit den bew\u00e4hrten Empfehlungen f\u00fcr Schilddr\u00fcsenpatientinnen, die ich \u00fcber Jahre getestet habe. Dort finden Sie praktische Produkte, die Ihren Alltag sp\u00fcrbar erleichtern k\u00f6nnen.<\/p>\n<p>\u2192 <a href=\"https:\/\/schilddruesenguide.de\/thyreoiditis\/hilfreiche-produkte-fuer-schilddruesenpatientinnen\/\">Bew\u00e4hrte Empfehlungen f\u00fcr Schilddr\u00fcsenpatientinnen entdecken<\/a><\/p>\n<h3>Fructose &amp; Lactose<\/h3>\n<p>Es gibt erste Hinweise darauf, dass die unterschiedlichen Kohlehydrate von Hashimoto-Thyreoiditis-PatientInnen nicht so gut vertragen werden. Beispielsweise zeigen Erfahrungen aus der Schilddr\u00fcsenselbsthilfe, dass oft begleitend eine Fructose- und\/oder Lactose-Unvertr\u00e4glichkeit auftritt. \u00dcber einen m\u00f6glichen urs\u00e4chlichen Zusammenhang ist jedoch bisher nichts bekannt. Weitere Studien sind notwendig.<\/p>\n<p><em> &#8222;Unter den euthyreoten HT-Patienten konnte ein signifikant h\u00e4ufigeres Auftreten der Fruktose- sowie der Laktosemalassimilation im Vergleich zu den schilddr\u00fcsengesunden Kontrollpersonen demonstriert werden. Die Fruktosemalassimilation wurde bei den HT-Patienten mit 48,9% signifikant h\u00e4ufiger als in der Kontrollgruppe nachgewiesen. Im Kontrollgruppenkollektiv hatte eine Fruktosemalassimilation lediglich bei 26,3% der Probanden bestanden. Eine Laktosemalassimilation wurde bei den HT-Patienten mit 42,2% signifikant h\u00e4ufiger als im Kontrollkollektiv diagnostiziert, welches in 21,1% der F\u00e4lle eine Laktosemalassimilation aufwies.&#8220; (Quelle: Steffen Heckl, Kohlenhydratmalassimilation bei der Hashimoto-Thyreoiditis, Dissertation 2016, uni-wuerzburg.de, defekter Link entfernt am 23.07.25)<\/em><\/p>\n<p>Diesbez\u00fcglich ist allerdings interessant, dass in erster Linie die Lactose verteufelt wird &#8211; bis hin zu der Empfehlung, dass Hashimoto-Thyreoiditis-PatientInnen Milch und Milchprodukte grunds\u00e4tzlich vermeiden m\u00fcssten. Auf m\u00f6gliche Probleme mit Fructose wird eher selten eingegangen und eigentlich nie zum Verzehr auf Obst oder die angesagten gr\u00fcnen Smoothies geraten.<\/p>\n<h2>Lebensmittel, die Sie bei Hashimoto bevorzugen sollten, enthalten &#8230;<\/h2>\n<div class=\"selen-teaser\" style=\"border: 1px solid #ccc; padding: 15px; margin: 20px 0; background-color: #f9f9f9;\"><strong><span style=\"color: #008000;\">&#x1f48a;<\/span>Schilddr\u00fcse und Selen &#8211; was das Spurenelement f\u00fcr Ihre Hormonbalance tun kann<\/strong><br \/>\nSelen ist unverzichtbar f\u00fcr eine gesunde Schilddr\u00fcse. Warum es so wichtig ist, wie es bei Hashimoto helfen kann \u2013 und welche Pr\u00e4parate empfehlenswert sind, lesen Sie hier.<br \/>\n<span style=\"color: #ff00ff;\"><a style=\"color: #ff00ff;\" href=\"https:\/\/schilddruesenguide.de\/thyreoiditis\/schilddruese-und-selen-warum-dieses-spurenelement-so-wichtig-ist\/\">Jetzt lesen!<\/a><\/span><\/div>\n<h3>Selen<\/h3>\n<p>Neben Jod ist Selen das einzige Spurenelement zu dem mehrere, verl\u00e4ssliche Studien vorliegen. Aber auch diesbez\u00fcglich gilt nicht das Motto &#8222;viel hilft viel&#8220; sondern die t\u00e4glich eingenommene Selen-Dosis sollte bei Hashimoto-Thyreoiditis-PatientInnen zwischen 50 und 300 \u00b5g liegen.<\/p>\n<p>Die Kosten der erg\u00e4nzenden Selen-Therapie bei der Hashimoto-Thyreoiditis werden bislang nur von wenigen privaten Krankenkassen \u00fcbernommen, so dass die meisten Hashimoto-Thyreoiditis-PatientInnen einen Selbstversuch mit einem frei verk\u00e4uflichen Selen-Pr\u00e4parat machen. Im Hinblick darauf ist eine kurm\u00e4\u00dfige Einnahme von 100 bis 200\u00a0\u03bcg Selen t\u00e4glich \u00fcber einen Zeitraum von 3 bis 6 Monaten sinnvoll.<\/p>\n<p>Um eine \u00dcberdosierung zu vermeiden kann es sinnvoll sein bei l\u00e4ngerer bzw. h\u00f6her dosierten Einnahme den Selenspiegel im Blut kontrollieren zu lassen. Die Kosten von ca. 30,- EUR m\u00fcssen allerdings meistens als IGeL-Leistung selbst bezahlt werden.<\/p>\n<h3>Antioxidantien<\/h3>\n<p>Bei einer Hashimoto-Thyreoiditis handelt es sich um eine chronisch-entz\u00fcndliche Autoimmunerkrankung der Schilddr\u00fcse. Entz\u00fcndungen spielen dabei eine zentrale Rolle \u2013 und genau hier setzen Antioxidantien an. Diese nat\u00fcrlichen Schutzstoffe helfen dem K\u00f6rper, sogenannte freie Radikale zu neutralisieren, die Entz\u00fcndungsprozesse f\u00f6rdern und Zellen sch\u00e4digen k\u00f6nnen.\u00a0Lebensmittel, die reich an Antioxidantien sind, k\u00f6nnen daher eine wertvolle Unterst\u00fctzung f\u00fcr Menschen mit Hashimoto sein. Sie tragen dazu bei, das Immunsystem zu entlasten und Entz\u00fcndungen im K\u00f6rper zu reduzieren \u2013 auch wenn sie nat\u00fcrlich keine Heilung ersetzen.<\/p>\n<p>Besonders empfehlenswerte Lebensmittelgruppen sind:<\/p>\n<ul>\n<li>Beeren (z.\u202fB. Heidelbeeren, Himbeeren, Brombeeren): Sie enthalten besonders viele sekund\u00e4re Pflanzenstoffe wie Anthocyane, die stark antioxidativ wirken.<\/li>\n<li>Gr\u00fcnes Blattgem\u00fcse (z.\u202fB. Spinat, Gr\u00fcnkohl, Rucola): Diese Gem\u00fcsesorten liefern neben Antioxidantien auch wichtige Vitamine wie Vitamin C und E.<\/li>\n<li>N\u00fcsse und Samen (z.\u202fB. Waln\u00fcsse, Leinsamen, Chiasamen): Sie enthalten gesunde Fette und Antioxidantien wie Selen und Vitamin E, die f\u00fcr die Schilddr\u00fcsengesundheit besonders bedeutsam sind.<\/li>\n<li>Kurkuma und Ingwer: Diese Gew\u00fcrze sind f\u00fcr ihre entz\u00fcndungshemmenden Eigenschaften bekannt und k\u00f6nnen in die t\u00e4gliche Ern\u00e4hrung integriert werden.<\/li>\n<li>Bunte Gem\u00fcsesorten (z.\u202fB. Paprika, Tomaten, Karotten): Je bunter das Gem\u00fcse, desto h\u00f6her in der Regel der Gehalt an sch\u00fctzenden Pflanzenstoffen.<\/li>\n<li>Gr\u00fcner Tee: Enth\u00e4lt sogenannte Catechine \u2013 eine Gruppe von Antioxidantien, die Zellstress reduzieren k\u00f6nnen.<\/li>\n<\/ul>\n<h3>Vitamin D<\/h3>\n<p>Es gibt erste interessante und viel versprechende wissenschaftliche Untersuchungen die einen Zusammenhang zwischen der Hashimoto-Thyreoiditis und einem Vitamin D-Mangel belegen.<\/p>\n<p>Aufgrund des geringen Nebenwirkungspotentials kann die Einnahme von t\u00e4glich 1000 I.E Vitamin D \u00fcber die Wintermonate hinweg bereits jetzt empfohlen werden. In dieser Dosierung sind entsprechende Pr\u00e4parate in Deutschland weder rezept- noch apothekenpflichtig.<\/p>\n<p>Von h\u00f6heren Dosierungen &#8211; die beispielsweise \u00fcber ausl\u00e4ndische Internetseiten bestellt werden k\u00f6nnen &#8211; ist &#8222;in Eigenregie&#8220; eher abzuraten. Stattdessen sollte vorher auf jeden Fall ein Arzt zu Rate gezogen werden, der die entsprechenden Laborwerte kontrollieren und bei einem Mangel gepr\u00fcfte deutsche Pr\u00e4parate verordnen kann deren Kosten dann in der Regel auch von der Krankenkasse \u00fcbernommen werden!<\/p>\n<div style=\"max-width: 800px; margin: 20px auto; padding: 20px; border: 2px solid #8cc152; border-radius: 10px; background: #f6fff0; font-family: Arial, sans-serif; color: #333;\">\n<p style=\"font-size: 0.85em; color: #777; margin-bottom: 10px;\">Dieser Beitrag enth\u00e4lt einen <strong>Affiliate-Link<\/strong> zu Amazon. Wenn Sie dar\u00fcber kaufen, unterst\u00fctzen Sie meine Arbeit \u2013 f\u00fcr Sie bleibt der Preis gleich.<\/p>\n<div style=\"display: flex; flex-wrap: wrap; gap: 20px; align-items: flex-start;\">\n<p><!-- Bild-Teil --><\/p>\n<div style=\"flex: 1; min-width: 200px;\">\n<h2 style=\"color: #e91e63; font-size: 1.2em; margin-top: 0;\">&#x1f4da; Psychologische Aspekte der Diagnose Hashimoto-Thyreoiditis<\/h2>\n<p style=\"margin: 5px 0 10px;\"><strong>Pl\u00f6tzlich Angst, Schlafprobleme oder Ersch\u00f6pfung \u2013 und niemand findet die Ursache?\u00a0<\/strong><strong>Vielleicht steckt Hashimoto-Thyreoiditis dahinter \u2013 und nicht \u201enur\u201c Stress oder Depression.<\/strong><\/p>\n<blockquote style=\"font-style: italic; background: #ffeaf1; padding: 10px 15px; border-left: 5px solid #e91e63; border-radius: 5px; margin: 10px 0;\"><p>&#x2b50;&#xfe0f;&#x2b50;&#xfe0f;&#x2b50;&#xfe0f;&#x2b50;&#xfe0f;&#x2b50;&#xfe0f;<br \/>\n\u201eDieses Buch gibt tiefe Einblicke in das Krankheitsbild Hashimoto-Thyreoiditis und grenzt deutlich ab gegen psychische und psychosomatische Krankheitsbilder.\u201c<br \/>\n\u2013 <strong>Lothar L.<\/strong><\/p><\/blockquote>\n<ul style=\"list-style: none; padding-left: 0; font-size: 0.95em; margin-bottom: 10px;\">\n<li>&#x1f4e5; <strong>Format:<\/strong> Kindle<\/li>\n<li>&#x1f4c4; <strong>Seitenzahl:<\/strong> 79 Seiten<\/li>\n<li>&#x2705; <strong>Preis:<\/strong> 3,99 Euro<\/li>\n<li>&#x1f331; <strong>F\u00fcr:<\/strong> Einsteiger &amp; Fortgeschrittene<\/li>\n<\/ul>\n<p><a style=\"display: inline-block; background: #e91e63; color: white; text-decoration: none; padding: 10px 16px; border-radius: 6px; font-weight: bold; font-size: 0.95em;\" href=\"https:\/\/amzn.to\/47ef6I1\" target=\"_blank\" rel=\"noopener noreferrer\">&#x1f449; Jetzt E-Book sichern<\/a><\/p>\n<\/div>\n<\/div>\n<\/div>\n<hr \/>\n<p>Letzte Aktualisierung: 15. Dezember 2025<\/p>\n<p>Zur\u00fcck zur \u00dcbersicht: Erkrankungen der Schilddr\u00fcse verstehen &#8211; <a href=\"https:\/\/schilddruesenguide.de\/thyreoiditis\/schilddruesenerkrankungen-verstehen-symptome-werte-therapie-ein-ueberblick-der-meistgelesenen-blogartikel\/\"><b>Symptome, Werte &amp; Therapie<\/b><\/a><\/p>\n","protected":false},"excerpt":{"rendered":"<p>Rund um die Ern\u00e4hrung bei Hashimoto-Thyreoiditis kursieren zahlreiche Empfehlungen \u2013 von Paleo (Autoimmunprotokoll) \u00fcber Clean Eating bis hin zu gluten- und milchfreier Kost. Viele dieser Ans\u00e4tze versprechen Linderung der Beschwerden oder sogar eine Verbesserung der Schilddr\u00fcsenfunktion. Problematisch ist jedoch, dass bislang nur ein Teil dieser Empfehlungen wissenschaftlich gut belegt ist. [&hellip;]<\/p>\n","protected":false},"author":1,"featured_media":0,"parent":0,"menu_order":0,"comment_status":"closed","ping_status":"closed","template":"","meta":{"_metis_text_type":"standard","_metis_text_length":13105,"_post_count":0,"footnotes":""},"class_list":["post-3535","page","type-page","status-publish","hentry"],"public_identification_id":"25ed63f01473478eabd423b610e5f4aa","private_identification_id":"28479e255d5a42769a67e863eedc1628","_links":{"self":[{"href":"https:\/\/schilddruesenguide.de\/thyreoiditis\/wp-json\/wp\/v2\/pages\/3535","targetHints":{"allow":["GET"]}}],"collection":[{"href":"https:\/\/schilddruesenguide.de\/thyreoiditis\/wp-json\/wp\/v2\/pages"}],"about":[{"href":"https:\/\/schilddruesenguide.de\/thyreoiditis\/wp-json\/wp\/v2\/types\/page"}],"author":[{"embeddable":true,"href":"https:\/\/schilddruesenguide.de\/thyreoiditis\/wp-json\/wp\/v2\/users\/1"}],"replies":[{"embeddable":true,"href":"https:\/\/schilddruesenguide.de\/thyreoiditis\/wp-json\/wp\/v2\/comments?post=3535"}],"version-history":[{"count":0,"href":"https:\/\/schilddruesenguide.de\/thyreoiditis\/wp-json\/wp\/v2\/pages\/3535\/revisions"}],"wp:attachment":[{"href":"https:\/\/schilddruesenguide.de\/thyreoiditis\/wp-json\/wp\/v2\/media?parent=3535"}],"curies":[{"name":"wp","href":"https:\/\/api.w.org\/{rel}","templated":true}]}}