{"id":353,"date":"2015-09-01T16:32:40","date_gmt":"2015-09-01T14:32:40","guid":{"rendered":"http:\/\/schilddruesenguide.de\/thyreoiditis\/?page_id=353"},"modified":"2025-07-27T07:24:21","modified_gmt":"2025-07-27T05:24:21","slug":"s-wie-szintigrafie","status":"publish","type":"page","link":"https:\/\/schilddruesenguide.de\/thyreoiditis\/s-wie-szintigrafie\/","title":{"rendered":"S wie Szintigrafie"},"content":{"rendered":"<p>Anzeige <script async src=\"https:\/\/pagead2.googlesyndication.com\/pagead\/js\/adsbygoogle.js?client=ca-pub-2860650483659473\" crossorigin=\"anonymous\"><\/script><br \/>\n<!-- SDG-2025-Seiten --><br \/>\n<ins class=\"adsbygoogle\" style=\"display: block;\" data-ad-client=\"ca-pub-2860650483659473\" data-ad-slot=\"5194606993\" data-ad-format=\"auto\" data-full-width-responsive=\"true\"><\/ins><br \/>\n<script>\n     (adsbygoogle = window.adsbygoogle || []).push({});\n<\/script><\/p>\n<p><strong>SAE: <\/strong>engl. serious adverse event (schwerwiegendes unerw\u00fcnschtes Ereignis (SUE)).<\/p>\n<p><strong>Salz:\u00a0<\/strong>siehe Jodsalz<\/p>\n<p><strong>SAT: <\/strong>Abk\u00fcrzung f\u00fcr Subakute Thyreoiditis (Thyreoiditis de Quervain)<\/p>\n<p>\u2192 <a href=\"https:\/\/schilddruesenguide.de\/thyreoiditis\/schilddruesen-darm-achse-ernaehrungsumstellung-bei-hashimoto-thyreoiditis\/\">Schilddr\u00fcsen-Darm-Achse<\/a><\/p>\n<p><strong>Schilddr\u00fcsendiagnostik: <\/strong>Die wichtigsten Untersuchungsverfahren sind die Tastuntersuchung der Schilddr\u00fcse, die Ultraschalluntersuchung der Schilddr\u00fcse, die Szintigrafie der Schilddr\u00fcse und die Feinnadelbiopsie der Schilddr\u00fcse. \u2192 <a href=\"https:\/\/schilddruesenguide.de\/thyreoiditis\/tag\/schilddruesendiagnostik\/\">Schilddr\u00fcsendiagnostik<\/a><\/p>\n<p><strong>Schilddr\u00fcsenentz\u00fcndung: <\/strong>Es gibt verschiedene Arten von Schilddr\u00fcsenentz\u00fcndungen. Diese k\u00f6nnen z.B. autoimmun bedingt sein oder auch durch Viren bzw. Bakterien ausgel\u00f6st werden.<\/p>\n<p><strong>Schilddr\u00fcsenerkrankungen<\/strong> z.B. Hashimoto-Thyreoiditis<\/p>\n<p><strong>Schilddr\u00fcsenhormone: <\/strong>Die Schilddr\u00fcse bildet zwei Hormone, das Trijodthyronin (T3) und das Tetrajodthyronin (T4).<\/p>\n<p><strong>Schilddr\u00fcsenkarzinom: <\/strong>Krebserkrankung der Schilddr\u00fcse. \u2192 <a href=\"https:\/\/schilddruesenguide.de\/thyreoiditis\/schilddruesenkrebs-was-ist-das\/\">Schilddr\u00fcsenkrebs<\/a><\/p>\n<p><strong>Schilddr\u00fcsen-Liga Deutschland e.V.: <\/strong>Der eingetragene, gemeinn\u00fctzige Verein \u201eSchilddr\u00fcsen-Liga Deutschland e. V.\u201c ist die ehrenamtlich gef\u00fchrte Dachorganisation f\u00fcr Schilddr\u00fcsenkranke in Deutschland. Die Schilddr\u00fcsen-Liga Deutschland e. V. wurde 1995 durch Prof. Dr. Peter Pfannenstiel gegr\u00fcndet.<\/p>\n<p><strong>Schilddr\u00fcsenmedikamente:<\/strong> z.B. Levothyroxinnatrium. \u2192 <a href=\"https:\/\/schilddruesenguide.de\/thyreoiditis\/welche-schilddruesenmedikamente-gibt-es\/\">Schilddr\u00fcsenmedikamente<\/a><\/p>\n<p><strong>Schilddr\u00fcsennetz Hannover: <\/strong>B\u00fcndnis von \u00c4rzten und Patienten in der Region Hannover, die sich \u00fcber das Thema Schilddr\u00fcse austauschen.<\/p>\n<p><strong>Schilddr\u00fcsenoperation: <\/strong>Ob die Schilddr\u00fcse vollst\u00e4ndig oder nur teilweise entfernt werden muss, h\u00e4ngt von der zugrunde liegenden Erkrankung ab. Bei einem Schilddr\u00fcsenkarzinom wird immer eine m\u00f6glichst vollst\u00e4ndige Entfernung der gesamten Schilddr\u00fcse (Thyreoidektomie) angestrebt. Eine Strumaresektion (Strumektomie) wird hingegen bei gutartigen Schilddr\u00fcsenerkrankungen eingesetzt. Dabei wird ein Teil des Schilddr\u00fcsengewebes stehen gelassen. Manchmal reicht auch eine Hemithyreoidektomie (Entfernung eines Schilddr\u00fcsenlappens), wenn es beispielsweise durch einen Schilddr\u00fcsenknoten zu einer einseitigen Schilddr\u00fcsenvergr\u00f6\u00dferung gekommen ist und der zweite Schilddr\u00fcsenlappen gesund ist. Bei einer Enukleation wird nur ein einzelner Schilddr\u00fcsenknoten entfernt und das umgebene Schilddr\u00fcsengewebe geschont. \u2192 <a href=\"https:\/\/schilddruesenguide.de\/thyreoiditis\/spezial-schilddruesenoperation\/\">\u00a0Schilddr\u00fcsenoperation<\/a><\/p>\n<p><strong>Schilddr\u00fcsenselbsthilfe<\/strong><\/p>\n<p><strong>Schilddr\u00fcsenspezialist: <\/strong>Ein Arzt, der sich mit der Schilddr\u00fcse und ihren Erkrankungen sehr gut auskennt.<\/p>\n<p><strong>Schilddr\u00fcsensymposium: <\/strong>Wissenschaftliche Konferenz zum Thema Schilddr\u00fcse.<\/p>\n<p><strong>Schilddr\u00fcsen\u00fcberfunktion: <\/strong>Auch: Hyperthyreose. Die Schilddr\u00fcse produziert zu viele Schilddr\u00fcsenhormone.<\/p>\n<p><strong>Schilddr\u00fcsenunterfunktion: <\/strong>Auch: Hypothyreose. Die Schilddr\u00fcse produziert zu wenige Schilddr\u00fcsenhormone.<\/p>\n<p><strong>Schilddr\u00fcsenvolumen: <\/strong>Mit Hilfe der Sonografie wird die Schilddr\u00fcsengr\u00f6\u00dfe bestimmt. Dazu wird zun\u00e4chst f\u00fcr jeden Schilddr\u00fcsenlappen die L\u00e4nge, Breite und Tiefe gemessen und daraus dann das Volumen nach folgender Formel berechnet: L\u00e4nge (cm) x Breite (cm) x Tiefe (cm) x 0,5 = Volumen (cm3) \u2192 <a href=\"https:\/\/schilddruesenguide.de\/thyreoiditis\/informationen-zur-schilddruesengroesse\/\">Schilddr\u00fcsengr\u00f6\u00dfe<\/a><\/p>\n<p><strong>Schilddr\u00fcsenwerte: <\/strong>TSH, fT3, Ft4 \u2192 <a href=\"https:\/\/schilddruesenguide.de\/thyreoiditis\/erklaerung-der-schilddruesenlaborwerte-teil-1-schilddruesenhormonwerte\/\">Schilddr\u00fcsenhormonwerte<\/a><\/p>\n<p><strong>Schilddr\u00fcsenwissen kompakt: <\/strong>Eine kurze Zusammenfassung zum Thema Schilddr\u00fcse. Diese enth\u00e4lt jeweils nur die wichtigsten Informationen zu den unterschiedlichen Krankheiten der Schilddr\u00fcse sowie Symptomen, Diagnose und Therapie.<\/p>\n<p><strong>Schilddr\u00fcsenwoche \/ Schilddr\u00fcsen-Initative Papillon: <\/strong>Die Gr\u00fcndung der auf jodmangelbedingte Schilddr\u00fcsenvergr\u00f6\u00dferungen focussierten Schilddr\u00fcsen-Initiative Papillon erfolgte im Mai 2000. Initiiert wurde die Kampagne von Henning Berlin (sanofi-synthelabo-Gruppe). Beteiligt sind dar\u00fcber hinaus die Fachgesellschaften (Dt. Ges. f. Endokrinologie, Dt. Ges. f. Nuklearmedizin, Berufsverband Dt. Nuklearmediziner e.V.) sowie der Bundesverband Deutscher Krankenhausapotheker, die Bundesapothekerkammer und der Deutsche Apothekerverband. Seit 2006 initiiert die Schilddr\u00fcsen-Inititive Papillon einmal pro Jahr die Schilddr\u00fcsenwoche<\/p>\n<p><strong>Schilddr\u00fcsenzyste<\/strong>: Fl\u00fcssigkeitsgef\u00fcllter Hohlraum in der Schilddr\u00fcse<\/p>\n<p><strong>Schildknorpel: <\/strong>lat. Cartilago thyroidea. Geh\u00f6rt zum Kehlkopf.<\/p>\n<p><strong>Schmidt-Syndrom: <\/strong>Erstbeschreiber Martin Schmidt (1907); Kombination von Hashimoto-Thyreoiditis und Morbus Addison<\/p>\n<p><strong>Schnellschnitt: <\/strong>Untersuchung von Gewebeproben w\u00e4hrend einer Operation.<\/p>\n<p><strong>Sch\u00fcssler Salze: <\/strong>Der Oldenburger Arzt Dr. Wilhelm Heinrich Sch\u00fcssler (1821 &#8211; 1889) ist der Begr\u00fcnder der &#8222;Biochemie nach Sch\u00fcssler&#8220;. Nach seiner \u00dcberzeugung entstehen Krankheiten durch einen gest\u00f6rten Mineralstoffhaushalt. Der Mangel eines Minerals wirkt sich dabei negativ auf den gesamten Organismus aus. Um derartige Ungleichgewichte zu beheben, entwickelte er die 12 biochemischen Salze (Sch\u00fcssler-Salze). \u2192 <a href=\"https:\/\/schilddruesenguide.de\/thyreoiditis\/biochemie-nach-schuessler\/\">Biochemie nach Sch\u00fcssler<\/a><\/p>\n<p><strong>Schwangerschaft: <\/strong>Wenn man sich mit dem Thema \u201eSchilddr\u00fcse und Schwangerschaft\u201c besch\u00e4ftigt, st\u00f6sst man immer wieder auf regelrechte Horrormeldungen, die weniger zur Aufkl\u00e4rung als vielmehr zur Verunsicherung von schilddr\u00fcsenkranken Frauen mit Kinderwunsch bzw. schilddr\u00fcsenkranken Schwangeren beitragen. Dazu ist grunds\u00e4tzlich anzumerken, dass die Chancen f\u00fcr medikament\u00f6s gut eingestellte Frauen mit Schilddr\u00fcsenerkrankung schwanger zu werden und ein gesundes Kind zur Welt zu bringen fast genauso gut sind wie f\u00fcr Frauen ohne Schilddr\u00fcsenerkrankung.<\/p>\n<p><strong>Selen: <\/strong>Das selenabh\u00e4ngige Enzym Jodthyronin-5-Dejodase ist f\u00fcr die Umwandlung des Schilddr\u00fcsenhormons fT4 in die stoffwechselaktive Form fT3 zust\u00e4ndig. Au\u00dferdem kann Selen die Hashimoto-Thyreoiditis-spezifischen Antik\u00f6rper (TPO-AK u. TG-AK) senken. \u2192 <a href=\"https:\/\/schilddruesenguide.de\/thyreoiditis\/selen-beeinflusst-krankheitsverlauf-bei-der-hashimoto-thyreoiditis-positiv\/\">Spurenelement Selen<\/a><\/p>\n<p><strong>Selbsthilfegruppe: <\/strong>Bei den meisten Selbsthilfegruppen im Gesundheitsbereich handelt es sich um Zusammenschl\u00fcsse von Patientinnen und Patienten, die von der gleichen oder einen \u00e4hnlichen Erkrankung betroffen sind. Bei den gemeinsamen Treffen geht es deshalb vorrangig um den Erfahrungsaustausch untereinander sowie die gegenseitige Unterst\u00fctzung in einer als belastend erlebten Lebenssituation. Daneben wird immer h\u00e4ufiger aber auch medizinisches Informationsmaterial weitergegeben, Aufkl\u00e4rungsarbeit geleistet oder gesundheitspolitisches Engagement angestrebt.<\/p>\n<p><strong>Selpercatinib<\/strong>: Wirkstoff zur Behandlung von Schilddr\u00fcsenkrebs<\/p>\n<p><strong>Serenoa serratula: <\/strong>Die Fr\u00fcchte der vorwiegend im S\u00fcden der USA vorkommenden S\u00e4gepalme werden von einigen amerikanischen Heilpraktikern als eine Art Schilddr\u00fcsentonikum bei Hypothyreose eingesetzt.<\/p>\n<p><strong>Seronegativ: <\/strong>Bei einem Teil der Hashimoto-Thyreoiditis-Erkrankten werden keine Autoantik\u00f6rper gemessen. Sie sind seronegativ.<\/p>\n<p><strong>SHIP: <\/strong>SHIP = Study of Health in Pomerania. Eine epidemiologische Studienreihe, die an der Ernst-Moritz-Arndt-Universit\u00e4t Greifswald durchgef\u00fchrt wird.<\/p>\n<p><strong>Sialadenitis: <\/strong>Entz\u00fcndung der Speicheldr\u00fcsen<\/p>\n<p><strong>Sicca-Syndrom \/ Sj\u00f6gren Syndrom: <\/strong>Eine Autoimmunerkrankung bei der Speichel- und Tr\u00e4nendr\u00fcsen zerst\u00f6rt werden.<\/p>\n<p><strong>Sich-Selbst-Informieren: <\/strong>Ist das wichtigste, wenn man an einer chronischen Schilddr\u00fcsenerkrankung leidet.<\/p>\n<p><strong>Silent-Thyreoiditis: <\/strong>Variante der Hashimoto-Thyreoiditis. Akut auftretende, autoimmun bedingte Schilddr\u00fcsenentz\u00fcndung, die oft mit einer Schilddr\u00fcsen\u00fcberfunktion einhergeht.<\/p>\n<p><strong>Skelettfiliae: <\/strong>Knochenmetastasen<\/p>\n<p><strong>Soja<\/strong> (Glycine max): In Sojaprodukten sind gr\u00f6\u00dfere Mengen an Flavonoiden und Thiocyanaten enthalten. Diese Inhaltsstoffe sollen daf\u00fcr verantwortlich sein, da\u00df die Aufnahme von Jod in die Schilddr\u00fcse blockiert wird. Einsatzgebiet: Schilddr\u00fcsen\u00fcberfunktion, Jod\u00fcberempfindlichkeit.<\/p>\n<p><strong>Somatisch: <\/strong>griech. Soma = K\u00f6rper, Leib<\/p>\n<p><strong>Somatostatinrezeptoren: <\/strong>Spezielle Zellen, die sich gelegentlich beim medull\u00e4ren Schilddr\u00fcsenkarzinom nachweisen lassen. Diese k\u00f6nnen unter Umst\u00e4nden mit Somatostatinanaloga behandelt werden.<\/p>\n<p><strong>Sommer: <\/strong>Die Schilddr\u00fcsenfunktion wird durch \u00e4u\u00dfere Temperaturreize beeinflusst. Schilddr\u00fcsenkranke haben bei deutlichen Temperaturschwankungen oder extremer K\u00e4lte bzw. Hitze deshalb oft Anpassungsschwierigkeiten (verst\u00e4rkte Wetterf\u00fchligkeit). Meist lassen diese Beschwerden bereits nach wenigen Tagen von allein nach, gelegentlich muss aber auch die Schilddr\u00fcsenhormondosis angepasst (erh\u00f6ht oder gesenkt) werden.<\/p>\n<p><strong>Sonografie: <\/strong>auch: Echografie, Ultraschalluntersuchung. Darstellung der Schilddr\u00fcse mit Hilfe von Ultraschallwellen. \u2192 <a href=\"https:\/\/schilddruesenguide.de\/thyreoiditis\/sonografie\/\">Schilddr\u00fcsensonografie<\/a><\/p>\n<p><strong>Sorafenib: <\/strong>Bei Schilddr\u00fcsenkrebs eingesetzter Wirkstoff (Multi-Tyrosinkinasehemmer).<\/p>\n<p><strong>Soziale Netzwerke<\/strong><\/p>\n<p><strong>SPECT: <\/strong>Die bildgebenden Verfahren Szintigrafie, PET (Positronen-Emissions-Tomographie) und SPECT (single photon emission computed tomography) werden in der nuklearmedizinischen Diagnostik eingesetzt, um nach dem Tracer-Prinzip die Funktion der Schilddr\u00fcse abzubilden.<\/p>\n<p><strong>Spongia marina tosta<\/strong> (Euspongia officinalis): Ein hom\u00f6opathisches Mittel aus dem Badeschwamm (ein in Meeresgew\u00e4ssern vorkommenden Tierstamm) welches gegen Schilddr\u00fcsenunterfunktionsbeschwerden helfen soll.<\/p>\n<p><strong>Spurenelement: <\/strong>Ein Mineralstoff, der nur in sehr kleinen Mengen im menschlichen K\u00f6rper vorkommt. Jod ist beispielsweise ein Spurelement.<\/p>\n<p><strong>SREAT: <\/strong>= Steroid-responsive Enzephalopathie bei Autoimmunthyroiditis<br \/>\nAuch: Hashimoto Enzephalopathie, nichtvaskulitische autoimmune entz\u00fcndliche Meningoenzephalitis<\/p>\n<p><strong>Staging: <\/strong>Stadienbestimmung bei Schilddr\u00fcsenkrebspatienten<\/p>\n<p><strong>Stimmbandl\u00e4hmung: <\/strong>auch: Rekurrensparese. Gelegentlich kommt es bei einer Schilddr\u00fcsenoperation zu einer Verletzung des Stimmbandnerven. \u2192 <a href=\"https:\/\/schilddruesenguide.de\/thyreoiditis\/risiken-der-schilddruesenoperation-teil-3-rekurrensparese\/\">Stimmbandl\u00e4hmung<\/a><\/p>\n<p><strong>Strahlenbelastung: <\/strong>Die Strahlenbelastung bei einer Szintigrafie der Schilddr\u00fcse ist sehr gering. Sie entspricht ungef\u00e4hr 0,5 msv. Zum Vergleich: Die nat\u00fcrliche Strahlenbelastung der wir ausgesetzt sind liegt bei 1 &#8211; 3 msv pro Jahr. Es besteht also wirklich kein nennenswertes, gesundheitliches Risiko, wogegen der diagnostische Nutzen klar im Vordergrund steht. Die Szintigrafie ist ein schmerzfreies und nebenwirkungsarmes Untersuchungsverfahren.<\/p>\n<p><strong>Strahlentherapie, perkutane: <\/strong>Anwendungsgebiet: Rezidive beim differenzierten Schilddr\u00fcsenkarzinom.<\/p>\n<p><strong>Strain Elastografie<\/strong>: Ultraschall-basierten Messung der Gewebeelastizit\u00e4t.<\/p>\n<p><strong>Stress: <\/strong>\u00dcber lange Zeit anhaltende Stressbelastungen gelten als ein m\u00f6glicher Ausl\u00f6ser f\u00fcr die autoimmunen Schilddr\u00fcsenerkrankungen Hashimoto-Thyreoiditis und Morbus Basedow.<\/p>\n<p><strong>Struma: <\/strong>Vergr\u00f6\u00dferung der Schilddr\u00fcse (umgangssprachlich: Kropf). \u2192 <a href=\"https:\/\/schilddruesenguide.de\/thyreoiditis\/unterschiedliche-arten-von-schilddruesenvergroesserungen\/\">Struma-Arten<\/a><\/p>\n<p><strong>Struma adolescentium sive juvenilis: <\/strong>w\u00e4hrend der Pubert\u00e4t auftretende Schilddr\u00fcsenvergr\u00f6\u00dferung (Pubert\u00e4tskropf)<\/p>\n<p><strong>Struma colloidales: <\/strong>Schilddr\u00fcsenvergr\u00f6\u00dferung durch vergr\u00f6\u00dferte Schilddr\u00fcsenfollikel<\/p>\n<p><strong>Struma diffusa parenchymatosa: <\/strong>gleichm\u00e4\u00dfige, nicht scharf abgegrenzte Schilddr\u00fcsenvergr\u00f6\u00dferung<\/p>\n<p><strong>Struma fibrosa: <\/strong>harte, bindegewebsartige Schilddr\u00fcsenvergr\u00f6\u00dferung<\/p>\n<p><strong>Struma maligna: <\/strong>Sammelbegriff f\u00fcr b\u00f6sartige Neubildungen in der Schilddr\u00fcse<\/p>\n<p><strong>Struma mollis: <\/strong>weiche Schilddr\u00fcsenvergr\u00f6\u00dferung durch ver\u00e4nderte Schilddr\u00fcsenzellen<\/p>\n<p><strong>Struma multinodosa: <\/strong>Schilddr\u00fcsenvergr\u00f6\u00dferung mit mehreren Schilddr\u00fcsenknoten<\/p>\n<p><strong>Struma neonatorum: <\/strong>angeborene Schilddr\u00fcsenvergr\u00f6\u00dferung bei einem Baby (Neugeborenenkropf)<\/p>\n<p><strong>Struma nodosa: <\/strong>Schilddr\u00fcsenvergr\u00f6\u00dferung mit Schilddr\u00fcsenknoten (Knotenkropf)<\/p>\n<p><strong>Struma uninodosa: <\/strong>Schilddr\u00fcsenvergr\u00f6\u00dferung mit einem einzelnen Schilddr\u00fcsenknoten<\/p>\n<p><strong>Struma vasculosa: <\/strong>Schilddr\u00fcsenvergr\u00f6\u00dferung mit ver\u00e4nderten Blutgef\u00e4\u00dfen<\/p>\n<p><strong>Strumitis: <\/strong>Schilddr\u00fcsenentz\u00fcndung einer bereits vorhandenen Struma<\/p>\n<p><strong>Subakut: <\/strong>Langsam innerhalb von wenigen Wocen sich entwickelnde Erkrankung.<\/p>\n<p><strong>Subklinisch: <\/strong>Nicht offensichtliche Erkrankung.<\/p>\n<p><strong>Substitutionstherapie: <\/strong>Dabei werden Hormone ersetzt, die der K\u00f6rper normalerweise selbst herstellen kann. Wenn Hormone aufgrund von Organschw\u00e4che, Organversagen oder auch nach einer Organentnahme dem K\u00f6rper nicht oder nicht mehr in ausreichender Menge zur Verf\u00fcgung stehen, werden sie von au\u00dfen zugef\u00fchrt (substituiert). Beispiel: Substitutionstherapie mit Levothyroxin bei Schilddr\u00fcsenunterfunktion.<\/p>\n<p><strong>Suppression: <\/strong>Damit ist i.d.R. die TSH-Suppression gemeint, d.h. die Unterdr\u00fcckung des TSH, so dass er nicht mehr messbar ist.<\/p>\n<p><strong>Suppressionstest: <\/strong>Bei einem Schilddr\u00fcsensuppressionstest wird ein Levothyroxinpr\u00e4parat (oft 200 \u00b5g \u00fcber 14 Tage) verabreicht, um zu kl\u00e4ren, ob eine krankhafte Autonomie der Schilddr\u00fcse vorliegt oder ob die Schilddr\u00fcsenfunktion unver\u00e4ndert der Kontrolle durch die Hirnanhangsdr\u00fcse unterliegt.<\/p>\n<p><strong>Symptom: <\/strong>Krankheitszeichen<\/p>\n<p><strong>Syndrom: <\/strong>Das gleichzeitige Vorliegen unterschiedlicher Krankheitszeichen, die auf eine gemeinsame Ursache zur\u00fcckgef\u00fchrt werden ohne, dass die Krankheitsentstehung bekannt ist.<\/p>\n<p><strong>Szintigrafie: <\/strong>Nuklearmedizinisches Untersuchungsverfahren, um festzustellen, in welchem Umfang die Schilddr\u00fcse Jod speichert. \u2192 <a href=\"https:\/\/schilddruesenguide.de\/thyreoiditis\/szintigrafie-bei-schilddruesenknoten\/\">Schilddr\u00fcsenszintigrafie<\/a><\/p>\n<hr \/>\n<p>Letzte Aktualisierung: 09. Januar 2024<\/p>\n","protected":false},"excerpt":{"rendered":"<p>Anzeige SAE: engl. serious adverse event (schwerwiegendes unerw\u00fcnschtes Ereignis (SUE)). Salz:\u00a0siehe Jodsalz SAT: Abk\u00fcrzung f\u00fcr Subakute Thyreoiditis (Thyreoiditis de Quervain) \u2192 Schilddr\u00fcsen-Darm-Achse Schilddr\u00fcsendiagnostik: Die wichtigsten Untersuchungsverfahren sind die Tastuntersuchung der Schilddr\u00fcse, die Ultraschalluntersuchung der Schilddr\u00fcse, die Szintigrafie der Schilddr\u00fcse und die Feinnadelbiopsie der Schilddr\u00fcse. \u2192 Schilddr\u00fcsendiagnostik Schilddr\u00fcsenentz\u00fcndung: Es gibt verschiedene [&hellip;]<\/p>\n","protected":false},"author":1,"featured_media":0,"parent":0,"menu_order":0,"comment_status":"closed","ping_status":"closed","template":"","meta":{"_metis_text_type":"standard","_metis_text_length":12352,"_post_count":0,"footnotes":""},"class_list":["post-353","page","type-page","status-publish","hentry"],"_links":{"self":[{"href":"https:\/\/schilddruesenguide.de\/thyreoiditis\/wp-json\/wp\/v2\/pages\/353","targetHints":{"allow":["GET"]}}],"collection":[{"href":"https:\/\/schilddruesenguide.de\/thyreoiditis\/wp-json\/wp\/v2\/pages"}],"about":[{"href":"https:\/\/schilddruesenguide.de\/thyreoiditis\/wp-json\/wp\/v2\/types\/page"}],"author":[{"embeddable":true,"href":"https:\/\/schilddruesenguide.de\/thyreoiditis\/wp-json\/wp\/v2\/users\/1"}],"replies":[{"embeddable":true,"href":"https:\/\/schilddruesenguide.de\/thyreoiditis\/wp-json\/wp\/v2\/comments?post=353"}],"version-history":[{"count":0,"href":"https:\/\/schilddruesenguide.de\/thyreoiditis\/wp-json\/wp\/v2\/pages\/353\/revisions"}],"wp:attachment":[{"href":"https:\/\/schilddruesenguide.de\/thyreoiditis\/wp-json\/wp\/v2\/media?parent=353"}],"curies":[{"name":"wp","href":"https:\/\/api.w.org\/{rel}","templated":true}]}}