{"id":351,"date":"2015-09-01T16:17:27","date_gmt":"2015-09-01T14:17:27","guid":{"rendered":"http:\/\/schilddruesenguide.de\/thyreoiditis\/?page_id=351"},"modified":"2025-07-27T07:23:18","modified_gmt":"2025-07-27T05:23:18","slug":"r-wie-radioiodtherapie","status":"publish","type":"page","link":"https:\/\/schilddruesenguide.de\/thyreoiditis\/r-wie-radioiodtherapie\/","title":{"rendered":"R wie Radioiodtherapie"},"content":{"rendered":"<p><strong>Radioaktive Strahlung: <\/strong>Radioaktive Strahlung gilt als ein m\u00f6glicher Ausl\u00f6ser von Schilddr\u00fcsenkrebs.<\/p>\n<p><strong>Radiofrequenzablation:<\/strong> Bei dieser Methode zur Behandlung von Schilddr\u00fcsenknoten wird hochfrequenter elektrischer Strom eingesetzt, um das erkrankte Schilddr\u00fcsengewebe zu beseitigen.<\/p>\n<p><strong>Radioiod: <\/strong>radioaktives Jod<\/p>\n<p><strong>Radioiodtest: <\/strong>Vor einer Radioiodtherapie wird dieser Test durchgef\u00fchrt um festzustellen welche Menge an Radioiod f\u00fcr die nachfolgende Therapie notwendig ist.<\/p>\n<p><strong>Radioiodtherapie: <\/strong>Therapie zur Behandlung von Hyperthyreosen, bei der durch Einnahme schwach radioaktiven Jods, welches sich in der Schilddr\u00fcse einlagert, Schilddr\u00fcsenzellen zerst\u00f6rt werden. \u2192 <a href=\"https:\/\/schilddruesenguide.de\/thyreoiditis\/radioiodtherapie-wissenswertes-fuer-patienten\/\">\u00a0Radioiodtherapie<\/a><\/p>\n<p><strong>Radiologe: <\/strong>Ein Arzt der elektromagnetischen Strahlen f\u00fcr die Diagnose und Therapie von Krankheiten einsetzt.<\/p>\n<p><strong>Ratgeber: <\/strong>In den vergangenen Jahren sind mehrere, sehr unterschiedliche B\u00fccher (Patientenratgeber) zur Hashimoto-Thyreoiditis erschienen.<\/p>\n<p><strong>Rauchen: <\/strong>Beispielsweise die TSH-Werte sind bei Rauchern h\u00f6her als bei Nichtrauchern.<\/p>\n<p><strong>Redifferenzierungstherapie: <\/strong>Bei Schilddr\u00fcsenkrebs angewandte Behandlung mit Retins\u00e4ure. Dabei sollen Schilddr\u00fcsenzellen ihre urspr\u00fcngliche Funktion zur Jodaufnahme wiedererlangen.<\/p>\n<p><strong>Refetoff-Syndrom<\/strong>: Schilddr\u00fcsenhormonresistenz. Benannt nach dem Erstbeschreiber Prof. Samuel Refetoff.<\/p>\n<p><strong>Rekurrensparese: <\/strong>L\u00e4hmung des Stimmbandnervs als Komplikation bei Schilddr\u00fcsenoperationen. \u2192 <a href=\"https:\/\/schilddruesenguide.de\/thyreoiditis\/risiken-der-schilddruesenoperation-teil-3-rekurrensparese\/\">Rekurrensparese<\/a><\/p>\n<p><strong>Regelkreis, thyreotroper: <\/strong>Die Schilddr\u00fcsenhormone werden zwar in der Schilddr\u00fcse hergestellt, aber ihre Produktion unterliegt einem komplexen Regelmechanismus und wird durch bestimmte Bereiche des Gehirns gesteuert. Wenn im Hypothalamus (Zwischenhirn) ein Mangel an Schilddr\u00fcsenhormonen im Blut registriert wird, wird dort das Hormon TRH gebildet und zur Hypophyse (Hirnanhangsdr\u00fcse) geschickt. An der Hypophyse angekommen regt das TRH die Bildung des Hormons TSH an. Das freigesetzte TSH gelangt von da zur Schilddr\u00fcse, wo es seinerseits die Bildung der Schilddr\u00fcsenhormone T4 und T3 stimuliert. Die Schilddr\u00fcse bildet daraufhin unter anderem aus der Aminos\u00e4ure Tyrosin und dem Spurenelement Jod die Schilddr\u00fcsenhormone T4 und T3. Wenn ausreichend Schilddr\u00fcsenhormone hergestellt und in den Blutkreislauf abgegeben wurden, wird das sofort von der \u201cMess-Station\u201d im Hypothalamus registriert. Daraufhin wird die dortige Produktion von TRH eingestellt.<\/p>\n<p><strong>Reizstromtherapie: <\/strong>Bei der Reizstromtherapie werden elektrische Gleich- oder Wechselstr\u00f6me zur Behandlung von Muskelschmerzen und\/oder zum Muskelaufbau eingesetzt. Zwei h\u00e4ufig angewandte Varianten von Reizstromtherapie sind TENS und EMS. TENS steht f\u00fcr Transkutane Elektrische Nerven-Stimulation. EMS bedeutet Elektrische Muskel-Stimulation. \u2192 <a href=\"https:\/\/schilddruesenguide.de\/thyreoiditis\/reizstromtherapie-bei-muskelschmerzen-und-muskelschwaeche-tensems\/\">Reizstromtherapie<\/a><\/p>\n<p><strong>Rekombinantes, humanes TSH (RhTSH): <\/strong>gentechnisch hergestelltes TSH.<\/p>\n<p><strong>Remission: <\/strong>Das zeitweise oder dauerhafte Nachlassen von Krankheitssymptomen ohne Erreichen einer vollst\u00e4ndigen Genesung.<\/p>\n<p><strong>Resektion: <\/strong>Operative Entfernung von Gewebe.<\/p>\n<p><strong>Reverse-T3: <\/strong>Inaktive Form des Schilddr\u00fcsenhormons T3<\/p>\n<p><strong>Rezept: <\/strong>Die \u00e4rztliche Verordnung von Medikamenten in Schriftform.\u00a0rotes Formular: Kassenrezept, G\u00fcltigkeit: vier Wochen.\u00a0 gr\u00fcnes oder blaues Formular: Privatrezept, G\u00fcltigkeit: unbegrenzt.\u00a0gelbes Formular: Bet\u00e4ubungsmittelrezept, G\u00fcltigkeit: 8 Tage.\u00a0lila Formular: T-Rezept (thalidomid-haltige Medikamente), G\u00fcltigkeit: 7 Tage<\/p>\n<p><strong>Rezeptfrei: <\/strong>Arzneimittel, die der Endverbraucher ohne \u00e4rztliche Verschreibung k\u00e4uflich erwerben kann.<\/p>\n<p><strong>Rezeptor: <\/strong>lat. recipere = aufnehmen, empfangen. Eine Zelle mit einer \u201eAndockstelle\u201c f\u00fcr einen bestimmten Stoff. Beispiel: TSH-Rezeptoren.<\/p>\n<p><strong>Rezidiv: <\/strong>= lat. recidere (zur\u00fcckfallen). Ein Rezidiv ist das erneute Auftreten einer Krankheit nach abgeschlossener, erfolgreicher Behandlung oder nach spontaner Remission.<\/p>\n<p><strong>Riedel-Struma: <\/strong>Bei der Riedel-Struma handelt es sich um eine ausgesprochen seltene Schilddr\u00fcsenentz\u00fcndung. Dabei wird das Schilddr\u00fcsengewebe zerst\u00f6rt und bindegewebsartig umgebaut wobei es in der Regel auch zu einem Einwachsen der Schilddr\u00fcse in die umliegenden Gewebe (z.B. die Halsmuskulatur) kommt. \u2192 <a href=\"https:\/\/schilddruesenguide.de\/thyreoiditis\/riedel-struma\/\">Riedel-Struma<\/a><\/p>\n<p><strong>Rinderthyroxin: <\/strong>Bis vor einigen Jahren auch noch verschreibungspflichtige Schilddr\u00fcsenextrakt-Kapseln, die getrocknete Rinderschilddr\u00fcse als Hauptwirkstoff enthielten.<\/p>\n<p><strong>Rotklee (Trifolium pratense): <\/strong>\u00dcber die Hemmung der Thyroidea-Peroxidase sollen die enthaltenen Flavonoide die Symptomatik bei Schilddr\u00fcsen\u00fcberfunktion lindern k\u00f6nnen.<\/p>\n<hr \/>\n<p>Letzte Aktualisierung: 09. Januar 2024<\/p>\n","protected":false},"excerpt":{"rendered":"<p>Radioaktive Strahlung: Radioaktive Strahlung gilt als ein m\u00f6glicher Ausl\u00f6ser von Schilddr\u00fcsenkrebs. Radiofrequenzablation: Bei dieser Methode zur Behandlung von Schilddr\u00fcsenknoten wird hochfrequenter elektrischer Strom eingesetzt, um das erkrankte Schilddr\u00fcsengewebe zu beseitigen. Radioiod: radioaktives Jod Radioiodtest: Vor einer Radioiodtherapie wird dieser Test durchgef\u00fchrt um festzustellen welche Menge an Radioiod f\u00fcr die nachfolgende [&hellip;]<\/p>\n","protected":false},"author":1,"featured_media":0,"parent":0,"menu_order":0,"comment_status":"closed","ping_status":"closed","template":"","meta":{"_metis_text_type":"standard","_metis_text_length":4431,"_post_count":0,"footnotes":""},"class_list":["post-351","page","type-page","status-publish","hentry"],"_links":{"self":[{"href":"https:\/\/schilddruesenguide.de\/thyreoiditis\/wp-json\/wp\/v2\/pages\/351","targetHints":{"allow":["GET"]}}],"collection":[{"href":"https:\/\/schilddruesenguide.de\/thyreoiditis\/wp-json\/wp\/v2\/pages"}],"about":[{"href":"https:\/\/schilddruesenguide.de\/thyreoiditis\/wp-json\/wp\/v2\/types\/page"}],"author":[{"embeddable":true,"href":"https:\/\/schilddruesenguide.de\/thyreoiditis\/wp-json\/wp\/v2\/users\/1"}],"replies":[{"embeddable":true,"href":"https:\/\/schilddruesenguide.de\/thyreoiditis\/wp-json\/wp\/v2\/comments?post=351"}],"version-history":[{"count":0,"href":"https:\/\/schilddruesenguide.de\/thyreoiditis\/wp-json\/wp\/v2\/pages\/351\/revisions"}],"wp:attachment":[{"href":"https:\/\/schilddruesenguide.de\/thyreoiditis\/wp-json\/wp\/v2\/media?parent=351"}],"curies":[{"name":"wp","href":"https:\/\/api.w.org\/{rel}","templated":true}]}}