{"id":349,"date":"2015-09-01T16:12:18","date_gmt":"2015-09-01T14:12:18","guid":{"rendered":"http:\/\/schilddruesenguide.de\/thyreoiditis\/?page_id=349"},"modified":"2025-07-27T07:22:11","modified_gmt":"2025-07-27T05:22:11","slug":"pq-wie-palpation","status":"publish","type":"page","link":"https:\/\/schilddruesenguide.de\/thyreoiditis\/pq-wie-palpation\/","title":{"rendered":"PQ wie Palpation"},"content":{"rendered":"<p><strong>Paclitaxel: <\/strong>Wirkstoff zur Therapie beim anaplastischen Schilddr\u00fcsenkarzinom<\/p>\n<p><strong>Palliative Therapie: <\/strong>Darunter versteht man eine medizinische Behandlung deren Ziel nicht mehr in einer Heilung, sondern nur noch in der Linderung von Krankheitssymptomen besteht.<\/p>\n<p><strong>Palpation: <\/strong>Tastuntersuchung der Schilddr\u00fcse<\/p>\n<p><strong>Papill\u00e4res Schilddr\u00fcsenkarzinom: <\/strong>Form von Schilddr\u00fcsenkrebs mit sehr guten Heilungschancen<\/p>\n<p><strong>Panikst\u00f6rung: <\/strong>Bei Schilddr\u00fcsenfehlfunktionen treten sehr h\u00e4ufig ausgepr\u00e4gte \u00c4ngste bis hin zu regelrechten Panikattacken auf.<\/p>\n<p><strong>Paracelsus: <\/strong>Der Schweizer Arzt Paracelsus (Philippus Aureolus Theophrastus Bombastus von Hohenheim, 1493 \u2013 1541) erkennt als einer der ersten Mediziner den Zusammenhang zwischen Kropf und Kretinismus (Kretinismus = franz. Cr\u00e9tin = lat. Cristianus = armer Christ). Er verordnet das \u201eungarische Kropfsalz\u201c, ein vorwiegend aus Halit bestehendes Steinsalz.<\/p>\n<p><strong>Parathormon: <\/strong>Hormon der Nebenschilddr\u00fcse. Regelt den Calciumspiegel.<\/p>\n<p><strong>Patient: <\/strong>lat. patiens = aushaltend, f\u00e4hig zu ertragen. Eine Person, die an einer Krankheit oder Verletzung leidet und deshalb medizinisch behandelt wird.<\/p>\n<p><strong>Patientenrechte: <\/strong>Darunter versteht man die Rechte von Patienten im Gesundheitssystem, z.B. die freie Arztwahl, das Recht auf Einsicht in die Patientenakte usw.<\/p>\n<p><strong>Pathogenese: <\/strong>Die Wissenschaft von der Entstehung und Entwicklung einer Krankheit.<\/p>\n<p><strong>Pathologisch: <\/strong>krankhaft<\/p>\n<p><strong>Peak: <\/strong>engl. Gipfel, Spitze<\/p>\n<p><strong>Pendred-Syndrom: <\/strong>Erbkrankheit die durch die Kombination von Schwerh\u00f6rigkeit und Struma gekennzeichnet ist.<\/p>\n<p><strong>Perfusion: <\/strong>Versorgung von Organen mit Blut (Durchblutung).<\/p>\n<p><strong>perioperativ: <\/strong>Der Zeitraum um eine Operation herum.<\/p>\n<p><strong>Pharmaindustrie: <\/strong>Unternehmen die Medikamente produzieren und vermarkten.<\/p>\n<p><strong>Pharmazentralnummer (PZN): <\/strong>Bundeseinheitlicher, 7stelliger Identifikationsschl\u00fcssel f\u00fcr Medikamente.<\/p>\n<p><strong>Phytotherapie \/ Pflanzenheilkunde: <\/strong>In etlichen Pflanzenheilkunde-Fachb\u00fcchern findet man Hinweise auf Heilpflanzen, denen eine Wirkung auf die Schilddr\u00fcse zugeschrieben wird. Es wird behauptet, dass es es mit einer derartigen Pflanzentherapie m\u00f6glich sei, die Schilddr\u00fcsenfehlfunktion so zu korrigieren, dass die Einnahme k\u00fcnstlicher Schilddr\u00fcsenhormone oder schilddr\u00fcsenhemmender Medikamente wieder ausgeschlichen werden kann. Derartigen Versprechungen ist jedoch ausgesprochen kritisch zu begegnen, da wissenschaftliche Beweise f\u00fcr die Wirksamkeit fehlen. \u2192 <a href=\"https:\/\/schilddruesenguide.de\/thyreoiditis\/pflanzenheilkunde-phytotherapie\/\">Pflanzenheilkunde bei Schilddr\u00fcsenerkrankungen<\/a><\/p>\n<p><strong>Plummern: <\/strong>auch: Plummerung.\u00a0 Die Einmalgabe einer sehr gro\u00dfen Jodmenge hemmt kurzfristig die Jodaufnahme der Schilddr\u00fcse und verhindert die Produktion sowie die Freisetzung der Schilddr\u00fcsenhormone. Diesen Effekt nutzte als erstes der amerikanische Endokrinologe Henry Stanley Plummer zur Vorbereitung von Hyperthyreosepatienten auf eine Schilddr\u00fcsenoperation. Deshalb wurde die Methode der pr\u00e4operativen Jodvorbehandlung nach ihm benannt.<\/p>\n<p><strong>PMS:<\/strong> Praemenstruelles Syndrom<\/p>\n<p><strong>Polyendokrines Autoimmunsyndrom Typ II (PAS II): <\/strong>Kombination mehrerer Autoimmunerkrankungen die zu insuffizienten Hormondr\u00fcsen f\u00fchren<\/p>\n<p><strong>Positronen-Emissions-Tomographie (PET): <\/strong>Verfahren zum Nachweis von Metastasen beim Schilddr\u00fcsenkarzinom.<\/p>\n<p><strong>postoperativ: <\/strong>Der Zeitraum nach einer Operation.<\/p>\n<p><strong>Post-partum Thyreoiditis: <\/strong>Eine Schilddr\u00fcsenentz\u00fcndung die typischerweise nach der Geburt auftritt<\/p>\n<p><strong>PKV: <\/strong>Private Krankenversicherung<\/p>\n<p><strong>Pr\u00e4vention \/ Prophylaxe: <\/strong>Vorbeugung<\/p>\n<p><strong>Pr\u00e4analytik: <\/strong>Probengewinnung<\/p>\n<p><strong>Pr\u00e4tiables Myx\u00f6dem: <\/strong>R\u00f6tlich-bl\u00e4uliche Schwellung der Haut im Bereich des Schienbeins beim Morbus Basedow<\/p>\n<p><strong>Pr\u00e4valenz: <\/strong>Krankheitsh\u00e4ufigkeit<\/p>\n<p><strong>Proband: <\/strong>lat. probare = pr\u00fcfen. Eine Person, die als Test- oder Vergleichsperson einer Pr\u00fcfung unterzogen wird<\/p>\n<p><strong>Prim\u00e4rtumor: <\/strong>Bei einer Schilddr\u00fcsenkrebserkrankung bezeichnet man als Prim\u00e4rtumor die urspr\u00fcngliche Krebsgeschwulst von der aus Tochtergeschw\u00fclste (Metastasen) gestreut wurden.<\/p>\n<p><strong>Progesteron: <\/strong>Gestagen aus der Gruppe der Sexualhormone.<\/p>\n<p><strong>Propycil\u00ae: <\/strong>Verschreibungspflichtiges Medikament (Thyreostatikum) zur Behandlung der Schilddr\u00fcsen\u00fcberfunktion beim Morbus Basedow.<\/p>\n<p><strong>Prothyrid\u00ae: <\/strong>Verschreibungspflichtiges Kombinationspr\u00e4parat welches beide Schilddr\u00fcsenhormone T3 und T4 enth\u00e4lt.<\/p>\n<p><strong>Psyche: <\/strong>Bei Schilddr\u00fcsenerkrankungen ist die Psyche h\u00e4ufig in Mitleidenschaft gezogen und es k\u00f6nnen vielf\u00e4ltige Beschwerden auftreten.<\/p>\n<p><strong>Puls: <\/strong>Der normale Puls liegt bei etwa 80 Schl\u00e4gen pro Minute. Ein st\u00e4ndig sehr langsamer Puls mit unter 60 Schl\u00e4gen pro Minute wird als Bradykardie (h\u00e4ufig bei Schilddr\u00fcsenunterfunktion), ein bereits in Ruhe sehr schneller Puls mit \u00fcber 100 Schl\u00e4gen pro Minute wird als Tachykardie (oft bei Schilddr\u00fcsen\u00fcberfunktion) bezeichnet.<\/p>\n<p><strong>Pulswellenerscheinungszeit: <\/strong>engl. pulse wave velocity, Geschwindigkeit, mit der die Druckwelle die Arterien eines Organismus durchl\u00e4uft. \u2192 <a href=\"https:\/\/schilddruesenguide.de\/thyreoiditis\/pulswellenerscheinungszeit\/\">Pulswellenerscheinungszeit<\/a><\/p>\n<p><strong>pulsatil: <\/strong>nicht gleichm\u00e4ssig, sondern schubweise<\/p>\n<p><strong>Punktion: <\/strong>Gewebeentnahme<\/p>\n<hr \/>\n<p><strong>Qualit\u00e4t der Schilddr\u00fcsentherapie: <\/strong>Etliche Schilddr\u00fcsenpatienten bem\u00e4ngeln eine unzureichende Qualit\u00e4t der medizinischen Behandlung.<\/p>\n<p><strong>Quervain-Thyreoiditis: <\/strong>Eine nach dem Schweizer Arzt Fritz de Quervain benannte subakute Schilddr\u00fcsenentz\u00fcndung. \u2192 <a href=\"https:\/\/schilddruesenguide.de\/thyreoiditis\/thyreoiditis-de-quervain\/\">Thyreoiditis de Quervain<\/a><\/p>\n<hr \/>\n<p>Letzte Aktualisierung: 09. Januar 2024<\/p>\n","protected":false},"excerpt":{"rendered":"<p>Paclitaxel: Wirkstoff zur Therapie beim anaplastischen Schilddr\u00fcsenkarzinom Palliative Therapie: Darunter versteht man eine medizinische Behandlung deren Ziel nicht mehr in einer Heilung, sondern nur noch in der Linderung von Krankheitssymptomen besteht. Palpation: Tastuntersuchung der Schilddr\u00fcse Papill\u00e4res Schilddr\u00fcsenkarzinom: Form von Schilddr\u00fcsenkrebs mit sehr guten Heilungschancen Panikst\u00f6rung: Bei Schilddr\u00fcsenfehlfunktionen treten sehr h\u00e4ufig [&hellip;]<\/p>\n","protected":false},"author":1,"featured_media":0,"parent":0,"menu_order":0,"comment_status":"closed","ping_status":"closed","template":"","meta":{"_metis_text_type":"standard","_metis_text_length":5073,"_post_count":0,"footnotes":""},"class_list":["post-349","page","type-page","status-publish","hentry"],"_links":{"self":[{"href":"https:\/\/schilddruesenguide.de\/thyreoiditis\/wp-json\/wp\/v2\/pages\/349","targetHints":{"allow":["GET"]}}],"collection":[{"href":"https:\/\/schilddruesenguide.de\/thyreoiditis\/wp-json\/wp\/v2\/pages"}],"about":[{"href":"https:\/\/schilddruesenguide.de\/thyreoiditis\/wp-json\/wp\/v2\/types\/page"}],"author":[{"embeddable":true,"href":"https:\/\/schilddruesenguide.de\/thyreoiditis\/wp-json\/wp\/v2\/users\/1"}],"replies":[{"embeddable":true,"href":"https:\/\/schilddruesenguide.de\/thyreoiditis\/wp-json\/wp\/v2\/comments?post=349"}],"version-history":[{"count":0,"href":"https:\/\/schilddruesenguide.de\/thyreoiditis\/wp-json\/wp\/v2\/pages\/349\/revisions"}],"wp:attachment":[{"href":"https:\/\/schilddruesenguide.de\/thyreoiditis\/wp-json\/wp\/v2\/media?parent=349"}],"curies":[{"name":"wp","href":"https:\/\/api.w.org\/{rel}","templated":true}]}}