{"id":344,"date":"2015-09-01T16:00:35","date_gmt":"2015-09-01T14:00:35","guid":{"rendered":"http:\/\/schilddruesenguide.de\/thyreoiditis\/?page_id=344"},"modified":"2025-07-27T07:21:09","modified_gmt":"2025-07-27T05:21:09","slug":"n-wie-nuklearmedizin","status":"publish","type":"page","link":"https:\/\/schilddruesenguide.de\/thyreoiditis\/n-wie-nuklearmedizin\/","title":{"rendered":"N wie Nuklearmedizin"},"content":{"rendered":"<p><strong>Nachsorge: <\/strong>Die regelm\u00e4\u00dfige Nachuntersuchung von Patienten nach einer abgeschlossenen Behandlung. Das Ziel der Nachsorge ist es das Wiederauftreten oder einer Verschlechterung der Erkrankung zu verhindern.<\/p>\n<p><strong>Nachtkerzen\u00f6l: <\/strong>Das aus den Samen der Nachtkerze gewonnene \u00d6l ist reich an unges\u00e4ttigten Fetts\u00e4uren wodurch die Entz\u00fcndungsvorg\u00e4nge beim Morbus Basedow und bei der Hashimoto-Thyreoiditis g\u00fcnstig beeinflusst werden.<\/p>\n<p><strong>Nahrungserg\u00e4nzungsmittel \/ N\u00e4hrstofftherapie: <\/strong>Pr\u00e4parate die N\u00e4hrstoffe wie Vitamine und Mineralstoffe enthalten.<\/p>\n<p><strong>Nahrungsmittelunvertr\u00e4glichkeiten: <\/strong>auch: Nahrungsmittelintoleranz. Reaktion auf Nahrungsmittel mit k\u00f6rperlichen Beschwerden.<\/p>\n<p><strong>Narbe \/ Narbenpflege: <\/strong>Auch wenn durch verbesserte Operationstechniken die Narben inzwischen kleiner geworden sind und der Schnitt von einem guten Operateur oft exakt in eine Hautfalte positioniert wird &#8211; g\u00e4nzlich vermeiden kann man die Narbe am Hals als Folgeerscheinung einer Schilddr\u00fcsenoperation nicht. Aber man kann einiges daf\u00fcr tun, damit die Narbe m\u00f6glichst unauff\u00e4llig wird. \u2192 <a href=\"https:\/\/schilddruesenguide.de\/thyreoiditis\/schilddruesenoperation-tips-zur-narbenpflege\/\">Pflege der Narbe nach einer Schilddr\u00fcsenoperation\u00a0<\/a><\/p>\n<p><strong>Naturheilkunde<\/strong> \u2192 <a href=\"https:\/\/schilddruesenguide.de\/thyreoiditis\/naturheilkunde-alternativmedizin-alphabetisches-stichwortverzeichnis\/\">Naturheilkunde bei Schilddr\u00fcsenerkrankungen<\/a><\/p>\n<p>\u2192 <a href=\"https:\/\/schilddruesenguide.de\/thyreoiditis\/schilddruesenextrakt-vom-schwein\/\">Natural Desiccated Thyroid<\/a><\/p>\n<p><strong>Nature Thyroid\u00ae: <\/strong>Ein verschreibungspflichtiges Medikament welches getrocknete Schweineschilddr\u00fcse als Hauptwirkstoff enth\u00e4lt. \u2192 <a href=\"https:\/\/schilddruesenguide.de\/thyreoiditis\/tag\/schweineschilddruesenextrakt\/\">NDTs<\/a><\/p>\n<p><strong>Nebenbaustellen: <\/strong>auch: Begleiterkrankungen. Ein Begriff, der gelegentlich von Schilddr\u00fcsenpatienten verwendet wird. Beispiel: Eisenmangelan\u00e4mie bei Schilddr\u00fcsenunterfunktion.<\/p>\n<p><strong>Nebennierenschw\u00e4che: <\/strong>Als Nebennierenschw\u00e4che wird manchmal eine vor\u00fcbergehende Unterfunktion der Nebennieren bezeichnet die durch langandauernden psychischen und\/oder physischen Stress ausgel\u00f6st wird. Dabei wird zun\u00e4chst \u00fcber sehr lange Zeit vermehrt Cortisol ausgesch\u00fcttet bis die Nebennieren irgendwann so ersch\u00f6pft sind, dass sie nicht mehr ausreichend Cortisol herstellen k\u00f6nnen. Dieses vom Morbus Addison, der prim\u00e4ren Nebennierenrindeninsuffizienz, abzugrenzende Krankheitsbild ist wissenschaftlich umstritten und nicht allgemein anerkannt. \u2192 <a href=\"https:\/\/schilddruesenguide.de\/thyreoiditis\/nebennierenschwaeche\/\">Nebennierenschw\u00e4che<\/a><\/p>\n<p><strong>Nebenschilddr\u00fcsen: <\/strong>Kleine neben der Schilddr\u00fcse gelegene Dr\u00fcsen, die das Parathormon produzieren.<\/p>\n<p><strong>Nebenwirkung: <\/strong>Unerw\u00fcnschte Wirkung eines Medikamentes.<\/p>\n<p><strong>Neck Dissection: <\/strong>Dabei handelt es sich um eine Radikaloperation bei der alle Lymphknoten im Halsbereich herausgeschnitten werden, um Metastasen zu entfernen und eine weitere Streuung des Schildr\u00fcsenkrebses zu verhinden.<\/p>\n<p><strong>Neoplasie: <\/strong>Neubildung. Wird oft synonym zu \u201eTumor\u201c verwendet.<\/p>\n<p><strong>Nervus laryngeus recurrens: <\/strong>Stimmbandnerv<\/p>\n<p><strong>Neugeborenen-Screening: <\/strong>Ungef\u00e4hr jedes 3000 Neugeborene kommt mit einer Schilddr\u00fcsenunterfunktion zur Welt. Eine solche angeborene (kongenitale) Hypothyreose kann unbehandelt schwere und irreversible Sch\u00e4den zur Folge haben. In Deutschland findet deshalb wenige Tage nach der Geburt ein Neugeborenen-Screening statt um Schilddr\u00fcsenfehlfunktionen m\u00f6glichst fr\u00fchzeitig zu erkennen und mit einer entsprechenden Behandlung Entwicklungsst\u00f6rungen des Kindes zu verhindern.<\/p>\n<p><strong>Neuraltherapie: <\/strong>Bei der Neuraltherapie werden Schmerzmittel (Procain, Lidocain, Xylocain) direkt in die Schilddr\u00fcse gespritzt. Es erfolgt je eine Injektion in den rechten und linken Schilddr\u00fcsenlappen. Dadurch soll die Funktion der Schilddr\u00fcse bei \u00dcber- und Unterfunktionen reguliert werden. \u2192 <a href=\"https:\/\/schilddruesenguide.de\/thyreoiditis\/neuraltherapie\/\">Neuraltherapie<\/a><\/p>\n<p><strong>Neuromonitoring: <\/strong>Verfahren zur \u00dcberpr\u00fcfung des Stimmbandnerven bei Schilddr\u00fcsenoperationen.<\/p>\n<p><strong>Nexavar\u00ae: <\/strong>Verschreibungspflichtiges Krebsmedikament mit dem Wirkstoff Sorafenib.<\/p>\n<p><strong>nodosa: <\/strong>Wird in Bezug auf eine Schilddr\u00fcsenvergr\u00f6\u00dferung (Struma nodosa) verwendet und bedeutet, dass Knoten vorhanden sind (uninodosa = einzelner Knoten, multinodosa = mehrere Knoten).<\/p>\n<p><strong>Normbereich: <\/strong>F\u00fcr eine medizinische Beurteilung dieser Laborwerte sind zuverl\u00e4ssige Entscheidungsgrenzen erforderlich. Sie sollen dem Arzt angeben, ob eine bestimmte Krankheit vorliegt oder ausgeschlossen werden kann (Ausschlussdiagnostik) und ob von einer Verbesserung beziehungsweise Verschlechterung einer Erkrankung auszugehen ist (Verlaufskontrolle). In der Medizin gibt es dazu sogenannte Normalbereiche, die eine Spanne von Werten umfassen, die bei rund 95 Prozent aller gesunden Untersuchten gefunden wurden.<\/p>\n<p><strong>Novothyral\u00ae: <\/strong>Verschreibungspflichtiges Medikamente, welches sowohl das Schilddr\u00fcsenhormon T4 als auch das Schilddr\u00fcsenhormon T3 enth\u00e4lt.<\/p>\n<p><strong>Nuklearmediziner: <\/strong>Arzt, der radioaktive Substanzen bei der Untersuchung und Behandlung von Krankheiten einsetzt.<\/p>\n<hr \/>\n<p>Letzte Aktualisierung: 09. Januar 2024<\/p>\n","protected":false},"excerpt":{"rendered":"<p>Nachsorge: Die regelm\u00e4\u00dfige Nachuntersuchung von Patienten nach einer abgeschlossenen Behandlung. Das Ziel der Nachsorge ist es das Wiederauftreten oder einer Verschlechterung der Erkrankung zu verhindern. Nachtkerzen\u00f6l: Das aus den Samen der Nachtkerze gewonnene \u00d6l ist reich an unges\u00e4ttigten Fetts\u00e4uren wodurch die Entz\u00fcndungsvorg\u00e4nge beim Morbus Basedow und bei der Hashimoto-Thyreoiditis g\u00fcnstig [&hellip;]<\/p>\n","protected":false},"author":1,"featured_media":0,"parent":0,"menu_order":0,"comment_status":"closed","ping_status":"closed","template":"","meta":{"_metis_text_type":"standard","_metis_text_length":4481,"_post_count":0,"footnotes":""},"class_list":["post-344","page","type-page","status-publish","hentry"],"_links":{"self":[{"href":"https:\/\/schilddruesenguide.de\/thyreoiditis\/wp-json\/wp\/v2\/pages\/344","targetHints":{"allow":["GET"]}}],"collection":[{"href":"https:\/\/schilddruesenguide.de\/thyreoiditis\/wp-json\/wp\/v2\/pages"}],"about":[{"href":"https:\/\/schilddruesenguide.de\/thyreoiditis\/wp-json\/wp\/v2\/types\/page"}],"author":[{"embeddable":true,"href":"https:\/\/schilddruesenguide.de\/thyreoiditis\/wp-json\/wp\/v2\/users\/1"}],"replies":[{"embeddable":true,"href":"https:\/\/schilddruesenguide.de\/thyreoiditis\/wp-json\/wp\/v2\/comments?post=344"}],"version-history":[{"count":0,"href":"https:\/\/schilddruesenguide.de\/thyreoiditis\/wp-json\/wp\/v2\/pages\/344\/revisions"}],"wp:attachment":[{"href":"https:\/\/schilddruesenguide.de\/thyreoiditis\/wp-json\/wp\/v2\/media?parent=344"}],"curies":[{"name":"wp","href":"https:\/\/api.w.org\/{rel}","templated":true}]}}