{"id":342,"date":"2015-09-01T15:55:10","date_gmt":"2015-09-01T13:55:10","guid":{"rendered":"http:\/\/schilddruesenguide.de\/thyreoiditis\/?page_id=342"},"modified":"2025-07-27T07:20:25","modified_gmt":"2025-07-27T05:20:25","slug":"m-wie-myxoedem","status":"publish","type":"page","link":"https:\/\/schilddruesenguide.de\/thyreoiditis\/m-wie-myxoedem\/","title":{"rendered":"M wie Myx\u00f6dem"},"content":{"rendered":"<p><strong>Macula HF\u00ae: <\/strong>Ein Nahrungserg\u00e4nzungspr\u00e4parat, welches zur unterst\u00fctzenden Behandlung bei Schilddr\u00fcsenerkrankungen entwickelt wurde.<\/p>\n<p><strong>Magen-Darm-St\u00f6rungen: <\/strong>Schilddr\u00fcsenhormone haben erhebliche Auswirkungen auf die Funktionsf\u00e4higkeit von Magen und Darm, die sich bei einem Mangel bzw. \u00dcberschuss derselben in einer vielgestaltigen Symptomatik zeigen.<\/p>\n<p><strong>Magnesium: <\/strong>Bei einer l\u00e4nger bestehenden Schilddr\u00fcsenunterfunktion wird aufgrund des verlangsamten Stoffwechsels nicht ausreichend Magnesium aus der Nahrung aufgenommen. Selbst bei erh\u00f6hter Zufuhr kann ein bestehender Mangel dann nur sehr schlecht ausgeglichen werden. \u2192 <a href=\"https:\/\/schilddruesenguide.de\/thyreoiditis\/magnesium\/\">Magnesium<\/a><\/p>\n<p><strong>Magnet-Resonanz-Tomografie (MRT): <\/strong>Untersuchungsverfahren bei welchem der K\u00f6rper mit Hilfe eines Magnetfeldes durchstrahlt wird.<\/p>\n<p><strong>MAK: <\/strong>Mikrosomale Antik\u00f6rper, veraltete Bezeichnung f\u00fcr TPO-AK.<\/p>\n<p><strong>Maligne \/ Malignom: <\/strong>lat. malum, maligne = b\u00f6sartig, Malignom = b\u00f6sartiger Tumor.<\/p>\n<p><strong>M\u00e4nner: <\/strong>Eine Schilddr\u00fcsenunterfunktion f\u00fchrt bei M\u00e4nnern h\u00e4ufig zu einem reduzierten Lustempfinden. In diesem Zusammenhang kann es auch zu einer Potenzschw\u00e4che kommen. Im Gegensatz dazu kann eine \u00dcberfunktion der Schilddr\u00fcse mit einem gesteigerten (manchmal aggressiven) sexuellen Verlangen einhergehen. Es kann allerdings auch wie bei der Schilddr\u00fcsenunterfunktion zu Erektionsst\u00f6rungen kommen.<\/p>\n<p><strong>manifest: <\/strong>lat. manifestus = offenbar. Wird oft in Abgrenzung zu \u201esubklinisch\u201c (nicht offensichtlich) verwendet.<\/p>\n<p><strong>Marine-Lenhart-Syndrom: <\/strong>Erstbeschreiber David Marine u. Carl Lenhart (1911); gleichzeitiges Auftreten einer Schilddr\u00fcsenautonomie und eines Morbus Basedow<\/p>\n<p><strong>Markert-Di\u00e4t: <\/strong>Die Markert-Di\u00e4t ist eine von dem Arzt und Ern\u00e4hrungsspezialisten Dieter Markert entwickelte Methode zur Gewichtsreduktion, die besondere Erfolge bei Schilddr\u00fcsenerkrankungen verspricht.<\/p>\n<p><strong>MCT8<\/strong>: Schilddr\u00fcsenhormontransporter. Sorgt daf\u00fcr, dass die Schilddr\u00fcsenhormone in die Zellen gelangen.<\/p>\n<p><strong>MDK: <\/strong>Medizinischer Dienst der Krankenkassen. Dabei handelt es sich um den sozialmedizinischen Beratungs- und Begutachtungsdienst der gesetzlichen Kranken- und Pflegeversicherung.<\/p>\n<p><strong>median: <\/strong>anatomische Lagebezeichnung: in der Mitte gelegen<\/p>\n<p><strong>medial: <\/strong>anatomische Richtungsbezeichnung: zur Mitte hin gelegen<\/p>\n<p><strong>Medikamenten-Einnahmeplan: <\/strong>Wenn die regelm\u00e4\u00dfige Einnahme unterschiedlicher Medikamente erforderlich ist, ist es manchmal gar nicht so einfach den \u00dcberblick zu behalten. Schnell vergisst man mal die Einnahme eines Medikaments oder nimmt ein Medikament versp\u00e4tet ein, so dass die notwendigen Zeitabst\u00e4nde zwischen den einzelnen Medikamenten eventuell nicht eingehalten werden und die Gefahr eigentlich vermeidbarer Wechselwirkungen erh\u00f6ht ist. Damit dies nicht passiert, kann es helfen sich einmalig einen Medikamenten-Einnahmeplan zu erstellen.<\/p>\n<p><strong>Medizingeschichte: <\/strong>Der Schweizer Arzt Paracelsus erkennt im 15. Jahrhundert als einer der ersten Mediziner den Zusammenhang zwischen Kropf und Kretinismus (Kretinismus = franz. Cr\u00e9tin = lat. Cristianus = armer Christ). Als Behandlung verordnet er das \u201eungarische Kropfsalz\u201c. \u2192 <a href=\"https:\/\/schilddruesenguide.de\/thyreoiditis\/medizingeschichte-schilddruese\/\">Medizingeschichte<\/a><\/p>\n<p><strong>Medull\u00e4res Karzinom: <\/strong>auch: C-Zell-Karzinom. Krebserkrankung welche von den C-Zellen in der Schilddr\u00fcse ausgeht.<\/p>\n<p><strong>MEN: <\/strong>= Multiple endokrine Neoplasie<br \/>\nTyp 1 (Wermer-Syndrom): Tumore der Nebenschilddr\u00fcsen, der Hypophyse und der Bauchspeicheldr\u00fcse.<br \/>\nTyp 2: Medull\u00e4re Schilddr\u00fcsenkarzinome und Ph\u00e4ochromozytome (Tumore der Nebennieren).<\/p>\n<p><strong>Merseburger Trias: <\/strong>Das gleichzeitige Auftreten von Schilddr\u00fcsenvergr\u00f6\u00dferung, schnellem Puls und hervortretenden Augen beim Morbus Basedow.<\/p>\n<p><strong>Metabolismus: <\/strong>griech. Metabolismos = Umwechsel. Medizinischer Fachbegriff f\u00fcr Stoffwechsel.<\/p>\n<p><strong>Metastasen: <\/strong>Tochtergeschw\u00fclste einer b\u00f6sartigen Krebsgeschwulst.<\/p>\n<p><strong>Methizol\u00ae: <\/strong>Verschreibungspflichtiges Thyreostatikum mit dem Wirkstoff Thiamazol.<\/p>\n<p><strong>Mikroadenom\/Makroadenom: <\/strong>Schilddr\u00fcsenadenome sind Neubildungen (Entartung der Schilddr\u00fcsenfollikel) der Schilddr\u00fcse. Ein Mikroadenom hat einen Durchmesser von weniger als 1 cm. Ein Makroadenom hat einer Durchmesser von mehr als 1 cm. Schilddr\u00fcsenadenome k\u00f6nnen gut- oder b\u00f6sartig sein.<\/p>\n<p><strong>Mikrokarzinom: <\/strong>Papill\u00e4res Schilddr\u00fcsenkarzinom mit einem Durchmesser von weniger als 1 cm.<\/p>\n<p><strong>Mikrowellenablation: <\/strong>2012 entwickeltes Verfahren zur Therapie von Schilddr\u00fcsenknoten. Dabei wird unter lokaler Bet\u00e4ubung mittels einer d\u00fcnnen Sonde eine Mikrowellenstrahlung direkt auf das kranke Schilddr\u00fcsengewebe geleitet. Dieses wird dadurch zerst\u00f6rt und kann so anschliessend vom Organismus abgebaut werden. \u2192 <a href=\"https:\/\/schilddruesenguide.de\/thyreoiditis\/dank-mikrowellen-loest-sich-der-schilddruesenknoten\/\">Mikrowellenablation<\/a><\/p>\n<p><strong>Minimalinvasive Operationsverfahren: <\/strong>siehe ABBA, MIVAT, EndoCATS.<\/p>\n<p><strong>Miniwithdrawal: <\/strong>Phase vor der Radioiodtherapie in der die Schilddr\u00fcsenhormone abgesetzt werden.<\/p>\n<p><strong>Mischform: <\/strong>Gleichzeitiges Auftreten von Hashimoto-Thyreoiditis und Morbus Basedow.<\/p>\n<p><strong>MIVAT: <\/strong>= minmally-invasive video-assisted thyroidectomy. Eine Kombination aus der klassischen Operationsmethode (Kocher&#8217;scher Kragenschnitt) und der endoskopischen Chirurgie.<\/p>\n<p><strong>Monoiodtyrosin: <\/strong>Vorstufe der Schilddr\u00fcsenhormone. Besteht aus der Aminos\u00e4ure L-Tyrosin und einem Jodatom.<\/p>\n<p><strong>Monopr\u00e4parat: <\/strong>Ein Medikament, welches nur einen einzigen Wirkstoff enth\u00e4lt.<\/p>\n<p><strong>Morbus Basedow: <\/strong>Morbus = Krankheit, Basedow = benannt nach dem Erstbeschreiber Carl Adolph von Basedow. Autoimmune Schilddr\u00fcsenentz\u00fcndung, die zu einer Schilddr\u00fcsen\u00fcberfunktion f\u00fchrt . \u2192 <a href=\"https:\/\/schilddruesenguide.de\/thyreoiditis\/morbus-basedow-was-ist-das\/\">Morbus Basedow<\/a><\/p>\n<p><strong>Mortalit\u00e4t: <\/strong>lat. mortalitas = Sterblichkeit<\/p>\n<p><strong>Motesanib\u00ae: <\/strong>Ein Medikament (Multi-Tyrosinkinasehemmer) welches beim differenzierten Schilddr\u00fcsenkarzinom eingesetzt wird.<\/p>\n<p><strong>Multikinase-Inhibitoren<\/strong>: Wirkstoffe (Sorafenib,\u00a0Lenvatinib,\u00a0Vandetanib,\u00a0Cabozantinib) die zur Behandlung von nicht-jod-speicherndem Schilddr\u00fcsenkrebs eingesetzt werden. Andere Bezeichnungen: Multi-Tyrosinkinasehemmer,\u00a0Tyrosinkinasehemmer<\/p>\n<p><strong>multifokal: <\/strong>anatomische Zustandsbeschreibung: an mehreren Stellen eines Organs auftretend.<\/p>\n<p><strong>Multiple endokrine Neoplasie: <\/strong>Beim medull\u00e4ren Schilddr\u00fcsenkarzinom auftretende Neubildungen in mehreren Organen gleichzeitig.<\/p>\n<p><strong>Multiple Sklerose: <\/strong>Eine vermutlich autoimmun verursachte entz\u00fcndliche, meist schubf\u00f6rmig verlaufende Erkrankung des zentralen Nervensystems (ZNS) bei der es zur Zerst\u00f6rung der Schutzschicht der Nervenfasern (Myelinscheiden) kommt.<\/p>\n<p><strong>Muskel- und Gelenkschmerzen: <\/strong>Bei Schilddr\u00fcsenfehlfunktionen kommt es h\u00e4ufig begleitend zu teilweise ausgepr\u00e4gten Schmerzen von Muskeln und Gelenken. Diese werden durch die Behandlung der Schilddr\u00fcsenerkrankung nicht immer vollst\u00e4ndig beseitigt.<\/p>\n<p><strong>Murray, George<\/strong>: George R. Murray (1865 \u2013 1939, englischer Arzt) entwickelt die von Schiff begr\u00fcndete Therapie mit Schilddr\u00fcsenextrakten vom Schaf weiter und gilt nach Ver\u00f6ffentlichungen zu diesem Thema als Begr\u00fcnder der Hormonersatztherapie.<\/p>\n<p><strong>Myasthenia Gravis: <\/strong>griech. myoon = Muskel, griech. asthen\u00e4s = schwach, lat. gravis = schwer. Schwere Muskelschw\u00e4che.<\/p>\n<p><strong>Myxedema madness: <\/strong>Psychosen die im Zusammenhang mit einer Hypothyreose auftreten.<\/p>\n<p><strong>Myopathie: <\/strong>Muskelerkrankung, Muskelleiden.<\/p>\n<p><strong>Myx\u00f6dem: <\/strong>Schwellungen (durch Einlagerung von Mucupolysacchariden) bei Schilddr\u00fcsenunterfunktion.<\/p>\n<hr \/>\n<p>Letzte Aktualisierung: 09. Januar 2024<\/p>\n","protected":false},"excerpt":{"rendered":"<p>Macula HF\u00ae: Ein Nahrungserg\u00e4nzungspr\u00e4parat, welches zur unterst\u00fctzenden Behandlung bei Schilddr\u00fcsenerkrankungen entwickelt wurde. Magen-Darm-St\u00f6rungen: Schilddr\u00fcsenhormone haben erhebliche Auswirkungen auf die Funktionsf\u00e4higkeit von Magen und Darm, die sich bei einem Mangel bzw. \u00dcberschuss derselben in einer vielgestaltigen Symptomatik zeigen. Magnesium: Bei einer l\u00e4nger bestehenden Schilddr\u00fcsenunterfunktion wird aufgrund des verlangsamten Stoffwechsels nicht ausreichend [&hellip;]<\/p>\n","protected":false},"author":1,"featured_media":0,"parent":0,"menu_order":0,"comment_status":"closed","ping_status":"closed","template":"","meta":{"_metis_text_type":"standard","_metis_text_length":6949,"_post_count":0,"footnotes":""},"class_list":["post-342","page","type-page","status-publish","hentry"],"_links":{"self":[{"href":"https:\/\/schilddruesenguide.de\/thyreoiditis\/wp-json\/wp\/v2\/pages\/342","targetHints":{"allow":["GET"]}}],"collection":[{"href":"https:\/\/schilddruesenguide.de\/thyreoiditis\/wp-json\/wp\/v2\/pages"}],"about":[{"href":"https:\/\/schilddruesenguide.de\/thyreoiditis\/wp-json\/wp\/v2\/types\/page"}],"author":[{"embeddable":true,"href":"https:\/\/schilddruesenguide.de\/thyreoiditis\/wp-json\/wp\/v2\/users\/1"}],"replies":[{"embeddable":true,"href":"https:\/\/schilddruesenguide.de\/thyreoiditis\/wp-json\/wp\/v2\/comments?post=342"}],"version-history":[{"count":0,"href":"https:\/\/schilddruesenguide.de\/thyreoiditis\/wp-json\/wp\/v2\/pages\/342\/revisions"}],"wp:attachment":[{"href":"https:\/\/schilddruesenguide.de\/thyreoiditis\/wp-json\/wp\/v2\/media?parent=342"}],"curies":[{"name":"wp","href":"https:\/\/api.w.org\/{rel}","templated":true}]}}