{"id":340,"date":"2015-09-01T15:47:12","date_gmt":"2015-09-01T13:47:12","guid":{"rendered":"http:\/\/schilddruesenguide.de\/thyreoiditis\/?page_id=340"},"modified":"2025-07-27T07:19:57","modified_gmt":"2025-07-27T05:19:57","slug":"l-wie-levothyroxin","status":"publish","type":"page","link":"https:\/\/schilddruesenguide.de\/thyreoiditis\/l-wie-levothyroxin\/","title":{"rendered":"L wie Levothyroxin"},"content":{"rendered":"<p><strong>L:<\/strong> Bezieht sich auf L-Thyroxin. Abk\u00fcrzung von Levothyroxinnatrium. Abgeleitet von laevogyr (linksdrehend), auch l\u00e4vo oder levo.<\/p>\n<p><strong>Langhans-Riesenzellen:<\/strong> Charakteristisch f\u00fcr die Thyreoiditis de Quervain sind die sogenannten Langhans-Riesenzellen. Diese sind nach dem Direktor des Pathologischen Instituts der Universit\u00e4t Bern Theodor Langhans (1839 \u2013 1915) benannt, der sie 1868 erstmals beschrieb.<\/p>\n<p><strong>Lasertherapie: <\/strong>Ein noch im experimentellen Stadium befindliches Therapieverfahren zur Behandlung von Schilddr\u00fcsenknoten.<\/p>\n<p><strong>L\u00e4sion: <\/strong>Sch\u00e4digung oder Verletzung<\/p>\n<p><strong>Latente Hypo-\/Hyperthyreose: <\/strong>lat. latens = verborgen.\u00a0 Eine Schilddr\u00fcsenfehlfunktion die zwar vorhanden, aber nicht sehr deutlich ausgepr\u00e4gt ist.<\/p>\n<p><strong>lateral: <\/strong>anatomische Lagebezeichnung: zur Seite hin gelegen<\/p>\n<p><strong>L-Carnitin: <\/strong>Die Aminos\u00e4ure L-Carnitin hemmt die Schilddr\u00fcsenhormonwirkung an verschiedenen Organen und wird versuchsweise bei Hyperthyreose eingesetzt. \u2192 <a href=\"https:\/\/schilddruesenguide.de\/thyreoiditis\/l-carnitin\/\">L-Carnitin<\/a><\/p>\n<p><strong>Leck-Hyperthyreose: <\/strong>Bei der Hashimoto-Thyreoiditis werden die Schilddr\u00fcsenfollikel zerst\u00f6rt und dadurch die darin enthaltenen Schilddr\u00fcsenhormone freigesetzt. Als Folge kann es zu einer vor\u00fcbergehenden Schilddr\u00fcsen\u00fcberfunktionssymptomatik kommen. Dies wird als Leck-Hyperthyreose oder auch Hashitoxikose bezeichnet.<\/p>\n<p><strong>Leitlinien: <\/strong>Dabei handelt es sich um spezifische Entscheidungshilfen f\u00fcr \u00c4rzte. Sie werden von den wissenschaftlichen medizinischen Fachgesellschaften (siehe AWMF), der \u00e4rztlichen Selbstverwaltung (Bundes\u00e4rztekammer und Kassen\u00e4rztliche Bundesvereinigung) oder von Berufsverb\u00e4nden entwickelt und verbreitet. Anders als Richtlinien sind sie f\u00fcr die \u00c4rzte nicht bindend.<\/p>\n<p><strong>Lehmwickel: <\/strong>Bei Entz\u00fcndungen und auch bei \u00dcberfunktionen wirken Lehmwickel beruhigend auf die Schilddr\u00fcse.<\/p>\n<p>\u2192 <a href=\"https:\/\/schilddruesenguide.de\/thyreoiditis\/kurz-erklaert-was-versteht-man-unter-dem-leptin-effekt\/\">Leptin-Effekt<\/a><\/p>\n<p><strong>Levothyroxin: <\/strong>k\u00fcnstlich hergestelltes Schilddr\u00fcsenhormon T4<\/p>\n<p><strong>LISA: <\/strong>= Levothyroxin und Iodid in der Strumatherapie Als Mono- oder Kombinationstherapie.\u00a0 Deutsches Forschungsprojekt bzgl. der Therapie der Knotenstruma.<\/p>\n<p><strong>Lindsay-Tumor: <\/strong>Papill\u00e4res Schilddr\u00fcsenkarzinom mit follikul\u00e4rem Wachstum.<\/p>\n<p><strong>Literatur: <\/strong>Es gibt ein vielf\u00e4ltiges Literaturangebot zu den Themen Schilddr\u00fcse und Schilddr\u00fcsenerkrankungen.<\/p>\n<p><strong>Lobuli: <\/strong>Dr\u00fcsenl\u00e4ppchen<\/p>\n<p><strong>Lobus dexter: <\/strong>rechter Schilddr\u00fcsenlappen<\/p>\n<p><strong>Lobus sinister: <\/strong>linker Schilddr\u00fcsenlappen<\/p>\n<p><strong>Lugol&#8217;sche L\u00f6sung: <\/strong>Unter Zugabe von Kaliumiodid in Wasser gel\u00f6stes Iod. Benannt ist die Lugol&#8217;sche L\u00f6sung nach dem franz\u00f6sischen Arzt Jean Guillaume Lugol. Eingesetzt wird sie f\u00fcr das sogenannte Plummern bei Schilddr\u00fcsen\u00fcberfunktion.<\/p>\n<p><strong>Lymphknoten, region\u00e4re: <\/strong>Dazu z\u00e4hlen die Lymphknoten im Bereich der Unterkiefer, der Ohren, am Hinterkopf und Ncken sowie die Hals- und Achsellymphknoten.<\/p>\n<p><strong>Lymphknotendissektion: <\/strong>auch: Lymphadendektomie. Operative Entfernung eines oder mehrerer Lymphknoten.<\/p>\n<hr \/>\n<p>Letzte Aktualisierung: 09. Januar 2024<\/p>\n","protected":false},"excerpt":{"rendered":"<p>L: Bezieht sich auf L-Thyroxin. Abk\u00fcrzung von Levothyroxinnatrium. Abgeleitet von laevogyr (linksdrehend), auch l\u00e4vo oder levo. Langhans-Riesenzellen: Charakteristisch f\u00fcr die Thyreoiditis de Quervain sind die sogenannten Langhans-Riesenzellen. Diese sind nach dem Direktor des Pathologischen Instituts der Universit\u00e4t Bern Theodor Langhans (1839 \u2013 1915) benannt, der sie 1868 erstmals beschrieb. Lasertherapie: [&hellip;]<\/p>\n","protected":false},"author":1,"featured_media":0,"parent":0,"menu_order":0,"comment_status":"closed","ping_status":"closed","template":"","meta":{"_metis_text_type":"standard","_metis_text_length":2776,"_post_count":0,"footnotes":""},"class_list":["post-340","page","type-page","status-publish","hentry"],"_links":{"self":[{"href":"https:\/\/schilddruesenguide.de\/thyreoiditis\/wp-json\/wp\/v2\/pages\/340","targetHints":{"allow":["GET"]}}],"collection":[{"href":"https:\/\/schilddruesenguide.de\/thyreoiditis\/wp-json\/wp\/v2\/pages"}],"about":[{"href":"https:\/\/schilddruesenguide.de\/thyreoiditis\/wp-json\/wp\/v2\/types\/page"}],"author":[{"embeddable":true,"href":"https:\/\/schilddruesenguide.de\/thyreoiditis\/wp-json\/wp\/v2\/users\/1"}],"replies":[{"embeddable":true,"href":"https:\/\/schilddruesenguide.de\/thyreoiditis\/wp-json\/wp\/v2\/comments?post=340"}],"version-history":[{"count":0,"href":"https:\/\/schilddruesenguide.de\/thyreoiditis\/wp-json\/wp\/v2\/pages\/340\/revisions"}],"wp:attachment":[{"href":"https:\/\/schilddruesenguide.de\/thyreoiditis\/wp-json\/wp\/v2\/media?parent=340"}],"curies":[{"name":"wp","href":"https:\/\/api.w.org\/{rel}","templated":true}]}}