{"id":336,"date":"2015-09-01T15:24:20","date_gmt":"2015-09-01T13:24:20","guid":{"rendered":"http:\/\/schilddruesenguide.de\/thyreoiditis\/?page_id=336"},"modified":"2025-07-27T07:18:03","modified_gmt":"2025-07-27T05:18:03","slug":"ij-wie-jod","status":"publish","type":"page","link":"https:\/\/schilddruesenguide.de\/thyreoiditis\/ij-wie-jod\/","title":{"rendered":"IJ wie Jod"},"content":{"rendered":"<p><strong>Iatrogene Hyperthyreose: <\/strong>Durch eine \u00dcberdosierung mit Schilddr\u00fcsenhormonen erzeugte \u00dcberfunktion<\/p>\n<p><strong>ICCC-3: <\/strong>International Classification of Childhood Cancer<\/p>\n<p><strong>ICD-10: <\/strong>Internationale statistische Klassifikation der Krankheiten und verwandter Gesundheitsprobleme<\/p>\n<p><strong>Idiopathisch: <\/strong>Krankheit ohne erkennbare Ursache<\/p>\n<p><strong>IGeL-Leistung: <\/strong>Individuelle Gesundheitsleistungen. \u00c4rztliche Leistungen, die nicht durch die gesetzliche Krankenkasse \u00fcbernommen werden sondern gegen Selbstzahlung angeboten werden. Sie sind medizinisch nicht unbedingt sinnvoll.<\/p>\n<p><strong>Immunhyperthyreose: <\/strong>Andere Bezeichnung f\u00fcr Morbus Basedow.<\/p>\n<p><strong>Immunthyreopathie: <\/strong>Autoimmun bedingte Schilddr\u00fcsenerkrankung (Hashimoto-Thyreoiditis, Morbus Basedow)<\/p>\n<p><strong>Immunthyreoiditis: <\/strong>Andere Bezeichnung f\u00fcr Hashimoto-Thyreoiditis.<\/p>\n<p><strong>Informationsbrosch\u00fcren: <\/strong>Oft als PDF-Datei zur Verf\u00fcgung gestelltes, kostenloses Informationsmaterial zum Thema Schilddr\u00fcse.<\/p>\n<p><strong>Ingwer (Zingiber officinale): <\/strong>Antioxidantienreiche, den K\u00f6rper von innen w\u00e4rmende Wurzel die als Tee aufbereitet bei Schilddr\u00fcsenunterfunktion und Hashimoto-Thyreoiditis Anwendung findet.<\/p>\n<p><strong>inhomogene Echogenit\u00e4t: <\/strong>Alles was nicht homogen, d.h. gleichm\u00e4\u00dfig ist, wird als inhomogen oder auch heterogen bezeichnet.<\/p>\n<p><strong>Insulinresistenz: <\/strong>Ein vermindertes Ansprechen der K\u00f6rperzellen auf Insulin.<\/p>\n<p><strong>intrakorporal: <\/strong>anatomische Lagebezeichnung: innerhalb des K\u00f6rpers<\/p>\n<p><strong>Invasiv: <\/strong>Gewebe verletzende medizinische Eingriffe<\/p>\n<p><strong>Inzidenz: <\/strong>Die Anzahl der Neuerkrankungen in einer Bev\u00f6lkerungsgruppe an einer bestimmten Krankheit w\u00e4hrend einer genau definierten Zeitspanne.<\/p>\n<p>Irenat\u00ae: Medikament welches Schilddr\u00fcsenpatientInnen bei einer Kontrastmittelgabe vor einer Schilddr\u00fcsen\u00fcberfunktion sch\u00fctzt \u2192 <a href=\"https:\/\/schilddruesenguide.de\/thyreoiditis\/lieferengpass-irenat-mit-natriumperchlorat-loesung-300-mg-ml-dyckerhoff-steht-kurzfristig-eine-alternative-zur-verfuegung\/\">Irenat\u00ae<\/a><\/p>\n<p><strong>Isotop Iod-131: <\/strong>Ein in der Medizin verwendetes Radionuklid, welches mit einer Halbwertszeit von 8 Tagen zerf\u00e4llt.<\/p>\n<p><strong>Isthmus: <\/strong>Verbindungsst\u00fcck zwischen den Schilddr\u00fcsenlappen<\/p>\n<hr \/>\n<p><strong>Jod: <\/strong>Spurenelement, welches zur Herstellung der Schilddr\u00fcsenhormone ben\u00f6tigt wird. \u2192\u00a0<a href=\"https:\/\/schilddruesenguide.de\/thyreoiditis\/das-wichtigste-zum-spurenelement-jod\/\">Jod<\/a><\/p>\n<p><strong>Jodallergie: <\/strong>Neben den negativen Auswirkungen von Jod auf die Autoimmunerkrankungen der Schilddr\u00fcse, werden unabh\u00e4ngig davon noch weitere gesundheitliche Beeintr\u00e4chtigungen im Zusammenhang mit einer erh\u00f6hten Jodaufnahme diskutiert. Dazu geh\u00f6ren \u2013 nach Aussage von Betroffenen &#8211; die Jodunvertr\u00e4glichkeit, die Jodallergie, die Jodakne und die Jodvergiftung. M\u00f6gliche Symptome k\u00f6nnen demnach Reizungen der Mundschleimhaut, Hautausschl\u00e4ge und Entz\u00fcndungen der Bindehaut des Auges sein. Die M\u00f6glichkeit, dass der Verzehr von jodhaltigen Lebensmitteln oder der Hautkontakt mit jodhaltigen Desinfektionsmitteln derartige Reaktionen ausl\u00f6sen kann, ist allerdings sehr umstritten. \u2192 <a href=\"https:\/\/schilddruesenguide.de\/thyreoiditis\/umstritten-unvertraeglichkeit-von-jod-als-nahrungsbestandteil\/\">Jodallergie<\/a><\/p>\n<p><strong>Jodarme bzw. jodreiche Ern\u00e4hrung: <\/strong>Die Aufnahme des Spurenelementes Jod \u00fcber die Nahrung ist eine notwendige Voraussetzung daf\u00fcr, dass eine gesunde Schilddr\u00fcse die Schilddr\u00fcsenhormone Trijodthyronin und Thyroxin produzieren kann. Aber nicht nach dem Motto \u201eviel, hilft viel\u201c, sondern m\u00f6glichst jodbewusst, d.h. in einer angemessenen Menge \u201enicht zu wenig, aber auch nicht zu viel\u201c.<\/p>\n<p><strong>Jodblockade: <\/strong>Unsere Schilddr\u00fcse braucht das Spurenelement Jod, um daraus Schilddr\u00fcsenhormone produzieren zu k\u00f6nnen. Das ben\u00f6tigte (normalerweise nicht radioaktive) Jod nimmt unsere Schilddr\u00fcse \u00fcber Atemluft und Nahrungsmittel fortw\u00e4hrend auf. Beim Betrieb von Kernkraftwerken entsteht radioaktives Jod, welches bei einem Unfall aufgrund der dort vorherrschenden hohen Temperaturen in gasf\u00f6rmigem Zustand vorliegt. Gelangt dieses radioaktive Jod-Gas in die Umgebung, wird es \u00fcber die Atemluft von den dort lebenden Menschen eingeatmet und genauso wie nicht radioaktives Jod in der Schilddr\u00fcse gespeichert. Dort kann es beispielsweise einen strahleninduzierten Schilddr\u00fcsenkrebs ausl\u00f6sen. Um dies zu verhindern, macht man sich die begrenzte Jod-Speicherf\u00e4higkeit der Schilddr\u00fcse zu nutze. Das hei\u00dft, es wird versucht die Schilddr\u00fcse durch die Gabe von hochdosierten Kaliumjodid-Tabletten zu blockieren, so dass das radioaktive Jod nicht mehr aufgenommen werden kann.<\/p>\n<p><strong>Jodexposition: <\/strong>Aufnahme des Spurenelementes Jod.<\/p>\n<p><strong>Jodination: <\/strong>Darunter versteht man den Einbau des Spurenelements Jod in die Schilddr\u00fcsenzelle.<\/p>\n<p><strong>Jodmangelprophylaxe: <\/strong>Zu den h\u00e4ufigsten Schilddr\u00fcsenerkrankungen geh\u00f6rte bis in die 90er Jahre hinein eine durch einen Jodmangel ausgel\u00f6ste Schilddr\u00fcsenvergr\u00f6\u00dferung (Jodmangelkropf, Jodmangelstruma), die in einigen F\u00e4llen auch zu einer Schilddr\u00fcsenfehlfunktion gef\u00fchrt hat. Um diesem Jodmangel entgegenzuwirken wurden zahlreiche Ma\u00dfnahmen in die Wege geleitet. Inzwischen ist diese Jodmangelprophylaxe allerdings nicht mehr ganz unumstritten. So wird beispielsweise diskutiert, ob es durch die Jodmangelprophylaxe zu einem Anstieg der Hashimoto-Thyreoiditis gekommen ist.<\/p>\n<p><strong>Jodmangelstruma: <\/strong>Eine durch Jodmangel bedingte Schilddr\u00fcsenvergr\u00f6\u00dferung.<\/p>\n<p><strong>Jodismus: <\/strong>Krankheitsbild infolge einer langandauernden \u00dcberdosierung von Jod (Symptome: Schnupfen \u201eJodschnupfen\u201c, Augenbindehautentz\u00fcndung, Entz\u00fcndungen der Mund- und Rachenschleimhaut, vermehrter Speichelfluss, Hautausschl\u00e4ge \u201eJodakne\u201c).<\/p>\n<p><strong>Jodsalz: <\/strong>Auch: Jodiertes Salz. Dabei handelt es sich um Salz dem 15 bis 25 mg Kaliumjodid pro kg zugesetzt wurde. \u2192 <a href=\"https:\/\/schilddruesenguide.de\/thyreoiditis\/alles-jodsalz-oder-was-kleine-salzkunde\/\">Jodsalz<\/a><\/p>\n<p><strong>Jodtinktur: <\/strong>In Alkohol (Ethanol) gel\u00f6stes Jod.<\/p>\n<p><strong>Jodthyrox \u00ae: <\/strong>Ein verschreibungspflichtiges Medikament, welches als Wirkstoffe Jod und Levothyroxinnatrium enth\u00e4lt.<\/p>\n<p><strong>Jodum D6: <\/strong>Hom\u00f6opathisches Arzneimittel welches traditionell bei Schilddr\u00fcsen\u00fcberfunktionen angewendet wird. Betroffene berichten von positiven Erfahrungen z.B. bei einem Urlaub an der Nordsee wenn eine starke Jodbelastung zu Beschwerden gef\u00fchrt hat.<\/p>\n<hr \/>\n<p>Letzte Aktualisierung: 09. Januar 2024<\/p>\n","protected":false},"excerpt":{"rendered":"<p>Iatrogene Hyperthyreose: Durch eine \u00dcberdosierung mit Schilddr\u00fcsenhormonen erzeugte \u00dcberfunktion ICCC-3: International Classification of Childhood Cancer ICD-10: Internationale statistische Klassifikation der Krankheiten und verwandter Gesundheitsprobleme Idiopathisch: Krankheit ohne erkennbare Ursache IGeL-Leistung: Individuelle Gesundheitsleistungen. \u00c4rztliche Leistungen, die nicht durch die gesetzliche Krankenkasse \u00fcbernommen werden sondern gegen Selbstzahlung angeboten werden. Sie sind medizinisch [&hellip;]<\/p>\n","protected":false},"author":1,"featured_media":0,"parent":0,"menu_order":0,"comment_status":"closed","ping_status":"closed","template":"","meta":{"_metis_text_type":"standard","_metis_text_length":5564,"_post_count":0,"footnotes":""},"class_list":["post-336","page","type-page","status-publish","hentry"],"_links":{"self":[{"href":"https:\/\/schilddruesenguide.de\/thyreoiditis\/wp-json\/wp\/v2\/pages\/336","targetHints":{"allow":["GET"]}}],"collection":[{"href":"https:\/\/schilddruesenguide.de\/thyreoiditis\/wp-json\/wp\/v2\/pages"}],"about":[{"href":"https:\/\/schilddruesenguide.de\/thyreoiditis\/wp-json\/wp\/v2\/types\/page"}],"author":[{"embeddable":true,"href":"https:\/\/schilddruesenguide.de\/thyreoiditis\/wp-json\/wp\/v2\/users\/1"}],"replies":[{"embeddable":true,"href":"https:\/\/schilddruesenguide.de\/thyreoiditis\/wp-json\/wp\/v2\/comments?post=336"}],"version-history":[{"count":0,"href":"https:\/\/schilddruesenguide.de\/thyreoiditis\/wp-json\/wp\/v2\/pages\/336\/revisions"}],"wp:attachment":[{"href":"https:\/\/schilddruesenguide.de\/thyreoiditis\/wp-json\/wp\/v2\/media?parent=336"}],"curies":[{"name":"wp","href":"https:\/\/api.w.org\/{rel}","templated":true}]}}