{"id":334,"date":"2015-09-01T15:17:21","date_gmt":"2015-09-01T13:17:21","guid":{"rendered":"http:\/\/schilddruesenguide.de\/thyreoiditis\/?page_id=334"},"modified":"2025-07-27T07:17:17","modified_gmt":"2025-07-27T05:17:17","slug":"h-wie-hashimoto-thyreoiditis","status":"publish","type":"page","link":"https:\/\/schilddruesenguide.de\/thyreoiditis\/h-wie-hashimoto-thyreoiditis\/","title":{"rendered":"H wie Hashimoto-Thyreoiditis"},"content":{"rendered":"<p><strong>H\u00e4mopyrrollaktamurie: <\/strong>In einigen Ver\u00f6ffentlichungen von Schilddr\u00fcsenexperten wird auf die Erkrankung H\u00e4mopyrrollaktamurie (Kryptopyrrolurie, Malvaria) als Differentialdiagnose zur Hashimoto-Thyreoiditis verwiesen. \u2192 <a href=\"https:\/\/schilddruesenguide.de\/thyreoiditis\/haemopyrrollaktamurie\/\">H\u00e4mopyrrollaktamurie<\/a><\/p>\n<p><strong>Haferstroh<\/strong> (Avena sativa): Haferstroh-Tee soll \u00fcber 2 &#8211; 4 Wochen kurm\u00e4\u00dfig bei Schilddr\u00fcsen\u00fcberfunktion angewendet gegen Nervosit\u00e4t, Reizbarkeit und Schlafst\u00f6rungen helfen.<\/p>\n<p><strong>Halbwertszeit: <\/strong>Zeitspanne, nach der von einer radioaktiven Substanz nur noch die H\u00e4lfte vorhanden ist.<\/p>\n<p><strong>Halo-Zeichen: <\/strong>Bei der Sonografie sichtbarer heller Ring um einen Schilddr\u00fcsenknoten herum.<\/p>\n<p><strong>Hardcore-Hashi: <\/strong>An einer Hashimoto-Thyreoiditis erkrankte Person, die unter lang anhaltenden Beschwerden mit deutlichen Einschr\u00e4nkungen der Lebensqualit\u00e4t leidet.<\/p>\n<p><strong>Hashimoto, Hakaru: <\/strong>Japanischer Arzt, der die Hashimoto-Thyreoiditis entdeckte. \u2192 <a href=\"https:\/\/schilddruesenguide.de\/thyreoiditis\/wer-waren-basedow-und-hashimoto\/\">Hakaru Hashimoto<\/a><\/p>\n<p><strong>Hashimoto-Thyreoiditis: <\/strong>autoimmune Schilddr\u00fcsenentz\u00fcndung, die zu einer Schilddr\u00fcsenunterfunktion f\u00fchrt. \u2192 <a href=\"https:\/\/schilddruesenguide.de\/thyreoiditis\/category\/hashimoto-thyreoiditis\/\">Hashimoto-Thyreoiditis<\/a><\/p>\n<p><strong>Hashimoto-Enzephalopathie: <\/strong>Neurologische Manifestation der Hashimoto-Thyreoiditis. \u2192 <a href=\"https:\/\/schilddruesenguide.de\/thyreoiditis\/hashimoto-enzephalopathie-2\/\">Hashimoto-Enzephalopathie<\/a><\/p>\n<p><strong>Hashitoxikose: <\/strong>Anf\u00e4ngliche Schilddr\u00fcsen\u00fcberfunktion bei der Hashimoto-Thyreoiditis<\/p>\n<p><strong>Haut und Haare: <\/strong>Ver\u00e4nderungen an Haut und Haaren k\u00f6nnen auf vielf\u00e4ltige Weise durch Schilddr\u00fcsenerkrankungen verursacht werden. Oft h\u00e4ngen sie mit einer Schilddr\u00fcsenfehlfunktion zusammen, d.h. die Krankheitssymptome bilden sich langsam zur\u00fcck wenn der Schilddr\u00fcsenstoffwechsel medikament\u00f6s richtig eingestellt wurde. Manchmal kommt es allerdings auch zu weiteren Krankheiten die dann unabh\u00e4ngig von der Schilddr\u00fcsenerkrankung behandelt werden m\u00fcssen. \u2192\u00a0<a href=\"https:\/\/schilddruesenguide.de\/thyreoiditis\/schilddruesenbedingte-veraenderungen-der-haut\/\">Einflu\u00df der Schilddr\u00fcse auf Haut und Haare<\/a><\/p>\n<p><strong>HCG: <\/strong>= humanes Choriongonadotropin.\u00a0 Ein w\u00e4hrend der Schwangerschaft gebildetes Hormon welches auch f\u00fcr eine leichte Schilddr\u00fcsen\u00fcberfunktion zu Beginn der Schwangerschaft verantwortlich ist, weil es die Hormonbildung der Schilddr\u00fcse stimuliert.<\/p>\n<p><strong>Hei\u00dfer Knoten: <\/strong>auch: unifokale Autonomie. Ein klar umgrenztes Areal in der Schilddr\u00fcse, welches sehr viel mehr Jod aufnimmt und verarbeitet als das umliegende Schilddr\u00fcsengewebe.<\/p>\n<p><strong>Hertoghe-Zeichen: <\/strong>Ausged\u00fcnnte, seitliche Augenbrauen \u2192 <a href=\"https:\/\/schilddruesenguide.de\/thyreoiditis\/wer-ist-thierry-hertoghe-was-sind-hertoghe-aerzte\/\">Thierry Hertoghe<\/a><\/p>\n<p><strong>Herzgespann<\/strong> (Leonurus cardiaca): Die enthaltenden Flavonoide blockieren die Umwandlung von fT4 in fT3 weswegen entsprechende Pr\u00e4parate manchmal unterst\u00fctzend bei Schilddr\u00fcsen\u00fcberfunktion eingesetzt werden.<\/p>\n<p><strong>Herzprobleme: <\/strong>Typischerweise tritt bei einer Schilddr\u00fcsenunterfunktion ein diastolischer Bluthochdruck (z. B. 140 : 110) auf, w\u00e4hrend es bei einer \u00dcberfunktion der Schilddr\u00fcse zu einem systolischen Bluthochdruck (z. B. 140 : 70) kommt.<\/p>\n<p><strong>HIFU-Technologie: <\/strong>Methode zur Behandlung von Schilddr\u00fcsenknoten mittels hochintensiv fokussiertem Ultraschall (HIFU).<\/p>\n<p><strong>Hirnanhangdr\u00fcse: <\/strong>auch: Hypophyse. Eine Dr\u00fcse, welche das TSH produziert.<\/p>\n<p><strong>Hoffmann-Syndrom: <\/strong>Synonym f\u00fcr hypothyreote Myopathie (erh\u00f6hte Muskelspannung, Muskelschw\u00e4che)<\/p>\n<p><strong>Homogenit\u00e4t: <\/strong>Gleichm\u00e4\u00dfigkeit<\/p>\n<p><strong>Hom\u00f6opathie: <\/strong>Die Hom\u00f6opathie wurde um 1790 von dem deutschen Arzt Dr. Samuel Hahnemann als Heilmethode entwickelt. \u2192 <a href=\"https:\/\/schilddruesenguide.de\/thyreoiditis\/homoeopathie-nach-hahnemann\/\">Hom\u00f6opathie<\/a><\/p>\n<p><strong>Hormon: <\/strong>Botenstoff, der von Dr\u00fcsen in das Blut abgegeben wird und die T\u00e4tigkeit von Organen beeinflusst<\/p>\n<p><strong>Hormonsynthese: <\/strong>Die Produktion von Hormonen.<\/p>\n<p><strong>Hormonersatztherapie: <\/strong>Behandlung mit Hormonen bei Beschwerden die auf einen Hormonmangel zur\u00fcckgef\u00fchrt werden.<\/p>\n<p><strong>Horner-Syndrom: <\/strong>Als Horner-Syndrom wird ein dreiteiliger Symptomkomplex (Verengung der Pupille, Herabh\u00e4ngen des Oberlids, Zur\u00fccksinken des Auges in die Augenh\u00f6hle) aufgrund einer Sch\u00e4digung des Ganglion stellatum bezeichnet. \u2192 <a href=\"https:\/\/schilddruesenguide.de\/thyreoiditis\/risiken-der-schilddruesenoperation-teil-4-horner-syndrom\/\">Horner-Syndrom<\/a><\/p>\n<p><strong>HPU: <\/strong>Gelegentlich wird auf die Erkrankung H\u00e4mopyrrollaktamurie (HPU) als Differentialdiagnose zur Hashimoto-Thyreoiditis verwiesen. Sowohl dieses Krankheitsbild als auch der Zusammenhang zu den autoimmunen Schilddr\u00fcsenerkrankungen ist jedoch umstritten.<\/p>\n<p><strong>Hydrocortison: <\/strong>Verschreibungspflichtiger Wirkstoff zur Therapie der Nebennierenschw\u00e4che. Als Nebennierenschw\u00e4che wird manchmal eine vor\u00fcbergehende Unterfunktion der Nebennieren bezeichnet die durch langandauernden psychischen und\/oder physischen Stress ausgel\u00f6st wird. Sie soll im geh\u00e4uft im Zusammenhang zur Hashimoto-Thyreoiditis auftreten.<\/p>\n<p><strong>hyper \/ hypo: <\/strong>\u201ehyper\u201c bedeutet in der Medizin immer \u201ezu viel\u201c und \u201ehypo\u201c heisst \u201ezu wenig\u201c<\/p>\n<p><strong>Hyperkalz\u00e4mie<\/strong>: erh\u00f6hter Kalziumspiegel z.B. durch eine \u00dcberfunktion der Nebenschilddr\u00fcsen \u2192 <a href=\"https:\/\/schilddruesenguide.de\/thyreoiditis\/hyperkalziaemie-auch-leicht-erhoehten-kalziumspiegel-immer-abklaeren\/\">Hyperkalz\u00e4mie<\/a><\/p>\n<p><strong>Hyperplasie: <\/strong>Gr\u00f6\u00dfenzunahme durch Vermehrung von Zellen.<\/p>\n<p><strong>Hyperthyreose: <\/strong>\u00dcberfunktion der Schilddr\u00fcse (hyper = \u00fcberm\u00e4\u00dfig, hier ein Zuviel an Schilddr\u00fcsenhormonen)<\/p>\n<p><strong>Hyperthyreosis factitia: <\/strong>Durch eine \u00dcberdosierung mit Schilddr\u00fcsenhormonen erzeugte \u00dcberfunktion<\/p>\n<p><strong>hyperthyreote Struma: <\/strong>Schilddr\u00fcsenvergr\u00f6\u00dferung mit gleichzeitig bestehender Schilddr\u00fcsen\u00fcberfunktion<\/p>\n<p><strong>hypothyreote Struma: <\/strong>Schilddr\u00fcsenvergr\u00f6\u00dferung mit gleichzeitig bestehender Schilddr\u00fcsenunterfunktion<\/p>\n<p><strong>Hypoglyk\u00e4mie: <\/strong>Unterzuckerung<\/p>\n<p><strong>Hypophyse: <\/strong>auch: Hirnanhangdr\u00fcse. Eine Dr\u00fcse, welche das TSH produziert.<\/p>\n<p><strong>Hypothalamus: <\/strong>Teil des Zwischenhirn in welchem das TRH gebildet wird.<\/p>\n<p><strong>Hypothyreose: <\/strong>Unterfunktion der Schilddr\u00fcse (hypo = unzureichend, hier ein Zuwenig an Schilddr\u00fcsenhormonen)<\/p>\n<p><strong>Hypothyreotes Koma: <\/strong>Lebensbedrohliche Situation durch Unterversorgung mit Schilddr\u00fcsenhormonen (Symptome: Verwirrtheitszust\u00e4nde, K\u00f6rpertemperatur &lt; 30 \u00b0C, extrem niedriger Blutdruck und Puls, Fehlen von Muskelreflexen usw.)<\/p>\n<p><strong>Hyperparathyreoidismus: <\/strong>Eine Erkrankung der Nebenschilddr\u00fcsen bei der es zu einer vermehrten Bildung des Parathormons kommt.<\/p>\n<hr \/>\n<p>Letzte Aktualisierung: 09. Januar 2024<\/p>\n","protected":false},"excerpt":{"rendered":"<p>H\u00e4mopyrrollaktamurie: In einigen Ver\u00f6ffentlichungen von Schilddr\u00fcsenexperten wird auf die Erkrankung H\u00e4mopyrrollaktamurie (Kryptopyrrolurie, Malvaria) als Differentialdiagnose zur Hashimoto-Thyreoiditis verwiesen. \u2192 H\u00e4mopyrrollaktamurie Haferstroh (Avena sativa): Haferstroh-Tee soll \u00fcber 2 &#8211; 4 Wochen kurm\u00e4\u00dfig bei Schilddr\u00fcsen\u00fcberfunktion angewendet gegen Nervosit\u00e4t, Reizbarkeit und Schlafst\u00f6rungen helfen. Halbwertszeit: Zeitspanne, nach der von einer radioaktiven Substanz nur noch [&hellip;]<\/p>\n","protected":false},"author":1,"featured_media":0,"parent":0,"menu_order":0,"comment_status":"closed","ping_status":"closed","template":"","meta":{"_metis_text_type":"standard","_metis_text_length":5498,"_post_count":0,"footnotes":""},"class_list":["post-334","page","type-page","status-publish","hentry"],"_links":{"self":[{"href":"https:\/\/schilddruesenguide.de\/thyreoiditis\/wp-json\/wp\/v2\/pages\/334","targetHints":{"allow":["GET"]}}],"collection":[{"href":"https:\/\/schilddruesenguide.de\/thyreoiditis\/wp-json\/wp\/v2\/pages"}],"about":[{"href":"https:\/\/schilddruesenguide.de\/thyreoiditis\/wp-json\/wp\/v2\/types\/page"}],"author":[{"embeddable":true,"href":"https:\/\/schilddruesenguide.de\/thyreoiditis\/wp-json\/wp\/v2\/users\/1"}],"replies":[{"embeddable":true,"href":"https:\/\/schilddruesenguide.de\/thyreoiditis\/wp-json\/wp\/v2\/comments?post=334"}],"version-history":[{"count":0,"href":"https:\/\/schilddruesenguide.de\/thyreoiditis\/wp-json\/wp\/v2\/pages\/334\/revisions"}],"wp:attachment":[{"href":"https:\/\/schilddruesenguide.de\/thyreoiditis\/wp-json\/wp\/v2\/media?parent=334"}],"curies":[{"name":"wp","href":"https:\/\/api.w.org\/{rel}","templated":true}]}}