{"id":332,"date":"2015-09-01T15:10:14","date_gmt":"2015-09-01T13:10:14","guid":{"rendered":"http:\/\/schilddruesenguide.de\/thyreoiditis\/?page_id=332"},"modified":"2025-07-27T07:16:22","modified_gmt":"2025-07-27T05:16:22","slug":"g-wie-goitrogene","status":"publish","type":"page","link":"https:\/\/schilddruesenguide.de\/thyreoiditis\/g-wie-goitrogene\/","title":{"rendered":"G wie Goitrogene"},"content":{"rendered":"<p><strong>Galenik<\/strong>: Herstellung und Zusammensetzung von Arzneimitteln<\/p>\n<p><strong>Gamma-Kamera: <\/strong>auch: Szintigraph. Eine spezielle Kamera, welche die Verteilungsmuster des Technetiums abbilden kann. Das erstellte Bild ist ein Szintigramm.<\/p>\n<p><strong>Gamma-Strahlen: <\/strong>Elektromagnetische Strahlung, die im Rahmen der bildgebenden Diagnostik eingesetzt wird.<\/p>\n<p><strong>Ganzk\u00f6rperszintigrafie: <\/strong>Untersuchungsmethode, bei der dem Patienten eine radioaktiv markierte Substanz gespritzt wird. Die Verteilung im K\u00f6rper wird anschlie\u00dfend mit einer Gamma-Kamera dokumentiert.<\/p>\n<p><strong>GdB: <\/strong>Grad der Behinderung<\/p>\n<p><strong>Gefitinib: <\/strong>Wirkstoff (Multi-Tyrosinkinasehemmer) welcher bei der Therapie von Schilddr\u00fcsenkarzinomen eingesetzt wird.<\/p>\n<p><strong>Gen: <\/strong>Erbanlage. Tr\u00e4ger von Erbinformationen.<\/p>\n<p><strong>Generikum: <\/strong>Ein Arzneimittel, welches eine wirkstoffgleiche Kopie eines bereits unter einem Markennamen auf dem Markt befindlichen Medikaments ist.<\/p>\n<p><strong>Generic Natural Thyroid\u00ae: <\/strong>Ein verschreibungspflichtiges Medikament welches getrockneten Schweineschilddr\u00fcsenextrakt als Wirkstoff enth\u00e4lt.<\/p>\n<p><strong>Germanische Neue Medizin: <\/strong>Nach der Theorie von Ryke Geerd Hamer liegt allen Krebskrankheiten ein Stress-\/Schockerlebnis zugrunde. Auch bei Schilddr\u00fcsenkrebserkrankungen handelt es sich Hamer zufolge um durch langanhaltenden Stress verursachte oder einen dramatischen Schock ausgel\u00f6ste &#8222;biologische Sonderprogramme&#8220; welche durch &#8222;Conflictolyse&#8220; geheilt werden k\u00f6nnen.<\/p>\n<p><strong>Gewichtsprobleme: <\/strong>Aufgrund des beschleunigten Stoffwechsels geht eine Schilddr\u00fcsen\u00fcberfunktion normalerweise immer mit einem Gewichtsverlust einher. Eine Unterversorgung mit Schilddr\u00fcsenhormonen f\u00fchrt aufgrund der Verlangsamung vieler Stoffwechselprozesse trotz gleichbleibender Ern\u00e4hrung oder sogar Appetitverlust mit reduzierter Nahrungszufuhr sehr h\u00e4ufig zu \u00dcbergewicht.<\/p>\n<p><strong>Glandula thyroidea: <\/strong>Schilddr\u00fcse<\/p>\n<p><strong>Glandulae parathyroideae: <\/strong>Nebenschilddr\u00fcsen<\/p>\n<p><strong>Globusgef\u00fchl: <\/strong>Ein Gef\u00fchl von Enge, Schwellung oder eines Fremdk\u00f6rpers im Halsbereich. Ein Globusgef\u00fchl tritt h\u00e4ufig im Zusammenhang mit Schilddr\u00fcsenvergr\u00f6\u00dferungen auf.<\/p>\n<p><strong>Glotzaugenkachexie: <\/strong>Morbus Basedow.<\/p>\n<p><strong>Glyk\u00e4mischer Index: <\/strong>Seit einiger Zeit wird diskutiert, ob der Kohlenhydratstoffwechsel bei Hashimoto-Betroffenen beeintr\u00e4chtigt und Ursache f\u00fcr hartn\u00e4ckiges \u00dcbergewicht ist. Der Glyk\u00e4mische Index ist ein Ma\u00df zur Bestimmung der Wirkung eines kohlenhydrathaltigen Lebensmittels auf den Blutzuckerspiegel. Eine niedrig glyk\u00e4mische Ern\u00e4hrung soll \u00fcbergewichtigen Hashimoto-Patienten bei der Gewichtsabnahme helfen k\u00f6nnen.<\/p>\n<p><strong>GKV: <\/strong>Gesetzliche Krankenversicherung<\/p>\n<p><strong>Goitrogene: <\/strong>Kropfbildner. \u2192 <a href=\"https:\/\/schilddruesenguide.de\/thyreoiditis\/natuerliche-goitrogene-diese-lebensmittel-koennen-die-schilddruesenfunktion-beeinflussen\/\">Goitrogene<\/a><\/p>\n<p><strong>Graves&#8216; disease: <\/strong>Andere Bezeichnung f\u00fcr Morbus Basedow. Benannt nach dem irischen Arzt Robert J. Graves, der die Krankheit bereits vor Basedow beschrieb.<\/p>\n<p><strong>Gray: <\/strong>auch: Rad, Sievert.\u00a0 Durch eine Strahlung (z.B. bei der Radioiodtherapie) verursachte Ernergiedosis.<\/p>\n<p><strong>GREAT<\/strong> ist die Abk\u00fcrzung f\u00fcr Graves\u2019 Recurrent Events After Therapy. Dabei geht es um die Absch\u00e4tzung des Rezidiv-Risikos nach Beendigung der thyreostatischen Therapie beim Morbus Basedow.<\/p>\n<p><strong>Grippeimpfung: <\/strong>Es ist umstritten, ob sich Impfungen auf den Krankheitsverlauf von Autoimmunerkrankungen wie z.B. Hashimoto-Thyreoiditis oder Morbus Basedow negativ auswirken.<\/p>\n<p><strong>Guggul: <\/strong>Ayurvedisches Heilmittel zur Stoffwechselanregung bei Schilddr\u00fcsenunterfunktion.<\/p>\n<p><strong>Gull<\/strong>: 1874 Sir William Withey Gull (1816 \u2013 1890, englischer Arzt) beschreibt erstmalig die klinischen Symptome einer Hypothyreose beim Menschen. Vereinzelt wird die Autoimmunthyreoiditis mit Hypothyreose auch als \u201eMorbus Gull\u201c bezeichnet.<\/p>\n<p><strong>Gyn\u00e4kologe: <\/strong>Arzt f\u00fcr Frauenheilkunde. Frauenarzt.<\/p>\n<hr \/>\n<p>Letzte Aktualisierung: 09. Januar 2024<\/p>\n","protected":false},"excerpt":{"rendered":"<p>Galenik: Herstellung und Zusammensetzung von Arzneimitteln Gamma-Kamera: auch: Szintigraph. Eine spezielle Kamera, welche die Verteilungsmuster des Technetiums abbilden kann. Das erstellte Bild ist ein Szintigramm. Gamma-Strahlen: Elektromagnetische Strahlung, die im Rahmen der bildgebenden Diagnostik eingesetzt wird. Ganzk\u00f6rperszintigrafie: Untersuchungsmethode, bei der dem Patienten eine radioaktiv markierte Substanz gespritzt wird. Die Verteilung [&hellip;]<\/p>\n","protected":false},"author":1,"featured_media":0,"parent":0,"menu_order":0,"comment_status":"closed","ping_status":"closed","template":"","meta":{"_metis_text_type":"standard","_metis_text_length":3579,"_post_count":0,"footnotes":""},"class_list":["post-332","page","type-page","status-publish","hentry"],"_links":{"self":[{"href":"https:\/\/schilddruesenguide.de\/thyreoiditis\/wp-json\/wp\/v2\/pages\/332","targetHints":{"allow":["GET"]}}],"collection":[{"href":"https:\/\/schilddruesenguide.de\/thyreoiditis\/wp-json\/wp\/v2\/pages"}],"about":[{"href":"https:\/\/schilddruesenguide.de\/thyreoiditis\/wp-json\/wp\/v2\/types\/page"}],"author":[{"embeddable":true,"href":"https:\/\/schilddruesenguide.de\/thyreoiditis\/wp-json\/wp\/v2\/users\/1"}],"replies":[{"embeddable":true,"href":"https:\/\/schilddruesenguide.de\/thyreoiditis\/wp-json\/wp\/v2\/comments?post=332"}],"version-history":[{"count":0,"href":"https:\/\/schilddruesenguide.de\/thyreoiditis\/wp-json\/wp\/v2\/pages\/332\/revisions"}],"wp:attachment":[{"href":"https:\/\/schilddruesenguide.de\/thyreoiditis\/wp-json\/wp\/v2\/media?parent=332"}],"curies":[{"name":"wp","href":"https:\/\/api.w.org\/{rel}","templated":true}]}}