{"id":330,"date":"2015-09-01T15:05:33","date_gmt":"2015-09-01T13:05:33","guid":{"rendered":"http:\/\/schilddruesenguide.de\/thyreoiditis\/?page_id=330"},"modified":"2025-07-27T07:15:31","modified_gmt":"2025-07-27T05:15:31","slug":"f-wie-ferritin","status":"publish","type":"page","link":"https:\/\/schilddruesenguide.de\/thyreoiditis\/f-wie-ferritin\/","title":{"rendered":"F wie Ferritin"},"content":{"rendered":"<p><strong>Fachgesellschaft: <\/strong>Zusammenschluss von \u00c4rzten eines Fachgebietes z.B. die Deutsche Gesellschaft f\u00fcr Endokrinologie oder die Deutsche Gesellschaft f\u00fcr Nuklearmedizin.<\/p>\n<p><strong>Fachliteratur: <\/strong>Anspruchsvolle Ver\u00f6ffentlichungen mit weitreichenden Informationen zum Thema Schilddr\u00fcse und Schilddr\u00fcsenkrankheiten. Zielgruppe: \u00c4rzte und andere medizinische Berufsgruppen.<\/p>\n<p><strong>Farb-Doppler-Sonografie: <\/strong>Ultraschallverfahren<\/p>\n<p><strong>Farbe bekennen: <\/strong>Die Hashimoto-Thyreoiditis gilt bei den meisten \u00c4rzten als harmlose Bagatellerkrankung, deren einzige Auswirkung eine Schilddr\u00fcsenunterfunktion ist, die man noch dazu mit einem Schilddr\u00fcsenhormonpr\u00e4parat problemlos ausgleichen kann. Mit der Aktion \u201eFarbe bekennen\u201c wollten wir Betroffene deshalb darauf hinweisen, dass diese weit verbreitete Lehrbuchmeinung mit der Lebensrealit\u00e4t vieler Hashimoto-PatientInnen nichts zu tun hat.<\/p>\n<p><strong>Favistan \u00ae: <\/strong>Verschreibungspflichtiges Thyreostatikum mit dem Wirkstoff Thimazol.<\/p>\n<p><strong>FDG-PET: <\/strong>Positronen-Emissions-Tomographie (PET) mit Fluordesoxyglukose (FDG)<\/p>\n<p><strong>FDH<\/strong>: Famili\u00e4re Dysalbumin\u00e4mische Hyperthyroxin\u00e4mie, eine symptomlose vererbbare Erh\u00f6hung des Schilddr\u00fcsenhormons fT4 ohne TSH-Verminderung<\/p>\n<p><strong>Feinadelbiopsie: <\/strong>Untersuchungsmethode bei der mit einer feinen Hohlnadel direkt in die Schilddr\u00fcse gestochen und dort Gewebe entnommen wird. \u2192 <a href=\"https:\/\/schilddruesenguide.de\/thyreoiditis\/feinnadelbiopsie\/\">Feinnadelbiopsie<\/a><\/p>\n<p><strong>Fellinger<\/strong>, Karl: \u00f6sterreichischer Schilddr\u00fcsenpionier<\/p>\n<p><strong>Fernmetastase: <\/strong>Man unterscheidet lokale Metastasen (Krebszellen im umliegenden Gewebe, region\u00e4re Metastasen (Krebszellen in Lymphknoten) und Fernmetastasen (Krebszellen in weitere Organen).<\/p>\n<p><strong>Ferritin: <\/strong>Speicherstoff f\u00fcr das Spurenelement Eisen<\/p>\n<p><strong>Fertilit\u00e4t: <\/strong>Fruchtbarkeit<\/p>\n<p><strong>floride: <\/strong>lat. florere = bl\u00fchen. Beispiel: aktive Hashimoto-Thyreoiditis mit vollst\u00e4ndiger Symptomauspr\u00e4gung<\/p>\n<p><strong>fT3\/T3: <\/strong>Trijodthyronin, Liothyronin (stoffwechselaktives Schilddr\u00fcsenhormon)<\/p>\n<p><strong>fT4\/T4: <\/strong>Tetrajodthyronin, Thyroxin (stoffwechselinaktives Speicherhomon)<\/p>\n<p><strong>Follikel<\/strong> (Schilddr\u00fcsen-): kleine Bl\u00e4schen in der Schilddr\u00fcse.<\/p>\n<p><strong>Follikul\u00e4res Schilddr\u00fcsenkarzinom: <\/strong>Form von Schilddr\u00fcsenkrebs mit sehr guten Heilungschancen<\/p>\n<p><strong>Food and Drug Administration<\/strong> (FDA): Arzneimittelzulassungsbeh\u00f6rde der Vereinigten Staaten von Amerika.<\/p>\n<p><strong>Forderungskatalog: <\/strong>Mit dem 14 Forderungen umfassenden Katalog m\u00f6chten wir Sie auf die Problematik von zahlreichen Schilddr\u00fcsenkranken aufmerksam machen. Die aktuelle Situation ist insbesondere f\u00fcr uns Betroffene der autoimmunen Schilddr\u00fcsenerkrankungen &#8211; mehr als 10 % der Bev\u00f6lkerung, davon 90 % Frauen &#8211; katastrophal. Dies ist kein gesellschaftliches Randthema wie Sie vielleicht denken, sondern jeder F\u00fcnfte der deutschlandweit rund 8.000.000 Morbus-Basedow-Erkrankten oder Hashimoto-Thyreoiditis-Betroffenen leidet unter anhaltenden gesundheitlichen Beschwerden die neben den erheblichen Einbu\u00dfen an Lebensqualit\u00e4t nicht selten eine eingeschr\u00e4nkte berufliche Leistungsf\u00e4higkeit zur Folge haben oder sogar zur Erwerbsunf\u00e4higkeit f\u00fchren k\u00f6nnen.<\/p>\n<p><strong>Fo Ti Teng<\/strong> (Fallopia multiflora): Der vielbl\u00fctige Kn\u00f6terich ist eine vorwiegend in China beheimatete Pflanze deren Wurzel dort als Schilddr\u00fcsentonikum genutzt wird.<\/p>\n<p><strong>Fukushima: <\/strong>Direkt nach dem Reaktorungl\u00fcck im japanischen Atomkraftwerk Fukushima wurde vermehrt eine erh\u00f6hte Radioaktivit\u00e4t in den Schilddr\u00fcsen der, rund um das Atomkraftwerk ans\u00e4ssigen, Bewohner gemessen. Aktuell sieht es so aus, dass es als Folge der Atomkatastrophe zu einem geh\u00e4uften Auftreten von Schilddr\u00fcsenkrebs kommt.<\/p>\n<p><strong>Funktionsst\u00f6rungen der Schilddr\u00fcse: <\/strong>Schilddr\u00fcsen\u00fcberfunktion (Hyperthyreose) und Schilddr\u00fcsenunterfunktion (Hypothyreose)<\/p>\n<hr \/>\n<p>Letzte Aktualisierung: 09. Januar 2024<\/p>\n","protected":false},"excerpt":{"rendered":"<p>Fachgesellschaft: Zusammenschluss von \u00c4rzten eines Fachgebietes z.B. die Deutsche Gesellschaft f\u00fcr Endokrinologie oder die Deutsche Gesellschaft f\u00fcr Nuklearmedizin. Fachliteratur: Anspruchsvolle Ver\u00f6ffentlichungen mit weitreichenden Informationen zum Thema Schilddr\u00fcse und Schilddr\u00fcsenkrankheiten. Zielgruppe: \u00c4rzte und andere medizinische Berufsgruppen. Farb-Doppler-Sonografie: Ultraschallverfahren Farbe bekennen: Die Hashimoto-Thyreoiditis gilt bei den meisten \u00c4rzten als harmlose Bagatellerkrankung, deren [&hellip;]<\/p>\n","protected":false},"author":1,"featured_media":0,"parent":0,"menu_order":0,"comment_status":"closed","ping_status":"closed","template":"","meta":{"_metis_text_type":"standard","_metis_text_length":3553,"_post_count":0,"footnotes":""},"class_list":["post-330","page","type-page","status-publish","hentry"],"_links":{"self":[{"href":"https:\/\/schilddruesenguide.de\/thyreoiditis\/wp-json\/wp\/v2\/pages\/330","targetHints":{"allow":["GET"]}}],"collection":[{"href":"https:\/\/schilddruesenguide.de\/thyreoiditis\/wp-json\/wp\/v2\/pages"}],"about":[{"href":"https:\/\/schilddruesenguide.de\/thyreoiditis\/wp-json\/wp\/v2\/types\/page"}],"author":[{"embeddable":true,"href":"https:\/\/schilddruesenguide.de\/thyreoiditis\/wp-json\/wp\/v2\/users\/1"}],"replies":[{"embeddable":true,"href":"https:\/\/schilddruesenguide.de\/thyreoiditis\/wp-json\/wp\/v2\/comments?post=330"}],"version-history":[{"count":0,"href":"https:\/\/schilddruesenguide.de\/thyreoiditis\/wp-json\/wp\/v2\/pages\/330\/revisions"}],"wp:attachment":[{"href":"https:\/\/schilddruesenguide.de\/thyreoiditis\/wp-json\/wp\/v2\/media?parent=330"}],"curies":[{"name":"wp","href":"https:\/\/api.w.org\/{rel}","templated":true}]}}