{"id":328,"date":"2015-09-01T13:44:45","date_gmt":"2015-09-01T11:44:45","guid":{"rendered":"http:\/\/schilddruesenguide.de\/thyreoiditis\/?page_id=328"},"modified":"2025-07-27T07:14:52","modified_gmt":"2025-07-27T05:14:52","slug":"e-wie-euthyreose","status":"publish","type":"page","link":"https:\/\/schilddruesenguide.de\/thyreoiditis\/e-wie-euthyreose\/","title":{"rendered":"E wie Euthyreose"},"content":{"rendered":"<p><strong>E00: <\/strong>ICD-10-Klassifikation: Angeborenes Jodmangelsyndrom<\/p>\n<p><strong>E01: <\/strong>ICD-10-Klassifikation: Jodmangelbedingte Schilddr\u00fcsenkrankheiten und verwandte Zust\u00e4nde<\/p>\n<p><strong>E02: <\/strong>ICD-10-Klassifikation: Subklinische Jodmangel-Hypothyreose<\/p>\n<p><strong>E03: <\/strong>ICD-10-Klassifikation: Sonstige Hypothyreose<\/p>\n<p><strong>E04: <\/strong>ICD-10-Klassifikation: Sonstige nichttoxische Struma<\/p>\n<p><strong>E05: <\/strong>ICD-10-Klassifikation: Hyperthyreose [Thyreotoxikose]<\/p>\n<p><strong>E06: <\/strong>ICD-10-Klassifikation: Thyreoiditis<\/p>\n<p><strong>E07: <\/strong>ICD-10-Klassifikation: Sonstige Krankheiten der Schilddr\u00fcse<\/p>\n<p><strong>EbM: <\/strong>engl. evidence-based medicine (auf Beweismaterial gest\u00fctzte Heilkunde). Die Entscheidung \u00fcber eine medizinische Behandlung soll nach M\u00f6glichkeit auf der Grundlage von empirisch nachgewiesener Wirksamkeit getroffen werden.<\/p>\n<p><strong>Echoarmut: <\/strong>W\u00e4hrend sich eine gesunde Schilddr\u00fcse auf dem Ultraschallbild sehr hell (echoreich) darstellt, bleiben die entz\u00fcndeten Bereiche dunkel (echoarm). Dies liegt daran, dass entz\u00fcndetes Gewebe nicht in der Lage ist die einfallenden Ultraschallstrahlen zu reflektieren.<\/p>\n<p><strong>Echogenit\u00e4t: <\/strong>Reaktion des Schilddr\u00fcsengewebes auf die Ultraschallstrahlung.<\/p>\n<p><strong>Eferox\u00ae: <\/strong>Verschreibungspflichtiges Medikament zum Ausgleich einer Schilddr\u00fcsenunterfunktion. Es enth\u00e4lt den Wirkstoff Levothyroxinnatrium (Schilddr\u00fcsenhormonT4).<\/p>\n<p><strong>Einschleichern: <\/strong>Eine Schilddr\u00fcsenhormontherapie wird in der Regel allm\u00e4hlich eingeschlichen. Normalerweise wird eine Anfangsdosis von 25 \u00b5g gew\u00e4hlt und dann langsam alle ein bis zwei Wochen um weitere 25 \u00b5g gesteigert.<\/p>\n<p><strong>Einsichtsrecht: <\/strong>Jeder Patient hat das Recht, seine beim Arzt oder im Krankenhaus erfassten Untersuchungs- und Behandlungsunterlagen einzusehen.<\/p>\n<p><strong>Einstellungszeit: <\/strong>Bezeichnet die Anfangsphase der Schilddr\u00fcsenhormontherapie bis die richtige Erhaltungsdosis gefunden ist.<\/p>\n<p><strong>Einstiegsdosis: <\/strong>Die zu Beginn der Schilddr\u00fcsenhormontherapie gew\u00e4hlte Dosisst\u00e4rke des Medikaments. In der Regel 25 \u00b5g Levothyroxinnatrium (Schilddr\u00fcsenhormon T4).<\/p>\n<p><strong>Eisenmangelan\u00e4mie: <\/strong>Bei Schilddr\u00fcsenerkrankungen, insbesondere bei Unterfunktionen der Schilddr\u00fcse, kommt es h\u00e4ufig zus\u00e4tzlich zu einem Mangel an dem Spurenelement Eisen. \u2192 <a href=\"https:\/\/schilddruesenguide.de\/thyreoiditis\/eisenmangelanaemie\/\">Eisen<\/a><\/p>\n<p><strong>ektop: <\/strong>Anatomische Lagebezeichnung: am falschen Ort gelegen<\/p>\n<p><strong>Elastografie: <\/strong>Bildgebendes Verfahren welches im Rahmen der Diagnostik von Schilddr\u00fcsentumoren eingesetzt wird. \u00c4hnlich wie bei der Palpation (Tastuntersuchung) macht man sich bei der Elastographie die Tatsache zunutze, dass Tumorgewebe h\u00e4ufig fester oder derber ist als gesundes Gewebe.<\/p>\n<p><strong>E-MPATHY<\/strong>: <strong>E-M<\/strong>ode\u00a0<strong>P<\/strong>atient self-<strong>A<\/strong>ssessment of\u00a0<strong>THY<\/strong>roid therapy.<\/p>\n<p><strong>Endemische Struma: <\/strong>Schilddr\u00fcsenvergr\u00f6\u00dferung mit normaler Schilddr\u00fcsenfunktion<\/p>\n<p><strong>EndoCATS: <\/strong>= endoscopic cephalic access thyroid surgery. Bei dieser Operationstechnik erfolgt die Schnittf\u00fchrung des Operateurs hinten am Hals \/ hinter dem Ohr. Die Schnittwunde, d.h. die sp\u00e4tere Narbe liegt dadurch im Bereich der behaarten Kopfhaut und ist nachher nicht sichtbar.<\/p>\n<p><strong>Endokrin: <\/strong>Innere Sekretion aufweisend (Schilddr\u00fcse produziert Hormone, die sie nach au\u00dfen abgibt)<\/p>\n<p><strong>Endokrine Disruptoren<\/strong>: Substanzen, die\u00a0z.B. in Kunststoffverpackungen vorhanden sind und das Hormonsystem st\u00f6ren.<\/p>\n<p><strong>Endokrine Orbitopathie: <\/strong>auch: Endokrine Ophthalmopathie, Exophthalmus. Augenbeteiligung beim Morbus Basedow. \u2192 <a href=\"https:\/\/schilddruesenguide.de\/thyreoiditis\/tag\/endokrine-orbitopathie\/\">Endokrine Orbitopathie<\/a><\/p>\n<p><strong>Endokrinologe: <\/strong>Auf die Behandlung von Erkrankungen der Dr\u00fcsen (Bauchspeicheldr\u00fcse, Schilddr\u00fcse) spezialisierter Arzt.<\/p>\n<p><strong>Endokrines Psychosyndrom: <\/strong>durch Schilddr\u00fcsen\u00fcberfunktion oder Schilddr\u00fcsenunterfunktion bedingte psychische Ver\u00e4nderungen<\/p>\n<p><strong>Endothelial Growth Factor Receptor: <\/strong>Verantwortlich f\u00fcr das Tumorwachstum beim medull\u00e4ren Schilddr\u00fcsenkrebs.<\/p>\n<p><strong>Enophthalmus: <\/strong>Zur\u00fccksinken des Auges in die Augenh\u00f6hle, z.B. beim<\/p>\n<p><strong>Entspannung: <\/strong>Es gibt wenige Erkrankungen bei denen K\u00f6rper, Geist und Seele gleicherma\u00dfen so stark in Mitleidenschaft gezogen werden wie dies bei Schilddr\u00fcsenkrankheiten der Fall ist. Als unterst\u00fctzende Ma\u00dfnahme bieten sich deshalb leicht erlernbare Entspannungstechniken wie das Autogene Training, die Progressive Muskelentspannung nach Jacobson oder auch fern\u00f6stliche Methoden wie Yoga oder Qi Gong an. \u2192 <a href=\"https:\/\/schilddruesenguide.de\/thyreoiditis\/entspannungstechniken\/\">Entspannungstechniken<\/a><\/p>\n<p><strong>Entz\u00fcndungshemmende Ern\u00e4hrung<\/strong> \u2192 <a href=\"https:\/\/schilddruesenguide.de\/thyreoiditis\/15-tipps-fuer-eine-entzuendungshemmende-ernaehrung\/\">entz\u00fcndungshemmende Ern\u00e4hrung<\/a><\/p>\n<p><strong>Enukleation: <\/strong>Entkernung, Aussch\u00e4lung. Entfernen eines einzelnen, klar abgegrenzten Schilddr\u00fcsenknotens<\/p>\n<p><strong>Epidemiologie: <\/strong>Die Wissenschaft, die sich mit der Verbreitung, den Ursachen und Folgen von Krankheiten in einer Gruppe besch\u00e4ftigt.<\/p>\n<p><strong>EGF: <\/strong>= Epidermal growth factor.\u00a0 Ein Wachstumsfaktor welcher bei der Schilddr\u00fcsenvergr\u00f6\u00dferung (Strumaentwicklung) von Bedeutung ist.<\/p>\n<p><strong>Epithelk\u00f6rperchen: <\/strong>Nebenschilddr\u00fcsen<\/p>\n<p><strong>Erfahrungsberichte: <\/strong>Schilderungen anderer Schilddr\u00fcsenpatientinnen dar\u00fcber wie es ihnen mit ihrer Schilddr\u00fcsenkrankheit ergeht.<\/p>\n<p><strong>Ern\u00e4hrung: <\/strong>Einige Erkrankungen der Schilddr\u00fcse lassen sich auch durch die richtige Ern\u00e4hrung in ihrer Symptomatik bzw. ihrem Verlauf positiv beeinflussen.<\/p>\n<p><strong>Erstverschlechterung: <\/strong>Zu Beginn der Therapie mit Schilddr\u00fcsenmedikamenten kann es zun\u00e4chst zu einer vor\u00fcbergehenden Verschlimmerung des Befindens kommen.<\/p>\n<p><strong>Esoterik: <\/strong>Warum gerade ich? Was muss ich tun um schnell wieder gesund zu werden? Das fragen sich viele Betroffene von chronischen und\/oder sehr schweren Erkrankungen. Antworten darauf zu finden ist schwierig bis unm\u00f6glich, denn es gibt weder ein f\u00fcr alle g\u00fcltiges Erkl\u00e4rungsmodell noch ein Patentrezept. W\u00e4hrend der eine in seiner Krankheit die Notwendigkeit erkennt seine Vergangenheit aufzuarbeiten und die Weichen f\u00fcr seinen zuk\u00fcnftigen Lebensweg neu zu stellen, glaubt der andere an wissenschaftlich nachgewiesene Theorien und medizinisch klar definierte Normabweichungen als Ursache f\u00fcr seine Beschwerden.<\/p>\n<p><strong>Ethanoltherapie: <\/strong>Anwendungsgebiet dieser Behandlungsmethode (Fachbegriff: perkutane Ethanol-Injektion) ist die unifokale Autonomie, d. h. ein einzelner hei\u00dfer Knoten. Bei dieser Therapie wird hochprozentiger Alkohol mehrfach direkt in den Schilddr\u00fcsenknoten gespritzt, wodurch dieser langsam \u00fcber einen Zeitraum von mehreren Wochen zerst\u00f6rt wird. \u2192 <a href=\"https:\/\/schilddruesenguide.de\/thyreoiditis\/ethanoltherapie\/\">Ethanoltherapie<\/a><\/p>\n<p><strong>European Thyroid Association<\/strong>: Europ\u00e4ische Schilddr\u00fcsengesellschaft<\/p>\n<p><strong>Euspongia officinalis: <\/strong>Ein hom\u00f6opathisches Mittel aus dem Badeschwamm (ein in Meeresgew\u00e4ssern vorkommenden Tierstamm) welches gegen Schilddr\u00fcsenunterfunktionsbeschwerden helfen soll.<\/p>\n<p><strong>Euthyreose: <\/strong>Ausgeglichene Schilddr\u00fcsenhormonlage, d. h. es besteht weder eine Unter- noch eine \u00dcberfunktion<\/p>\n<p><strong>EUthyroid<\/strong>: Europ\u00e4isches Netzwerk welches die Jodversorgung in Europa verbessern will. \u2192 <a href=\"https:\/\/schilddruesenguide.de\/thyreoiditis\/groesste-gesamteuropaeische-jodstudie-startet\/\">EUthyroid<\/a><\/p>\n<p><strong>Euthyrox\u00ae: <\/strong>Verschreibungspflichtiges Medikament zum Ausgleich einer Schilddr\u00fcsenunterfunktion. Es enth\u00e4lt den Wirkstoff Levothyroxinnatrium (Schilddr\u00fcsenhormonT4).<\/p>\n<p><strong>eutope Struma: <\/strong>anatomisch normale Vergr\u00f6\u00dferung der Schilddr\u00fcse<\/p>\n<p><strong>euthyreote Struma: <\/strong>Schilddr\u00fcsenvergr\u00f6\u00dferung mit normaler Schilddr\u00fcsenfunktion<\/p>\n<p><strong>Evidenzbasierte Medizin: <\/strong>Die Entscheidung \u00fcber eine medizinische Behandlung soll nach M\u00f6glichkeit auf der Grundlage von empirisch nachgewiesener Wirksamkeit getroffen werden.<\/p>\n<p><strong>Exokrine Dr\u00fcse: <\/strong>Eine Dr\u00fcse, die ihr Sekret in einen K\u00f6rperhohlraum z.B. den Magen oder an die Hautoberfl\u00e4che abgibt. Endokrine Dr\u00fcsen geben im Unterschied dazu ihr Sekret in das Blut ab.<\/p>\n<p><strong>Exophthalmus: <\/strong>Hervortreten des Auges aus der Augenh\u00f6hle. \u2192 <a href=\"https:\/\/schilddruesenguide.de\/thyreoiditis\/tag\/endokrine-orbitopathie\/\">Exophtalmus<\/a><\/p>\n<hr \/>\n<p>Letzte Aktualisierung: 09. Januar 2024<\/p>\n","protected":false},"excerpt":{"rendered":"<p>E00: ICD-10-Klassifikation: Angeborenes Jodmangelsyndrom E01: ICD-10-Klassifikation: Jodmangelbedingte Schilddr\u00fcsenkrankheiten und verwandte Zust\u00e4nde E02: ICD-10-Klassifikation: Subklinische Jodmangel-Hypothyreose E03: ICD-10-Klassifikation: Sonstige Hypothyreose E04: ICD-10-Klassifikation: Sonstige nichttoxische Struma E05: ICD-10-Klassifikation: Hyperthyreose [Thyreotoxikose] E06: ICD-10-Klassifikation: Thyreoiditis E07: ICD-10-Klassifikation: Sonstige Krankheiten der Schilddr\u00fcse EbM: engl. evidence-based medicine (auf Beweismaterial gest\u00fctzte Heilkunde). Die Entscheidung \u00fcber eine medizinische [&hellip;]<\/p>\n","protected":false},"author":1,"featured_media":0,"parent":0,"menu_order":0,"comment_status":"closed","ping_status":"closed","template":"","meta":{"_metis_text_type":"standard","_metis_text_length":7122,"_post_count":0,"footnotes":""},"class_list":["post-328","page","type-page","status-publish","hentry"],"_links":{"self":[{"href":"https:\/\/schilddruesenguide.de\/thyreoiditis\/wp-json\/wp\/v2\/pages\/328","targetHints":{"allow":["GET"]}}],"collection":[{"href":"https:\/\/schilddruesenguide.de\/thyreoiditis\/wp-json\/wp\/v2\/pages"}],"about":[{"href":"https:\/\/schilddruesenguide.de\/thyreoiditis\/wp-json\/wp\/v2\/types\/page"}],"author":[{"embeddable":true,"href":"https:\/\/schilddruesenguide.de\/thyreoiditis\/wp-json\/wp\/v2\/users\/1"}],"replies":[{"embeddable":true,"href":"https:\/\/schilddruesenguide.de\/thyreoiditis\/wp-json\/wp\/v2\/comments?post=328"}],"version-history":[{"count":0,"href":"https:\/\/schilddruesenguide.de\/thyreoiditis\/wp-json\/wp\/v2\/pages\/328\/revisions"}],"wp:attachment":[{"href":"https:\/\/schilddruesenguide.de\/thyreoiditis\/wp-json\/wp\/v2\/media?parent=328"}],"curies":[{"name":"wp","href":"https:\/\/api.w.org\/{rel}","templated":true}]}}