{"id":326,"date":"2015-09-01T13:35:53","date_gmt":"2015-09-01T11:35:53","guid":{"rendered":"http:\/\/schilddruesenguide.de\/thyreoiditis\/?page_id=326"},"modified":"2025-07-27T07:13:43","modified_gmt":"2025-07-27T05:13:43","slug":"d-wie-diosgenin","status":"publish","type":"page","link":"https:\/\/schilddruesenguide.de\/thyreoiditis\/d-wie-diosgenin\/","title":{"rendered":"D wie Diosgenin"},"content":{"rendered":"<p><strong>Diagnose Hashimoto-Thyreoiditis:\u00a0<\/strong>Titel einer E-Book-Reihe zum Krankheitsbild Hashimoto-Thyreoiditis.<\/p>\n<p><strong>Das muss sich \u00e4ndern: <\/strong>Titel des gemeinsamen Forderungskatalogs der Schilddr\u00fcsenselbsthilfe.<\/p>\n<p><strong>Definitive Therapie: <\/strong>Als definitive Therapien werden beim Morbus Basedow die Radioiodtherapie und die subtotale Strumaresektion bezeichnet.<\/p>\n<p><strong>Dejodierung: <\/strong>Umwandlung des Schilddr\u00fcsenhormons T4 in T3 durch Abspaltung eines Jodatoms<\/p>\n<p><strong>Depression: <\/strong>H\u00e4ufige Fehldiagnose im Zusammenhang mit einer Schilddr\u00fcsenunterfunktion<\/p>\n<p><strong>dexter: <\/strong>Anatomische Lagebezeichnung: rechts<\/p>\n<p><strong>Die Schmetterlinge e.V.: <\/strong>Der als gemeinn\u00fctzig anerkannte Verein der Schilddr\u00fcsenselbsthilfe k\u00fcmmert sich insbesondere um schilddr\u00fcsenkranke Kinder. \u2192 <a href=\"https:\/\/schilddruesenguide.de\/thyreoiditis\/schilddruesenbundesverband-die-schmetterlinge-e-v-aufgeloest\/\">Der Verein wurde am 08.03.20 aufgel\u00f6st!<\/a><\/p>\n<p><strong>Differenzierte Schilddr\u00fcsenkarzinome: <\/strong>follikul\u00e4res oder papill\u00e4res Schilddr\u00fcsenkarzinom<\/p>\n<p><strong>diffus: <\/strong>nicht klar erkennbar umrissen<\/p>\n<p><strong>Diosgenin-\u00d6l: <\/strong>Diosgenin ist eine progesteron\u00e4hnliche Substanz die aus der Yamswurzel gewonnen wird. Da Progesteron die Verwertung der Schilddr\u00fcsenhormone f\u00f6rdern soll wird Diosgenin-\u00d6l vorwiegend bei Schilddr\u00fcsenunterfunktion angewandt.<\/p>\n<p><strong>Disseminierte Autonomie: <\/strong>Sonderform einer \u00fcber die gesamte Schilddr\u00fcse verteilten Autonomie<\/p>\n<p><strong>distal: <\/strong>Anatomische Lagebezeichnung: von der K\u00f6rpermitte entfernt gelegen<\/p>\n<p><strong>Doppler-Sonographie: <\/strong>Ultraschalluntersuchung mit einem speziellen Doppler-Effekt<\/p>\n<p><strong>dorsal: <\/strong>Anatomische Lagebezeichnung: am R\u00fccken gelegen<\/p>\n<p><strong>Doxorubicin: <\/strong>Im Rahmen der Chemotherapie bei Schilddr\u00fcsenkrebs eingesetztes Zytostatikum.<\/p>\n<p><strong>Ductus thyreogossus: <\/strong>kleiner Tunnel zwischen Schilddr\u00fcse und Zungengrund<\/p>\n<p><strong>Dysphagie: <\/strong>Schluckst\u00f6rung<\/p>\n<p><strong>Dysplasie: <\/strong>Fehlbildung<\/p>\n<hr \/>\n<p>Letzte Aktualisierung: 09. Januar 2024<\/p>\n","protected":false},"excerpt":{"rendered":"<p>Diagnose Hashimoto-Thyreoiditis:\u00a0Titel einer E-Book-Reihe zum Krankheitsbild Hashimoto-Thyreoiditis. Das muss sich \u00e4ndern: Titel des gemeinsamen Forderungskatalogs der Schilddr\u00fcsenselbsthilfe. Definitive Therapie: Als definitive Therapien werden beim Morbus Basedow die Radioiodtherapie und die subtotale Strumaresektion bezeichnet. Dejodierung: Umwandlung des Schilddr\u00fcsenhormons T4 in T3 durch Abspaltung eines Jodatoms Depression: H\u00e4ufige Fehldiagnose im Zusammenhang mit [&hellip;]<\/p>\n","protected":false},"author":1,"featured_media":0,"parent":0,"menu_order":0,"comment_status":"closed","ping_status":"closed","template":"","meta":{"_metis_text_type":"standard","_metis_text_length":1656,"_post_count":0,"footnotes":""},"class_list":["post-326","page","type-page","status-publish","hentry"],"_links":{"self":[{"href":"https:\/\/schilddruesenguide.de\/thyreoiditis\/wp-json\/wp\/v2\/pages\/326","targetHints":{"allow":["GET"]}}],"collection":[{"href":"https:\/\/schilddruesenguide.de\/thyreoiditis\/wp-json\/wp\/v2\/pages"}],"about":[{"href":"https:\/\/schilddruesenguide.de\/thyreoiditis\/wp-json\/wp\/v2\/types\/page"}],"author":[{"embeddable":true,"href":"https:\/\/schilddruesenguide.de\/thyreoiditis\/wp-json\/wp\/v2\/users\/1"}],"replies":[{"embeddable":true,"href":"https:\/\/schilddruesenguide.de\/thyreoiditis\/wp-json\/wp\/v2\/comments?post=326"}],"version-history":[{"count":0,"href":"https:\/\/schilddruesenguide.de\/thyreoiditis\/wp-json\/wp\/v2\/pages\/326\/revisions"}],"wp:attachment":[{"href":"https:\/\/schilddruesenguide.de\/thyreoiditis\/wp-json\/wp\/v2\/media?parent=326"}],"curies":[{"name":"wp","href":"https:\/\/api.w.org\/{rel}","templated":true}]}}