{"id":318,"date":"2015-09-01T12:57:22","date_gmt":"2015-09-01T10:57:22","guid":{"rendered":"http:\/\/schilddruesenguide.de\/thyreoiditis\/?page_id=318"},"modified":"2025-07-27T05:48:05","modified_gmt":"2025-07-27T03:48:05","slug":"a-wie-abendeinnahme","status":"publish","type":"page","link":"https:\/\/schilddruesenguide.de\/thyreoiditis\/a-wie-abendeinnahme\/","title":{"rendered":"A wie Abendeinnahme"},"content":{"rendered":"<p><strong>Abendeinnahme: <\/strong>Bisher g\u00e4ngige Praxis ist, dass Schilddr\u00fcsenhormonpr\u00e4parate 30 Minuten vor dem Fr\u00fchst\u00fcck eingenommen werden. Eine niederl\u00e4ndische Forschergruppe hat jedoch eine aktuelle Studie zum Einnahmezeitpunkt der Schilddr\u00fcsenhormontabletten durchgef\u00fchrt und kommt zu dem Ergebnis, dass diese bei abendlicher Einnahme ganz offensichtlich besser verwertet werden als bei der \u00fcblichen morgendlichen Einnahmepraxis.<\/p>\n<p><strong>ABBA: <\/strong>= axillo-bilateral-breast Approach. Bei dieser minimal-invasiven Operationstechnik wird auf den Schnitt am Hals komplett verzichtet. Die Chirurgen f\u00fchren stattdessen Spezialinstrumente \u00fcber zwei Schnitte in beiden Brustwarzen ein und schieben sie direkt unter der Haut bis zur Schilddr\u00fcse vor. \u00dcber einen dritten Schnitt in einer Achselh\u00f6hle gelangt eine kleine Kamera bis zur Schilddr\u00fcse, mit deren Hilfe der Eingriff \u00fcber den Monitor kontrolliert wird. \u2192 <a href=\"https:\/\/schilddruesenguide.de\/thyreoiditis\/abba-operationstechnik-axillo-bilateral-breast-approach\/\">ABBA<\/a><\/p>\n<p><strong>Ablation: <\/strong>Kurzform von ablative Radioiodtherapie<\/p>\n<p><strong>Abnehmen: <\/strong>Eine Schilddr\u00fcsenunterfunktion geht fast immer mit einer Gewichtszunahme einher. Auch nach Erreichen einer euthyreoten (ausgeglichenen) Stoffwechsellage f\u00e4llt es vielen Schilddr\u00fcsenpatienten schwer abzunehmen.<\/p>\n<p><strong>ACTH: <\/strong>Es wurde beobachtet, dass bei Patienten mit wenigen bzw. gar keinen Schilddr\u00fcsenantik\u00f6rpern gelegentlich ein isolierter ACTH-Mangel besteht, d.h., dass ACTH, ein Hormon aus der Hypophyse (Hirnanhangsdr\u00fcse), nicht gen\u00fcgend ausgesch\u00fcttet wird und als Folge auch weniger vom wichtigen Stoffwechselhormon Cortisol gebildet wird.<\/p>\n<p><strong>Adenom: <\/strong>Gutartiger Knoten in der Schilddr\u00fcse<\/p>\n<p><strong>Adenomenukleation: <\/strong>Chirurgisches Entfernen eines einzelnen hei\u00dfen Schilddr\u00fcsenknoten<\/p>\n<p><strong>ADHS: <\/strong>Grunds\u00e4tzlich ist es so, dass Aufmerksamkeitsdefizitst\u00f6rungen und Schilddr\u00fcsenfehlfunktionen sich mit sehr \u00e4hnlichen Symptomen \u00e4u\u00dfern k\u00f6nnen. Deshalb sollte bei einem ADHS-Verdacht immer auch eine sorgf\u00e4ltige Schilddr\u00fcsendiagnostik erfolgen. \u2192 <a href=\"https:\/\/schilddruesenguide.de\/thyreoiditis\/moeglicher-zusammenhang-zwischen-adhs-und-erkrankungen-der-schilddruese\/\">ADHS<\/a><\/p>\n<p><strong>adjuvante Therapie: <\/strong>Den Heilungsproze\u00df erg\u00e4nzende oder unterst\u00fctzende Therapie, die jedoch allein keine Heilung herbeif\u00fchren k\u00f6nnte.<\/p>\n<p><strong>Adrenalin: <\/strong>Im Nebennierenmark gebildetes Stresshormon.<\/p>\n<p><strong>AESF<\/strong>: Arbeitstagung Experimentelle Schilddr\u00fcsenforschung<\/p>\n<p><strong>AIT: <\/strong>Abk\u00fcrzung f\u00fcr Autoimmunthyreoiditis. Oft synonym f\u00fcr Hashimoto-Thyreoiditis verwendet, schlie\u00dft aber genaugenommen auch den Morbus Basedow mit ein.<\/p>\n<p><strong>Akute Thyreoiditis: <\/strong>Durch Bakterien ausgel\u00f6ste Schilddr\u00fcsenentz\u00fcndung<\/p>\n<p>\u2192 <a href=\"https:\/\/schilddruesenguide.de\/thyreoiditis\/naturheilkunde-alternativmedizin-alphabetisches-stichwortverzeichnis\/\">Alternativmedizin bei Schilddr\u00fcsenerkrankungen<\/a><\/p>\n<p><strong>Alfalfa<\/strong> (Medicago sativa): Eine Luzernenart, die sehr viel Tyrosin enth\u00e4lt. Die Aminos\u00e4ure Tyrosin ist ein wesentlicher Baustein der Schilddr\u00fcsenhormone. Der gleichzeitige Verzehr von Alfalfa-Sprossen mit jodhaltigen Lebensmitteln wie z.B. Seefischen soll einer leichteren Schilddr\u00fcsenunterfunktionen entgegenwirken.<\/p>\n<p><strong>Algenextrakte: <\/strong>Pflanzenartige Lebewesen die sehr viele Spurenelemente, insbesondere Jod, enthalten. Sie haben eine anregende Wirkung auf die Schilddr\u00fcsenfunktion und werden bei Schilddr\u00fcsenunterfunktion eingesetzt.<\/p>\n<p><strong>Alkoholinjektionen: <\/strong>Anwendungsgebiet dieser Behandlungsmethode (Fachbegriff: perkutane Ethanol-Injektion) ist die unifokale Autonomie, d. h. ein einzelner hei\u00dfer Knoten. Bei dieser Therapie wird hochprozentiger Alkohol mehrfach direkt in den Schilddr\u00fcsenknoten gespritzt, wodurch dieser langsam \u00fcber einen Zeitraum von mehreren Wochen zerst\u00f6rt wird. \u2192 <a href=\"https:\/\/schilddruesenguide.de\/thyreoiditis\/ethanoltherapie\/\">Alkoholinjektion<\/a><\/p>\n<p><strong>Akropachie: <\/strong>Hautver\u00e4nderungen und Verdickungen der Finger bei lang anhaltender Schilddr\u00fcsen\u00fcberfunktion.<\/p>\n<p><strong>Amalgam: <\/strong>Amalgam wird als eine m\u00f6gliche Ursache f\u00fcr die Hashimoto-Thyreoiditis diskutiert. \u2192 <a href=\"https:\/\/schilddruesenguide.de\/thyreoiditis\/zahnfuellungen-aus-amalgam-ursache-fuer-die-hashimoto-thyreoiditis\/\">Amalgam<\/a><\/p>\n<p><strong>Amiodaron\u00ae: <\/strong>Verschreibungspflichtiges Medikament, welches bei Herzrhythmusst\u00f6rungen eingesetzt wird. Aufgrund des sehr hohen Jodgehalts darf es bei bestimmten Schilddr\u00fcsenerkrankungen nicht eingenommen werden.<\/p>\n<p><strong>ANA: <\/strong>Antinukle\u00e4rer Antik\u00f6rper. Ein Laborwert der einen Hinweis z.B. auf einen Lupus erythematodes oder eine chronische Polyarthritis gibt.<\/p>\n<p><strong>Anaplastisches Schilddr\u00fcsenkarzinom: <\/strong>Seltener, aber sehr aggressive Form von Schilddr\u00fcsenkrebs<\/p>\n<p><strong>An\u00e4mie: <\/strong>Blutarmut<\/p>\n<p><strong>Anamnese: <\/strong>Krankheitsvorgeschichte<\/p>\n<p><strong>Anfluten: <\/strong>Bis zu f\u00fcnf Stunden nach der Einnahme eines Schilddr\u00fcsenhormonpr\u00e4parates kann es zu einem sogenannten \u201eanfluten\u201c kommen, d.h. es k\u00f6nnen sich kurzzeitig die Symptome einer Schilddr\u00fcsen\u00fcberfunktion zeigen.<\/p>\n<p><strong>Angeh\u00f6rige: <\/strong>Wenn jemand von einer Schilddr\u00fcsenerkrankung betroffen ist bedeutet dies in vielen F\u00e4llen eine enorme Belastung insbesondere f\u00fcr die Partnerschaft. Denn nicht selten gehen Krankheiten der Schilddr\u00fcse durch die hormonellen Schieflagen zeitweilig mit deutlichen Ver\u00e4nderungen der Pers\u00f6nlichkeit einher, so dass es f\u00fcr beide Seiten sehr schwierig sein kann die oft unertr\u00e4gliche Situation gemeinsam zu bew\u00e4ltigen.<\/p>\n<p><strong>Angstst\u00f6rung: <\/strong>Eine h\u00e4ufig gestellte Fehldiagnose im Zusammenhang mit Erkrankungen der Schilddr\u00fcse.<\/p>\n<p><strong>Anthroposophie: <\/strong>Die Anthroposophie (Griech.: antropos = Mensch, sophia = Weisheit) ist eine umfassende Geisteswissenschaft, die ab 1921 von Rudolf Steiner (1861 \u2013 1925) und Ita Wegmann (1876 \u2013 1943) begr\u00fcndet wurde. \u2192 <a href=\"https:\/\/schilddruesenguide.de\/thyreoiditis\/anthroposophische-behandlung-von-krankheiten-der-schilddruese\/\">Anthroposophie<\/a><\/p>\n<p><strong>Antidepressivum: <\/strong>Medikament zur Stimmungsaufhellung<\/p>\n<p><strong>Antik\u00f6rper (AK): <\/strong>Durch Antigene (Fremdeiwei\u00dfe) hervorgerufene Abwehrstoffe<\/p>\n<p><strong>Antioxidantien: <\/strong>Antioxidantien sind in der Lage Oxidationsvorg\u00e4nge im K\u00f6rper zu verhindern, die durch freie Radikale ausgel\u00f6st werden. Deswegen bezeichnet man sie auch als Radikalf\u00e4nger. Unter Oxidation versteht man die Reaktion von Sauerstoff mit anderen Elementen oder Verbindungen.<\/p>\n<p><strong>Apathetic thyrotoxicosis: <\/strong>Hyperthyreose mit ausgepr\u00e4gter depressiver Symptomatik<\/p>\n<p><strong>apikal: <\/strong>anatomische Lagebezeichnung: an der Spitze gelegen<\/p>\n<p><strong>Apoptose: <\/strong>programmierter Zelltod<\/p>\n<p><strong>Apothekenpflicht: <\/strong>Bestimmte Arzneimittel d\u00fcrfen nur in Apotheken und dort nur durch Fachkr\u00e4fte an den Endverbraucher abgegeben werden.<\/p>\n<p><strong>Arbeitskreis Jodmangel: <\/strong>Wurde 1984 durch Mitglieder der Sektion Schilddr\u00fcse der Deutschen Gesellschaft f\u00fcr Endokrinologie und der Deutschen Gesellschaft f\u00fcr Ern\u00e4hrung gegr\u00fcndet. Lange Zeit war die Resonanz auf die Bem\u00fchungen des Arbeitskreises Jodmangel die Jodversorgung der deutschen Bev\u00f6lkerung zu verbessern ausgesprochen positiv. Seit einiger Zeit ger\u00e4t der Arbeitskreis Jodmangel allerdings zunehmend in die Kritik. Ihm wird u. a. vorgeworfen, dass er neue wissenschaftliche Erkenntnisse nicht ausreichend ber\u00fccksichtigt und die m\u00f6glichen negativen Auswirkungen einer erh\u00f6hten t\u00e4glichen Jodaufnahme verharmlost. Als Motivation f\u00fcr dieses Verhalten werden die Interessen der im Hintergrund agierenden Salz- und Pharmaindustrie angef\u00fchrt.<\/p>\n<p><strong>Arbeitskreis Prophylaxe-Transparenz e.V.: <\/strong>2008 gegr\u00fcndeter, eingetragener und als gemeinn\u00fctzig anerkannter Verein von PatientInnen der sich kritisch mit den Auswirkungen der Jodmangelprophylaxe auseinandersetzt. <span style=\"color: #ff0000;\"><span style=\"color: #000000;\">Am 02.07.2018 wurde die L\u00f6schung des Vereins \u201cArbeitskreis Prophylaxe-Transparenz e. V.\u201d beim zust\u00e4ndigen Amtsgericht Traunstein beantragt<\/span>.<\/span><\/p>\n<p><strong>Arbeitsunf\u00e4higkeit: <\/strong>Offiziell gibt es das Problem der Arbeitsunf\u00e4higkeit als Folge einer autoimmunen Schilddr\u00fcsenerkrankung nicht. Es heisst: \u201eSchilddr\u00fcsenfunktionsst\u00f6rungen (\u00dcberfunktion und Unterfunktion [auch nach Schilddr\u00fcsenresektion]) sind gut behandelbar, so dass in der Regel anhaltende Beeintr\u00e4chtigungen nicht zu erwarten sind.<\/p>\n<p><strong>Armour Thyroid\u00ae: <\/strong>Ein verschreibungspflichtiges Schilddr\u00fcsenhormonpr\u00e4parat welches getrockneten Schweineschilddr\u00fcsenextrakt als Wirkstoff enth\u00e4lt.<\/p>\n<p><strong>Arteria thyroidea superior: <\/strong>obere Schilddr\u00fcsenschlagadern<\/p>\n<p><strong>Arteria thyroidea inferior: <\/strong>untere Schilddr\u00fcsenschlagadern<\/p>\n<p><strong>Arteria thyroidea ima: <\/strong>selten vorhandene f\u00fcnfte Schilddr\u00fcsenschlagader<\/p>\n<p><strong>Arzneimittelrecht: <\/strong>Das Arzneimittelrecht regelt die Herstellung, klinische Pr\u00fcfung und Abgabe von Arzneimitteln.<\/p>\n<p><strong>Arzt: <\/strong>Die Suche nach einem wirklich guten Schilddr\u00fcsenspezialisten gleicht gewisserma\u00dfen der ber\u00fchmten Suche nach der Stecknadel im Heuhaufen. Es gibt nur sehr wenige hervorragende \u00c4rzte und diese arbeiten meist ausschlie\u00dflich auf Privatrechnung, d.h. nur die wenigstens Kassenpatienten k\u00f6nnen sich einen dieser Schilddr\u00fcsenspezialisten finanziell auf Dauer leisten.<\/p>\n<p><strong>Arzt-Patienten-Verh\u00e4ltnis: <\/strong>Unter den unz\u00e4hligen E-Mails, die ich von Schilddr\u00fcsenerkrankten im Zusammenhang mit dieser Homepage erhalte, gibt es kaum eine, in denen mir keine negativen Arzterfahrungen geschildert werden. Viele Betroffene, insbesondere der autoimmunen Schilddr\u00fcsenerkrankungen, f\u00fchlen sich von ihren \u00c4rzten schlecht informiert, medizinisch unzureichend betreut, vorschnell auf die Psycho-Schiene abgeschoben und mit ihren gesundheitlichen Problemen allein gelassen.<\/p>\n<p><strong>Aspirin\u00ae-Test: <\/strong>Acetylsalicylhaltige Medikamente wie Aspirin k\u00f6nnen die Wirkung von Schilddr\u00fcsenhormonen verst\u00e4rken. Diese Tatsache wird manchmal von Schilddr\u00fcsenpatienten genutzt, um festzustellen, ob sie sich durch eine Erh\u00f6hung der Schilddr\u00fcsenhormondosis besser f\u00fchlen w\u00fcrden.<\/p>\n<p><strong>Astragalus: <\/strong>Der aus der Tragant-Wurzel gewonnene Pflanzenextrakt soll das Immunsystem st\u00e4rken, die Blutbildung f\u00f6rdern und die Nebennierenfunktion unterst\u00fctzen. Astragalus wird bevorzugt bei Schilddr\u00fcsenunterfunktion angewendet.<\/p>\n<p><strong>ATC: <\/strong>Anatomisch-therapeutisch-cheisches Klassifikationssystem. Beispiel: H03 Hormone Schilddr\u00fcsentherapie<\/p>\n<p><strong>Athyreose: <\/strong>Fehlen der Schilddr\u00fcse von Geburt an<\/p>\n<p><strong>\u00c4tiologie: <\/strong>Die wissenschaftliche Auseinandersetzung mit den Ursachen einer Krankheit.<\/p>\n<p><strong>Atrophie: <\/strong>Bezogen auf atrophe Variante der Hashimoto-Thyreoiditis. Die Schilddr\u00fcse wird kleiner, schrumpft und bildet sich zur\u00fcck.<\/p>\n<p><strong>Aufkl\u00e4rungsgespr\u00e4ch: <\/strong>Findet im Vorfeld jeder Operation, also auch vor einer Schilddr\u00fcsenoperation, statt.<\/p>\n<p><strong>Aufs\u00e4ttigung: <\/strong>Ausgleich eines Mangels z.B. an N\u00e4hrstoffen.<\/p>\n<p><strong>Augentrost<\/strong> (Euphrasia rostkoviana): In einer Teezubereitung aus Augentrostbl\u00e4ttern getr\u00e4nkte Auflagen k\u00f6nnen die Symptome bei der Endokrinen Orbitopathie lindern.<\/p>\n<p><strong>Ausdauersport: <\/strong>W\u00e4hrend einer Krankheitsphase der manifesten Schilddr\u00fcsenunterfunktion (Hypothyreose) oder Schilddr\u00fcsen\u00fcberfunktion (Hyperthyreose) sollte \u00fcberhaupt kein Sport getrieben werden, weil ansonsten insbesondere das Herz-Kreislauf-System schnell \u00fcberlastet wird und es zu lebensbedrohlichen Zust\u00e4nden kommen kann. Dies gilt nicht nur f\u00fcr Laufanf\u00e4nger, sondern genauso f\u00fcr fortgeschrittene L\u00e4ufer sowie Laufprofis und auch \u201ewenn man sich eigentlich wohl f\u00fchlt\u201c!<\/p>\n<p><strong>Ausschleichen: <\/strong>Langsames Absetzen eines Medikaments \u00fcber mehrere Tage oder sogar Wochen hinweg.<\/p>\n<p><strong>Autoantik\u00f6rper: <\/strong>Abwehrstoff, welcher k\u00f6rpereigenes Gewebe angreift.<\/p>\n<p>\u2192 <a href=\"https:\/\/schilddruesenguide.de\/thyreoiditis\/kurz-erklaert-was-ist-das-autoimmunprotokoll\/\">Autoimmunprotokoll<\/a><\/p>\n<p><strong>aut idem: <\/strong>oder ein Gleiches. Der Arzt erlaubt dem Apotheker durch das Anbringen der W\u00f6rter \u201eaut idem\u201c auf einem Rezept, ein anderes als das namentlich verordnete, aber wirkstoffgleiches Arzneimittel abzugeben. Will der Arzt ein bestimmtes Medikament eines bestimmten Herstellers verordnen, muss er dies durch das aut idem-Kreuz auf dem Rezept deutlich machen.<\/p>\n<p><strong>Autoimmun: <\/strong>Das Immunsystem greift k\u00f6rpereigenes Gewebe an<\/p>\n<p><strong>Autoimmunerkrankung: <\/strong>Krankheit, deren Ursache eine \u00fcberschie\u00dfende Reaktion des Immunsystems gegen k\u00f6rpereigenes Gewebe ist. Irrt\u00fcmlicherweise erkennt das Immunsystem k\u00f6rpereigenes Gewebe als zu bek\u00e4mpfenden Fremdk\u00f6rper. Dadurch kommt es zu schweren Entz\u00fcndungsreaktionen, die zu Sch\u00e4den an den betroffenen Organen f\u00fchren.<\/p>\n<p><strong>Autoimmunorbitopathie: <\/strong>Synonym Endokrine Orbitopathie, Augenbeteiligung beim Morbus Basedow.<\/p>\n<p><strong>Autoimmunes Polyglandul\u00e4res Syndrom: <\/strong>auch: autoimmune polyglandul\u00e4re Insuffizienz, Schmidt-Syndrom. Das gleichzeitige Auftreten mehrerer Autoimmunerkrankungen z.B. Hashimoto-Thyreoiditis und Morbus Addisson.<\/p>\n<p><strong>Autoimmunthyreoiditis: <\/strong>Autoimmunbedingte Schilddr\u00fcsenentz\u00fcndung. Oft synonym f\u00fcr Hashimoto-Thyreoiditis verwendet, schlie\u00dft aber genaugenommen auch den Morbus Basedow mit ein.<\/p>\n<p><strong>Autonomie \/ Autonomes Adenom: <\/strong>Hei\u00dfer Knoten, der unkontrolliert Schilddr\u00fcsenhormone produziert<\/p>\n<p><strong>AWMF: <\/strong>Arbeitsgemeinschaft der Wissenschaftlichen Medizinischen Fachgesellschaften.<\/p>\n<p><strong>Axitinib\u00ae: <\/strong>Medikament (Multi-Tyrosinkinasehemmer) welches bei Schilddr\u00fcsenkrebs eingesetzt wird.<\/p>\n<hr \/>\n<p>Letzte Aktualisierung: 09. Januar 2024<\/p>\n","protected":false},"excerpt":{"rendered":"<p>Abendeinnahme: Bisher g\u00e4ngige Praxis ist, dass Schilddr\u00fcsenhormonpr\u00e4parate 30 Minuten vor dem Fr\u00fchst\u00fcck eingenommen werden. Eine niederl\u00e4ndische Forschergruppe hat jedoch eine aktuelle Studie zum Einnahmezeitpunkt der Schilddr\u00fcsenhormontabletten durchgef\u00fchrt und kommt zu dem Ergebnis, dass diese bei abendlicher Einnahme ganz offensichtlich besser verwertet werden als bei der \u00fcblichen morgendlichen Einnahmepraxis. ABBA: = [&hellip;]<\/p>\n","protected":false},"author":1,"featured_media":0,"parent":0,"menu_order":0,"comment_status":"closed","ping_status":"closed","template":"","meta":{"_metis_text_type":"standard","_metis_text_length":11801,"_post_count":0,"footnotes":""},"class_list":["post-318","page","type-page","status-publish","hentry"],"_links":{"self":[{"href":"https:\/\/schilddruesenguide.de\/thyreoiditis\/wp-json\/wp\/v2\/pages\/318","targetHints":{"allow":["GET"]}}],"collection":[{"href":"https:\/\/schilddruesenguide.de\/thyreoiditis\/wp-json\/wp\/v2\/pages"}],"about":[{"href":"https:\/\/schilddruesenguide.de\/thyreoiditis\/wp-json\/wp\/v2\/types\/page"}],"author":[{"embeddable":true,"href":"https:\/\/schilddruesenguide.de\/thyreoiditis\/wp-json\/wp\/v2\/users\/1"}],"replies":[{"embeddable":true,"href":"https:\/\/schilddruesenguide.de\/thyreoiditis\/wp-json\/wp\/v2\/comments?post=318"}],"version-history":[{"count":0,"href":"https:\/\/schilddruesenguide.de\/thyreoiditis\/wp-json\/wp\/v2\/pages\/318\/revisions"}],"wp:attachment":[{"href":"https:\/\/schilddruesenguide.de\/thyreoiditis\/wp-json\/wp\/v2\/media?parent=318"}],"curies":[{"name":"wp","href":"https:\/\/api.w.org\/{rel}","templated":true}]}}