{"id":3083,"date":"2016-10-21T16:06:01","date_gmt":"2016-10-21T14:06:01","guid":{"rendered":"http:\/\/schilddruesenguide.de\/thyreoiditis\/?page_id=3083"},"modified":"2025-12-15T09:47:53","modified_gmt":"2025-12-15T08:47:53","slug":"ebooks","status":"publish","type":"page","link":"https:\/\/schilddruesenguide.de\/thyreoiditis\/ebooks\/","title":{"rendered":"E-Books (Diagnose Hashimoto-Thyreoiditis)"},"content":{"rendered":"<p><strong data-start=\"229\" data-end=\"341\">Entdecken Sie meine E-Books zur Hashimoto-Thyreoiditis \u2013 Ihr Weg zu mehr Wissen und hoffentlich besserer Lebensqualit\u00e4t<\/strong><\/p>\n<p>Meine sorgf\u00e4ltig recherchierten E-Books bieten aus dem Blickwinkel einer selbst betroffenen Patientin (die sich seit mehr als zwei Jahrzehnten in der Schilddr\u00fcsenselbsthilfe engagiert)\u00a0 praxisnahe Tipps und hilfreiche Strategien f\u00fcr den Umgang mit Hashimoto-Thyreoiditis. Ganz gleich, ob Sie frisch diagnostiziert wurden oder schon l\u00e4nger mit der Erkrankung leben \u2013 diese digitalen Ratgeber unterst\u00fctzen Sie dabei, Ihre Symptome besser zu verstehen und aktiv an Ihrem Wohlbefinden zu arbeiten.<\/p>\n<p>Die meisten Hashimoto-Erkrankten sind regelrecht erschlagen von der Informationsflut zum Krankheitsbild im Internet &#8211; bei meinen E-Books war es mir deshalb wichtig mich die wirklich wichtigen Informationen kurz &amp; kompakt darzustellen.<\/p>\n<p><strong>Surftipp:<\/strong> Erkrankungen der Schilddr\u00fcse verstehen: <a href=\"https:\/\/schilddruesenguide.de\/thyreoiditis\/schilddruesenerkrankungen-verstehen-symptome-werte-therapie-ein-ueberblick-der-meistgelesenen-blogartikel\/\"><b>Symptome, Werte &amp; Therapie\u00a0<\/b><\/a>\u2013 ein \u00dcberblick der meistgelesenen Blogartikel!<\/p>\n<p><strong data-start=\"107\" data-end=\"183\">E-Books zur Hashimoto-Thyreoiditis bequem lesen \u2013 ganz ohne Kindle- oder Tolino-Ger\u00e4t<\/strong><\/p>\n<p>Viele BesucherInnen fragen, ob sie f\u00fcr meine E-Books ein spezielles Kindle-Ger\u00e4t ben\u00f6tigen. Die Antwort ist: Nein! Die E-Books sind sofort verf\u00fcgbar und k\u00f6nnen bequem auf Ihrem Smartphone, Tablet oder PC gelesen werden. Daf\u00fcr stehen Ihnen kostenlose Lese-Apps zur Verf\u00fcgung, wie die <a href=\"https:\/\/www.amazon.de\/b\/ref=sxts_snpl_1_0_557f86aa-3b73-4d9b-8bdb-de3d7c449053?node=22792404031&amp;pd_rd_w=Ni70K&amp;content-id=amzn1.sym.557f86aa-3b73-4d9b-8bdb-de3d7c449053:amzn1.sym.557f86aa-3b73-4d9b-8bdb-de3d7c449053&amp;pf_rd_p=557f86aa-3b73-4d9b-8bdb-de3d7c449053&amp;pf_rd_r=4MPHD9FWS7T48MGSJ46G&amp;pd_rd_wg=uE5VW&amp;pd_rd_r=362cc33f-2e46-46d7-9c46-c04aef885c7a&amp;qid=1709718681\">Amazon Kindle Lese App<\/a> und die <a href=\"https:\/\/mytolino.de\/tolino-app\/\">Tolino Lese App<\/a>.<\/p>\n<p><strong>Inhaltsverzeichnis: E-Books zur Hashimoto-Thyreoiditis<\/strong><\/p>\n<div class=\"inhaltsverzeichnis\">\n<ul>\n<li><a href=\"#ebook1\">Diagnose Hashimoto-Thyreoiditis bei M\u00e4dchen und Frauen (2023)<\/a><\/li>\n<li><a href=\"#ebook2\">Psychische Aspekte der Diagnose Hashimoto-Thyreoiditis (2016 \/ aktualisiert 2025)<\/a><\/li>\n<li><a href=\"#ebook3\">Diagnose Hashimoto-Thyreoiditis bei Kindern und Jugendlichen (2018 \/ aktualisiert 2025)<\/a><\/li>\n<li><a href=\"#ebook4\">Wenn die Diagnose Hashimoto-Thyreoiditis das Leben ver\u00e4ndert. Wegweiser zu neuen Behandlungsans\u00e4tzen (2018 \/ aktualisiert 2025)<\/a><\/li>\n<li><a href=\"#ebook5\">Besser leben mit der Diagnose Hashimoto-Thyreoiditis (2014) &#8230; nicht mehr erh\u00e4ltlich<\/a><\/li>\n<li><a href=\"#ebook6\">Diagnose Hashimoto-Thyreoiditis (2013) &#8230; nicht mehr erh\u00e4ltlich<\/a><\/li>\n<\/ul>\n<\/div>\n<p><em>Hinweis: Als Amazon-Partnerin verdiene ich an qualifizierten Verk\u00e4ufen \u00fcber die nachfolgenden Links.<\/em><\/p>\n<hr \/>\n<h2 id=\"ebook1\"><strong>Diagnose Hashimoto-Thyreoiditis bei M\u00e4dchen und Frauen (2023)<\/strong><\/h2>\n<p>&#x2665; Mit dem Kauf dieses E-Books erhalten Sie Zugang zu exklusivem\u00a0<a href=\"https:\/\/www.diagnose-hashimoto-thyreoiditis.de\/bonusmaterial-fuer-ebook-leserinnen\/\">Bonusmaterial<\/a>!<\/p>\n<p><img loading=\"lazy\" decoding=\"async\" class=\"alignleft wp-image-12663\" title=\"Cover des E-Books Diagnose Hashimoto-Thyreoiditis bei M\u00e4dchen und Frauen\" src=\"https:\/\/schilddruesenguide.de\/thyreoiditis\/wp-content\/uploads\/2023\/12\/Buchcover-DHT-F.jpg\" alt=\"Cover des E-Books Diagnose Hashimoto-Thyreoiditis bei M\u00e4dchen und Frauen\" width=\"100\" height=\"159\" \/>Nicole Wobker<\/p>\n<p><a href=\"https:\/\/amzn.to\/3GWSXTS\"><strong>Diagnose Hashimoto-Thyreoiditis bei M\u00e4dchen und Frauen<\/strong><\/a> (Amazon-Partnerlink)<\/p>\n<p>Wer die Diagnose Hashimoto-Thyreoiditis erh\u00e4lt, der erf\u00e4hrt an K\u00f6rper, Geist und Seele was es bedeutet wenn die Schilddr\u00fcsenhormone Achterbahn fahren. Mit dieser autoimmunen Schilddr\u00fcsenentz\u00fcndung zu leben, ist besonders f\u00fcr M\u00e4dchen und Frauen eine Herausforderung. Denn bei ihnen kommt zum Chaos der Schilddr\u00fcsenhormone oft noch ein Durcheinander der weiblichen Hormone hinzu. In diesem E-Book erfahren Sie deshalb nicht nur alles Wichtige \u00fcber Ursachen, Symptome, Schilddr\u00fcsenwerte und Therapie der Hashimoto-Thyreoiditis, sondern besonderes Augenmerk wurde auf die weiblichen Aspekte (Pubert\u00e4t, Zyklusst\u00f6rungen, Kinderwunsch, Schwangerschaft und Wechseljahre) dieser untersch\u00e4tzten Schilddr\u00fcsenerkrankung gelegt.<\/p>\n<p><strong>Kundenrezensionen<\/strong>:<\/p>\n<ul>\n<li><em><span style=\"color: #000000;\"> \u201eH\u00e4tte ich das fr\u00fcher gelesen, w\u00e4ren mir viele Zweifel erspart geblieben.\u201c \u2013 Carola (51)<\/span><\/em><\/li>\n<\/ul>\n<p>Das E-Book \u201eDiagnose Hashimoto-Thyreoiditis bei M\u00e4dchen und Frauen\u201c ist f\u00fcr den <strong>Tolino-E-Book-Reader<\/strong> auch in folgenden Online-Shops verf\u00fcgbar: <a href=\"https:\/\/www.buecher.de\/shop\/gesunde-ernaehrung\/diagnose-hashimoto-thyreoiditis-bei-maedchen-und-frauen-ebook-epub\/wobker-nicole\/products_products\/detail\/prod_id\/69760215\/\">buecher.de<\/a>, <a href=\"https:\/\/www.ebook.de\/de\/product\/47455620\/nicole_wobker_diagnose_hashimoto_thyreoiditis_bei_maedchen_und_frauen.html\">ebook.de<\/a>, <a href=\"https:\/\/www.hugendubel.de\/de\/ebook_epub\/nicole_wobker-diagnose_hashimoto_thyreoiditis_bei_maedchen_und_frauen-47455620-produkt-details.html\">hugendubel.de<\/a>, <a href=\"https:\/\/www.thalia.de\/shop\/home\/artikeldetails\/A1070760968\">thalia.de<\/a> und <a href=\"https:\/\/www.weltbild.de\/artikel\/ebook\/diagnose-hashimoto-thyreoiditis-bei-maedchen-und-frauen_43257846-1\">weltbild.de<\/a>.<\/p>\n<hr \/>\n<h2 id=\"ebook2\"><strong>Psychische Aspekte der Diagnose Hashimoto-Thyreoiditis (2016 \/ aktualisiert 2025)<\/strong><\/h2>\n<p><img loading=\"lazy\" decoding=\"async\" class=\"size-full wp-image-11805 alignleft\" title=\"Cover des E-Books Psychische Aspekte der Diagnose Hashimoto-Thyreoiditis\" src=\"https:\/\/schilddruesenguide.de\/thyreoiditis\/wp-content\/uploads\/2023\/12\/Hashimoto-eBook-PsychischeAspekte.jpg\" alt=\"Cover des E-Books Psychische Aspekte der Diagnose Hashimoto-Thyreoiditis\" width=\"100\" height=\"159\" \/>Nicole Wobker<\/p>\n<p><a href=\"https:\/\/amzn.to\/47ef6I1\"><strong>Psychische Aspekte der Diagnose Hashimoto-Thyreoiditis <\/strong><\/a>(Amazon-Partnerlink)<\/p>\n<p>Die Hashimoto-Thyreoiditis ist keine psychische Erkrankung. Und doch f\u00fchren weit verbreitete Beschwerden wie innere Unruhe, Unsicherheit, Selbstzweifel, Schlafst\u00f6rungen und Ersch\u00f6pfungszust\u00e4nde gerade im Anfangsstadium der Autoimmunerkrankung h\u00e4ufig zu entsprechenden Fehldiagnosen ( Angstst\u00f6rung, Burnout, Depression). F\u00fcr die betroffenen Schilddr\u00fcsenpatientInnen bedeutet das oftmals den Beginn eines jahreslangen Leidensweges. Die aktualisierte Neuauflage dieses E-Books informiert kurz und pr\u00e4gnant \u00fcber die wesentlichen psychischen Aspekte die im Zusammenhang mit der Diagnose Hashimoto-Thyreoiditis stehen.<\/p>\n<p><strong>Kundenrezensionen<\/strong>:<\/p>\n<ul>\n<li><em>Habe erst seit kurzem die Diagnose Hashimoto und lese daher im Moment viel zu dem Thema. Ich finde, das Buch erkl\u00e4rt leicht verst\u00e4ndlich die psychischen Aspekte. &#8211; Annette K.<\/em><\/li>\n<li><em>Super Buch. Toll zusammen gefasst. [&#8230;] Sollte vor allem f\u00fcr Haus\u00e4rzte zur Pflichtlekt\u00fcre werden, denn eine falsche Burnout-Diagnose in der Krankenakte bringt in der Zukunft eines jungen Menschen diverse Probleme \u00fcber die \u00c4rzte nicht nachdenken. [&#8230;] &#8211; Heike<\/em><\/li>\n<li><em>Dieses Buch gibt tiefe Einblicke in das Krankheitsbild Hashimoto-Thyreoiditis und grenzt deutlich ab gegen psychische und psychosomatische Krankheitsbilder. Sollte auch jeder Arzt gelesen haben. &#8211; Lothar L.<\/em><\/li>\n<\/ul>\n<p>Das E-Book \u201ePsychische Aspekte der Diagnose Hashimoto-Thyreoiditis\u201c ist f\u00fcr den <strong>Tolino-E-Book-Reader<\/strong> auch in folgenden Online-Shops verf\u00fcgbar: <a href=\"https:\/\/www.buecher.de\/shop\/medizin--pharmazie\/psychische-aspekte-der-diagnose-hashimoto-thyreoiditis-ebook-epub\/wobker-nicole\/products_products\/detail\/prod_id\/64123814\/\">buecher.de<\/a>, <a href=\"https:\/\/www.ebook.de\/de\/product\/42740780\/nicole_wobker_psychische_aspekte_der_diagnose_hashimoto_thyreoiditis.html\">ebook.de<\/a>, <a href=\"https:\/\/www.hugendubel.de\/de\/ebook_epub\/nicole_wobker-psychische_aspekte_der_diagnose_hashimoto_thyreoiditis-42740780-produkt-details.html\">hugendubel.de<\/a>, <a href=\"https:\/\/www.thalia.de\/shop\/home\/artikeldetails\/A1064030001\">thalia.de<\/a> und <a href=\"https:\/\/www.weltbild.de\/artikel\/ebook\/psychische-aspekte-der-diagnose-hashimoto-thyreoiditis_38183718-1\">weltbild.de<\/a>.<\/p>\n<hr \/>\n<h2><strong>Diagnose Hashimoto-Thyreoiditis bei Kindern und Jugendlichen (2018 <\/strong><strong>\/ aktualisiert 2025<\/strong><strong>)<\/strong><\/h2>\n<p><img loading=\"lazy\" decoding=\"async\" class=\"size-full wp-image-4754 alignleft\" title=\"Cover eBook Diagnose Hashimoto-Thyreoiditis bei Kindern und Jugendlichen\" src=\"https:\/\/schilddruesenguide.de\/thyreoiditis\/wp-content\/uploads\/2016\/05\/Cover-DHT-KUJ.jpg\" alt=\"Cover eBook Diagnose Hashimoto-Thyreoiditis bei Kindern und Jugendlichen\" width=\"100\" height=\"160\" \/>Nicole Wobker<\/p>\n<p><strong><a href=\"https:\/\/amzn.to\/48bE4Jn\">Diagnose Hashimoto-Thyreoiditis bei Kindern und Jugendlichen<\/a> (Amazon-Partnerlink)<\/strong><\/p>\n<p>Dieses E-Book ist als Erstinformation f\u00fcr Eltern gedacht bei deren Kind eine Hashimoto-Thyreoiditis diagnostiziert worden ist. Es enth\u00e4lt alle wichtigen Informationen \u00fcber die Schilddr\u00fcse, m\u00f6gliche Schilddr\u00fcsenfehlfunktionen sowie insbesondere das oft untersch\u00e4tzte Krankheitsbild Hashimoto-Thyreoiditis. Es soll Eltern dahingehend aufkl\u00e4ren dieser chronischen Schilddr\u00fcsenerkrankung ihres Kindes die n\u00f6tige Aufmerksamkeit zu schenken sowie ein grundlegendes Verst\u00e4ndnis f\u00fcr die erforderlichen Diagnose- und Therapieschritte erm\u00f6glichen. Die allgemeinverst\u00e4ndlichen Erl\u00e4uterungen aller wichtigen Fachbegriffe sowie ihnen dabei helfen mit den behandelnden \u00c4rztInnen auf Augenh\u00f6he zu kommunizieren und mit ihnen gemeinsam die jeweils bestm\u00f6glichen Entscheidungen f\u00fcr die Gesundheit ihres Kindes zu treffen. Erg\u00e4nzt werden die Fakten zur Hashimoto-Thyreoiditis sowohl durch zahlreiche praktische Tipps als auch eine Vielzahl von Links zu weiterf\u00fchrenden Informationen.<\/p>\n<p><strong>Kundenrezensionen<\/strong>:<\/p>\n<ul>\n<li><em>Sehr tolles Buch. &#8211; Martina S.<\/em><\/li>\n<\/ul>\n<p>Das E-Book \u201eDiagnose Hashimoto-Thyreoiditis bei Kindern und Jugendlichen\u201c ist f\u00fcr den <strong>Tolino-E-Book-Reader<\/strong> auch in folgenden Online-Shops verf\u00fcgbar: <a href=\"https:\/\/www.buecher.de\/shop\/gesunde-ernaehrung\/diagnose-hashimoto-thyreoiditis-bei-kindern-und-jugendlichen-ebook-epub\/wobker-nicole\/products_products\/detail\/prod_id\/54903372\/\">buecher.de<\/a>, <a href=\"https:\/\/www.ebook.de\/de\/product\/35204875\/nicole_wobker_diagnose_hashimoto_thyreoiditis_bei_kindern_und_jugendlichen.html\">ebook.de<\/a>, <a href=\"https:\/\/www.hugendubel.de\/de\/ebook_epub\/nicole_wobker-diagnose_hashimoto_thyreoiditis_bei_kindern_und_jugendlichen-35204875-produkt-details.html\">hugendubel.de<\/a>, <a href=\"https:\/\/www.thalia.de\/shop\/home\/artikeldetails\/A1053305963\">thalia.de<\/a> und <a href=\"https:\/\/www.weltbild.de\/artikel\/ebook\/diagnose-hashimoto-thyreoiditis-bei-kindern-und-jugendlichen_25759818-1\">weltbild.de<\/a>.<\/p>\n<hr \/>\n<h2 id=\"ebook4\"><strong>Wenn die Diagnose Hashimoto-Thyreoiditis das Leben ver\u00e4ndert. Wegweiser zu neuen Behandlungsans\u00e4tzen (2018 \/ aktualisiert 2025)<\/strong><\/h2>\n<p><img loading=\"lazy\" decoding=\"async\" class=\"alignleft wp-image-11806 size-full\" title=\"Cover des E-Books Wenn die Diagnose Hashimoto-Thyreoiditis das Leben ver\u00e4ndert\" src=\"https:\/\/schilddruesenguide.de\/thyreoiditis\/wp-content\/uploads\/2023\/12\/Hashimoto-eBook-Therapieansaetze.jpg\" alt=\"Cover des E-Books Wenn die Diagnose Hashimoto-Thyreoiditis das Leben ver\u00e4ndert\" width=\"100\" height=\"160\" \/>Nicole Wobker<\/p>\n<p><a href=\"https:\/\/amzn.to\/3GHqGAl\"><strong>Wenn die Diagnose Hashimoto-Thyreoiditis das Leben ver\u00e4ndert. Wegweiser zu neuen Behandlungsans\u00e4tzen<\/strong><\/a> (Amazon-Partnerlink)<\/p>\n<p>Etliche Hashimoto-Thyreoiditis-Erkrankte sind trotz Schilddr\u00fcsenhormontherapie nicht beschwerdefrei. Dieses E-Book beschreibt die sowohl f\u00fcr betroffene PatientInnen als auch behandelnde \u00c4rztInnen gleicherma\u00dfen schwierige Situation. Es zeigt kurz &amp; pr\u00e4gnant die Chancen und Risiken der derzeit m\u00f6glichen erg\u00e4nzenden Therapieans\u00e4tze auf, um Hashimoto-Thyreoiditis-Erkrankten eine Hilfestellung bei der individuellen Auswahl derselben zu geben.<\/p>\n<p><strong>Kundenrezensionen:<\/strong><\/p>\n<ul>\n<li><em>Sehr gute Zusammenfassung \u00fcber den derzeitigen Behandlungsstand der Krankheit. Sogar mit Links. H\u00e4tte ich gerne viel fr\u00fcher gehabt.- Dahnee L.<\/em><\/li>\n<li><em>Die wichtigsten Informationen sind auf den Punkt gebracht. Damit kann ich weiter an meinen Problemen arbeiten. [&#8230;] &#8211; Gabriele W.<\/em><\/li>\n<li><em>Interessante Links und Ideen au\u00dferhalb der Schulmedizin. Hilfreich auch die Erfahrung aus Asien. Doch etwas knapp und oberfl\u00e4chlich zusammengefasst. Nur f\u00fcr Hashimoto-Kenner, die zus\u00e4tzliche Informationen brauchen. &#8211; Diotima<\/em><\/li>\n<\/ul>\n<p>Das E-Book \u201eWenn die Diagnose Hashimoto-Thyreoiditis das Leben ver\u00e4ndert\u201c ist f\u00fcr den <strong>Tolino-E-Book-Reader<\/strong> auch in folgenden Online-Shops verf\u00fcgbar: <a href=\"https:\/\/www.buecher.de\/shop\/meditation\/wenn-die-diagnose-hashimoto-thyreoiditis-das-leben-veraendert-ebook-epub\/wobker-nicole\/products_products\/detail\/prod_id\/54903339\/\">buecher.de<\/a>, <a href=\"https:\/\/www.ebook.de\/de\/product\/35204861\/nicole_wobker_wenn_die_diagnose_hashimoto_thyreoiditis_das_leben_veraendert.html?searchId=945369910\">ebook.de<\/a>, <a href=\"https:\/\/www.hugendubel.de\/de\/ebook\/nicole_wobker-wenn_die_diagnose_hashimoto_thyreoiditis_das_leben_veraendert-35204861-produkt-details.html?searchId=1704136735\">hugendubel.de<\/a>, <a href=\"https:\/\/www.thalia.de\/shop\/home\/artikeldetails\/ID141331910.html\">thalia.de<\/a> und <a href=\"https:\/\/www.weltbild.de\/artikel\/ebook\/wenn-die-diagnose-hashimoto-thyreoiditis-das-leben_25759811-1\">weltbild.de<\/a>.<\/p>\n<hr \/>\n<h2 id=\"ebook5\"><strong>Besser leben mit der Diagnose Hashimoto-Thyreoiditis (2014)<\/strong><\/h2>\n<p><img loading=\"lazy\" decoding=\"async\" class=\"alignleft wp-image-9594 size-full\" title=\"Cover des E-Books Besser leben mit der Diagnose Hashimoto-Thyreoiditis\" src=\"https:\/\/schilddruesenguide.de\/thyreoiditis\/wp-content\/uploads\/2023\/02\/2-Hashimoto-eBook.jpg\" alt=\"Cover des E-Books Besser leben mit der Diagnose Hashimoto-Thyreoiditis\" width=\"100\" height=\"160\" \/><\/p>\n<p>Nicole Wobker<\/p>\n<p><strong>Besser leben mit der Diagnose Hashimoto-Thyreoiditis<\/strong><\/p>\n<p>Das Erfahrungswissen von Hashimoto-Thyreoiditis-PatientInnen und hilfreiche Ratschl\u00e4ge von Betroffenen f\u00fcr Betroffene stehen im Mittelpunkt dieses E-Books. Es enth\u00e4lt eine sorgf\u00e4ltige Auswahl von praktischen Tipps f\u00fcr ein m\u00f6glichst beschwerdefreies Leben mit der Hashimoto-Thyreoiditis. Dabei werden ganz konkrete M\u00f6glichkeiten aufgezeigt wie sich mit Hilfe von Naturheilkunde und Alternativmedizin weiter bestehende Beschwerden wirksam lindern lassen. Nicht als Ersatz, sondern als Erg\u00e4nzung zur schulmedizinischen Behandlung.<\/p>\n<p><strong>Kundenrezensionen<\/strong>:<\/p>\n<ul>\n<li><em>Ich habe mich als betroffene Hashimotopatientin in den Beschreibungen oftmals wiedererkannt und fand die empfohlenen Massnahmen als lebensnah und alltagstauglich. [&#8230;] &#8211; Alexandra M.<\/em><\/li>\n<li><em>Nach einer kurzen Darstellung des Krankheitsbildes Hashimoto-Thyreoiditis gibt es eine umfangrieche Sammlung n\u00fctzlicher Tipps zur Selbstbehandlung der Symptome. Ich kann das Buch weiter empfehlen. &#8211; Jan 34<\/em><\/li>\n<\/ul>\n<p><span style=\"color: #000000;\"><strong>Das eBook steht nicht mehr zum Verkauf!<\/strong><\/span><\/p>\n<hr \/>\n<h2 id=\"ebook6\"><strong>Diagnose Hashimoto-Thyreoiditis (2013)<\/strong><\/h2>\n<p><img loading=\"lazy\" decoding=\"async\" class=\"alignleft wp-image-9592 size-full\" title=\"Cover des E-Books Diagnose Hashimoto-Thyreoiditis\" src=\"https:\/\/schilddruesenguide.de\/thyreoiditis\/wp-content\/uploads\/2023\/02\/1-Hashimoto-eBook.jpg\" alt=\"Cover des E-Books Diagnose Hashimoto-Thyreoiditis\" width=\"100\" height=\"160\" \/><\/p>\n<p>Nicole Wobker<\/p>\n<p><strong>Diagnose Hashimoto-Thyreoiditis<\/strong><\/p>\n<p>Das E-Book &#8222;Diagnose Hashimoto-Thyreoiditis &#8211; Ratgeber f\u00fcr PatientInnen mit einer Unterfunktion der Schilddr\u00fcse&#8220; ist f\u00fcr Schilddr\u00fcsenpatientInnen gedacht bei denen erst vor kurzem eine Hashimoto-Thyreoiditis, eine Autoimmunthyreoiditis oder ganz allgemein eine Schilddr\u00fcsenunterfunktion diagnostiziert wurde und die jetzt wissen m\u00f6chten, was es damit so auf sich hat und was diese Erkrankung f\u00fcr ihr weiteres Leben bedeutet.\u00a0Es enth\u00e4lt umfangreiches Wissen \u00fcber das Krankheitsbild Hashimoto-Thyreoiditis basierend auf den Erfahrungen, die ich\u00a0w\u00e4hrend meiner langj\u00e4hrigen\u00a0ehrenamtlichen Arbeit in der Schilddr\u00fcsenselbsthilfe gesammelt habe.\u00a0Die darin ver\u00f6ffentlichten Informationen gehen also deutlich \u00fcber den subjektiven Blickwinkel eines pers\u00f6nlichen Erlebnisberichtes hinaus. Es ist aber auch kein medizinisches Fachbuch mit wissenschaftlichem Anspruch, sondern ein anspruchsvoller Patientenratgeber der das f\u00fcr betroffene Schilddr\u00fcsenpatientInnen notwendige Wissen verst\u00e4ndlich vermittelt.<\/p>\n<p><strong>Kundenrezensionen<\/strong>:<\/p>\n<ul>\n<li><em>Dieses Buch bringt es weitestgehend auf den Pukt, schlecht ausgebildete \u00c4rzte, mit einem Wissensstand von vor 20 Jahren, die die Krankheit als einfach zu behandeln abstufen um dies mit nicht aussagekr\u00e4ftigen Normwerten zu best\u00e4tigen. Sehr empfehlenswertes Buch, sollte jeder gute Arzt mal lesen. &#8211; Andreas M<\/em><\/li>\n<li><em>Ich habe vor ca. 7 Wochen die Diagnose von meiner \u00c4rztin erhalten. Das Buch war daher f\u00fcr mich sehr aufschlussreich, vor allem auch in Bezug auf die weiteren Beschwerden, die diese Autoimmunerkrankung mit sich bringt. &#8211; GR<\/em><\/li>\n<li><em>Ein interessanter \u00dcberblick, der auch zeigt, dass man nicht allein steht, wenn man von so manchem Schulmediziner abgefertigt wird als Spinner. [&#8230;] Das Buch hilft sich wieder zu sortieren. &#8211; Uschi<\/em><\/li>\n<\/ul>\n<p><span style=\"color: #000000;\"><strong>Das eBook steht nicht mehr zum Verkauf!<\/strong><\/span><\/p>\n<div style=\"border-left: 4px solid #008000; background-color: #f1fdf3; padding: 12px; font-family: Arial, sans-serif; font-size: 14px; line-height: 1.5; margin-bottom: 20px; text-align: left;\"><span style=\"color: #000000;\"><strong>Tipp<\/strong>: Um Ihnen die Orientierung auf www.schilddruesenguide.de zu erleichtern, habe ich eine \u00dcbersicht der wichtigsten Inhalte erstellt. <\/span>\u27a4<span style=\"color: #008000;\"><strong> <a style=\"color: #008000;\" href=\"https:\/\/schilddruesenguide.de\/thyreoiditis\/navigationsseite\/\">Zur Navigationsseite<\/a><\/strong><\/span><\/div>\n<hr \/>\n<p>Letzte Aktualisierung: 10. Dezember 2025<\/p>\n","protected":false},"excerpt":{"rendered":"<p>Entdecken Sie meine E-Books zur Hashimoto-Thyreoiditis \u2013 Ihr Weg zu mehr Wissen und hoffentlich besserer Lebensqualit\u00e4t Meine sorgf\u00e4ltig recherchierten E-Books bieten aus dem Blickwinkel einer selbst betroffenen Patientin (die sich seit mehr als zwei Jahrzehnten in der Schilddr\u00fcsenselbsthilfe engagiert)\u00a0 praxisnahe Tipps und hilfreiche Strategien f\u00fcr den Umgang mit Hashimoto-Thyreoiditis. Ganz [&hellip;]<\/p>\n","protected":false},"author":1,"featured_media":0,"parent":0,"menu_order":0,"comment_status":"closed","ping_status":"closed","template":"","meta":{"_metis_text_type":"standard","_metis_text_length":11131,"_post_count":0,"footnotes":""},"class_list":["post-3083","page","type-page","status-publish","hentry"],"_links":{"self":[{"href":"https:\/\/schilddruesenguide.de\/thyreoiditis\/wp-json\/wp\/v2\/pages\/3083","targetHints":{"allow":["GET"]}}],"collection":[{"href":"https:\/\/schilddruesenguide.de\/thyreoiditis\/wp-json\/wp\/v2\/pages"}],"about":[{"href":"https:\/\/schilddruesenguide.de\/thyreoiditis\/wp-json\/wp\/v2\/types\/page"}],"author":[{"embeddable":true,"href":"https:\/\/schilddruesenguide.de\/thyreoiditis\/wp-json\/wp\/v2\/users\/1"}],"replies":[{"embeddable":true,"href":"https:\/\/schilddruesenguide.de\/thyreoiditis\/wp-json\/wp\/v2\/comments?post=3083"}],"version-history":[{"count":0,"href":"https:\/\/schilddruesenguide.de\/thyreoiditis\/wp-json\/wp\/v2\/pages\/3083\/revisions"}],"wp:attachment":[{"href":"https:\/\/schilddruesenguide.de\/thyreoiditis\/wp-json\/wp\/v2\/media?parent=3083"}],"curies":[{"name":"wp","href":"https:\/\/api.w.org\/{rel}","templated":true}]}}