{"id":19048,"date":"2025-09-08T13:39:17","date_gmt":"2025-09-08T11:39:17","guid":{"rendered":"https:\/\/schilddruesenguide.de\/thyreoiditis\/?page_id=19048"},"modified":"2025-09-19T11:52:15","modified_gmt":"2025-09-19T09:52:15","slug":"fuer-aerztinnen-und-aerzte-fachwissen-und-vernetzung-rund-um-schilddruesenerkrankungen","status":"publish","type":"page","link":"https:\/\/schilddruesenguide.de\/thyreoiditis\/fuer-aerztinnen-und-aerzte-fachwissen-und-vernetzung-rund-um-schilddruesenerkrankungen\/","title":{"rendered":"F\u00fcr \u00c4rztinnen und \u00c4rzte \u2013 Fachwissen und Vernetzung rund um Erkrankungen der Schilddr\u00fcse"},"content":{"rendered":"<h2>Herzlich willkommen im Fachbereich!<\/h2>\n<p><strong>Sch\u00f6n, dass Sie da sind &#8211; ich habe diese Seiten erstellt, damit Sie die auf www.schilddruesenguide.de ver\u00f6ffentlichten Fachartikel Ihrer KollegInnen schneller finden.<\/strong><\/p>\n<p>Dieser Bereich richtet sich an \u00c4rztInnen (EndokrinologInnen, NuklearmedizinerInnen, RadiologInnen, ChirurgInnen und InternistInnen), die regelm\u00e4\u00dfig mit Schilddr\u00fcsenerkrankungen in ihrer Praxis oder Klinik konfrontiert sind. Ob Hashimoto-Thyreoiditis, Morbus Basedow, Schilddr\u00fcsenknoten oder funktionelle St\u00f6rungen \u2013 hier finden Sie praxisnahes Fachwissen, das Ihnen hilft, PatientInnen leitliniengerecht zu diagnostizieren, individuell zu therapieren und langfristig zu begleiten.<\/p>\n<p><!-- Infobox: Schilddr\u00fcsenwissen f\u00fcr Fachkreise --><\/p>\n<div style=\"border: 1px solid #4CAF50; background-color: #ffffff; padding: 10px 15px; margin: 20px 0; font-family: Arial, sans-serif; font-size: 14px; line-height: 1.5;\"><strong><a style=\"color: #4caf50; text-decoration: none;\" href=\"https:\/\/amzn.to\/46uNYqI\" target=\"_blank\" rel=\"noopener sponsored\">Schilddr\u00fcse 2023: Schilddr\u00fcse interdisziplin\u00e4r \u2013 Neues aus Diagnostik und Therapie<br \/>\n<\/a><\/strong><\/p>\n<div style=\"margin-top: 4px;\">Taschenbuch \u2013 Erscheinungsdatum: 1. Oktober 2024 \u2013 von Matthias Schott (Hrsg.)<\/div>\n<div style=\"font-size: 12px; color: #666; margin-top: 10px;\"><em>Hinweis: Bei diesem Link handelt es sich um einen Affiliate-Link.<\/em><\/div>\n<\/div>\n<h3><strong>Inhalte im \u00dcberblick<\/strong><\/h3>\n<p>&#x2705;\u00a0<strong><a href=\"https:\/\/schilddruesenguide.de\/thyreoiditis\/schilddruesenwissen-fuer-aerzte-fachbeitraege-aus-der-praxis\/\">Fachbeitr\u00e4ge von Schilddr\u00fcsenexpertInnen<\/a><\/strong> (\u00dcbersicht)<br \/>\n\u2013 Artikel zu Krankheitsbildern, Diagnostik, Therapieoptionen z.B. Prof. Dr. Dr. H\u00fcdayi Korkusuz:\u00a0<a href=\"https:\/\/schilddruesenguide.de\/thyreoiditis\/thermoablation-von-schilddruesenknoten\/\" target=\"_blank\" rel=\"noopener\">Thermoablation von Schilddr\u00fcsenknoten<\/a>, Dr. Egon F. Eder:\u00a0<a href=\"https:\/\/schilddruesenguide.de\/thyreoiditis\/transpalpebrale-orbitadekompression-durch-fettentfernung-bei-endokriner-orbitopathie\/\" target=\"_blank\" rel=\"noopener\">Transpalpebrale Orbitadekompression bei endokriner Orbitopathie\u00a0<\/a>oder Dr. Volker Nehls:\u00a0<a href=\"https:\/\/schilddruesenguide.de\/thyreoiditis\/arthropathien-und-myopathien-bei-schilddruesenfunktionsstoerungen\/\" target=\"_blank\" rel=\"noopener\">Arthropathien und Myopathien bei Schilddr\u00fcsenfunktionsst\u00f6rungen<\/a><\/p>\n<p>&#x2705;\u00a0<a href=\"https:\/\/schilddruesenguide.de\/thyreoiditis\/schilddruesenwissen-fuer-aerzte-fallbeispiele\/\">Fallbeispiele<\/a><br \/>\n\u2013 klinische F\u00e4lle als praxisnahe Orientierung<\/p>\n<p>&#x2705;\u00a0<a href=\"https:\/\/schilddruesenguide.de\/thyreoiditis\/schilddruesenwissen-fuer-aerzte-patienteninfos-fuer-die-praxis\/\">Patienteninfos f\u00fcr die Praxis<\/a><br \/>\n\u2013 Materialien f\u00fcr die Patientenaufkl\u00e4rung und das Arzt-Patienten-Gespr\u00e4ch<\/p>\n<p>&#x2705;\u00a0<a href=\"https:\/\/schilddruesenguide.de\/thyreoiditis\/schilddruesenwissen-fuer-aerzte-fachliteratur\/\">Fachliteratur zur Schilddr\u00fcse<\/a><br \/>\n\u2013 empfohlene Leitlinien, Stellungnahmen der Fachgesellschaften, Rote-Hand-Briefe und Fachb\u00fccher<\/p>\n<p>&#x2705;\u00a0<strong>Schilddr\u00fcsenwissen<\/strong><br \/>\n\u2013 <a href=\"https:\/\/schilddruesenguide.de\/thyreoiditis\/schilddruesenwissen-fuer-aerzte-tsh\/\">\u00dcbersicht zu TSH<\/a>: Aussagekraft, Normwerte, optimaler Wert und Auswirkungen auf Herz &amp; Knochen<\/p>\n<p>&#x2705;\u00a0<a href=\"https:\/\/schilddruesenguide.de\/thyreoiditis\/schilddruesenwissen-fuer-aerzte-fortbildung-community-vernetzung\/\">Fortbildung, Community &amp; Vernetzung<\/a><br \/>\n\u2013 Kongresse, Webinare und Vernetzungsm\u00f6glichkeiten mit KollegInnen<\/p>\n<h3><strong>Mitmachen &amp; Vernetzen<\/strong><\/h3>\n<p>Themenvorschlag f\u00fcr die Kategorie <a href=\"https:\/\/schilddruesenguide.de\/thyreoiditis\/category\/schilddruesenforschung\/\">Schilddr\u00fcsenforschung<\/a><\/p>\n<p><a href=\"https:\/\/schilddruesenguide.de\/thyreoiditis\/schilddruesenwissen-fuer-aerzte-fachbeitraege-aus-der-praxis\/\">Gastbeitrag<\/a> einreichen: Teilen Sie Ihre Expertise mit KollegInnen.<\/p>\n<p><a href=\"https:\/\/schilddruesenguide.de\/thyreoiditis\/webverzeichnis-schilddruese\/\">Webverzeichnis<\/a> f\u00fcr SpezialistInnen: Pr\u00e4sentieren Sie Ihre Praxis oder Klinik.<\/p>\n<div style=\"border-left: 4px solid #008000; background-color: #f1fdf3; padding: 12px; font-family: Arial, sans-serif; font-size: 14px; line-height: 1.5; margin-bottom: 20px; text-align: left;\"><span style=\"color: #000000;\"><strong>Tipp<\/strong>: Um Ihnen die Orientierung auf www.schilddruesenguide.de zu erleichtern, habe ich eine \u00dcbersicht der wichtigsten Inhalte erstellt. <\/span>\u27a4<span style=\"color: #008000;\"><strong> <a style=\"color: #008000;\" href=\"https:\/\/schilddruesenguide.de\/thyreoiditis\/navigationsseite\/\">Zur Navigationsseite<\/a><\/strong><\/span><\/div>\n<hr \/>\n<p>Letzte Aktualisierung: 19. September 2025<\/p>\n","protected":false},"excerpt":{"rendered":"<p>Herzlich willkommen im Fachbereich! Sch\u00f6n, dass Sie da sind &#8211; ich habe diese Seiten erstellt, damit Sie die auf www.schilddruesenguide.de ver\u00f6ffentlichten Fachartikel Ihrer KollegInnen schneller finden. Dieser Bereich richtet sich an \u00c4rztInnen (EndokrinologInnen, NuklearmedizinerInnen, RadiologInnen, ChirurgInnen und InternistInnen), die regelm\u00e4\u00dfig mit Schilddr\u00fcsenerkrankungen in ihrer Praxis oder Klinik konfrontiert sind. Ob [&hellip;]<\/p>\n","protected":false},"author":1,"featured_media":0,"parent":0,"menu_order":0,"comment_status":"closed","ping_status":"closed","template":"","meta":{"_metis_text_type":"standard","_metis_text_length":2294,"_post_count":0,"footnotes":""},"class_list":["post-19048","page","type-page","status-publish","hentry"],"_links":{"self":[{"href":"https:\/\/schilddruesenguide.de\/thyreoiditis\/wp-json\/wp\/v2\/pages\/19048","targetHints":{"allow":["GET"]}}],"collection":[{"href":"https:\/\/schilddruesenguide.de\/thyreoiditis\/wp-json\/wp\/v2\/pages"}],"about":[{"href":"https:\/\/schilddruesenguide.de\/thyreoiditis\/wp-json\/wp\/v2\/types\/page"}],"author":[{"embeddable":true,"href":"https:\/\/schilddruesenguide.de\/thyreoiditis\/wp-json\/wp\/v2\/users\/1"}],"replies":[{"embeddable":true,"href":"https:\/\/schilddruesenguide.de\/thyreoiditis\/wp-json\/wp\/v2\/comments?post=19048"}],"version-history":[{"count":0,"href":"https:\/\/schilddruesenguide.de\/thyreoiditis\/wp-json\/wp\/v2\/pages\/19048\/revisions"}],"wp:attachment":[{"href":"https:\/\/schilddruesenguide.de\/thyreoiditis\/wp-json\/wp\/v2\/media?parent=19048"}],"curies":[{"name":"wp","href":"https:\/\/api.w.org\/{rel}","templated":true}]}}