{"id":17547,"date":"2025-07-25T08:29:43","date_gmt":"2025-07-25T06:29:43","guid":{"rendered":"https:\/\/schilddruesenguide.de\/thyreoiditis\/?page_id=17547"},"modified":"2025-12-15T09:27:02","modified_gmt":"2025-12-15T08:27:02","slug":"basedow","status":"publish","type":"page","link":"https:\/\/schilddruesenguide.de\/thyreoiditis\/basedow\/","title":{"rendered":"Wissensbaustein: Wie schlimm ist Morbus Basedow?"},"content":{"rendered":"<h2>FAQs zu Morbus Basedow<\/h2>\n<h3>Was ist Morbus Basedow?<\/h3>\n<p>Morbus Basedow ist eine Autoimmunerkrankung, bei der das Immunsystem die Schilddr\u00fcse angreift, was zu einer \u00dcberproduktion von Schilddr\u00fcsenhormonen f\u00fchrt. Dies kann eine Vielzahl von Symptomen verursachen, darunter Nervosit\u00e4t, Gewichtsverlust und Augenprobleme.<\/p>\n<p>&#x1f4dd; <strong>Einzelheiten lesen Sie in den Artikeln:<\/strong><\/p>\n<p><a href=\"https:\/\/schilddruesenguide.de\/thyreoiditis\/morbus-basedow-was-ist-das\/\">Kurzinfo: Morbus Basedow &#8211; Was ist das?<\/a><\/p>\n<p>Jutta Knopp: <a href=\"https:\/\/schilddruesenguide.de\/thyreoiditis\/informationen-zum-krankheitsbild-morbus-basedow\/\">Morbus Basedow (Informationen zum Krankheitsbild)<\/a><\/p>\n<p>Prof. Dr. Herrmann: <a href=\"https:\/\/schilddruesenguide.de\/thyreoiditis\/morbus-basedow\/\">Morbus Basedow<\/a><\/p>\n<div style=\"border: 2px solid #4CAF50; background-color: #e8f5e9; padding: 20px; border-radius: 8px; font-family: Arial, sans-serif; color: #2e7d32;\">\n<h3 style=\"margin-top: 0; color: #2e7d32;\">&#x1f4da;<span style=\"color: #000000;\"> B\u00fccher zu Morbus Basedow<\/span><\/h3>\n<p><span style=\"color: #000000;\">Anders als bei der Hashimoto-Thyreoiditis gibt es zur Erkrankung Morbus Basedow nur wenige Patientenratgeber &#8211; die meist unseri\u00f6sen Ern\u00e4hrungsratgeber mal ausgenommen.<\/span><\/p>\n<ul>\n<li><span style=\"color: #000000;\">Brakebusch, Heufelder: <strong><a style=\"color: #000000;\" href=\"https:\/\/amzn.to\/4f37k94\">Leben mit Morbus Basedow<\/a><\/strong><\/span><\/li>\n<li><span style=\"color: #000000;\">Bender: <strong><a style=\"color: #000000;\" href=\"https:\/\/amzn.to\/45id0c6\">Morbus Basedow alternativ behandeln und die Schilddr\u00fcse erhalten<\/a><\/strong><\/span><\/li>\n<li><span style=\"color: #000000;\">Gronegger: <strong><a style=\"color: #000000;\" href=\"https:\/\/amzn.to\/3H3IzNw\">Schilddr\u00fcsen-\u00dcberfunktion. Mit mehr Wissen zur richtigen Diagnose und Behandlung.<\/a><\/strong><\/span><\/li>\n<\/ul>\n<p><span style=\"color: #000000;\">Hinweis: Bei den Links handelt es sich um Affiliate-Links. Wenn Sie dar\u00fcber kaufen erhalte ich eine kleine Provision &#8211; f\u00fcr Sie bleibt der Preis gleich, aber Sie unterst\u00fctzen damit meine Arbeit.<\/span><\/p>\n<\/div>\n<p>&nbsp;<\/p>\n<h3>Welche Symptome hat man bei Morbus Basedow?<\/h3>\n<p>Zu den h\u00e4ufigsten Symptomen geh\u00f6ren:<\/p>\n<ul>\n<li>Schneller Herzschlag<\/li>\n<li>Schlafst\u00f6rungen<\/li>\n<li>Nervosit\u00e4t und Reizbarkeit<\/li>\n<li>Gewichtsverlust trotz erh\u00f6htem Appetit<\/li>\n<li>Augenprobleme wie Augenschwellung und Lichtempfindlichkeit<\/li>\n<\/ul>\n<p>&#x1f4dd; <strong>Einzelheiten lesen Sie in dem Artikel:<\/strong><\/p>\n<p><a href=\"https:\/\/schilddruesenguide.de\/thyreoiditis\/beschwerden-bei-einer-ueberfunktion-der-schilddruese\/\">Beschwerden bei einer \u00dcberfunktion der Schilddr\u00fcse (Hyperthyreose)<\/a><\/p>\n<h3>Wie wird Morbus Basedow diagnostiziert?<\/h3>\n<p>Morbus Basedow wird durch eine Blutuntersuchung diagnostiziert, bei der erh\u00f6hte TRAK-Werte (Thyreotropin-Rezeptor-Antik\u00f6rper) und Schilddr\u00fcsenhormone festgestellt werden.<\/p>\n<p>&#x1f4dd; <strong>Einzelheiten lesen Sie in dem Artikel:<\/strong><\/p>\n<p>Erkl\u00e4rung der Schilddr\u00fcsenlaborwerte &#8211; Schilddr\u00fcsenautoantik\u00f6rper &#8211; <a href=\"https:\/\/schilddruesenguide.de\/thyreoiditis\/erklaerung-der-schilddruesenlaborwerte-teil-2-schilddruesenautoantikoerper\/#trak\">TRAK (TSH-Rezeptor-Antik\u00f6rper)<\/a><\/p>\n<h3>Wie wird Morbus Basedow behandelt?<\/h3>\n<p>Behandelt wird Morbus Basedow durch:<\/p>\n<ul>\n<li>Medikament\u00f6se Therapie<\/li>\n<li>Radiojodtherapie<\/li>\n<li>Chirurgische Entfernung von Schilddr\u00fcsengewebe<\/li>\n<\/ul>\n<p>&#x1f4dd; <strong>Einzelheiten lesen Sie in den Artikeln:<\/strong><\/p>\n<p><a href=\"https:\/\/schilddruesenguide.de\/thyreoiditis\/medikamentoese-therapie-bei-morbus-basedow\/\">Medikament\u00f6se Therapie bei Morbus Basedow<\/a><\/p>\n<p>Prof. Dr. Jochen Dressler: <a href=\"https:\/\/schilddruesenguide.de\/thyreoiditis\/radioiodtherapie-wissenswertes-fuer-patienten\/\">Radioiodtherapie: Wissenswertes f\u00fcr Patienten<\/a><\/p>\n<p>Prof. Dr. Joachim J\u00e4hne, Dr. Andrea Beuleke:\u00a0<a href=\"https:\/\/schilddruesenguide.de\/thyreoiditis\/chirurgische-therapie-von-gut-und-boesartigen-schilddruesenerkrankungen\/\">Chirurgische Therapie von gut- und b\u00f6sartigen Schilddr\u00fcsenerkrankungen<\/a><\/p>\n<h3>Wie hoch ist das R\u00fcckfallrisiko nach einer Therapie?<\/h3>\n<p>Der <strong>GREAT-Score<\/strong> (Graves&#8216; Disease Risk Assessment Tool) ist ein Score, der zur Risikoabsch\u00e4tzung bei Patienten mit Morbus Basedow verwendet wird. Er hilft dabei, die Wahrscheinlichkeit einer Remission oder das Risiko eines R\u00fcckfalls nach der Behandlung der Erkrankung abzusch\u00e4tzen.<\/p>\n<p>&#x1f4dd; <strong>Einzelheiten lesen Sie in dem Artikel:<\/strong><\/p>\n<p><a href=\"https:\/\/schilddruesenguide.de\/thyreoiditis\/great-score-zur-risikoabschaetzung-beim-morbus-basedow\/\">GREAT-Score zur Risikoabsch\u00e4tzung beim Morbus Basedow<\/a><\/p>\n<h3>Was kann ich selbst tun, um meine Symptome zu lindern?<\/h3>\n<p>Ein gesunder Lebensstil und regelm\u00e4\u00dfige Bewegung k\u00f6nnen helfen, die Beschwerden beim Morbus Basedow zu lindern. Stressmanagement und ausreichend Schlaf sind ebenfalls wichtig. Au\u00dferdem werden eine jodarme Ern\u00e4hrung und die Einnahme von Selen empfohlen.<\/p>\n<p>&#x1f4dd; <strong>Einzelheiten lesen Sie in den Artikeln:<\/strong><\/p>\n<p><a href=\"https:\/\/schilddruesenguide.de\/thyreoiditis\/was-kann-ich-selbst-tun-bei-schilddruesenueberfunktion\/\">Was kann ich selbst tun bei Schilddr\u00fcsen\u00fcberfunktion?<\/a><\/p>\n<p><a href=\"https:\/\/schilddruesenguide.de\/thyreoiditis\/morbus-basedow-tipps-fuer-die-zeit-der-thyreostatischen-therapie\/\">Tipps f\u00fcr die Zeit der thyreostatischen Therapie<\/a><\/p>\n<div style=\"border: 2px solid #4CAF50; background-color: #e8f5e9; padding: 20px; border-radius: 8px; font-family: Arial, sans-serif; color: #2e7d32;\">\n<h3 style=\"margin-top: 0; color: #2e7d32;\"><span style=\"color: #000000;\">&#x1f441;&#xfe0f; Produkte zur Augenpflege bei Morbus Basedow<\/span><\/h3>\n<ul>\n<li><span style=\"color: #000000;\"><em>Bepanthen\u00ae <\/em><strong><a style=\"color: #000000;\" href=\"https:\/\/amzn.to\/3GQFq3H\">Augentropfen<\/a><\/strong> \u2013 Beruhigen und regenerieren die Augenoberfl\u00e4che.<\/span><\/li>\n<li><span style=\"color: #000000;\"><a style=\"color: #000000;\" href=\"https:\/\/amzn.to\/41b85Hx\"><strong>Sonnenbrille mit Seitenschutz<\/strong><\/a><em> (z.B. von Julbo\u00ae)<\/em> \u2013 Sch\u00fctzt empfindliche Augen vor Licht und Wind.<\/span><\/li>\n<li><span style=\"color: #000000;\"><em>TheraPearl\u00ae <\/em><strong><a style=\"color: #000000;\" href=\"https:\/\/amzn.to\/451plQG\">Augenmaske<\/a><\/strong> \u2013 K\u00fchl- oder W\u00e4rmemaske zur Linderung von Schwellungen.<\/span><\/li>\n<li><span style=\"color: #000000;\"><a style=\"color: #000000;\" href=\"https:\/\/amzn.to\/4kXKOzQ\"><strong>Augengel f\u00fcr die Nacht<\/strong><\/a> (z.\u202fB. <em>Siccaforte\u00ae Augengel<\/em>) \u2013 F\u00fcr anhaltenden Schutz w\u00e4hrend des Schlafens.<\/span><\/li>\n<li><span style=\"color: #000000;\">Biojoy\u00ae <strong><a style=\"color: #000000;\" href=\"https:\/\/amzn.to\/4lFC02R\">Augentrosttee<\/a><\/strong> &#8211; sowohl als Getr\u00e4nk als auch f\u00fcr Augensp\u00fclungen und Augenkompressen<\/span><\/li>\n<li><span id=\"productTitle\" class=\"a-size-large product-title-word-break\" style=\"color: #000000;\">Cefasel\u00ae <strong><a style=\"color: #000000;\" href=\"https:\/\/amzn.to\/4o67CQF\">Selen-Tabletten<\/a><\/strong> &#8211; haben antioxidative und entz\u00fcndungshemmende Eigenschaften<\/span><\/li>\n<\/ul>\n<p><span style=\"color: #000000;\">Hinweis: Bei den Links handelt es sich um Affiliate-Links. Wenn Sie dar\u00fcber kaufen erhalte ich eine kleine Provision &#8211; f\u00fcr Sie bleibt der Preis gleich, aber Sie unterst\u00fctzen damit meine Arbeit.<\/span><\/p>\n<\/div>\n<p>&nbsp;<\/p>\n<h4>Ern\u00e4hrung &amp; Mikron\u00e4hrstoffe<\/h4>\n<p>Ein gesunder Lebensstil und die richtige Ern\u00e4hrung k\u00f6nnen helfen, die Symptome von Morbus Basedow zu lindern. Eine jodarme Ern\u00e4hrung ist dabei besonders wichtig. Bei gleichzeitig vorliegender Endokriner Orbitopathie kann auch eine mehrmonatige Selen-Einnahme empfohlen werden.<\/p>\n<p>&#x1f4dd; <strong>Einzelheiten lesen Sie in den Artikeln:<\/strong><\/p>\n<p><a href=\"https:\/\/schilddruesenguide.de\/thyreoiditis\/die-bedeutung-des-spurenelements-selen-bei-morbus-basedow\/\">Die Bedeutung des Spurenelements Selen bei Morbus Basedow<\/a><\/p>\n<p><a href=\"https:\/\/schilddruesenguide.de\/thyreoiditis\/ernaehrung-bei-morbus-basedow-was-sie-beachten-sollten\/\">Ern\u00e4hrung bei Morbus Basedow \u2013 Was Sie beachten sollten<\/a><\/p>\n<h4>Psychische Gesundheit<\/h4>\n<p>Die psychischen Belastungen durch Morbus Basedow k\u00f6nnen sehr heftig sein. Viele Betroffene leiden unter Angstzust\u00e4nden, Nervosit\u00e4t und Schlafst\u00f6rungen.<\/p>\n<p>&#x1f4dd; <strong>Einzelheiten lesen Sie in dem Artikel:<\/strong><\/p>\n<p><a href=\"https:\/\/schilddruesenguide.de\/thyreoiditis\/psychische-gesundheit-bei-morbus-basedow-wie-sie-mit-den-herausforderungen-umgehen-koennen\/\">Psychische Gesundheit bei Morbus Basedow \u2013 Wie Sie mit den Herausforderungen umgehen k\u00f6nnen<\/a><\/p>\n<div style=\"border: 2px solid #4CAF50; background-color: #e8f5e9; padding: 20px; border-radius: 8px; font-family: Arial, sans-serif; color: #2e7d32;\">\n<h3 style=\"margin-top: 0; color: #2e7d32;\"><span style=\"color: #000000;\">Mini-Guide: Tipps bei endokriner Orbitopathie<\/span><\/h3>\n<ul>\n<li><span style=\"color: #000000;\"><strong>Regelm\u00e4\u00dfige Augenpflege<\/strong> \u2013 Verwenden Sie Augentropfen oder -gele, um die Augentrockenheit zu lindern.<\/span><\/li>\n<li><span style=\"color: #000000;\"><strong>Hochlagern des Kopfes<\/strong>\u00a0\u2013 Schlafen Sie mit erh\u00f6htem Kopfteil, um n\u00e4chtliche Augenschwellungen zu reduzieren.<\/span><\/li>\n<li><span style=\"color: #000000;\"><strong>Lichtschutz<\/strong> \u2013 Tragen Sie Sonnenbrillen (evt. mit Seitenschutz), besonders bei Lichtempfindlichkeit.<\/span><\/li>\n<li><span style=\"color: #000000;\"><strong>Nikotin vermeiden<\/strong> \u2013 Rauchen verschlechtert den Verlauf der endokrinen Orbitopathie erheblich.<\/span><\/li>\n<li><span style=\"color: #000000;\"><strong>Keine Augenreiben<\/strong> \u2013 Reibung reizt das Gewebe zus\u00e4tzlich, verwenden Sie stattdessen k\u00fchle (beruhigende) Augenpads.<\/span><\/li>\n<li><span style=\"color: #000000;\"><strong>Stressmanagement<\/strong> \u2013 Stress kann Entz\u00fcndungsprozesse f\u00f6rdern, also Ruhepausen einbauen!<\/span><\/li>\n<\/ul>\n<\/div>\n<p>&nbsp;<\/p>\n<h3>Wie beeinflusst Morbus Basedow meine Augen?<\/h3>\n<p>Morbus Basedow kann zu einer endokrinen Orbitopathie f\u00fchren, bei der sich die Augen entz\u00fcnden und schmerzen. Das kann eine spezielle Behandlung erforderlich machen.<\/p>\n<p>&#x1f4dd; <strong>Einzelheiten lesen Sie in dem Artikel:<\/strong><\/p>\n<p>Es gibt auf www.schilddruesenguide.de ein sehr ausf\u00fchrliches <a href=\"https:\/\/schilddruesenguide.de\/thyreoiditis\/spezial-behandlung-der-endokrinen-orbitopathie-augenbeteiligung-beim-morbus-basedow\/\">Themen-Spezial zur Behandlung der Endokrinen Orbitopathie<\/a> (Augenbeteiligung) beim Morbus Basedow<\/p>\n<div style=\"border-left: 4px solid #008000; background-color: #f1fdf3; padding: 12px; font-family: Arial, sans-serif; font-size: 14px; line-height: 1.5; margin-bottom: 20px; text-align: left;\"><span style=\"color: #000000;\"><strong>Tipp<\/strong>: Um Ihnen die Orientierung auf www.schilddruesenguide.de zu erleichtern, habe ich eine \u00dcbersicht der wichtigsten Inhalte erstellt. <\/span>\u27a4<span style=\"color: #008000;\"><strong> <a style=\"color: #008000;\" href=\"https:\/\/schilddruesenguide.de\/thyreoiditis\/navigationsseite\/\">Zur Navigationsseite<\/a><\/strong><\/span><\/div>\n<hr \/>\n<p>Letzte Aktualisierung: 15. Dezember 2025<\/p>\n<p>Zur\u00fcck zur \u00dcbersicht: Erkrankungen der Schilddr\u00fcse verstehen &#8211; <a href=\"https:\/\/schilddruesenguide.de\/thyreoiditis\/schilddruesenerkrankungen-verstehen-symptome-werte-therapie-ein-ueberblick-der-meistgelesenen-blogartikel\/\"><b>Symptome, Werte &amp; Therapie<\/b><\/a><\/p>\n","protected":false},"excerpt":{"rendered":"<p>FAQs zu Morbus Basedow Was ist Morbus Basedow? Morbus Basedow ist eine Autoimmunerkrankung, bei der das Immunsystem die Schilddr\u00fcse angreift, was zu einer \u00dcberproduktion von Schilddr\u00fcsenhormonen f\u00fchrt. Dies kann eine Vielzahl von Symptomen verursachen, darunter Nervosit\u00e4t, Gewichtsverlust und Augenprobleme. &#x1f4dd; Einzelheiten lesen Sie in den Artikeln: Kurzinfo: Morbus Basedow &#8211; [&hellip;]<\/p>\n","protected":false},"author":1,"featured_media":0,"parent":0,"menu_order":0,"comment_status":"closed","ping_status":"closed","template":"","meta":{"_metis_text_type":"standard","_metis_text_length":6172,"_post_count":0,"footnotes":""},"class_list":["post-17547","page","type-page","status-publish","hentry"],"_links":{"self":[{"href":"https:\/\/schilddruesenguide.de\/thyreoiditis\/wp-json\/wp\/v2\/pages\/17547","targetHints":{"allow":["GET"]}}],"collection":[{"href":"https:\/\/schilddruesenguide.de\/thyreoiditis\/wp-json\/wp\/v2\/pages"}],"about":[{"href":"https:\/\/schilddruesenguide.de\/thyreoiditis\/wp-json\/wp\/v2\/types\/page"}],"author":[{"embeddable":true,"href":"https:\/\/schilddruesenguide.de\/thyreoiditis\/wp-json\/wp\/v2\/users\/1"}],"replies":[{"embeddable":true,"href":"https:\/\/schilddruesenguide.de\/thyreoiditis\/wp-json\/wp\/v2\/comments?post=17547"}],"version-history":[{"count":0,"href":"https:\/\/schilddruesenguide.de\/thyreoiditis\/wp-json\/wp\/v2\/pages\/17547\/revisions"}],"wp:attachment":[{"href":"https:\/\/schilddruesenguide.de\/thyreoiditis\/wp-json\/wp\/v2\/media?parent=17547"}],"curies":[{"name":"wp","href":"https:\/\/api.w.org\/{rel}","templated":true}]}}