{"id":16644,"date":"2025-07-05T16:27:43","date_gmt":"2025-07-05T14:27:43","guid":{"rendered":"https:\/\/schilddruesenguide.de\/thyreoiditis\/?page_id=16644"},"modified":"2025-07-05T16:31:00","modified_gmt":"2025-07-05T14:31:00","slug":"schilddruesenguide-das-original-%f0%9f%a6%8b-so-bereitest-du-dich-perfekt-auf-den-arzttermin-vor-2","status":"publish","type":"page","link":"https:\/\/schilddruesenguide.de\/thyreoiditis\/schilddruesenguide-das-original-%f0%9f%a6%8b-so-bereitest-du-dich-perfekt-auf-den-arzttermin-vor-2\/","title":{"rendered":"Schilddr\u00fcsenguide \u2013 das Original &#x1f98b;. So bereitest du dich perfekt auf den Arzttermin vor"},"content":{"rendered":"<p><strong>So bereitest du dich perfekt auf den Arzttermin vor \u2013 Tipps f\u00fcr mehr Klarheit und weniger Stress<\/strong><\/p>\n<p><strong>Ein Arztbesuch kann f\u00fcr viele Menschen mit etwas Nervosit\u00e4t verbunden sein. Vor allem, wenn es um komplexe Themen wie die Schilddr\u00fcsengesundheit oder andere chronische Beschwerden geht, kann es leicht passieren, dass man im Gespr\u00e4ch mit dem Arzt etwas vergisst oder nicht genug Fragen stellt. Eine gute Vorbereitung ist der Schl\u00fcssel, um das Beste aus deinem Termin herauszuholen. In diesem Artikel erf\u00e4hrst du, wie du dich optimal auf den Arztbesuch vorbereiten kannst, damit du mit klaren Informationen und einem besseren Gef\u00fchl aus der Praxis gehst.<\/strong><\/p>\n<h2>1. Notiere deine Symptome und Fragen<\/h2>\n<p><strong>Symptome aufschreiben:<\/strong><br \/>\nBevor du zum Arzt gehst, schreibe eine detaillierte Liste deiner Symptome auf. Welche Beschwerden hast du genau und wann traten sie zum ersten Mal auf? Beobachte auch, wie sich die Symptome im Laufe der Zeit ver\u00e4ndert haben. Dies hilft dem Arzt, eine pr\u00e4zisere Diagnose zu stellen.<\/p>\n<p><strong>H\u00e4ufige Fragen sammeln:<\/strong><br \/>\n\u00dcberlege dir im Vorfeld, welche Fragen du hast und schreibe sie auf. Manche \u00c4rzte k\u00f6nnen durch das Zeitmanagement in der Praxis schnell zu einem Punkt kommen, an dem du vielleicht etwas vergisst. Eine Liste stellt sicher, dass du nichts Wichtiges \u00fcbersiehst. Hier sind einige Beispiele, die dir helfen k\u00f6nnten:<\/p>\n<ul>\n<li>Was k\u00f6nnte die Ursache meiner Beschwerden sein?<\/li>\n<li>Welche Tests oder Untersuchungen sind n\u00f6tig?<\/li>\n<li>Welche Behandlungsm\u00f6glichkeiten gibt es und was sind die Vor- und Nachteile?<\/li>\n<li>Welche Ver\u00e4nderungen in meinem Lebensstil oder in meiner Ern\u00e4hrung k\u00f6nnten mir helfen?<\/li>\n<li>Gibt es alternative Behandlungsans\u00e4tze oder unterst\u00fctzende Therapien?<\/li>\n<\/ul>\n<h2>2. Bringe alle relevanten medizinischen Unterlagen mit<\/h2>\n<p>Falls du schon einmal behandelt wurdest oder bestimmte medizinische Untersuchungen gemacht hast, bringe alle relevanten Unterlagen mit. Dazu geh\u00f6ren:<\/p>\n<ul>\n<li>Vorherige Diagnosen: Falls du bereits eine Schilddr\u00fcsenerkrankung oder eine andere chronische Krankheit hast.<\/li>\n<li>Medikamentenliste: Eine Liste aller Medikamente, die du derzeit einnimmst (einschlie\u00dflich verschreibungspflichtiger Medikamente, rezeptfreier Pr\u00e4parate und Nahrungserg\u00e4nzungsmittel).<\/li>\n<li>Blutwerte oder Testergebnisse: Falls du vor dem Termin bereits Tests hattest, sei es f\u00fcr die Schilddr\u00fcse oder andere relevante Laboruntersuchungen, nimm die Ergebnisse mit.<\/li>\n<li>Impfpass: Gerade bei allgemeinen Untersuchungen oder Routine-Checkups kann es hilfreich sein, deinen Impfpass dabei zu haben.<\/li>\n<\/ul>\n<h2>3. Bereite deine Krankengeschichte vor<\/h2>\n<p>Stelle sicher, dass du die wichtigsten Informationen zu deiner Krankengeschichte parat hast. Das hilft dem Arzt, das Gesamtbild deiner Gesundheit besser zu verstehen. Dazu geh\u00f6ren:<\/p>\n<ul>\n<li>Fr\u00fchere Erkrankungen: Besonders chronische oder wiederkehrende Erkrankungen.<\/li>\n<li>Famili\u00e4re Vorerkrankungen: Einige Krankheiten, wie z. B. Autoimmunerkrankungen (z. B. Hashimoto), k\u00f6nnen famili\u00e4r geh\u00e4uft auftreten. Dies ist f\u00fcr den Arzt wichtig zu wissen.<\/li>\n<li>Fr\u00fchere Operationen oder Krankenhausaufenthalte: Falls du Operationen hattest oder l\u00e4ngere Krankenhausaufenthalte hattest, gib dem Arzt diese Information.<\/li>\n<\/ul>\n<h2>4. Achte auf den richtigen Zeitpunkt und entscheide dich f\u00fcr den passenden Arzt<\/h2>\n<p><strong>Terminwahl:<\/strong><br \/>\nWenn m\u00f6glich, vereinbare einen Termin zu einer Zeit, in der du dich relativ ausgeruht und entspannt f\u00fchlst. Wenn du eine lange Anfahrt hast oder viel zu erledigen hast, kann es hilfreich sein, den Termin so zu legen, dass du keinen Stress hast und dir gen\u00fcgend Zeit nimmst.<\/p>\n<p><strong>Der richtige Arzt:<\/strong><br \/>\n\u00dcberlege, welcher Arzt der richtige f\u00fcr deine Beschwerden ist. Bei Schilddr\u00fcsenproblemen k\u00f6nnte das ein Endokrinologe, ein Nuklearmediziner, ein Internist oder ein Hausarzt sein. Wenn du das Gef\u00fchl hast, dass eine bestimmte Fachrichtung n\u00f6tig ist, z\u00f6gere nicht, dich vorab zu informieren. Ein guter Arzt ist der, bei dem du dich wohl und verstanden f\u00fchlst.<\/p>\n<h2>5. Bereite dich emotional vor \u2013 ruhig bleiben<\/h2>\n<p>Es ist ganz normal, vor einem Arzttermin nerv\u00f6s oder unsicher zu sein, besonders wenn es um ernstere oder unbekannte gesundheitliche Fragen geht. Doch deine emotionale Vorbereitung kann den Verlauf des Gespr\u00e4chs positiv beeinflussen:<\/p>\n<ul>\n<li>Entspanne dich: Nimm dir vor dem Termin etwas Zeit f\u00fcr dich selbst. Ein kurzer Spaziergang, Atem\u00fcbungen oder etwas Musik k\u00f6nnen helfen, den Kopf frei zu bekommen.<\/li>\n<li>Sei ehrlich: Oft f\u00e4llt es schwer, alle Symptome oder Sorgen zu teilen, weil man sich vielleicht unangemessen f\u00fchlt oder Angst vor einer Diagnose hat. Doch der Arzt braucht die vollst\u00e4ndige Wahrheit, um dir zu helfen.<\/li>\n<li>Erwarte nicht sofort Antworten: Gerade bei komplexen oder mehrdeutigen Symptomen kann es sein, dass der Arzt weitere Tests oder Untersuchungen anordnen muss. Sei geduldig mit dem Prozess und verstehe, dass eine Diagnose nicht immer sofort gestellt werden kann.<\/li>\n<\/ul>\n<h2>6. Begleitperson mitnehmen \u2013 wenn n\u00f6tig<\/h2>\n<p>Wenn du dich unsicher oder \u00fcberfordert f\u00fchlst, kann es sehr hilfreich sein, eine vertrauensw\u00fcrdige Person zum Arzttermin mitzunehmen. Diese Person kann dir helfen, wichtige Informationen zu behalten, Fragen zu stellen oder dich emotional zu unterst\u00fctzen. Manchmal kann es auch hilfreich sein, wenn die Begleitperson Notizen macht, damit du dich w\u00e4hrend des Gespr\u00e4chs ganz auf den Arzt konzentrieren kannst.<\/p>\n<h2>7. Verstehe die empfohlenen n\u00e4chsten Schritte<\/h2>\n<p>Am Ende des Arzttermins ist es wichtig, dass du die n\u00e4chsten Schritte verstehst. M\u00f6glicherweise wirst du:<\/p>\n<ul>\n<li>Weitere Tests oder Blutuntersuchungen ben\u00f6tigen.<\/li>\n<li>Medikamente verschrieben bekommen oder Empfehlungen zur Ern\u00e4hrung oder Bewegung erhalten.<\/li>\n<li>Eine Therapie oder einen bestimmten Behandlungsplan beginnen.<\/li>\n<\/ul>\n<p>Falls du etwas nicht verstehst, z\u00f6gere nicht, nachzufragen! Du hast das Recht, sicherzustellen, dass du den gesamten Behandlungsplan nachvollziehen kannst.<\/p>\n<h2>8. Notiere dir alle wichtigen Informationen<\/h2>\n<p>Es kann sein, dass du w\u00e4hrend des Gespr\u00e4chs viele Informationen bekommst, die du nicht sofort aufnehmen kannst. Bring ein Notizbuch oder dein Handy mit, um dir w\u00e4hrend des Gespr\u00e4chs kurze Notizen zu machen. So beh\u00e4ltst du alles im Blick, auch wenn du nach dem Termin noch Fragen hast.<\/p>\n<h2>9. Nach dem Termin \u2013 Zusammenfassung und Nachverfolgung<\/h2>\n<p>Nachdem du den Arzttermin hinter dir hast, solltest du noch einmal \u00fcberlegen, was besprochen wurde.<\/p>\n<ul>\n<li>Fragen notieren: Falls du nach dem Termin neue Fragen hast, scheue dich nicht, den Arzt oder das Praxispersonal erneut zu kontaktieren.<\/li>\n<li>Termine einplanen: Falls weitere Untersuchungen oder Nachfolgetermine notwendig sind, stelle sicher, dass du diese direkt vereinbarst.<\/li>\n<\/ul>\n<p>&#x1f98b;Fazit: Gut vorbereitet ist halb gewonnen!<\/p>\n<p>Mit der richtigen Vorbereitung kannst du deinen Arzttermin so gestalten, dass du alle wichtigen Informationen bekommst und deine Bedenken gekl\u00e4rt werden. Es geht nicht nur darum, den Arzt \u00fcber deine Symptome zu informieren, sondern auch darum, selbst ein aktiver Teil des Gespr\u00e4chs zu sein und alle offenen Fragen zu stellen. So kannst du sicherstellen, dass du die bestm\u00f6gliche Behandlung erh\u00e4ltst \u2013 und das mit einem besseren Gef\u00fchl und mehr Klarheit.<\/p>\n<p>Bereite dich also im Voraus vor, bleibe ruhig und konzentriert, und nutze die Gelegenheit, alles anzusprechen, was dir auf dem Herzen liegt. Dein Wohlbefinden beginnt mit einem guten Gespr\u00e4ch!<\/p>\n<div style=\"background-color: #f0f0f0; border: 1px solid #ccc; padding: 0.2em 1em; border-radius: 4px; max-width: 100%; margin: 1.5em auto; font-size: 1.0em; color: #2e5e2e; text-align: center;\">\n<p style=\"margin: 0;\"><strong><br \/>\n<a style=\"color: ##9acd32; text-decoration: underline;\" href=\"https:\/\/schilddruesenguide.de\/thyreoiditis\/schilddruesenguide-das-original%f0%9f%a6%8b\/\"><br \/>\nZur\u00fcck zur Startseite: Schilddr\u00fcsenguide \u2013 Das Original &#x1f98b;<br \/>\n<\/a><br \/>\n<\/strong><\/p>\n<\/div>\n","protected":false},"excerpt":{"rendered":"<p>So bereitest du dich perfekt auf den Arzttermin vor \u2013 Tipps f\u00fcr mehr Klarheit und weniger Stress Ein Arztbesuch kann f\u00fcr viele Menschen mit etwas Nervosit\u00e4t verbunden sein. Vor allem, wenn es um komplexe Themen wie die Schilddr\u00fcsengesundheit oder andere chronische Beschwerden geht, kann es leicht passieren, dass man im [&hellip;]<\/p>\n","protected":false},"author":1,"featured_media":0,"parent":0,"menu_order":0,"comment_status":"closed","ping_status":"closed","template":"","meta":{"_metis_text_type":"standard","_metis_text_length":7215,"_post_count":0,"footnotes":""},"class_list":["post-16644","page","type-page","status-publish","hentry"],"_links":{"self":[{"href":"https:\/\/schilddruesenguide.de\/thyreoiditis\/wp-json\/wp\/v2\/pages\/16644","targetHints":{"allow":["GET"]}}],"collection":[{"href":"https:\/\/schilddruesenguide.de\/thyreoiditis\/wp-json\/wp\/v2\/pages"}],"about":[{"href":"https:\/\/schilddruesenguide.de\/thyreoiditis\/wp-json\/wp\/v2\/types\/page"}],"author":[{"embeddable":true,"href":"https:\/\/schilddruesenguide.de\/thyreoiditis\/wp-json\/wp\/v2\/users\/1"}],"replies":[{"embeddable":true,"href":"https:\/\/schilddruesenguide.de\/thyreoiditis\/wp-json\/wp\/v2\/comments?post=16644"}],"version-history":[{"count":0,"href":"https:\/\/schilddruesenguide.de\/thyreoiditis\/wp-json\/wp\/v2\/pages\/16644\/revisions"}],"wp:attachment":[{"href":"https:\/\/schilddruesenguide.de\/thyreoiditis\/wp-json\/wp\/v2\/media?parent=16644"}],"curies":[{"name":"wp","href":"https:\/\/api.w.org\/{rel}","templated":true}]}}