{"id":16642,"date":"2025-07-05T16:26:11","date_gmt":"2025-07-05T14:26:11","guid":{"rendered":"https:\/\/schilddruesenguide.de\/thyreoiditis\/?page_id=16642"},"modified":"2025-07-05T16:31:25","modified_gmt":"2025-07-05T14:31:25","slug":"schilddruesenguide-das-original-%f0%9f%a6%8b-schilddruese-und-ernaehrung-was-hilft-wirklich-2","status":"publish","type":"page","link":"https:\/\/schilddruesenguide.de\/thyreoiditis\/schilddruesenguide-das-original-%f0%9f%a6%8b-schilddruese-und-ernaehrung-was-hilft-wirklich-2\/","title":{"rendered":"Schilddr\u00fcsenguide \u2013 das Original &#x1f98b;. Schilddr\u00fcse und Ern\u00e4hrung \u2013 was hilft wirklich?"},"content":{"rendered":"<p><strong>Schilddr\u00fcse und Ern\u00e4hrung \u2013 Was hilft wirklich?<\/strong><\/p>\n<p><strong>Die Schilddr\u00fcse, auch \u201eK\u00f6nigin der Hormone\u201c genannt, spielt eine zentrale Rolle im Stoffwechsel, der Energieproduktion und vielen anderen K\u00f6rperfunktionen. Ein gut funktionierendes Organ ist deshalb entscheidend f\u00fcr unser Wohlbefinden. Doch was hat die Ern\u00e4hrung mit der Schilddr\u00fcsenfunktion zu tun? Welche Nahrungsmittel f\u00f6rdern eine gesunde Schilddr\u00fcse und welche k\u00f6nnen ihr eher schaden? In diesem Artikel erf\u00e4hrst du, wie du deine Schilddr\u00fcse durch eine ausgewogene Ern\u00e4hrung unterst\u00fctzen kannst \u2013 sei es bei einer Schilddr\u00fcsen\u00fcberfunktion (Hyperthyreose), einer Unterfunktion (Hypothyreose) oder einfach zur allgemeinen Pr\u00e4vention.<\/strong><\/p>\n<h2>Die Schilddr\u00fcse im \u00dcberblick<\/h2>\n<p>Die Schilddr\u00fcse produziert zwei wichtige Hormone: T3 (Triiodthyronin) und T4 (Thyroxin). Diese Hormone regulieren nicht nur den Stoffwechsel, sondern auch die K\u00f6rpertemperatur, das Wachstum, die Herzfrequenz und viele andere Prozesse. Bei einer \u00dcberfunktion produziert die Schilddr\u00fcse zu viel Hormon, was zu Symptomen wie Gewichtsverlust, Nervosit\u00e4t und Schlafst\u00f6rungen f\u00fchren kann. Eine Unterfunktion (Hypothyreose) ist der h\u00e4ufigere Fall und \u00e4u\u00dfert sich durch M\u00fcdigkeit, Gewichtszunahme, K\u00e4lteempfindlichkeit und trockene Haut.<\/p>\n<p>Die Ern\u00e4hrung kann einen direkten Einfluss auf die Schilddr\u00fcsenfunktion haben. Eine gezielte Auswahl von Lebensmitteln kann helfen, die Schilddr\u00fcse zu unterst\u00fctzen, w\u00e4hrend falsche Ern\u00e4hrungsgewohnheiten bestehende Probleme versch\u00e4rfen k\u00f6nnen.<\/p>\n<h2>Nahrungsmittel, die die Schilddr\u00fcse unterst\u00fctzen<\/h2>\n<h3>1. Jodreiche Lebensmittel<\/h3>\n<p>Jod ist ein essentielles Spurenelement, das f\u00fcr die Produktion der Schilddr\u00fcsenhormone T3 und T4 notwendig ist. Ein Jodmangel kann daher zu einer Schilddr\u00fcsenunterfunktion f\u00fchren. Die gute Nachricht: Jod l\u00e4sst sich relativ einfach in die Ern\u00e4hrung integrieren.<\/p>\n<p><strong>Top Jodquellen:<\/strong><\/p>\n<ul>\n<li>Meeresfr\u00fcchte und Fisch: Besonders Seefisch (wie Lachs, Kabeljau und Makrele) und Schalentiere (wie Muscheln und Garnelen) sind hervorragend Jodlieferanten.<\/li>\n<li>Jodiertes Speisesalz: In vielen L\u00e4ndern ist Speisesalz jodiert, was eine einfache M\u00f6glichkeit ist, den Jodbedarf zu decken. Aber Vorsicht: Zu viel Jod kann ebenfalls problematisch sein!<\/li>\n<li>Algen: Besonders Wakame, Nori und Kombu sind sehr jodreich. Doch hier ist M\u00e4\u00dfigung gefragt, denn Algen k\u00f6nnen sehr hohe Jodmengen enthalten, was zu einer \u00dcberversorgung f\u00fchren kann.<\/li>\n<\/ul>\n<h3>2. Selenreiche Lebensmittel<\/h3>\n<p>Selen ist ein weiteres essentielles Mineral, das die Schilddr\u00fcse unterst\u00fctzt. Es hilft bei der Umwandlung von T4 (dem inaktiven Hormon) in T3 (das aktive Hormon) und wirkt zudem antioxidativ, wodurch es die Schilddr\u00fcse vor sch\u00e4dlichen freien Radikalen sch\u00fctzt.<\/p>\n<p><strong>Top Selenquellen:<\/strong><\/p>\n<ul>\n<li>Paran\u00fcsse: Diese enthalten besonders viel Selen \u2013 bereits eine oder zwei N\u00fcsse am Tag reichen aus, um den t\u00e4glichen Bedarf zu decken.<\/li>\n<li>Fleisch: Insbesondere Gefl\u00fcgel, Rind- und Lammfleisch sind gute Selenquellen.<\/li>\n<li>Vollkornprodukte: Diese liefern nicht nur Selen, sondern auch Ballaststoffe und weitere N\u00e4hrstoffe, die den K\u00f6rper insgesamt st\u00e4rken.<\/li>\n<\/ul>\n<h3>3. Zinkreiche Lebensmittel<\/h3>\n<p>Zink ist f\u00fcr die Produktion und Umwandlung von Schilddr\u00fcsenhormonen notwendig. Ein Zinkmangel kann die Schilddr\u00fcsenfunktion negativ beeinflussen, insbesondere bei der Umwandlung von T4 zu T3.<\/p>\n<p><strong>Top Zinkquellen:<\/strong><\/p>\n<ul>\n<li>Fleisch und Gefl\u00fcgel: Insbesondere rotes Fleisch und H\u00fchnerfleisch sind hervorragende Zinkquellen.<\/li>\n<li>H\u00fclsenfr\u00fcchte: Linsen, Kichererbsen und Bohnen sind reich an Zink.<\/li>\n<li>N\u00fcsse und Samen: Besonders K\u00fcrbiskerne, Cashews und Mandeln enthalten viel Zink.<\/li>\n<\/ul>\n<h3>4. Vitamin D<\/h3>\n<p>Vitamin D spielt eine Rolle im Immunsystem und hat auch einen Einfluss auf die Schilddr\u00fcse. Ein Vitamin D-Mangel wird mit verschiedenen Schilddr\u00fcsenerkrankungen in Verbindung gebracht, insbesondere mit Autoimmunerkrankungen wie Hashimoto-Thyreoiditis.<\/p>\n<p><strong>Top Vitamin D Quellen:<\/strong><\/p>\n<ul>\n<li>Fettreicher Fisch: Lachs, Makrele, Sardinen und Hering sind reich an Vitamin D.<\/li>\n<li>Eier: Besonders das Eigelb enth\u00e4lt viel Vitamin D.<\/li>\n<li>Pilze: Einige Pilzarten, insbesondere Shiitake und Champignons, k\u00f6nnen durch UV-Bestrahlung Vitamin D produzieren.<\/li>\n<\/ul>\n<h3>5. Antioxidantienreiche Lebensmittel<\/h3>\n<p>Antioxidantien, wie sie in Obst und Gem\u00fcse vorkommen, sind wichtig, um die Schilddr\u00fcse vor oxidativen Sch\u00e4den zu sch\u00fctzen. Besonders bei Autoimmunerkrankungen der Schilddr\u00fcse (wie Hashimoto) sind antioxidative Lebensmittel hilfreich, um Entz\u00fcndungen zu verringern.<\/p>\n<p><strong>Top Antioxidantienquellen:<\/strong><\/p>\n<ul>\n<li>Blaubeeren, Himbeeren und Erdbeeren: Diese Beeren sind reich an Antioxidantien, die Entz\u00fcndungen im K\u00f6rper reduzieren k\u00f6nnen.<\/li>\n<li>Gr\u00fcnes Blattgem\u00fcse: Spinat, Gr\u00fcnkohl und Mangold enthalten neben Vitaminen auch antioxidative Substanzen.<\/li>\n<li>Karotten und S\u00fc\u00dfkartoffeln: Sie liefern viel Beta-Carotin, das sich positiv auf die Schilddr\u00fcse auswirken kann.<\/li>\n<\/ul>\n<h2>Nahrungsmittel, die der Schilddr\u00fcse schaden k\u00f6nnen<\/h2>\n<p>Es gibt bestimmte Lebensmittel, die die Funktion der Schilddr\u00fcse st\u00f6ren k\u00f6nnen, besonders bei Menschen mit einer bereits bestehenden Schilddr\u00fcsenkrankheit. Diese Lebensmittel wirken in der Regel dann negativ, wenn sie in gro\u00dfen Mengen oder \u00fcber einen l\u00e4ngeren Zeitraum konsumiert werden.<\/p>\n<h3>1. Goitrogene Lebensmittel<\/h3>\n<p>Goitrogene Substanzen in bestimmten Lebensmitteln k\u00f6nnen die Aufnahme von Jod in die Schilddr\u00fcse blockieren und so die Produktion von Schilddr\u00fcsenhormonen beeintr\u00e4chtigen. Besonders bei Jodmangel sollten diese Lebensmittel in Ma\u00dfen genossen werden.<\/p>\n<p><strong>Goitrogene Lebensmittel:<\/strong><\/p>\n<ul>\n<li>Kreuzbl\u00fctlergem\u00fcse: Dazu geh\u00f6ren Brokkoli, Kohl, Blumenkohl, Rosenkohl und Gr\u00fcnkohl. Diese Lebensmittel enthalten Substanzen, die in gr\u00f6\u00dferen Mengen die Schilddr\u00fcse belasten k\u00f6nnen.<\/li>\n<li>Sojaprodukte: Tofu, Sojamilch und andere Sojaprodukte k\u00f6nnen ebenfalls Goitrogene enthalten, die die Jodaufnahme beeintr\u00e4chtigen.<\/li>\n<\/ul>\n<p>Es ist jedoch wichtig zu wissen, dass das Kochen dieser Lebensmittel die goitrogenen Substanzen weitgehend zerst\u00f6rt. Wer also viel Gem\u00fcse aus dieser Familie isst, sollte diese einfach gut kochen, um das Risiko zu minimieren.<\/p>\n<h3>2. Gluten<\/h3>\n<p>F\u00fcr Menschen mit einer Schilddr\u00fcsenautoimmunerkrankung wie Hashimoto-Thyreoiditis kann Gluten ein Problem darstellen. Gluten kann Entz\u00fcndungen f\u00f6rdern und das Immunsystem aktivieren, was die Symptome einer Schilddr\u00fcsenerkrankung versch\u00e4rfen kann.<\/p>\n<h3>3. Verarbeitete Zucker und raffinierte Kohlenhydrate<\/h3>\n<p>Ein \u00fcberm\u00e4\u00dfiger Konsum von Zucker und verarbeiteten Lebensmitteln kann das hormonelle Gleichgewicht st\u00f6ren und Entz\u00fcndungen f\u00f6rdern. Diese Nahrungsmittel haben oft wenig N\u00e4hrstoffe und k\u00f6nnen den K\u00f6rper in einen Zustand der Insulinresistenz versetzen, was langfristig auch die Schilddr\u00fcse belasten kann.<\/p>\n<p>&#x1f98b; Fazit: Ern\u00e4hrung als Schl\u00fcssel zur Schilddr\u00fcsengesundheit<\/p>\n<p>Die richtige Ern\u00e4hrung spielt eine zentrale Rolle bei der Unterst\u00fctzung einer gesunden Schilddr\u00fcsenfunktion. Jod, Selen, Zink und Antioxidantien sind besonders wichtig, um die Produktion und Umwandlung von Schilddr\u00fcsenhormonen zu f\u00f6rdern. Gleichzeitig solltest du bei bestimmten Lebensmitteln wie Goitrogenen oder verarbeiteten Zuckern vorsichtig sein, insbesondere wenn du bereits an einer Schilddr\u00fcsenerkrankung leidest.<\/p>\n<p>Eine ausgewogene, n\u00e4hrstoffreiche Ern\u00e4hrung kann dazu beitragen, die Schilddr\u00fcse zu unterst\u00fctzen und Symptome wie M\u00fcdigkeit, Gewichtszunahme oder K\u00e4lteempfindlichkeit zu lindern. In Verbindung mit einer regelm\u00e4\u00dfigen medizinischen \u00dcberwachung und Behandlung ist eine gesunde Ern\u00e4hrung der Schl\u00fcssel zu mehr Wohlbefinden und einer ausgeglichenen Schilddr\u00fcse.<\/p>\n<div style=\"background-color: #f0f0f0; border: 1px solid #ccc; padding: 0.2em 1em; border-radius: 4px; max-width: 100%; margin: 1.5em auto; font-size: 1.0em; color: #2e5e2e; text-align: center;\">\n<p style=\"margin: 0;\"><strong><br \/>\n<a style=\"color: ##9acd32; text-decoration: underline;\" href=\"https:\/\/schilddruesenguide.de\/thyreoiditis\/schilddruesenguide-das-original%f0%9f%a6%8b\/\"><br \/>\nZur\u00fcck zur Startseite: Schilddr\u00fcsenguide \u2013 Das Original &#x1f98b;<br \/>\n<\/a><br \/>\n<\/strong><\/p>\n<\/div>\n","protected":false},"excerpt":{"rendered":"<p>Schilddr\u00fcse und Ern\u00e4hrung \u2013 Was hilft wirklich? Die Schilddr\u00fcse, auch \u201eK\u00f6nigin der Hormone\u201c genannt, spielt eine zentrale Rolle im Stoffwechsel, der Energieproduktion und vielen anderen K\u00f6rperfunktionen. Ein gut funktionierendes Organ ist deshalb entscheidend f\u00fcr unser Wohlbefinden. Doch was hat die Ern\u00e4hrung mit der Schilddr\u00fcsenfunktion zu tun? Welche Nahrungsmittel f\u00f6rdern eine [&hellip;]<\/p>\n","protected":false},"author":1,"featured_media":0,"parent":0,"menu_order":0,"comment_status":"closed","ping_status":"closed","template":"","meta":{"_metis_text_type":"standard","_metis_text_length":7412,"_post_count":0,"footnotes":""},"class_list":["post-16642","page","type-page","status-publish","hentry"],"_links":{"self":[{"href":"https:\/\/schilddruesenguide.de\/thyreoiditis\/wp-json\/wp\/v2\/pages\/16642","targetHints":{"allow":["GET"]}}],"collection":[{"href":"https:\/\/schilddruesenguide.de\/thyreoiditis\/wp-json\/wp\/v2\/pages"}],"about":[{"href":"https:\/\/schilddruesenguide.de\/thyreoiditis\/wp-json\/wp\/v2\/types\/page"}],"author":[{"embeddable":true,"href":"https:\/\/schilddruesenguide.de\/thyreoiditis\/wp-json\/wp\/v2\/users\/1"}],"replies":[{"embeddable":true,"href":"https:\/\/schilddruesenguide.de\/thyreoiditis\/wp-json\/wp\/v2\/comments?post=16642"}],"version-history":[{"count":0,"href":"https:\/\/schilddruesenguide.de\/thyreoiditis\/wp-json\/wp\/v2\/pages\/16642\/revisions"}],"wp:attachment":[{"href":"https:\/\/schilddruesenguide.de\/thyreoiditis\/wp-json\/wp\/v2\/media?parent=16642"}],"curies":[{"name":"wp","href":"https:\/\/api.w.org\/{rel}","templated":true}]}}