{"id":16641,"date":"2025-07-05T16:25:25","date_gmt":"2025-07-05T14:25:25","guid":{"rendered":"https:\/\/schilddruesenguide.de\/thyreoiditis\/?page_id=16641"},"modified":"2025-07-05T16:31:39","modified_gmt":"2025-07-05T14:31:39","slug":"schilddruesenguide-das-original-%f0%9f%a6%8b-jodmangel-erkennen-2","status":"publish","type":"page","link":"https:\/\/schilddruesenguide.de\/thyreoiditis\/schilddruesenguide-das-original-%f0%9f%a6%8b-jodmangel-erkennen-2\/","title":{"rendered":"Schilddr\u00fcsenguide \u2013 das Original &#x1f98b;. Jodmangel erkennen"},"content":{"rendered":"<p><strong>Jodmangel erkennen \u2013 Warum er so wichtig f\u00fcr deine Gesundheit ist<\/strong><\/p>\n<p><strong>Jod ist ein essentielles Spurenelement, das eine zentrale Rolle bei der Produktion von Schilddr\u00fcsenhormonen spielt. Diese Hormone steuern viele lebenswichtige Prozesse im K\u00f6rper, wie den Stoffwechsel, das Wachstum, die Entwicklung des Gehirns und das allgemeine Wohlbefinden. Ein Mangel an Jod kann daher nicht nur die Schilddr\u00fcsenfunktion beeintr\u00e4chtigen, sondern auch eine Vielzahl anderer gesundheitlicher Probleme verursachen. In diesem Artikel erf\u00e4hrst du, wie du Jodmangel erkennen kannst, welche Symptome auftreten und wie du ihm effektiv vorbeugen kannst.<\/strong><\/p>\n<h2>Warum ist Jod so wichtig?<\/h2>\n<p>Jod ist ein entscheidendes Element f\u00fcr die Synthese der Schilddr\u00fcsenhormone T3 (Triiodthyronin) und T4 (Thyroxin). Diese Hormone steuern die Geschwindigkeit, mit der dein K\u00f6rper Energie verbrennt, und beeinflussen viele K\u00f6rperfunktionen. Ohne gen\u00fcgend Jod kann deine Schilddr\u00fcse nicht genug dieser Hormone produzieren, was zu einer Unterfunktion der Schilddr\u00fcse (Hypothyreose) f\u00fchren kann.<\/p>\n<p>Jod ist besonders wichtig f\u00fcr die Entwicklung des Gehirns und des Nervensystems. Aus diesem Grund ist es f\u00fcr Schwangere und stillende M\u00fctter besonders entscheidend, ausreichend Jod zu sich zu nehmen.<\/p>\n<h2>Wie erkennst du Jodmangel?<\/h2>\n<p>Jodmangel bleibt oft lange unentdeckt, da die Symptome schleichend und unspezifisch sein k\u00f6nnen. Viele der Anzeichen \u00e4hneln denen einer Schilddr\u00fcsenunterfunktion, weshalb es oft schwierig ist, die Ursache zu ermitteln. Zu den h\u00e4ufigsten Symptomen, die auf einen Jodmangel hinweisen k\u00f6nnen, geh\u00f6ren:<\/p>\n<p><strong>1. M\u00fcdigkeit und Ersch\u00f6pfung<\/strong><\/p>\n<p>Jodmangel kann dazu f\u00fchren, dass die Schilddr\u00fcse nicht genug Hormone produziert, um den Stoffwechsel in Gang zu halten. Dies kann zu anhaltender M\u00fcdigkeit, Ersch\u00f6pfung und einem allgemeinen Gef\u00fchl der Schlappheit f\u00fchren.<\/p>\n<p><strong>2. K\u00e4lteempfindlichkeit<\/strong><\/p>\n<p>Wenn du st\u00e4ndig frierst oder das Gef\u00fchl hast, dass deine K\u00f6rpertemperatur sinkt, obwohl es nicht wirklich kalt ist, k\u00f6nnte dies ein Hinweis auf Jodmangel sein. Jodmangel f\u00fchrt oft zu einer verminderten Schilddr\u00fcsenfunktion, was zu einer schlechten W\u00e4rmeproduktion im K\u00f6rper f\u00fchren kann.<\/p>\n<p><strong>3. Gewichtszunahme trotz unver\u00e4nderter Ern\u00e4hrung<\/strong><\/p>\n<p>Ein langsamer Stoffwechsel aufgrund von Jodmangel kann dazu f\u00fchren, dass du ohne ersichtlichen Grund an Gewicht zunimmst. Dies ist besonders dann auff\u00e4llig, wenn du deine Ern\u00e4hrungsgewohnheiten nicht ge\u00e4ndert hast.<\/p>\n<p><strong>4. Trockene Haut und Haarausfall<\/strong><\/p>\n<p>Ein Mangel an Jod kann die Haut trockener machen und zu Haarausfall f\u00fchren. Dies tritt oft in Verbindung mit anderen Symptomen einer Schilddr\u00fcsenunterfunktion auf.<\/p>\n<p><strong>5. Verst\u00e4rkte Menstruationsbeschwerden<\/strong><\/p>\n<p>Bei Frauen kann ein Jodmangel zu unregelm\u00e4\u00dfigen oder verst\u00e4rkten Menstruationszyklen f\u00fchren. Auch das Gef\u00fchl von hormonellen Schwankungen oder Zyklusst\u00f6rungen kann ein Hinweis auf eine unzureichende Schilddr\u00fcsenfunktion durch Jodmangel sein.<\/p>\n<p><strong>6. Schw\u00e4che und Muskelschmerzen<\/strong><\/p>\n<p>Ein allgemeines Gef\u00fchl der Schw\u00e4che, Muskelschmerzen oder Gelenkbeschwerden k\u00f6nnen ebenfalls Anzeichen f\u00fcr Jodmangel sein. Die Schilddr\u00fcse ben\u00f6tigt Jod, um ausreichend Schilddr\u00fcsenhormone zu produzieren, die f\u00fcr die Muskelkraft und -gesundheit wichtig sind.<\/p>\n<p><strong>7. Kropf (Struma)<\/strong><\/p>\n<p>Der Kropf, eine Vergr\u00f6\u00dferung der Schilddr\u00fcse, ist eines der bekanntesten Anzeichen f\u00fcr einen Jodmangel. Wenn die Schilddr\u00fcse aufgrund eines Jodmangels nicht gen\u00fcgend Hormone produzieren kann, versucht sie, durch eine Vergr\u00f6\u00dferung die Hormonproduktion zu steigern. Der Kropf kann sowohl sichtbar als auch tastbar sein und wird oft im Halsbereich bemerkt.<\/p>\n<p><strong>8. Konzentrationsprobleme und Stimmungsschwankungen<\/strong><\/p>\n<p>Da die Schilddr\u00fcsenhormone auch das Gehirn und die Nervenfunktion beeinflussen, kann ein Jodmangel zu Konzentrationsst\u00f6rungen, Ged\u00e4chtnisproblemen und sogar zu Stimmungsschwankungen oder depressiven Verstimmungen f\u00fchren.<\/p>\n<h2>Wer ist besonders gef\u00e4hrdet?<\/h2>\n<p>Nicht jeder ist gleicherma\u00dfen vom Risiko eines Jodmangels betroffen. Besonders gef\u00e4hrdet sind:<\/p>\n<ul>\n<li>Schwangere und stillende Frauen: W\u00e4hrend der Schwangerschaft und Stillzeit hat der K\u00f6rper einen erh\u00f6hten Jodbedarf, um das Wachstum und die Entwicklung des Babys zu unterst\u00fctzen.<\/li>\n<li>Vegetarier und Veganer: Jod kommt haupts\u00e4chlich in tierischen Produkten wie Fisch, Meeresfr\u00fcchten und Eiern vor. Wer diese Lebensmittel nicht konsumiert, kann m\u00f6glicherweise einen Jodmangel entwickeln.<\/li>\n<li>Menschen in jodarmen Regionen: In einigen Regionen, insbesondere in bergigen Gebieten oder L\u00e4ndern ohne jodiertes Speisesalz, kann die Jodaufnahme unzureichend sein.<\/li>\n<li>Babys und Kinder: Besonders in den ersten Lebensjahren ist eine ausreichende Jodzufuhr wichtig, da Jod eine Schl\u00fcsselrolle bei der Entwicklung des Gehirns spielt.<\/li>\n<\/ul>\n<h2>Wie l\u00e4sst sich Jodmangel diagnostizieren?<\/h2>\n<p>Ein Jodmangel kann durch eine einfache Blutuntersuchung festgestellt werden. Dabei werden die Jodwerte im Urin oder die Schilddr\u00fcsenhormone im Blut \u00fcberpr\u00fcft. Ein Arzt kann dir helfen, den Jodstatus zu \u00fcberpr\u00fcfen und gegebenenfalls die richtige Behandlung zu empfehlen.<\/p>\n<h2>Wie kannst du Jodmangel vorbeugen?<\/h2>\n<p>Jodmangel l\u00e4sst sich in der Regel einfach durch eine ausgewogene Ern\u00e4hrung verhindern. Zu den besten Jodquellen geh\u00f6ren:<\/p>\n<ul>\n<li>Seefisch und Meeresfr\u00fcchte: Diese enthalten besonders viel Jod und sind daher eine der besten Quellen f\u00fcr das Spurenelement.<\/li>\n<li>Milchprodukte und Eier: Auch diese liefern Jod und sind eine gute Wahl f\u00fcr Menschen, die keine Meeresfr\u00fcchte essen.<\/li>\n<li>Jodiertes Speisesalz: In vielen L\u00e4ndern wird Speisesalz mit Jod angereichert, um der Bev\u00f6lkerung eine ausreichende Zufuhr zu garantieren. Achte darauf, dass du jodiertes Salz verwendest, um deinen Bedarf zu decken.<\/li>\n<li>Algen: Besonders Algen wie Nori, Wakame und Kombu sind sehr reich an Jod, jedoch sollte man hier vorsichtig sein, da zu viel Jod auch sch\u00e4dlich sein kann.<\/li>\n<li>Jodhaltige Nahrungserg\u00e4nzungsmittel: In Absprache mit einem Arzt k\u00f6nnen auch Nahrungserg\u00e4nzungsmittel helfen, den Jodbedarf zu decken.<\/li>\n<\/ul>\n<p>&#x1f98b; Fazit: Achte auf deine Schilddr\u00fcse!<\/p>\n<p>Jodmangel ist eine h\u00e4ufige Ursache f\u00fcr Schilddr\u00fcsenprobleme, die sich oft schleichend und unspezifisch bemerkbar machen. Ein fr\u00fchzeitiges Erkennen der Symptome und eine gezielte Jodaufnahme k\u00f6nnen helfen, den Mangel zu beheben und die Gesundheit deiner Schilddr\u00fcse zu erhalten. Achte auf deinen K\u00f6rper, vor allem auf Anzeichen wie M\u00fcdigkeit, K\u00e4lteempfindlichkeit oder Gewichtsver\u00e4nderungen, und gehe im Zweifelsfall zum Arzt, um deinen Jodstatus \u00fcberpr\u00fcfen zu lassen. So kannst du sicherstellen, dass deine Schilddr\u00fcse optimal funktioniert und du dich rundum wohlf\u00fchlst.<\/p>\n<div style=\"background-color: #f0f0f0; border: 1px solid #ccc; padding: 0.2em 1em; border-radius: 4px; max-width: 100%; margin: 1.5em auto; font-size: 1.0em; color: #2e5e2e; text-align: center;\">\n<p style=\"margin: 0;\"><strong><br \/>\n<a style=\"color: ##9acd32; text-decoration: underline;\" href=\"https:\/\/schilddruesenguide.de\/thyreoiditis\/schilddruesenguide-das-original%f0%9f%a6%8b\/\"><br \/>\nZur\u00fcck zur Startseite: Schilddr\u00fcsenguide \u2013 Das Original &#x1f98b;<br \/>\n<\/a><br \/>\n<\/strong><\/p>\n<\/div>\n","protected":false},"excerpt":{"rendered":"<p>Jodmangel erkennen \u2013 Warum er so wichtig f\u00fcr deine Gesundheit ist Jod ist ein essentielles Spurenelement, das eine zentrale Rolle bei der Produktion von Schilddr\u00fcsenhormonen spielt. Diese Hormone steuern viele lebenswichtige Prozesse im K\u00f6rper, wie den Stoffwechsel, das Wachstum, die Entwicklung des Gehirns und das allgemeine Wohlbefinden. Ein Mangel an [&hellip;]<\/p>\n","protected":false},"author":1,"featured_media":0,"parent":0,"menu_order":0,"comment_status":"closed","ping_status":"closed","template":"","meta":{"_metis_text_type":"standard","_metis_text_length":6540,"_post_count":0,"footnotes":""},"class_list":["post-16641","page","type-page","status-publish","hentry"],"_links":{"self":[{"href":"https:\/\/schilddruesenguide.de\/thyreoiditis\/wp-json\/wp\/v2\/pages\/16641","targetHints":{"allow":["GET"]}}],"collection":[{"href":"https:\/\/schilddruesenguide.de\/thyreoiditis\/wp-json\/wp\/v2\/pages"}],"about":[{"href":"https:\/\/schilddruesenguide.de\/thyreoiditis\/wp-json\/wp\/v2\/types\/page"}],"author":[{"embeddable":true,"href":"https:\/\/schilddruesenguide.de\/thyreoiditis\/wp-json\/wp\/v2\/users\/1"}],"replies":[{"embeddable":true,"href":"https:\/\/schilddruesenguide.de\/thyreoiditis\/wp-json\/wp\/v2\/comments?post=16641"}],"version-history":[{"count":0,"href":"https:\/\/schilddruesenguide.de\/thyreoiditis\/wp-json\/wp\/v2\/pages\/16641\/revisions"}],"wp:attachment":[{"href":"https:\/\/schilddruesenguide.de\/thyreoiditis\/wp-json\/wp\/v2\/media?parent=16641"}],"curies":[{"name":"wp","href":"https:\/\/api.w.org\/{rel}","templated":true}]}}