{"id":16390,"date":"2025-06-16T13:31:20","date_gmt":"2025-06-16T11:31:20","guid":{"rendered":"https:\/\/schilddruesenguide.de\/thyreoiditis\/?page_id=16390"},"modified":"2025-08-05T15:07:00","modified_gmt":"2025-08-05T13:07:00","slug":"schilddruesenguide-das-original-bin-ich-betroffen-selbsttest-checkliste-tagebuch","status":"publish","type":"page","link":"https:\/\/schilddruesenguide.de\/thyreoiditis\/schilddruesenguide-das-original-bin-ich-betroffen-selbsttest-checkliste-tagebuch\/","title":{"rendered":"Schilddr\u00fcsenguide &#8211; Das Original &#x1f98b;. Bin ich betroffen? Selbsttest, Checkliste &#038; Tagebuch"},"content":{"rendered":"<div style=\"background-color: #ffffff; border-left: 6px solid #e91e63; padding: 16px; margin: 20px 0; font-family: sans-serif;\">\n<p>Wenn Du vermutest, dass deine Schilddr\u00fcse nicht optimal funktioniert, kann ein Schilddr\u00fcsen-Selbsttest eine schnelle M\u00f6glichkeit sein, erste Anzeichen zu erkennen. Diese Tests messen, ob der TSH-Wert ver\u00e4ndert ist. Ein Anbieter f\u00fcr die zuverl\u00e4ssigen Tests von VedaLab ist <a style=\"color: #e91e63; font-weight: bold; text-decoration: underline;\" href=\"https:\/\/www.awin1.com\/awclick.php?gid=493935&amp;mid=87253&amp;awinaffid=579973&amp;linkid=3676469&amp;clickref=\" rel=\"sponsored\">Schnelltest-Check<\/a> (Anzeige).<\/p>\n<\/div>\n<section style=\"padding: 2em; max-width: 900px; margin: auto; font-family: sans-serif;\">\nDu bist auf www.schilddruesenguide.de, weil du glaubst Hashimoto k\u00f6nnte die Ursache f\u00fcr deine Symptome sein? Diese kostenlosen Materialien helfen dir, deine Beschwerden besser einzuordnen und dich optimal auf den Arztbesuch vorzubereiten.<\/p>\n<div style=\"display: flex; flex-wrap: wrap; gap: 1.5em; margin-top: 2em;\">\n<p><!-- Box 1 --><\/p>\n<div style=\"flex: 1 1 250px; background-color: #f0f0f0; border: 1px solid #ccc; border-radius: 8px; padding: 1.5em;\">\n<h2>Hashimoto-Selbsttest<\/h2>\n<p>Vergleiche deine Symptome mit den typischen Anzeichen f\u00fcr Hashimoto. Dieser Selbsttest gibt erste Anhaltspunkte.<\/p>\n<p><a style=\"display: inline-block; margin-top: 0.5em; padding: 0.5em 1em; background-color: #9acd32; color: white; border-radius: 4px; text-decoration: none;\" href=\"https:\/\/schilddruesenguide.de\/thyreoiditis\/wp-content\/uploads\/2025\/06\/Schilddruesenguide-das-Original-Selbstcheck-Hashimoto.pdf\" target=\"_blank\" rel=\"noopener\">&#x1f4c4; PDF herunterladen<\/a><\/p>\n<\/div>\n<p><!-- Box 2 --><\/p>\n<div style=\"flex: 1 1 250px; background-color: #f0f0f0; border: 1px solid #ccc; border-radius: 8px; padding: 1.5em;\">\n<h2>Checkliste &#8222;Arztbesuch&#8220;<\/h2>\n<p>Wichtige Punkte f\u00fcr das Gespr\u00e4ch mit deiner \u00c4rztin oder deinem Arzt. So bist du vorbereitet und vergisst du nichts!<\/p>\n<p><a style=\"display: inline-block; margin-top: 0.5em; padding: 0.5em 1em; background-color: #9acd32; color: white; border-radius: 4px; text-decoration: none;\" href=\"https:\/\/schilddruesenguide.de\/thyreoiditis\/wp-content\/uploads\/2025\/06\/Schilddruesenguide-das-Original-Checkliste-Arztbesuch.pdf\" target=\"_blank\" rel=\"noopener\">&#x1f4c4; PDF herunterladen<\/a><\/p>\n<\/div>\n<p><!-- Box 3 --><\/p>\n<div style=\"flex: 1 1 250px; background-color: #f0f0f0; border: 1px solid #ccc; border-radius: 8px; padding: 1.5em;\">\n<h2>Tagebuch<\/h2>\n<p>Halte deine k\u00f6rperlichen Symptome, deine Stimmung und Ver\u00e4nderungen fest. Das gibt die dir M\u00f6glichkeit fr\u00fchzeitig reagieren zu k\u00f6nnen.<\/p>\n<p><a style=\"display: inline-block; margin-top: 0.5em; padding: 0.5em 1em; background-color: #9acd32; color: white; border-radius: 4px; text-decoration: none;\" href=\"https:\/\/schilddruesenguide.de\/thyreoiditis\/wp-content\/uploads\/2025\/06\/Schilddruesenguide-das-Original-Beschwerdetagebuch.pdf\" target=\"_blank\" rel=\"noopener\">&#x1f4c4; PDF herunterladen<\/a><\/p>\n<\/div>\n<p>&nbsp;<\/p>\n<\/div>\n<\/section>\n<div style=\"background-color: #f0f0f0; border: 1px solid #ccc; padding: 0.2em 1em; border-radius: 4px; max-width: 100%; margin: 1.5em auto; font-size: 1.0em; color: #2e5e2e; text-align: center;\">\n<p style=\"margin: 0;\"><strong><br \/>\n<a style=\"color: #9acd32; text-decoration: underline;\" href=\"https:\/\/schilddruesenguide.de\/thyreoiditis\/schilddruesenguide-das-original%f0%9f%a6%8b\/\"><br \/>\nZur\u00fcck zur Startseite: Schilddr\u00fcsenguide \u2013 Das Original &#x1f98b;<br \/>\n<\/a><br \/>\n<\/strong><\/p>\n<\/div>\n","protected":false},"excerpt":{"rendered":"<p>Wenn Du vermutest, dass deine Schilddr\u00fcse nicht optimal funktioniert, kann ein Schilddr\u00fcsen-Selbsttest eine schnelle M\u00f6glichkeit sein, erste Anzeichen zu erkennen. Diese Tests messen, ob der TSH-Wert ver\u00e4ndert ist. Ein Anbieter f\u00fcr die zuverl\u00e4ssigen Tests von VedaLab ist Schnelltest-Check (Anzeige). Du bist auf www.schilddruesenguide.de, weil du glaubst Hashimoto k\u00f6nnte die Ursache [&hellip;]<\/p>\n","protected":false},"author":1,"featured_media":0,"parent":0,"menu_order":0,"comment_status":"closed","ping_status":"closed","template":"","meta":{"_metis_text_type":"standard","_metis_text_length":1126,"_post_count":0,"footnotes":""},"class_list":["post-16390","page","type-page","status-publish","hentry"],"_links":{"self":[{"href":"https:\/\/schilddruesenguide.de\/thyreoiditis\/wp-json\/wp\/v2\/pages\/16390","targetHints":{"allow":["GET"]}}],"collection":[{"href":"https:\/\/schilddruesenguide.de\/thyreoiditis\/wp-json\/wp\/v2\/pages"}],"about":[{"href":"https:\/\/schilddruesenguide.de\/thyreoiditis\/wp-json\/wp\/v2\/types\/page"}],"author":[{"embeddable":true,"href":"https:\/\/schilddruesenguide.de\/thyreoiditis\/wp-json\/wp\/v2\/users\/1"}],"replies":[{"embeddable":true,"href":"https:\/\/schilddruesenguide.de\/thyreoiditis\/wp-json\/wp\/v2\/comments?post=16390"}],"version-history":[{"count":0,"href":"https:\/\/schilddruesenguide.de\/thyreoiditis\/wp-json\/wp\/v2\/pages\/16390\/revisions"}],"wp:attachment":[{"href":"https:\/\/schilddruesenguide.de\/thyreoiditis\/wp-json\/wp\/v2\/media?parent=16390"}],"curies":[{"name":"wp","href":"https:\/\/api.w.org\/{rel}","templated":true}]}}