{"id":16342,"date":"2025-06-16T09:54:15","date_gmt":"2025-06-16T07:54:15","guid":{"rendered":"https:\/\/schilddruesenguide.de\/thyreoiditis\/?page_id=16342"},"modified":"2026-03-16T07:59:58","modified_gmt":"2026-03-16T06:59:58","slug":"schilddruesenguide-das-original%f0%9f%a6%8b","status":"publish","type":"page","link":"https:\/\/schilddruesenguide.de\/thyreoiditis\/schilddruesenguide-das-original%f0%9f%a6%8b\/","title":{"rendered":"Schilddr\u00fcsenguide &#8211; Das Original&#x1f98b;."},"content":{"rendered":"<h2><a href=\"https:\/\/schilddruesenguide.de\/thyreoiditis\/schilddruesenguide-das-original-%f0%9f%a6%8b-deine-komplette-uebersicht-zur-schilddruese-symptome-ursachen-diagnose-behandlung\/\">Deine komplette <strong>\u00dcbersicht<\/strong> zur Schilddr\u00fcse &#8211; Symptome, Ursachen, Diagnose, Behandlung<\/a><\/h2>\n<p><img loading=\"lazy\" decoding=\"async\" class=\"alignleft wp-image-16599\" title=\"Logo Schilddr\u00fcsenguide - Das Original\" src=\"https:\/\/schilddruesenguide.de\/thyreoiditis\/wp-content\/uploads\/2025\/07\/SDGuideOriginal-295x300.jpg\" alt=\"Logo Schilddr\u00fcsenguide - Das Original\" width=\"200\" height=\"203\" srcset=\"https:\/\/schilddruesenguide.de\/thyreoiditis\/wp-content\/uploads\/2025\/07\/SDGuideOriginal-295x300.jpg 295w, https:\/\/schilddruesenguide.de\/thyreoiditis\/wp-content\/uploads\/2025\/07\/SDGuideOriginal.jpg 667w\" sizes=\"auto, (max-width: 200px) 100vw, 200px\" \/>Alles, was du \u00fcber die Schilddr\u00fcse wissen musst: Symptome, Ursachen, Diagnose und Behandlung \u2013 fundiert, verst\u00e4ndlich und aktuell.<\/p>\n<p>Ob Unterfunktion, Hashimoto, Knoten oder Basedow mit \u00dcberfunktion \u2013 dieser Guide bietet dir eine umfassende Orientierung bei Beschwerden, Befunden oder Unsicherheiten.<\/p>\n<p>F\u00fcr alle, die ihre Schilddr\u00fcse besser verstehen und informierte Entscheidungen treffen wollen.<\/p>\n<p><strong>Surftipp:<\/strong> Erkrankungen der Schilddr\u00fcse verstehen: <a href=\"https:\/\/schilddruesenguide.de\/thyreoiditis\/schilddruesenerkrankungen-verstehen-symptome-werte-therapie-ein-ueberblick-der-meistgelesenen-blogartikel\/\"><b>Symptome, Werte &amp; Therapie\u00a0<\/b><\/a>\u2013 ein \u00dcberblick der meistgelesenen Blogartikel!<\/p>\n<h2>Schilddr\u00fcsenratgeber Top-10<\/h2>\n<p><strong>Inhaltsverzeichnis: Schilddr\u00fcsenguide &#8211; Das Original &#x1f98b;<\/strong><\/p>\n<ol>\n<li><a href=\"https:\/\/schilddruesenguide.de\/thyreoiditis\/schilddruesenguide-das-original-%f0%9f%a6%8b-symptome-bei-maedchen-und-frauen\/\">Schilddr\u00fcsenunterfunktion &#8211; Symptome bei M\u00e4dchen und Frauen<\/a><\/li>\n<li><a href=\"https:\/\/schilddruesenguide.de\/thyreoiditis\/schilddruesenguide-das-original-%f0%9f%a6%8b-hashimoto-richtig-behandeln\/\">Hashimoto richtig behandeln!<\/a><\/li>\n<li><a href=\"https:\/\/schilddruesenguide.de\/thyreoiditis\/schilddruesenguide-das-original-%f0%9f%a6%8b-nebenwirkungen-von-l-thyroxin-alternativen-2\/\">Nebenwirkungen von L-Thyroxin &amp; Alternativen<\/a><\/li>\n<li><a href=\"https:\/\/schilddruesenguide.de\/thyreoiditis\/schilddruesenguide-das-original-%f0%9f%a6%8b-mikronaehrstoffe-fuer-die-schilddruese\/\">Mikron\u00e4hrstoffe f\u00fcr die Schilddr\u00fcse<\/a><\/li>\n<li><a href=\"https:\/\/schilddruesenguide.de\/thyreoiditis\/schilddruesenguide-das-original-%f0%9f%a6%8b-schilddruesenwerte-entschluesseln-tsh-ft3-und-ft4-erklaert\/\">Schilddr\u00fcsenwerte entschl\u00fcsseln \u2013 TSH, fT3 und fT4 erkl\u00e4rt<\/a><\/li>\n<li><a href=\"https:\/\/schilddruesenguide.de\/thyreoiditis\/schilddruesenguide-das-original-%f0%9f%a6%8b-jodmangel-erkennen-2\/\">Jodmangel erkennen<\/a><\/li>\n<li><a href=\"https:\/\/schilddruesenguide.de\/thyreoiditis\/schilddruesenguide-das-original-%f0%9f%a6%8b-schilddruese-und-ernaehrung-was-hilft-wirklich-2\/\">Schilddr\u00fcse und Ern\u00e4hrung \u2013 was hilft wirklich?<\/a><\/li>\n<li><a href=\"https:\/\/schilddruesenguide.de\/thyreoiditis\/schilddruesenguide-das-original-%f0%9f%a6%8b-schilddruesenueberfunktion-verstehen-2\/\">Schilddr\u00fcsen\u00fcberfunktion verstehen<\/a><\/li>\n<li><a href=\"https:\/\/schilddruesenguide.de\/thyreoiditis\/schilddruesenguide-das-original-%f0%9f%a6%8b-schilddruese-und-zyklus-schwangerschaft-wechseljahre\/\">Schilddr\u00fcse und Zyklus \/ Schwangerschaft \/ Wechseljahre<\/a><\/li>\n<li><a href=\"https:\/\/schilddruesenguide.de\/thyreoiditis\/schilddruesenguide-das-original-%f0%9f%a6%8b-so-bereitest-du-dich-perfekt-auf-den-arzttermin-vor-2\/\">So bereitest du dich perfekt auf den Arzttermin vor<\/a><\/li>\n<\/ol>\n<h2>Buchempfehlung f\u00fcr dich<\/h2>\n<div style=\"border: 1px solid #ddd; border-radius: 10px; padding: 15px; max-width: 500px; margin: 20px auto; background-color: #fefefe; font-family: Arial, sans-serif; font-size: 14px;\"><strong style=\"font-size: 14px; color: #333;\">Hashimoto-Thyreoiditis? Dieser aktuelle Patientenratgeber fasst zusammen, was M\u00e4dchen &amp; Frauen nach der Diagnose wissen m\u00fcssen<br \/>\n<\/strong><\/p>\n<p style=\"margin-top: 8px; color: #555; line-height: 1.5;\">Viele Betroffene f\u00fchlen sich jahrelang unverstanden. Das E-Book <em>\u201e<span style=\"color: #008000;\">Diagnose Hashimoto-Thyreoiditis bei M\u00e4dchen und Frauen<\/span>\u201c<\/em> bringt Klarheit \u2013 mit verst\u00e4ndlichen Erkl\u00e4rungen und hilfreichen Alltagstipps.<\/p>\n<p style=\"font-style: italic; color: #666; font-size: 12px; margin-top: 6px;\"><span style=\"color: #008000;\">\u201eH\u00e4tte ich das fr\u00fcher gelesen, w\u00e4ren mir viele Zweifel erspart geblieben.\u201c \u2013 Carola (51)<\/span><\/p>\n<p><a style=\"display: inline-block; background-color: #28a745; color: white; padding: 6px 12px; border-radius: 5px; font-weight: bold; font-size: 13px; text-decoration: none; margin-top: 10px;\" href=\"https:\/\/amzn.to\/3GWSXTS\" target=\"_blank\" rel=\"noopener\">Jetzt das E-Book ansehen*<br \/>\n<\/a><\/p>\n<p style=\"font-size: 10px; color: #999; margin-top: 6px;\">Hinweise: *Amazon-Partnerlink \u2013 beim Kauf erhalte ich eine kleine Provision, ohne Mehrkosten f\u00fcr Sie. Das E-Book ist auch f\u00fcr den Tolino erh\u00e4ltlich z.B. bei<span style=\"color: #008000;\"> <em><a style=\"color: #008000;\" href=\"https:\/\/www.thalia.de\/shop\/home\/artikeldetails\/A1070760968\">thalia.de<\/a><\/em><\/span><\/p>\n<\/div>\n<h2>Als kleine Hilfestellung 4 Decision trees<\/h2>\n<p>Die Entscheidungsb\u00e4ume dienen nur zur Orientierung &#8211; sie ersetzen nicht nicht die Beratung und Behandlung durch eine \u00c4rztin oder einen Arzt.<\/p>\n<ol>\n<li>Schilddr\u00fcsenguide \u2013 das Original &#x1f98b;. Entscheidungsbaum: <a href=\"https:\/\/schilddruesenguide.de\/thyreoiditis\/schilddruesenguide-das-original-%f0%9f%a6%8b-entscheidungsbaum-verdacht-auf-hypothyreose\/\">Verdacht auf Hypothyreose (Unterfunktion der Schilddr\u00fcse)<\/a><\/li>\n<li>Schilddr\u00fcsenguide \u2013 das Original &#x1f98b;. Entscheidungsbaum: <a href=\"https:\/\/schilddruesenguide.de\/thyreoiditis\/schilddruesenguide-das-original-%f0%9f%a6%8b-entscheidungsbaum-verdacht-auf-hyperthyreose\/\">Verdacht auf Hyperthyreose (\u00dcberfunktion der Schilddr\u00fcse)<\/a><\/li>\n<li>Schilddr\u00fcsenguide \u2013 das Original &#x1f98b;. Entscheidungsbaum: <a href=\"https:\/\/schilddruesenguide.de\/thyreoiditis\/schilddruesenguide-das-original-%f0%9f%a6%8b-entscheidungsbaum-tsh-erhoeht-ft3-und-ft4-normal\/\">TSH erh\u00f6ht \u2013 fT3 und fT4 normal (latente &#8222;versteckte&#8220; Schilddr\u00fcsenunterfunktion)<\/a><\/li>\n<li>Schilddr\u00fcsenguide \u2013 das Original &#x1f98b;. Entscheidungsbaum: <a href=\"https:\/\/schilddruesenguide.de\/thyreoiditis\/schilddruesenguide-das-original-%f0%9f%a6%8b-entscheidungsbaum-tsh-erniedrigt-ft3-und-ft4-normal\/\">TSH erniedrigt \u2013 fT3 und fT4 normal (latente &#8222;versteckte&#8220; Schilddr\u00fcsen\u00fcberfunktion)<\/a><\/li>\n<\/ol>\n<div style=\"border-left: 4px solid #d63384; background-color: #fdf1f7; padding: 12px; font-family: Arial, sans-serif; font-size: 14px; line-height: 1.5; margin-bottom: 20px; text-align: left;\">\n<p><span style=\"color: #000000;\"><strong>Tipp<\/strong>: Falls Du dir unsicher bist, ob die Schilddr\u00fcse f\u00fcr deine Symptome verantwortlich ist, kannst du auch als erstes einen Selbsttest machen. Seri\u00f6se Anbieter daf\u00fcr sind <a href=\"https:\/\/www.awin1.com\/awclick.php?gid=456346&amp;mid=43615&amp;awinaffid=579973&amp;linkid=3318357&amp;clickref=\" rel=\"sponsored\"><strong>Medicross-Labs<\/strong><\/a> (Anzeige) oder <strong><a href=\"https:\/\/www.awin1.com\/awclick.php?gid=493935&amp;mid=87253&amp;awinaffid=579973&amp;linkid=3676469&amp;clickref=\" rel=\"sponsored\">Schnelltest-Check <\/a><\/strong>(Anzeige). Mehr dar\u00fcber erf\u00e4hrst du in dem Blogartikel \u27a4 <\/span><span style=\"color: #d63384;\"><strong><a style=\"color: #d63384; text-decoration: none;\" href=\"https:\/\/schilddruesenguide.de\/thyreoiditis\/schilddruesendiagnostik-zu-hause-was-taugen-selbsttests-wirklich\/\">Schilddr\u00fcsendiagnostik zu Hause \u2013 Was taugen Selbsttests wirklich?<\/a><\/strong><\/span><\/p>\n<\/div>\n<h2><a href=\"https:\/\/schilddruesenguide.de\/thyreoiditis\/schilddruesenguide-das-original-%f0%9f%a6%8b-dein-kostenloses-ebook\/\">Dein kostenloses E-Book zur Hashimoto-Thyreoiditis!<\/a><\/h2>\n<p><strong>Schilddr\u00fcsenguide \u2013 Das Original &#x1f98b;: Diagnose Hashimoto-Thyreoiditis \u2026 das solltest du wissen!<\/strong> ist ein kompakter Ratgeber f\u00fcr alle, die die Hashimoto-Thyreoiditis besser verstehen und aktiv damit leben m\u00f6chten. Auf 26 Seiten erf\u00e4hrst du, was wirklich wichtig ist \u2013 verst\u00e4ndlich, aktuell und praxisnah.<\/p>\n<h2><a href=\"https:\/\/schilddruesenguide.de\/thyreoiditis\/schilddruesenguide-das-original-bin-ich-betroffen-selbsttest-checkliste-tagebuch\/\">3 Checklisten f\u00fcr dich gratis dazu!<\/a><\/h2>\n<p>Du vermutest, Hashimoto zu haben oder hast bereits erste Symptome? Der\u00a0Selbsttest auf Hashimoto, die Checkliste f\u00fcr den Arztbesuch und das Beschwerdetagebuch\u00a0helfen dir, deine Beschwerden besser einzuordnen und dich optimal auf den Arztbesuch vorzubereiten.<\/p>\n<div style=\"border-left: 4px solid #008000; background-color: #f1fdf3; padding: 12px; font-family: Arial, sans-serif; font-size: 14px; line-height: 1.5; margin-bottom: 20px; text-align: left;\"><span style=\"color: #000000;\"><strong>Tipp<\/strong>: Um dir die Orientierung auf www.schilddruesenguide.de zu erleichtern, habe ich eine \u00dcbersicht der wichtigsten Inhalte erstellt. <\/span>\u27a4<span style=\"color: #008000;\"><strong> <a style=\"color: #008000;\" href=\"https:\/\/schilddruesenguide.de\/thyreoiditis\/navigationsseite\/\">Zur Navigationsseite<\/a><\/strong><\/span><\/div>\n<hr \/>\n<p>Letzte Aktualisierung: 18. September 2025<\/p>\n","protected":false},"excerpt":{"rendered":"<p>Deine komplette \u00dcbersicht zur Schilddr\u00fcse &#8211; Symptome, Ursachen, Diagnose, Behandlung Alles, was du \u00fcber die Schilddr\u00fcse wissen musst: Symptome, Ursachen, Diagnose und Behandlung \u2013 fundiert, verst\u00e4ndlich und aktuell. Ob Unterfunktion, Hashimoto, Knoten oder Basedow mit \u00dcberfunktion \u2013 dieser Guide bietet dir eine umfassende Orientierung bei Beschwerden, Befunden oder Unsicherheiten. F\u00fcr [&hellip;]<\/p>\n","protected":false},"author":1,"featured_media":0,"parent":0,"menu_order":0,"comment_status":"closed","ping_status":"closed","template":"","meta":{"_metis_text_type":"standard","_metis_text_length":3739,"_post_count":0,"footnotes":""},"class_list":["post-16342","page","type-page","status-publish","hentry"],"_links":{"self":[{"href":"https:\/\/schilddruesenguide.de\/thyreoiditis\/wp-json\/wp\/v2\/pages\/16342","targetHints":{"allow":["GET"]}}],"collection":[{"href":"https:\/\/schilddruesenguide.de\/thyreoiditis\/wp-json\/wp\/v2\/pages"}],"about":[{"href":"https:\/\/schilddruesenguide.de\/thyreoiditis\/wp-json\/wp\/v2\/types\/page"}],"author":[{"embeddable":true,"href":"https:\/\/schilddruesenguide.de\/thyreoiditis\/wp-json\/wp\/v2\/users\/1"}],"replies":[{"embeddable":true,"href":"https:\/\/schilddruesenguide.de\/thyreoiditis\/wp-json\/wp\/v2\/comments?post=16342"}],"version-history":[{"count":1,"href":"https:\/\/schilddruesenguide.de\/thyreoiditis\/wp-json\/wp\/v2\/pages\/16342\/revisions"}],"predecessor-version":[{"id":19950,"href":"https:\/\/schilddruesenguide.de\/thyreoiditis\/wp-json\/wp\/v2\/pages\/16342\/revisions\/19950"}],"wp:attachment":[{"href":"https:\/\/schilddruesenguide.de\/thyreoiditis\/wp-json\/wp\/v2\/media?parent=16342"}],"curies":[{"name":"wp","href":"https:\/\/api.w.org\/{rel}","templated":true}]}}