{"id":16338,"date":"2025-06-16T09:07:23","date_gmt":"2025-06-16T07:07:23","guid":{"rendered":"https:\/\/schilddruesenguide.de\/thyreoiditis\/?page_id=16338"},"modified":"2025-06-16T09:07:23","modified_gmt":"2025-06-16T07:07:23","slug":"pressemitteilung-die-unterschaetzte-druese-warum-die-schilddruese-mehr-aufmerksamkeit-verdient","status":"publish","type":"page","link":"https:\/\/schilddruesenguide.de\/thyreoiditis\/pressemitteilung-die-unterschaetzte-druese-warum-die-schilddruese-mehr-aufmerksamkeit-verdient\/","title":{"rendered":"Pressemitteilung: Die untersch\u00e4tzte Dr\u00fcse &#8211; Warum die Schilddr\u00fcse mehr Aufmerksamkeit verdient"},"content":{"rendered":"<p><strong>Lemgo, 16.06.25<\/strong><\/p>\n<p>Millionen Menschen in Deutschland leiden unter M\u00fcdigkeit, Gewichtszunahme, Antriebslosigkeit oder chronischem Frieren \u2013 ohne zu wissen, dass diese Symptome auf eine St\u00f6rung der Schilddr\u00fcse hinweisen k\u00f6nnten. Die schmetterlingsf\u00f6rmige Dr\u00fcse am Hals ist ein zentrales Steuerorgan f\u00fcr Stoffwechsel, Energiehaushalt und psychisches Wohlbefinden \u2013 wird aber in Diagnostik und Therapie noch immer untersch\u00e4tzt.<\/p>\n<p>Laut aktuellen Sch\u00e4tzungen sind in Deutschland 25 Millionen Menschen von Schilddr\u00fcsenerkrankungen wie Hashimoto-Thyreoiditis, Schilddr\u00fcsenunterfunktion oder Jodmangel betroffen. Viele von ihnen wissen nichts von ihrer Erkrankung, da Symptome oft als \u201eStress\u201c, Burnout oder psychosomatisch fehlinterpretiert werden.<\/p>\n<p><strong>Informationsportal bietet Hilfe \u2013 kostenlos und unabh\u00e4ngig<\/strong><\/p>\n<p>Mit dem Schilddr\u00fcsenguide (www.schilddruesenguide.de) gibt es seit \u00fcber 20 Jahren eine zentrale und fundierte Anlaufstelle f\u00fcr Betroffene und Interessierte. Die Plattform bietet:<\/p>\n<ul>\n<li>ein kostenloses E-Book mit medizinischem Grundwissen<\/li>\n<li>Checklisten f\u00fcr Schilddr\u00fcsenpatientInnen<\/li>\n<li>fast 1.000 Artikel zu Diagnosen, Laborwerten, Symptomen und Therapiem\u00f6glichkeiten<\/li>\n<\/ul>\n<p>\u201eNur wer die Zusammenh\u00e4nge versteht, kann bei der eigenen Gesundheit mitreden und mitentscheiden\u201c, sagt Nicole Wobker, Betreiberin der Website. Der Schilddr\u00fcsenguide setzt genau hier an: Laienverst\u00e4ndlich, fortlaufend aktualisiert und komplett kostenlos.<\/p>\n<p><strong>Ganzheitlicher Ansatz ohne Esoterik<\/strong><\/p>\n<p>Neben schulmedizinischen Grundlagen enth\u00e4lt der Schilddr\u00fcsenguide auch praxisnahe Tipps zu Ern\u00e4hrung, Mikron\u00e4hrstoffen, Naturheilkunde und Alternativmedizin. Damit bietet die Seite einen ganzheitlichen Blick auf die Schilddr\u00fcsengesundheit \u2013 wissenschaftlich fundiert, aber bodenst\u00e4ndig.<\/p>\n<p>Wer den Ursachen seiner Beschwerden wirklich auf den Grund gehen will, findet im Schilddr\u00fcsenguide einen verl\u00e4sslichen Begleiter \u2013 informativ, aktuell und komplett kostenfrei.<\/p>\n<p>Weitere Informationen unter: www.schilddruesenguide.de<\/p>\n<hr \/>\n<p>Die Portalseite www.schilddruesenguide.de ist seit M\u00e4rz 2005 online. Sie ist auf die circa 25 Millionen Schilddr\u00fcsenpatientInnen in Deutschland ausgerichtet und bietet ausf\u00fchrliche Informationen zum Thema Schilddr\u00fcse. Neben umfassenden Erl\u00e4uterungen zu den unterschiedlichen Krankheitsbildern (z.B. Schilddr\u00fcsenfehlfunktion, Hashimoto-Thyreoiditis, Morbus Basedow, Schilddr\u00fcsenvergr\u00f6\u00dferung) werden praktische Tipps f\u00fcr das Leben mit einer Schilddr\u00fcsenerkrankung gegeben sowie neueste Forschungsergebnisse ver\u00f6ffentlicht.<\/p>\n<hr \/>\n<p>Abdruck kostenfrei erlaubt. Belegexemplar erbeten.<\/p>\n","protected":false},"excerpt":{"rendered":"<p>Lemgo, 16.06.25 Millionen Menschen in Deutschland leiden unter M\u00fcdigkeit, Gewichtszunahme, Antriebslosigkeit oder chronischem Frieren \u2013 ohne zu wissen, dass diese Symptome auf eine St\u00f6rung der Schilddr\u00fcse hinweisen k\u00f6nnten. Die schmetterlingsf\u00f6rmige Dr\u00fcse am Hals ist ein zentrales Steuerorgan f\u00fcr Stoffwechsel, Energiehaushalt und psychisches Wohlbefinden \u2013 wird aber in Diagnostik und Therapie [&hellip;]<\/p>\n","protected":false},"author":1,"featured_media":0,"parent":0,"menu_order":0,"comment_status":"closed","ping_status":"closed","template":"","meta":{"_metis_text_type":"standard","_metis_text_length":2530,"_post_count":0,"footnotes":""},"class_list":["post-16338","page","type-page","status-publish","hentry"],"_links":{"self":[{"href":"https:\/\/schilddruesenguide.de\/thyreoiditis\/wp-json\/wp\/v2\/pages\/16338","targetHints":{"allow":["GET"]}}],"collection":[{"href":"https:\/\/schilddruesenguide.de\/thyreoiditis\/wp-json\/wp\/v2\/pages"}],"about":[{"href":"https:\/\/schilddruesenguide.de\/thyreoiditis\/wp-json\/wp\/v2\/types\/page"}],"author":[{"embeddable":true,"href":"https:\/\/schilddruesenguide.de\/thyreoiditis\/wp-json\/wp\/v2\/users\/1"}],"replies":[{"embeddable":true,"href":"https:\/\/schilddruesenguide.de\/thyreoiditis\/wp-json\/wp\/v2\/comments?post=16338"}],"version-history":[{"count":0,"href":"https:\/\/schilddruesenguide.de\/thyreoiditis\/wp-json\/wp\/v2\/pages\/16338\/revisions"}],"wp:attachment":[{"href":"https:\/\/schilddruesenguide.de\/thyreoiditis\/wp-json\/wp\/v2\/media?parent=16338"}],"curies":[{"name":"wp","href":"https:\/\/api.w.org\/{rel}","templated":true}]}}