{"id":16316,"date":"2025-06-16T07:58:57","date_gmt":"2025-06-16T05:58:57","guid":{"rendered":"https:\/\/schilddruesenguide.de\/thyreoiditis\/?page_id=16316"},"modified":"2025-08-11T11:33:55","modified_gmt":"2025-08-11T09:33:55","slug":"schilddruesenguide-das-original-seit-20-jahren-die-verlaessliche-anlaufstelle-fuer-betroffene-und-interessierte","status":"publish","type":"page","link":"https:\/\/schilddruesenguide.de\/thyreoiditis\/schilddruesenguide-das-original-seit-20-jahren-die-verlaessliche-anlaufstelle-fuer-betroffene-und-interessierte\/","title":{"rendered":"Schilddr\u00fcsenguide \u2013 Das Original&#x1f98b;. Seit 20 Jahren die verl\u00e4ssliche Anlaufstelle f\u00fcr Betroffene und Interessierte."},"content":{"rendered":"<h2>Schilddr\u00fcsenguide \u2013 Dein kostenloser Kompass f\u00fcr eine gesunde Schilddr\u00fcse<\/h2>\n<h2>www.schilddruesenguide.de \u2013 Das Original!<\/h2>\n<h2 style=\"text-align: left;\"><a href=\"https:\/\/schilddruesenguide.de\/thyreoiditis\/schilddruesenguide-das-original%f0%9f%a6%8b\/\"><img decoding=\"async\" class=\"alignright wp-image-16599 size-medium\"  src=\"https:\/\/schilddruesenguide.de\/thyreoiditis\/wp-content\/uploads\/2025\/07\/SDGuideOriginal-295x300.jpg\" alt=\"Logo Schilddr\u00fcsenguide - Das Original!\" title=\"Logo Schilddr\u00fcsenguide - Das Original!\" =\"295\" height=\"300\" srcset=\"https:\/\/schilddruesenguide.de\/thyreoiditis\/wp-content\/uploads\/2025\/07\/SDGuideOriginal-295x300.jpg 295w, https:\/\/schilddruesenguide.de\/thyreoiditis\/wp-content\/uploads\/2025\/07\/SDGuideOriginal.jpg 667w\" sizes=\"(max-width: 295px) 100vw, 295px\" \/><\/a><\/h2>\n<p>Entdecke den Schilddr\u00fcsenguide, die umfassende deutschsprachige Plattform rund um das Thema Schilddr\u00fcsengesundheit. Mit fast 1.000 Seiten fundierten Informationen, hilfreichen Checklisten und einem kostenlosen E-Book bist du bestens ger\u00fcstet, um deine Schilddr\u00fcse besser zu verstehen \u2013 und deine Gesundheit aktiv zu verbessern.<\/p>\n<h3>Was dich erwartet:<\/h3>\n<ul>\n<li>Kostenloses E-Book: Kompakt und praxisnah \u2013 ideal f\u00fcr den schnellen Einstieg ins Thema Schilddr\u00fcse\/Hashimoto-Thyreoiditis.<\/li>\n<li>Individuelle Checklisten: Selbsttest auf Hashimoto, Checkliste f\u00fcr den Arztbesuch und ein Beschwerdetagebuch<\/li>\n<li>Tiefgehende Fachartikel: Von Hashimoto \u00fcber Schilddr\u00fcsenunterfunktion bis zu Jodversorgung, Laborwerten und Therapieoptionen.<\/li>\n<li>Erprobte Tipps aus der Praxis: Ern\u00e4hrung, N\u00e4hrstofftherapie &amp; ganzheitliche Ans\u00e4tze zur Unterst\u00fctzung der Schilddr\u00fcse.<\/li>\n<\/ul>\n<div style=\"border: 1px solid #ccc; border-radius: 8px; padding: 15px; max-width: 320px; margin: 20px auto; background-color: #fdfdfd; font-family: Arial, sans-serif;\">\n<div style=\"display: flex; align-items: flex-start;\"><img decoding=\"async\" style=\"width: 116px; height: 184px; margin-right: 15px;\" src=\"https:\/\/schilddruesenguide.de\/thyreoiditis\/wp-content\/uploads\/2023\/12\/Buchcover-DHT-F.jpg\" alt=\"Buchcover Diagnose Hashimoto-Thyreoiditis\" \/><\/p>\n<div><a title=\"Diagnose Hashimoto-Thyreoiditis bei M\u00e4dchen und Frauen\" href=\"https:\/\/amzn.to\/3GWSXTS\" target=\"_blank\" rel=\"noopener\"><strong style=\"font-size: 16px; color: #333;\">Diagnose Hashimoto-Thyreoiditis bei M\u00e4dchen und Frauen<\/strong><\/a><\/p>\n<p style=\"font-size: 12px; color: #666; margin-top: 10px; font-style: italic;\">\u201eWirklich hilfreich! H\u00e4tte ich gern fr\u00fcher gehabt, dann w\u00e4ren mir viele Probleme &amp; Selbstzweifel erspart geblieben.\u201c \u2013 Carola (51)<\/p>\n<\/div>\n<\/div>\n<p style=\"font-size: 12px; color: #999; margin-top: 10px;\"><em>Hinweis: Wenn du das eBook \u00fcber diesen Link kaufst, erhalte ich eine kleine Provision. Der Preis f\u00fcr dich bleibt gleich.<\/em><\/p>\n<\/div>\n<h3>Warum Schilddr\u00fcsengesundheit so wichtig ist:<\/h3>\n<p>Die Schilddr\u00fcse beeinflusst fast alle K\u00f6rperfunktionen \u2013 von Energiehaushalt, Stoffwechsel und Stimmung bis hin zu Haut, Haaren und Gewicht. Viele Menschen leben jahrelang mit unentdeckten Schilddr\u00fcsenproblemen. Der Schilddr\u00fcsenguide hilft dir, Warnsignale fr\u00fchzeitig zu erkennen und dich gezielt zu informieren.<\/p>\n<p>Jetzt starten: Dein Schilddr\u00fcsenguide!<\/p>\n<p>Besuche jetzt <a href=\"https:\/\/schilddruesenguide.de\/thyreoiditis\/schilddruesenguide-das-original%f0%9f%a6%8b\/\">www.schilddruesenguide.de &#8211; Das Original &#x1f98b;.<\/a><\/p>\n<p>100 % kostenlos<br \/>\n100 % Expertenwissen<\/p>\n<h2>H\u00e4ufige Fragen<\/h2>\n<p>-einfach anklicken-<\/p>\n<details>\n<summary><strong>Was ist der Schilddr\u00fcsenguide?<\/strong><\/summary>\n<p>Der Schilddr\u00fcsenguide ist Deutschlands umfangreiche Info-Plattform zur Schilddr\u00fcsengesundheit mit fast 1000 Artikeln, einem kostenlosen E-Book und praktischen Checklisten.<\/p>\n<\/details>\n<details>\n<summary><strong>Ist der Schilddr\u00fcsenguide wirklich kostenlos?<\/strong><\/summary>\n<p>Ja! Auf www.schilddruesenguide.de bekommst du alle Inhalte inklusive E-Book und Checklisten komplett kostenlos und ohne Anmeldung.<\/p>\n<\/details>\n<details>\n<summary><strong>Welche Themen deckt der Schilddr\u00fcsenguide ab?<\/strong><\/summary>\n<p>Hashimoto, Schilddr\u00fcsenunterfunktion, Jodmangel, Ern\u00e4hrung, Laborwerte, nat\u00fcrliche Heilmethoden \u2013 praxisnah erkl\u00e4rt f\u00fcr Betroffene und Interessierte.<\/p>\n<\/details>\n<details>\n<summary><strong>Wie finde ich heraus, ob meine Schilddr\u00fcse gesund ist?<\/strong><\/summary>\n<p>Eine Blutuntersuchung der Schilddr\u00fcsenwerte (TSH, fT3, fT4, ggf. Antik\u00f6rper) beim Haus- oder Facharzt gibt Aufschluss. Der Schilddr\u00fcsenguide erkl\u00e4rt, wie du die Werte selbst besser verstehst.<\/p>\n<\/details>\n<details>\n<summary><strong>Gibt es auch Tipps zur Ern\u00e4hrung bei Schilddr\u00fcsenproblemen?<\/strong><\/summary>\n<p>Ja, die Ern\u00e4hrung spielt eine wichtige Rolle. Auf dem Schilddr\u00fcsenguide findest du viele konkrete Empfehlungen, z.\u202fB. zur Jodzufuhr, Selen, Vitamin D und antientz\u00fcndlicher Ern\u00e4hrung.<\/p>\n<\/details>\n","protected":false},"excerpt":{"rendered":"<p>Schilddr\u00fcsenguide \u2013 Dein kostenloser Kompass f\u00fcr eine gesunde Schilddr\u00fcse www.schilddruesenguide.de \u2013 Das Original! Entdecke den Schilddr\u00fcsenguide, die umfassende deutschsprachige Plattform rund um das Thema Schilddr\u00fcsengesundheit. Mit fast 1.000 Seiten fundierten Informationen, hilfreichen Checklisten und einem kostenlosen E-Book bist du bestens ger\u00fcstet, um deine Schilddr\u00fcse besser zu verstehen \u2013 und deine [&hellip;]<\/p>\n","protected":false},"author":1,"featured_media":0,"parent":0,"menu_order":0,"comment_status":"closed","ping_status":"closed","template":"","meta":{"_metis_text_type":"standard","_metis_text_length":2861,"_post_count":0,"footnotes":""},"class_list":["post-16316","page","type-page","status-publish","hentry"],"_links":{"self":[{"href":"https:\/\/schilddruesenguide.de\/thyreoiditis\/wp-json\/wp\/v2\/pages\/16316","targetHints":{"allow":["GET"]}}],"collection":[{"href":"https:\/\/schilddruesenguide.de\/thyreoiditis\/wp-json\/wp\/v2\/pages"}],"about":[{"href":"https:\/\/schilddruesenguide.de\/thyreoiditis\/wp-json\/wp\/v2\/types\/page"}],"author":[{"embeddable":true,"href":"https:\/\/schilddruesenguide.de\/thyreoiditis\/wp-json\/wp\/v2\/users\/1"}],"replies":[{"embeddable":true,"href":"https:\/\/schilddruesenguide.de\/thyreoiditis\/wp-json\/wp\/v2\/comments?post=16316"}],"version-history":[{"count":0,"href":"https:\/\/schilddruesenguide.de\/thyreoiditis\/wp-json\/wp\/v2\/pages\/16316\/revisions"}],"wp:attachment":[{"href":"https:\/\/schilddruesenguide.de\/thyreoiditis\/wp-json\/wp\/v2\/media?parent=16316"}],"curies":[{"name":"wp","href":"https:\/\/api.w.org\/{rel}","templated":true}]}}