{"id":15161,"date":"2024-07-15T11:55:45","date_gmt":"2024-07-15T09:55:45","guid":{"rendered":"https:\/\/schilddruesenguide.de\/thyreoiditis\/?page_id=15161"},"modified":"2025-07-27T11:42:39","modified_gmt":"2025-07-27T09:42:39","slug":"spezial-pflanzenheilkunde-bei-schilddruesenerkrankungen-5","status":"publish","type":"page","link":"https:\/\/schilddruesenguide.de\/thyreoiditis\/spezial-pflanzenheilkunde-bei-schilddruesenerkrankungen-5\/","title":{"rendered":"Spezial: Pflanzenheilkunde bei Schilddr\u00fcsenerkrankungen (5) \u2013 Meine Lieblingsrezepte"},"content":{"rendered":"<h1>Schilddr\u00fcse &amp; Heilpflanzen \u2192 Rezepte<\/h1>\n<p>Nachfolgend einige, einfache Rezepte f\u00fcr ein besseres Lebensgef\u00fchl durch die Nutzung von Heilpflanzen. Neben den mehr oder weniger bekannten Heilwirkungen leisten K\u00fcchenkr\u00e4uter aufgrund ihrer hohen N\u00e4hrstoffdichte auch einen wertvollen und nicht zu untersch\u00e4tzenden Beitrag f\u00fcr eine gesunde Ern\u00e4hrung.<\/p>\n<p><!-- Inhaltsverzeichnis --><\/p>\n<h2>Inhaltsverzeichnis<\/h2>\n<ul>\n<li><a href=\"#badesalz\">Rosmarin-Badesalz<\/a><\/li>\n<li><a href=\"#kraeuterbutter\">Kr\u00e4uter-Butter<\/a><\/li>\n<li><a href=\"#duftpotpourri\">Duft-Potpourri<\/a><\/li>\n<li><a href=\"#overnight-oats\">Overnight Oats mit Pflaumenkompott<\/a><\/li>\n<li><a href=\"#saunaaufguss\">Sauna-Kr\u00e4uter-Aufguss<\/a><\/li>\n<li><a href=\"#kraeutersalz\">Kr\u00e4utersalz und Bl\u00fctenzucker<\/a><\/li>\n<li><a href=\"#rot-oel\">Johanniskraut-Rot\u00f6l<\/a><\/li>\n<li><a href=\"#erkaeltungssalbe\">Erk\u00e4ltungssalbe<\/a><\/li>\n<li><a href=\"#lassi\">Lassi mit Pfefferminzgeschmack<\/a><\/li>\n<\/ul>\n<div style=\"border-left: 6px solid #4CAF50; background-color: #f0fff4; padding: 16px 20px 10px 20px; margin: 20px 0; border-radius: 6px; font-family: sans-serif;\">\n<div style=\"font-size: 18px; margin-bottom: 8px;\"><strong>Produktempfehlungen f\u00fcr Schilddr\u00fcsenpatientinnen:<\/strong><\/div>\n<ul style=\"margin: 0 0 4px 20px; padding: 0; color: #333; list-style-type: disc;\">\n<li><a href=\"https:\/\/amzn.to\/4o89pF1\">Tablettenteiler<\/a> f\u00fcr das exakte Halbieren oder Vierteln von L-Thyroxin<\/li>\n<li><a href=\"https:\/\/amzn.to\/3GSZfr7\">Basalthermometer<\/a> (alternative Diagnose einer Schilddr\u00fcsenunterfunktion)<\/li>\n<li><a href=\"https:\/\/amzn.to\/4lGCkyi\">7-Tage-Tablettenbox<\/a>: praktisch auf Reisen<\/li>\n<li><a href=\"https:\/\/amzn.to\/455tfb7\">TSH-Selbsttest<\/a> \u2192 schnelles Ergebnis in nur 10 Minuten<\/li>\n<li><a href=\"https:\/\/amzn.to\/4fbucmX\">Thermocase<\/a> f\u00fcr den wirksicheren Transport der Schilddr\u00fcsenmedikamente<\/li>\n<\/ul>\n<div style=\"font-size: 13px; color: #666; margin-top: 8px;\"><em>Dieser Bereich enth\u00e4lt Affiliate-Links von Amazon. So kann ich Inhalte wie diesen ohne redaktionelle Beeinflussung und unabh\u00e4ngig von Partnern f\u00fcr Sie bereitstellen \u2013 danke f\u00fcr Ihre Unterst\u00fctzung!<\/em><\/div>\n<\/div>\n<h2 id=\"badesalz\">Rosmarin-Badesalz<\/h2>\n<p>Man ben\u00f6tigt 500 g grobes Meersalz, 5 bis 10 ml selbst angesetzte Rosmarin-Tinktur (aus den Nadeln) und gr\u00fcne Lebensmittelfarbe zum Einf\u00e4rben. Das Meersalz, die Rosmarin-Tinktur und die in Alkohol (Wasser h\u00e4tte das Aufl\u00f6sen der Salzkristalle zur Folge) anger\u00fchrte Lebensmittelfarbe zum Einf\u00e4rben werden sehr gr\u00fcndlich miteinander vermischt. Anschlie\u00dfend wird das fast fertige Rosmarin-Badesalz auf einer Unterlage, z.B. einem mit Backpapier ausgelegten Tablett oder auch einem Backblech, ausgebreitet. Dort muss es vollst\u00e4ndig durchtrocknen bevor es in ein sch\u00f6nes Schraubglas abgef\u00fcllt werden kann. F\u00fcr ein Vollbad werden anschlie\u00dfend jeweils 50 bis 100 g Rosmarin-Badesalz in hei\u00dfem Wasser aufgel\u00f6st und danach dem Badewasser zugegeben. Die Heilpflanze Rosmarin wirkt belebend und durchblutungsf\u00f6rdernd. Sie eignet sich besonders zur Regeneration nach k\u00f6rperlicher Anstrengung oder sportlichen Aktivit\u00e4ten.<\/p>\n<h2 id=\"kraeuterbutter\">Kr\u00e4uter-Butter<\/h2>\n<p>Kr\u00e4uter-Butter \u2026 in drei Minuten fertig. Versprochen! F\u00fcr die selbst gemachte Kr\u00e4uter-Butter brauchen Sie an Zutaten lediglich einen Becher Bio-Schlagsahne, \u00bd bis 1 Teel\u00f6ffel Meersalz sowie einige, frische Kr\u00e4uter. Als Zubeh\u00f6r ben\u00f6tigen Sie einen handels\u00fcblichen P\u00fcrierstab, der auf einen Zerkleinerer mit Edelstahlmesser aufgeschraubt werden kann. Alle Zutaten (Sahne, Salz, Kr\u00e4uter) in den Zerkleinerer mit Edelstahlmesser geben und dann den Deckel sowie den P\u00fcrierstab aufschrauben. Zwei Minuten auf h\u00f6chster Stufe laufen lassen. Dann die Buttermilch abgie\u00dfen und die Kr\u00e4uter-Butter eventuell noch etwas mit der Hand ausdr\u00fccken und z.B. in eine kleine Schale dr\u00fccken. Fertig! Die aus Bio-Schlagsahne selbst gemachte Kr\u00e4uter-Butter schmeckt sehr viel frischer und ist von ihrer Konsistenz deutlich feiner als wenn Sie einfach nur gehackte Kr\u00e4uter unter fertig gekaufte Butter r\u00fchren.<\/p>\n<h2 id=\"duftpotpourri\">Duft-Potpourri<\/h2>\n<p>Heiligabend ist vorbei \u2013 h\u00f6chste Zeit die \u00fcbriggebliebenen Reste vom Weihnachtsfest endlich wegzur\u00e4umen. Die ein oder andere Zimtstange. Angebrochene T\u00fctchen Sternanis, Kardamom und Gew\u00fcrznelken vom allj\u00e4hrlichen Backen der Weihnachtspl\u00e4tzchen. Zitronen, \u00c4pfel und Orangen die unansehnlich geworden sind, sich in Scheiben geschnitten aber noch prima zum Trocknen eignen. \u00dcbriggebliebene Weihnachtsdekoration wie getrocknete Tannenzapfen oder selbst gesammelte Hagebuttenzweige. Daraus l\u00e4sst sich schnell und ohne viel Aufwand ein Duft-Potpourri herstellen. Geben Sie alle Zutaten in einen gro\u00dfen Gefrierbeutel sowie eventuell noch einige Tropfen eines \u00e4therischen \u00d6ls (Vanille, Orange, Lavendel, Rose o.\u00e4.) dazu und verschlie\u00dfen Sie diesen. Dann sch\u00fctteln Sie alles vorsichtig gut durch und lassen ihn einige Zeit so liegen. Danach k\u00f6nnen Sie Ihr selbst gemachtes Duftpotpourri in einer Schale verteilen und z.B. auf die Heizung stellen. Wenn der Duft nachl\u00e4sst einfach mit einigen Tropfen eines \u00e4therischen \u00d6ls wieder auffrischen. Im Sommer geht das auch gut mit getrockneten Bl\u00fcten- und Samenst\u00e4nden die man aus dem Garten oder bei einem Spaziergang gesammelt hat.<\/p>\n<h2 id=\"overnight-oats\">Overnight Oats mit Pflaumenkompott<\/h2>\n<p>60 g Vollkorn-Haferflocken mit 200 ml ungezuckerter Mandelmilch \u00fcbergie\u00dfen. Anschlie\u00dfend 2 Essl\u00f6ffel gemahlene Mandeln darauf geben. Die Haferflocken anschlie\u00dfend etwas vorquellen lassen. W\u00e4hrend dessen eine Handvoll Pflaumen entsteinen, in kleine Spalten schneiden und mit etwas Wasser aufkochen lassen. Je nach Geschmack, eventuell etwas Zucker hinzugeben. Anschlie\u00dfend das Pflaumenkompott auf die Haferflocken geben und noch eine Prise Zimt dar\u00fcber streuen. \u00dcber Nacht abgedeckt in den K\u00fchlschrank stellen. Morgens entweder direkt genie\u00dfen oder kurz in der Mikrowelle erw\u00e4rmen. Als Topping k\u00f6nnen auch noch einige klein geschnittene Orangentagetes-Bl\u00fcten hinzugegeben werden.<\/p>\n<h2 id=\"saunaaufguss\">Sauna-Kr\u00e4uter-Aufguss<\/h2>\n<p>F\u00fcr ein Herstellung eines individuellen Aufgussmittels f\u00fcr die Sauna ben\u00f6tigt man eigentlich nur Wasser und Kr\u00e4uter. Geeignete Kr\u00e4uter f\u00fcr einen Sauna-Aufguss sind beispielsweise Kamille, Lavendel, Melisse, Pfefferminze, Rosmarin und Thymian. Auch eine Kombination unterschiedlicher Heilpflanzen ist m\u00f6glich. Die Wirkung der einzelnen Kr\u00e4uter als Sauna-Aufguss: Kamille beruhigt die gereizte und entz\u00fcndete Haut. Lavendel und Melisse f\u00f6rdern die Entspannung. Pfefferminze erfrischt. Auch Rosmarin wirkt anregend. Thymian befreit die Atemwege. Und so wird ein Sauna-Aufgussmittel angesetzt: Man ben\u00f6tigt eine Handvoll frische oder getrocknete Kr\u00e4uter pro Liter Wasser. Die Kr\u00e4uter werden grob zerkleinert in einen Topf gegeben und dann mit Wasser aufgegossen. Diese Mischung kocht man bei geschlossenem Deckel f\u00fcnf bis 10 Minuten auf. Anschlie\u00dfend l\u00e4sst man den Kr\u00e4utersud mindestens eine Stunde \u2013 am besten aber \u00fcber Nacht durchziehen. Danach werden die Kr\u00e4uterr\u00fcckst\u00e4nde abgeseiht und der selbstgemachte Kr\u00e4uter-Aufguss f\u00fcr die Sauna ist fertig.<\/p>\n<h2 id=\"kraeutersalz\">Kr\u00e4utersalz und Bl\u00fctenzucker<\/h2>\n<p>Obwohl so einfach und schnell selbst gemacht sind sowohl das Kr\u00e4uter-Salz als auch der Bl\u00fcten-Zucker ein echter Gaumenschmaus. Beides ist auch eine sch\u00f6ne Idee f\u00fcr ein h\u00fcbsches, in letzter Minute gezaubertes, Mitbringsel.<\/p>\n<p>F\u00fcr das <strong>Kr\u00e4uter-Salz<\/strong> ben\u00f6tigt man 200 g grobes Meersalz und 20 g getrocknete, gehackte Kr\u00e4uter. Sehr lecker und vielseitig verwendbar ist ein Kr\u00e4uter-Salz mit Kr\u00e4utern wie Estragon, Lavendel, Oregano, Rosmarin, Salbei und Thymian. Wer keine selbst geernteten Kr\u00e4uter zur Verf\u00fcgung hat und\/oder es ganz unkompliziert mag, kauft sich einfach ein fertiges T\u00fctchen Kr\u00e4uter der Provence in der Gew\u00fcrzabteilung im Supermarkt. Frische Kr\u00e4uter sind f\u00fcr das Kr\u00e4uter-Salz nicht geeignet, weil durch die enthaltene Feuchtigkeit das Meersalz verklumpen w\u00fcrde. Man kann die frischen Kr\u00e4uter aber auch auf Backpapier ausbreiten und dann bei sehr niedriger Temperatur (50 \u00b0 Celsius) langsam im Backofen trocknen lassen. Anschlie\u00dfend werden Meersalz und Kr\u00e4uter miteinander vermischt und in ein Schraubglas gef\u00fcllt. Bei warmen Speisen kann man das Kr\u00e4uter-Salz direkt verwenden. Wenn mit dem Kr\u00e4uter-Salz kalte Speisen gew\u00fcrzt werden sollen, sollte man die entsprechende Portion Kr\u00e4uter-Salz vorher im M\u00f6rser zermahlen. Das gesamte Kr\u00e4uter-Salz schon gemahlen abzuf\u00fcllen ist nicht empfehlenswert, weil sich dann das Aroma nicht so gut h\u00e4lt.<\/p>\n<p>F\u00fcr den <strong>Bl\u00fcten-Zucker<\/strong> ben\u00f6tigt man 200 g Zucker und 20 g getrocknete, zerkleinerte Bl\u00fcten. Prinzipiell sind alle essbaren Bl\u00fcten (z.B. Chrysanthemen, G\u00e4nsebl\u00fcmchen, Holunderbl\u00fcten, Jasmin, Klatschmohn, Lavendel, Lindenbl\u00fcten, L\u00f6wenzahnbl\u00fcten, Malven, Margeriten, Passionsblumen, Ringelblumen, Rosen, Schafgarbe, Schl\u00fcsselblumen, Sonnenblumen, Stiefm\u00fctterchen, Veilchen) geeignet. Aber nicht alle Bl\u00fcten schmecken im Bl\u00fcten-Zucker auch wirklich lecker. Mein Tipp, um herauszufinden welche Kombination von Bl\u00fcten am besten schmeckt \u2013 br\u00fchen Sie sich vorher einen Tee damit auf. Wenn eine Auswahl an Bl\u00fcten getroffen ist, werden diese mit dem Zucker vermischt und in ein Schraubglas gef\u00fcllt. Der Bl\u00fcten-Zucker eignet sich beispielsweise zum S\u00fc\u00dfen von Quarkspeisen oder zum Aromatisieren von Schlagsahne.<\/p>\n<h2 id=\"rot-oel\">Johanniskraut-Rot\u00f6l<\/h2>\n<p>Ein bei Muskel- und Gelenkschmerzen sehr wirksames Johanniskraut-Rot\u00f6l kann man sich ganz leicht selbst herstellen. Daf\u00fcr sammelt man ein Schraubglas voll mit frisch aufgebl\u00fchten Johanniskraut-Bl\u00fcten und zerquetscht sie (zum Beispiel mit einem M\u00f6rser-St\u00f6\u00dfel). Dann \u00fcbergie\u00dft man sie mit einem guten Sonnenblumen- oder Mandel\u00f6l in Bio-Qualit\u00e4t bis sie gerade eben so bedeckt sind. Anschlie\u00dfend verschlie\u00dft man das Glas mit dem Deckel, stellt es sonnig und warm. Nach drei Tagen ist der G\u00e4rungsprozess abgeschlossen und man \u00f6ffnet das Glas noch einmal kurz, um es mit Sonnenblumen\u00f6l randvoll aufzuf\u00fcllen. Das Johanniskraut-Rot\u00f6l muss noch weitere drei bis sechs Wochen durchziehen (dabei gelegentlich sch\u00fctteln), bevor es abgeseiht und verwendet werden kann. Dabei muss man sehr sorgf\u00e4ltig vorgehen. Zuerst wird das Johanniskraut-Rot\u00f6l durch ein Teesieb abgeseiht und dadurch die groben Pflanzenteile entfernt. Das Johanniskraut-Rot\u00f6l ist danach aber noch sehr tr\u00fcb. Deshalb muss man das Johanniskraut-Rot\u00f6l noch durch einen Kaffeefilter langsam abtropfen lassen damit auch kleinere Pflanzenpartikel h\u00e4ngen bleiben. Zum Schluss wird das Johanniskraut-Rot\u00f6l in dunkle Flaschen abgef\u00fcllt.<\/p>\n<h2 id=\"erkaeltungssalbe\">Erk\u00e4ltungssalbe<\/h2>\n<p>Vaseline* gibt es in 125 ml Dosen im Drogeriemarkt (100 ml = 1,00 EUR) zu kaufen. Diese Menge erw\u00e4rme ich auf niedriger Temperatur bis sie fl\u00fcssig geworden ist. Die Vaseline darf nicht k\u00f6cheln! Dann gebe ich 25 Tropfen Japanisches Heilpflanzen\u00f6l hinzu und r\u00fchre sie unter. Anschlie\u00dfend in die urspr\u00fcngliche Dose abf\u00fcllen. Fertig! Die Erk\u00e4ltungssalbe eignet sich gut zur Behandlung von Brustschmerzen, wenn sie im Zusammenhang mit einem Erk\u00e4ltungsinfekt auftreten.<\/p>\n<p><em>*Vaseline ist ein Nebenprodukt, welches bei der Gewinnung von Erd\u00f6l anf\u00e4llt. Vaseline hat einen Schmelzbereich von 38 bis 58\u00b0 Celsius. Melkfett besteht \u00fcbrigens auch aus Vaseline, der allerdings bereits verschiedene Hautpflege- und Duftstoffe zugesetzt wurden. Von daher ist es sinnvoller mit dem Ursprungsprodukt Vaseline zu arbeiten. Schweineschmalz als Basis f\u00fcr Heilsalben ist auch nur bedingt geeignet. Schweineschmalz ist das aufbereitete Schlachtfett von Schweinen. Es kann medikament\u00f6se R\u00fcckst\u00e4nde (z.B. Antibiotika) aus der Tiermast enthalten. Au\u00dferdem ist es nicht duftneutral.<\/em><\/p>\n<h2 id=\"lassi\">Lassi mit Pfefferminzgeschmack<\/h2>\n<p>F\u00fcr den Pfefferminz-Sirup koche ich 375 ml Wasser mit 15 g frischer Pfefferminze kurz auf. Dann lasse ich die Mischung 15 Minuten abgedeckt durchziehen. Anschlie\u00dfend gebe ich 250 g Zucker hinzu und lasse alles ein bis zwei Minuten aufkochen (bis sich der Zucker aufgel\u00f6st hat). Dann ist der Sirup fertig und kann in eine Flasche abgef\u00fcllt werden. F\u00fcr das Lassi mit Pfefferminzgeschmack verr\u00fchre ich pro Person jeweils 50 ml Naturjoghurt, Milch und Mineralwasser mit einem Essl\u00f6ffel Pfefferminze-Sirup. Schmeckt besonders im Sommer sehr erfrischend!<\/p>\n<p><img loading=\"lazy\" decoding=\"async\" class=\"alignnone size-full wp-image-10118\" src=\"https:\/\/schilddruesenguide.de\/thyreoiditis\/wp-content\/uploads\/2012\/03\/SDG-Tipp.png\" alt=\"Schilddr\u00fcse SDG-Tipp Leseempfehlung\" width=\"112\" height=\"48\" \/><\/p>\n<ol>\n<li>Spezial: Pflanzenheilkunde bei Schilddr\u00fcsenerkrankungen (1) &#8211; <a href=\"https:\/\/schilddruesenguide.de\/thyreoiditis\/spezial-pflanzenheilkunde-bei-schilddruesenerkrankungen-1\/\">Chancen und Grenzen<\/a><\/li>\n<li>Spezial: Pflanzenheilkunde bei Schilddr\u00fcsenerkrankungen (2) &#8211; <a href=\"https:\/\/schilddruesenguide.de\/thyreoiditis\/spezial-pflanzenheilkunde-bei-schilddruesenerkrankungen-2\/\">Heilpflanzen Einmaleins<\/a><\/li>\n<li>Spezial: Pflanzenheilkunde bei Schilddr\u00fcsenerkrankungen (3) &#8211; <a href=\"https:\/\/schilddruesenguide.de\/thyreoiditis\/spezial-pflanzenheilkunde-bei-schilddruesenerkrankungen-3\/\">Was hilft bei?<\/a><\/li>\n<li>Spezial: Pflanzenheilkunde bei Schilddr\u00fcsenerkrankungen (4) &#8211; <a href=\"https:\/\/schilddruesenguide.de\/thyreoiditis\/spezial-pflanzenheilkunde-bei-schilddruesenerkrankungen-4\/\">Heilpflanzenportr\u00e4ts<\/a><\/li>\n<li>Spezial: Pflanzenheilkunde bei Schilddr\u00fcsenerkrankungen (5) &#8211; <a href=\"https:\/\/schilddruesenguide.de\/thyreoiditis\/spezial-pflanzenheilkunde-bei-schilddruesenerkrankungen-5\/\">Meine Lieblingsrezepte<\/a><\/li>\n<\/ol>\n<div style=\"max-width: 800px; margin: 20px auto; padding: 20px; border: 2px solid #8cc152; border-radius: 10px; background: #f6fff0; font-family: Arial, sans-serif; color: #333;\">\n<p style=\"font-size: 0.85em; color: #777; margin-bottom: 10px;\">Dieser Beitrag enth\u00e4lt einen <strong>Affiliate-Link<\/strong> zu Amazon. Wenn Sie dar\u00fcber kaufen, unterst\u00fctzen Sie meine Arbeit \u2013 f\u00fcr Sie bleibt der Preis gleich.<\/p>\n<div style=\"display: flex; flex-wrap: wrap; gap: 20px; align-items: flex-start;\">\n<p><!-- Bild-Teil --><\/p>\n<div style=\"flex: 1; min-width: 200px;\">\n<h2 style=\"color: #e91e63; font-size: 1.2em; margin-top: 0;\">&#x1f4da; Psychologische Aspekte der Diagnose Hashimoto-Thyreoiditis<\/h2>\n<p style=\"margin: 5px 0 10px;\"><strong>Pl\u00f6tzlich Angst, Schlafprobleme oder Ersch\u00f6pfung \u2013 und niemand findet die Ursache?\u00a0<\/strong><strong>Vielleicht steckt Hashimoto-Thyreoiditis dahinter \u2013 und nicht \u201enur\u201c Stress oder Depression.<\/strong><\/p>\n<blockquote style=\"font-style: italic; background: #ffeaf1; padding: 10px 15px; border-left: 5px solid #e91e63; border-radius: 5px; margin: 10px 0;\"><p>&#x2b50;&#xfe0f;&#x2b50;&#xfe0f;&#x2b50;&#xfe0f;&#x2b50;&#xfe0f;&#x2b50;&#xfe0f;<br \/>\n\u201eDieses Buch gibt tiefe Einblicke in das Krankheitsbild Hashimoto-Thyreoiditis und grenzt deutlich ab gegen psychische und psychosomatische Krankheitsbilder.\u201c<br \/>\n\u2013 <strong>Lothar L.<\/strong><\/p><\/blockquote>\n<ul style=\"list-style: none; padding-left: 0; font-size: 0.95em; margin-bottom: 10px;\">\n<li>&#x1f4e5; <strong>Format:<\/strong> Kindle<\/li>\n<li>&#x1f4c4; <strong>Seitenzahl:<\/strong> 44 Seiten<\/li>\n<li>&#x2705; <strong>Preis:<\/strong> 3,99 Euro<\/li>\n<li>&#x1f331; <strong>F\u00fcr:<\/strong> Einsteiger &amp; Fortgeschrittene<\/li>\n<\/ul>\n<p><a style=\"display: inline-block; background: #e91e63; color: white; text-decoration: none; padding: 10px 16px; border-radius: 6px; font-weight: bold; font-size: 0.95em;\" href=\"https:\/\/amzn.to\/47ef6I1\" target=\"_blank\" rel=\"noopener noreferrer\">&#x1f449; Jetzt E-Book sichern<\/a><\/p>\n<\/div>\n<\/div>\n<\/div>\n<hr \/>\n<p>Erstellt am 15. Juli 2024, zuletzt aktualisiert am 10. Juni 2025<\/p>\n","protected":false},"excerpt":{"rendered":"<p>Schilddr\u00fcse &amp; Heilpflanzen \u2192 Rezepte Nachfolgend einige, einfache Rezepte f\u00fcr ein besseres Lebensgef\u00fchl durch die Nutzung von Heilpflanzen. Neben den mehr oder weniger bekannten Heilwirkungen leisten K\u00fcchenkr\u00e4uter aufgrund ihrer hohen N\u00e4hrstoffdichte auch einen wertvollen und nicht zu untersch\u00e4tzenden Beitrag f\u00fcr eine gesunde Ern\u00e4hrung. Inhaltsverzeichnis Rosmarin-Badesalz Kr\u00e4uter-Butter Duft-Potpourri Overnight Oats mit [&hellip;]<\/p>\n","protected":false},"author":1,"featured_media":0,"parent":0,"menu_order":0,"comment_status":"closed","ping_status":"closed","template":"","meta":{"_metis_text_type":"standard","_metis_text_length":12252,"_post_count":0,"footnotes":""},"class_list":["post-15161","page","type-page","status-publish","hentry"],"public_identification_id":"c364937e260742a29b834c3e7ce6203f","private_identification_id":"8fb1f3ec2fe14509974a5640e720a316","_links":{"self":[{"href":"https:\/\/schilddruesenguide.de\/thyreoiditis\/wp-json\/wp\/v2\/pages\/15161","targetHints":{"allow":["GET"]}}],"collection":[{"href":"https:\/\/schilddruesenguide.de\/thyreoiditis\/wp-json\/wp\/v2\/pages"}],"about":[{"href":"https:\/\/schilddruesenguide.de\/thyreoiditis\/wp-json\/wp\/v2\/types\/page"}],"author":[{"embeddable":true,"href":"https:\/\/schilddruesenguide.de\/thyreoiditis\/wp-json\/wp\/v2\/users\/1"}],"replies":[{"embeddable":true,"href":"https:\/\/schilddruesenguide.de\/thyreoiditis\/wp-json\/wp\/v2\/comments?post=15161"}],"version-history":[{"count":0,"href":"https:\/\/schilddruesenguide.de\/thyreoiditis\/wp-json\/wp\/v2\/pages\/15161\/revisions"}],"wp:attachment":[{"href":"https:\/\/schilddruesenguide.de\/thyreoiditis\/wp-json\/wp\/v2\/media?parent=15161"}],"curies":[{"name":"wp","href":"https:\/\/api.w.org\/{rel}","templated":true}]}}