{"id":14936,"date":"2024-02-12T11:57:51","date_gmt":"2024-02-12T10:57:51","guid":{"rendered":"https:\/\/schilddruesenguide.de\/thyreoiditis\/?page_id=14936"},"modified":"2025-07-12T15:23:09","modified_gmt":"2025-07-12T13:23:09","slug":"termine-veranstaltungen","status":"publish","type":"page","link":"https:\/\/schilddruesenguide.de\/thyreoiditis\/termine-veranstaltungen\/","title":{"rendered":"Termine &#038; Veranstaltungen"},"content":{"rendered":"<h2>2025 \/ 2026 KIgenerierte Daten<\/h2>\n<table>\n<thead>\n<tr>\n<th>Datum<\/th>\n<th>Veranstaltung<\/th>\n<th>Ort \/ Format<\/th>\n<\/tr>\n<\/thead>\n<tbody><!-- 2025 --><\/p>\n<tr>\n<td>11.\u201312. M\u00e4rz 2025<\/td>\n<td>Schilddr\u00fcsenkongress M\u00fcnchen<\/td>\n<td>Alte Kongresshalle, M\u00fcnchen (Pr\u00e4senz + Workshops am 10. M\u00e4rz)<\/td>\n<\/tr>\n<tr>\n<td>19. M\u00e4rz 2025<\/td>\n<td>Tagung Sektion Schilddr\u00fcse<\/td>\n<td>Kongresshaus, Baden\u2011Baden<\/td>\n<\/tr>\n<tr>\n<td>07. Mai 2025<\/td>\n<td>Update Schilddr\u00fcse 2025<\/td>\n<td>LMU Klinikum Campus Gro\u00dfhadern, M\u00fcnchen (Pr\u00e4senz)<\/td>\n<\/tr>\n<tr>\n<td>24. Mai 2025<\/td>\n<td>Infotag &#8222;Schilddr\u00fcse im Fokus&#8220;<\/td>\n<td>Bonn (im Rahmen der Awareness Week)<\/td>\n<\/tr>\n<tr>\n<td>25. Mai 2025<\/td>\n<td>World Thyroid Day<\/td>\n<td>international j\u00e4hrlich<\/td>\n<\/tr>\n<tr>\n<td>25.\u201331. Mai 2025<\/td>\n<td>International Thyroid Awareness Week<\/td>\n<td>Awareness-Kampagne<\/td>\n<\/tr>\n<tr>\n<td>9.\u201310. Oktober 2025<\/td>\n<td>Henning\u2011Symposium \u201eSCHILDDR\u00dcSE\u00a02025\u201c<\/td>\n<td>Kongresszentrum Rosengarten, Mannheim (Hybrid)<\/td>\n<\/tr>\n<tr>\n<td>21.\u201322. November 2025<\/td>\n<td>Herbstfortbildung OSDG<\/td>\n<td>Graz, \u00d6sterreich<\/td>\n<\/tr>\n<tr>\n<td>28.\u201329. November 2025<\/td>\n<td>43. CAEK-Arbeitstagung<\/td>\n<td>Leipzig, Deutschland<\/td>\n<\/tr>\n<p><!-- 2026 --><\/p>\n<tr>\n<td>03.\u201304. M\u00e4rz 2026<\/td>\n<td>Schilddr\u00fcsenkongress M\u00fcnchen<\/td>\n<td>Alte Kongresshalle, M\u00fcnchen<\/td>\n<\/tr>\n<tr>\n<td>26.\u201328. M\u00e4rz 2026<\/td>\n<td>\u00d6sterreichischer Schilddr\u00fcsendialog 2026<\/td>\n<td>Igls, \u00d6sterreich (Hybrid)<\/td>\n<\/tr>\n<tr>\n<td>25. Mai 2026<\/td>\n<td>World Thyroid Day<\/td>\n<td>international j\u00e4hrlich<\/td>\n<\/tr>\n<tr>\n<td>25.\u201331. Mai 2026<\/td>\n<td>International Thyroid Awareness Week<\/td>\n<td>Awareness-Kampagne (vermutlich)<\/td>\n<\/tr>\n<tr>\n<td>05.\u201308. September 2026<\/td>\n<td>47th Annual Meeting of the European Thyroid Association<\/td>\n<td>Porto, Portugal<\/td>\n<\/tr>\n<\/tbody>\n<\/table>\n<h2>2024<\/h2>\n<p><strong>Januar<\/strong><\/p>\n<ul>\n<li>Thyroid Awareness<span class=\"space\">\u00a0<\/span>Month<\/li>\n<li>17. Januar 2024 Braunschweiger Schilddr\u00fcsengespr\u00e4ch<\/li>\n<li><em>26. Januar bis 04. Februar 2024 Hashimoto Kongress (Vanessa Blumhagen \/ Medumio)*<\/em><\/li>\n<li>27. Januar 2024 Frankfurter Symposium f\u00fcr Endokrine Chirurgie<\/li>\n<\/ul>\n<p><strong>Februar<\/strong><\/p>\n<ul>\n<li>16. bis 17. Februar 2024 Norddeutsche Hormon- und Stoffwechseltage<\/li>\n<\/ul>\n<p><strong>M\u00e4rz<\/strong><\/p>\n<ul>\n<li>06. bis 08. M\u00e4rz 2024 Kongress der Deutschen Gesellschaft f\u00fcr Endokrinologie<\/li>\n<li><em>08. bis 17. M\u00e4rz 2024 S.O.S. Schilddr\u00fcse Online Kongress (Anja Hecht \/ Medumio)*<\/em><\/li>\n<li>21. bis 23. M\u00e4rz 2024 \u00d6sterreichischer Schilddr\u00fcsendialog in Kooperation mit der Sektion Schilddr\u00fcse der Deutschen Gesellschaft f\u00fcr Endokrinologie<\/li>\n<\/ul>\n<p><strong>April<\/strong><\/p>\n<ul>\n<li>10. bis 13. April 2024 Jahrestagung der Deutschen Gesellschaft f\u00fcr Nuklearmedizin<\/li>\n<li>22. bis 26. April 2024 Schilddr\u00fcsenwoche<\/li>\n<li>24. April 2024 European Hormone Day<\/li>\n<\/ul>\n<p><strong>Mai<\/strong><\/p>\n<ul>\n<li>Die Luisenthaler Gespr\u00e4che finden erst 2025 wieder statt.<\/li>\n<li>22. Mai 2024 Schilddr\u00fcsen-Update Magdeburg (Sanofi-Aventis Deutschland GmbH)<\/li>\n<li>25. Mai 2024 Weltschilddr\u00fcsentag<\/li>\n<li>25. bis 31. Mai 2024 International Thyroid Awareness Week<\/li>\n<\/ul>\n<p><strong>Juni<\/strong><\/p>\n<ul>\n<li>19. Juni 2024 Schilddr\u00fcsen-Update Berlin (Sanofi-Aventis Deutschland GmbH)<\/li>\n<\/ul>\n<p><strong>Juli<\/strong><\/p>\n<p><strong>August<\/strong><\/p>\n<p><strong>September<\/strong><\/p>\n<ul>\n<li>Thyroid Cancer Awareness Month<\/li>\n<li>07. bis 10. September 2024 Annual Meeting of the European Thyroid Association<\/li>\n<li>11. September 2024 Schilddr\u00fcsen-Update Leipzig (Sanofi-Aventis Deutschland GmbH)<\/li>\n<\/ul>\n<p><strong>Oktober<\/strong><\/p>\n<ul>\n<li>04. Oktober 2024 Annual Meeting der International Thyroid Oncology Group<\/li>\n<li>20. bis 22. Oktober 2024 Der M\u00fcnchener Schilddr\u00fcsenkongress wurde auf M\u00e4rz 2025 verschoben.<\/li>\n<li><del>Heidelberger Henning-Symposium<\/del><\/li>\n<\/ul>\n<p><strong>November<\/strong><\/p>\n<ul>\n<li>07. bis 08. November 2024 Arbeitstagung der Chirurgischen Arbeitsgemeinschaft Endokrinologie (CAEK)<\/li>\n<li>13. November 2024 Schilddr\u00fcsen-Update Frankfurt (Sanofi-Aventis Deutschland GmbH)<\/li>\n<li>29. bis 30. November 2024 Herbstfortbildung der \u00d6sterreichischen Schilddr\u00fcsengesellschaft<\/li>\n<li>30. Oktober bis 03. November 2024 American Thyroid Association Annual Meeting<\/li>\n<\/ul>\n<p><strong>Dezember<\/strong><\/p>\n<ul>\n<li>J<del>ahrestagung der Sektion Schilddr\u00fcse der Deutschen Gesellschaft f\u00fcr Endokrinologie<\/del><\/li>\n<\/ul>\n<hr \/>\n<p><em>* In den vergangenen Jahren gab es wiederholt Online-Kongresse zu den Themen Autoimmunerkrankungen und Hashimoto-Thyreoiditis. Diese gelten als wenig seri\u00f6s &#8211; nicht zuletzt weil die Qualifikation der vermeintlichen ExpertInnen meist fragw\u00fcrdig ist und ausschlie\u00dflich Therapien empfohlen werden, die wissenschaftlich nicht belegt und im alternativmedizinischen Bereich angesiedelt sind. Wer sich n\u00e4her damit besch\u00e4ftigen m\u00f6chte, dem empfehle ich vor einer Anmeldung die beiden nachfolgenden Linktipps PRO &#8222;<a href=\"https:\/\/schnelleinfachgesund.de\/medumio-serioes\/\" target=\"_blank\" rel=\"nofollow noopener\">Wie seri\u00f6s und gut sind die Online-Kongresse von Medumio?<\/a>&#8220; und CONTRA &#8222;<a href=\"https:\/\/medwatch.de\/alternativmedizin\/wie-online-kongresse-geld-mit-fragwuerdigen-inhalten-machen\/\" target=\"_blank\" rel=\"nofollow noopener\">Wie \u201eOnline-Kongresse\u201c Geld mit fragw\u00fcrdigen Inhalten machen.<\/a>&#8222;<\/em><\/p>\n","protected":false},"excerpt":{"rendered":"<p>2025 \/ 2026 KIgenerierte Daten Datum Veranstaltung Ort \/ Format 11.\u201312. M\u00e4rz 2025 Schilddr\u00fcsenkongress M\u00fcnchen Alte Kongresshalle, M\u00fcnchen (Pr\u00e4senz + Workshops am 10. M\u00e4rz) 19. M\u00e4rz 2025 Tagung Sektion Schilddr\u00fcse Kongresshaus, Baden\u2011Baden 07. Mai 2025 Update Schilddr\u00fcse 2025 LMU Klinikum Campus Gro\u00dfhadern, M\u00fcnchen (Pr\u00e4senz) 24. Mai 2025 Infotag &#8222;Schilddr\u00fcse im [&hellip;]<\/p>\n","protected":false},"author":1,"featured_media":0,"parent":0,"menu_order":0,"comment_status":"closed","ping_status":"closed","template":"","meta":{"_metis_text_type":"standard","_metis_text_length":3800,"_post_count":0,"footnotes":""},"class_list":["post-14936","page","type-page","status-publish","hentry"],"_links":{"self":[{"href":"https:\/\/schilddruesenguide.de\/thyreoiditis\/wp-json\/wp\/v2\/pages\/14936","targetHints":{"allow":["GET"]}}],"collection":[{"href":"https:\/\/schilddruesenguide.de\/thyreoiditis\/wp-json\/wp\/v2\/pages"}],"about":[{"href":"https:\/\/schilddruesenguide.de\/thyreoiditis\/wp-json\/wp\/v2\/types\/page"}],"author":[{"embeddable":true,"href":"https:\/\/schilddruesenguide.de\/thyreoiditis\/wp-json\/wp\/v2\/users\/1"}],"replies":[{"embeddable":true,"href":"https:\/\/schilddruesenguide.de\/thyreoiditis\/wp-json\/wp\/v2\/comments?post=14936"}],"version-history":[{"count":0,"href":"https:\/\/schilddruesenguide.de\/thyreoiditis\/wp-json\/wp\/v2\/pages\/14936\/revisions"}],"wp:attachment":[{"href":"https:\/\/schilddruesenguide.de\/thyreoiditis\/wp-json\/wp\/v2\/media?parent=14936"}],"curies":[{"name":"wp","href":"https:\/\/api.w.org\/{rel}","templated":true}]}}