{"id":14687,"date":"2024-02-05T11:57:16","date_gmt":"2024-02-05T10:57:16","guid":{"rendered":"https:\/\/schilddruesenguide.de\/thyreoiditis\/?page_id=14687"},"modified":"2025-12-15T09:27:37","modified_gmt":"2025-12-15T08:27:37","slug":"schilddruesenknoten","status":"publish","type":"page","link":"https:\/\/schilddruesenguide.de\/thyreoiditis\/schilddruesenknoten\/","title":{"rendered":"Wissensbaustein: Was tun bei Schilddr\u00fcsenknoten?"},"content":{"rendered":"<p>Kurz und knapp zusammengefasst, erfahren Sie hier alles Wichtige zu Schilddr\u00fcsenknoten.<\/p>\n<p><strong>Was bedeutet es, wenn man Knoten in der Schilddr\u00fcse hat?<\/strong><\/p>\n<p>Das Vorhandensein eines oder mehrerer Schilddr\u00fcsenknoten ist NICHT gleichbedeutend mit einer Krebsdiagnose und nur selten ein Grund sich Sorgen zu machen. Trotzdem ist es ratsam, diese von einem Facharzt abkl\u00e4ren zu lassen und auch die m\u00f6glicherweise erforderlichen Kontrolltermine wahrzunehmen.<\/p>\n<p><strong>Wie viele Menschen haben Knoten in der Schilddr\u00fcse?<\/strong><\/p>\n<p>Schilddr\u00fcsenknoten sind ausgesprochen h\u00e4ufig. Man sch\u00e4tzt, dass hierzulande bis zu 50 Prozent der Menschen Knoten in der Schilddr\u00fcse haben. Die meisten davon allerdings ohne es zu wissen.<\/p>\n<p>&#x2705; <strong>Lesen Sie dazu\u00a0<\/strong><strong>auch:<\/strong><\/p>\n<ul>\n<li><a href=\"https:\/\/schilddruesenguide.de\/thyreoiditis\/haeufigkeit-von-schilddruesenknoten-und-schilddruesenkrebs\/\">H\u00e4ufigkeit von Schilddr\u00fcsenknoten und Schilddr\u00fcsenkrebs<\/a><\/li>\n<li><a href=\"https:\/\/schilddruesenguide.de\/thyreoiditis\/was-ist-tirads\/\">Was ist TIRADS?<\/a><\/li>\n<\/ul>\n<div style=\"background-color: #f9f9f9; border: 1px solid #ccc; padding: 20px; border-radius: 8px; margin: 20px 0;\">\n<h3>Jod und Jodhaltige Produkte<\/h3>\n<p><strong>Jod<\/strong> ist ein wesentlicher Bestandteil der Schilddr\u00fcsenhormone T3 (Triiodthyronin) und T4 (Thyroxin). Bei Jodmangel kann die Schilddr\u00fcse in einigen F\u00e4llen vergr\u00f6\u00dfert werden, was zu Knotenbildung f\u00fchren kann, da die Schilddr\u00fcse versucht, den Mangel auszugleichen. In L\u00e4ndern mit Jodmangel kommt es deshalb h\u00e4ufiger zu Schilddr\u00fcsenvergr\u00f6\u00dferungen und Knoten.<\/p>\n<h4>Wann Jod n\u00fctzlich ist:<\/h4>\n<p>Wenn ein Jodmangel festgestellt wird, kann die Gabe eines <strong>Jodpr\u00e4parats<\/strong> z.B. <a href=\"https:\/\/amzn.to\/4m9YZ5V\">Warnke 150 \u00b5g Jodtabletten*<\/a> oder eine ausreichende Jodzufuhr durch die Verwendung von <strong>Jodsalz <\/strong>z.B. <a href=\"https:\/\/amzn.to\/4lEivYq\">Alnatura Meersalz mit Jod*<\/a>\u00a0dazu beitragen, den Knoten zu verkleinern oder das Risiko f\u00fcr weitere Knotenbildung zu verringern. <strong>Kelp (Meeresalgen)<\/strong> z.B.\u00a0 <a href=\"https:\/\/amzn.to\/453WfAd\">Fairvital 100 mg Kelp-Extrakt*<\/a> wird oft als nat\u00fcrlicher Jodlieferant genutzt und kann ebenfalls helfen, die Schilddr\u00fcse mit ausreichend Jod zu versorgen.<\/p>\n<h4>Vorsicht bei Jod:<\/h4>\n<p><strong>Autonomes Adenom:<\/strong> Bei Schilddr\u00fcsenknoten, die eigenst\u00e4ndig Schilddr\u00fcsenhormone produzieren kann die Zufuhr von zus\u00e4tzlichem Jod problematisch sein. Es k\u00f6nnte die Hormonproduktion weiter anregen und die Schilddr\u00fcsen\u00fcberfunktion verschlimmern.<\/p>\n<p><strong>Schilddr\u00fcsen\u00fcberfunktion (Hyperthyreose):<\/strong> Zu viel Jod kann bei Patienten mit bereits bestehenden Schilddr\u00fcsenerkrankungen (z. B. Hyperthyreose) die Symptome deutlich versch\u00e4rfen.<\/p>\n<p><em>Hinweis: Bei den Links handelt es sich um *Affiliate-Links. Wenn Sie dar\u00fcber kaufen erhalte ich eine kleine Provision \u2013 f\u00fcr Sie bleibt der Preis gleich, aber Sie unterst\u00fctzen damit meine Arbeit.<\/em><\/p>\n<\/div>\n<h2>Diagnose<\/h2>\n<p><strong>Wie erkennt man b\u00f6sartige Schilddr\u00fcsenknoten?<\/strong><\/p>\n<h3><strong>Sonografie<\/strong><\/h3>\n<p>Schilddr\u00fcsenknoten k\u00f6nnen mit Hilfe einer Ultraschalluntersuchung der Schilddr\u00fcse erkannt werden. Es ist aber nicht m\u00f6glich mit einer einfachen Schilddr\u00fcsensonografie eine eindeutige Unterscheidung zwischen gut- und b\u00f6sartigen Knoten in der Schilddr\u00fcse zu treffen.<\/p>\n<h3><strong>Strain-Elastografie<\/strong><\/h3>\n<p>Dabei handelt es sich um eine ultraschall-basierten Messung der Gewebeelastizit\u00e4t mit der es m\u00f6glich ist gut- und b\u00f6sartige Schilddr\u00fcsenknoten zu unterscheiden.<\/p>\n<h3><strong>Szintigrafie<\/strong><\/h3>\n<p>Bei der Szintigrafie nutzt man die Jod-Speicherf\u00e4higkeit der Schilddr\u00fcse, d.h. es wird zun\u00e4chst eine Substanz mit \u00e4hnlichen Eigenschaften (Technetium) gespritzt. Nach einer gewissen Zeitspanne kann man dann auf einem speziellen R\u00f6ntgenbild sehen, wo und wieviel sich davon etwas innerhalb der Schilddr\u00fcse abgelagert hat. Das erm\u00f6glicht dem Arzt die Unterscheidung in warme oder kalte Schilddr\u00fcsenknoten.<\/p>\n<p>&#x2705; <strong>Lesen Sie dazu\u00a0<\/strong><strong>auch:<\/strong><\/p>\n<p><a href=\"https:\/\/schilddruesenguide.de\/thyreoiditis\/szintigrafie-bei-schilddruesenknoten\/\">Szintigrafie bei Schilddr\u00fcsenknoten<\/a><\/p>\n<h3><strong>Feinnadelbiopsie<\/strong><\/h3>\n<p>Bei einer Feinnadelbiopsie wird mit einer Hohlnadel eine kleine Gewebeprobe aus der Schilddr\u00fcse entnommen und anschlie\u00dfend in einem Labor untersucht. Damit kann man eindeutig feststellen, ob es sich um gesunde Schilddr\u00fcsenzellen oder um b\u00f6sartige Zellen einer Schilddr\u00fcsenkrebserkrankung handelt.<\/p>\n<p><strong>Wie oft sind Schilddr\u00fcsenknoten b\u00f6sartig?<\/strong><\/p>\n<p>Schilddr\u00fcsenkrebs ist eine sehr seltene Erkrankung. Lediglich zwischen ein und f\u00fcnf Prozent der Knoten in der Schilddr\u00fcse ist b\u00f6sartig.<\/p>\n<p>An einer b\u00f6sartigen Neubildung in der Schilddr\u00fcse (Schilddr\u00fcsenkrebs, Schilddr\u00fcsenkrebs) erkranken hierzulande pro Jahr ungef\u00e4hr 5000 Menschen.<\/p>\n<p>Frauen trifft die Diagnose Schilddr\u00fcsenkarzinom doppelt so h\u00e4ufig wie M\u00e4nner.<\/p>\n<h2>Ursachen<\/h2>\n<p>Die Wahrscheinlichkeit einen Schilddr\u00fcsenknoten zu entwickeln nimmt mit steigendem Lebensalter zu. \u00c4ltere Menschen sind also h\u00e4ufiger als j\u00fcngere Menschen davon betroffen.<\/p>\n<p>Diesbez\u00fcglich ist auch von Bedeutung, dass die Jodversorgung in Deutschland fr\u00fcher schlechter war und gerade die heutigen SeniorInnen noch \u00fcber weite Strecken ihres Lebens nicht genug von dem Spurenelement Jod zu sich genommen haben. Ein Jodmangel gilt als eine wesentliche Ursache f\u00fcr das Ausbilden eines oder mehrerer Schilddr\u00fcsenknoten.<\/p>\n<p>&#x2705; <strong>Lesen Sie dazu\u00a0<\/strong><strong>auch:<\/strong><\/p>\n<p><a href=\"https:\/\/schilddruesenguide.de\/thyreoiditis\/ursachen-von-schilddruesenknoten-und-schilddruesenkrebs\/\">Ursachen von Schilddr\u00fcsenknoten und Schilddr\u00fcsenkrebs<\/a><\/p>\n<h2>Symptome<\/h2>\n<p>Kleine Schilddr\u00fcsenknoten machen lange Zeit \u00fcberhaupt keine Beschwerden. Erst wenn die Schilddr\u00fcsenknoten bereits sehr gro\u00df geworden sind, kommt es zu Symptomen. Das k\u00f6nnen beispielsweise ein Druck- und Engegef\u00fchl im Hals oder auch Schluckbeschwerden sein. Selten kommt es dabei zu Luftnot. Auch Heiserkeit, ein R\u00e4usperzwang oder ein Hustenreiz sind m\u00f6glich.<\/p>\n<p>&#x2705; <strong>Lesen Sie dazu\u00a0<\/strong><strong>auch:<\/strong><\/p>\n<p><a href=\"https:\/\/schilddruesenguide.de\/thyreoiditis\/schilddruesenknoten-bleiben-oft-unbemerkt\/\">Schilddr\u00fcsenknoten bleiben oft unbemerkt<\/a><\/p>\n<p><strong>Wie schnell wachsen Schilddr\u00fcsenknoten?<\/strong><\/p>\n<p>Das ist individuell sehr unterschiedlich.<\/p>\n<p>W\u00e4chst ein Knoten in der Schilddr\u00fcse sehr schnell, d.h. vergr\u00f6\u00dfert er sich innerhalb weniger Wochen oder einiger Monate sehr stark, kann dies ein Hinweis auf B\u00f6sartigkeit (Schilddr\u00fcsenkrebs) sein.<\/p>\n<p><strong>Ist ein Knoten in der Schilddr\u00fcse gef\u00e4hrlich?<\/strong><\/p>\n<p>Nein, die meisten Schilddr\u00fcsenknoten sind vergleichsweise harmlos. Nur bei einem sehr kleinen Teil der Knoten in der Schilddr\u00fcse handelt es sich um Schilddr\u00fcsenkrebs.<\/p>\n<p>warm = immer gutartig<\/p>\n<p>kalt = selten b\u00f6sartig<\/p>\n<p>Wichtig ist im Hinblick darauf die Unterscheidung in warme und kalte Schilddr\u00fcsenknoten. Ein warmer (eher weicher) Schilddr\u00fcsenknoten produziert aktiv Schilddr\u00fcsenhormone. Ein kalter (oft auch harter) Schilddr\u00fcsenknoten ist inaktiv, d.h. er produziert keine Schilddr\u00fcsenhormone.<\/p>\n<div style=\"border-left: 6px solid #4CAF50; background-color: #f7f7f7; padding: 16px 20px 10px 20px; margin: 20px 0; border-radius: 6px; font-family: sans-serif; max-width: 100%; box-sizing: border-box;\">\n<div style=\"font-size: 16px; margin-bottom: 8px;\"><strong>Seri\u00f6se Schilddr\u00fcsenb\u00fccher von anerkannten ExpertInnen<\/strong><\/div>\n<div style=\"font-size: 14px; line-height: 1.5;\">In den vergangenen Jahren wurde der Buchmarkt mit Ratgebern zur Schilddr\u00fcse regelrecht geflutet. Ich erlebe oft, dass es neu diagnostizierten Patienten schwer f\u00e4llt, eine gute Kaufentscheidung zu treffen. Deshalb an dieser Stelle mein Tipp: Lassen Sie die B\u00fccher von Ern\u00e4hrungsspezialisten, Heilpraktikern und Prominenten erst einmal im Regal liegen. Schaffen Sie sich eine vern\u00fcnftige Wissensbasis, lesen Sie stattdessen zun\u00e4chst ein solides Buch von einem Schulmediziner \u2013 von denen \u00fcbrigens auch fast alle den Blick \u00fcber den eigenen Tellerrand wagen.<\/div>\n<ul style=\"margin: 12px 0 4px 20px; padding: 0; color: #333; list-style-type: disc; font-size: 14px;\">\n<li>Anneli Hainel, Marcel Ermer, Lothar-Andreas Hotze: <a href=\"https:\/\/amzn.to\/4f6DKQ8\">Schilddr\u00fcse Mehr wissen \u2013 besser verstehen<\/a><\/li>\n<li>Joachim Feldkamp: <a href=\"https:\/\/amzn.to\/474JS9v\">Gut leben mit Hashimoto<\/a><\/li>\n<li>Leveke Brakebusch, Armin Heufelder: <a href=\"https:\/\/amzn.to\/45vzghR\">Leben mit Morbus Basedow<\/a><\/li>\n<li>Georg Zettinig, Wolfgang Buchinger: <a href=\"https:\/\/amzn.to\/45ok1YX\">Meine Schilddr\u00fcse und ich: Der Ratgeber f\u00fcr ein gutes Miteinander<\/a><\/li>\n<\/ul>\n<div style=\"font-size: 12px; color: #666; margin-top: 8px;\"><em>Dieser Bereich enth\u00e4lt Affiliate-Links von Amazon. So kann ich Inhalte wie diesen ohne redaktionelle Beeinflussung und unabh\u00e4ngig von Partnern f\u00fcr Sie bereitstellen \u2013 danke f\u00fcr Ihre Unterst\u00fctzung!<\/em><\/div>\n<\/div>\n<h2>Behandlung<\/h2>\n<p>&#x2705; <strong>Lesen Sie dazu\u00a0<\/strong><strong>auch:<\/strong><\/p>\n<ul>\n<li><a href=\"https:\/\/schilddruesenguide.de\/thyreoiditis\/behandlungsmoeglichkeiten-bei-schilddruesenknoten\/\">Behandlungsm\u00f6glichkeiten bei Schilddr\u00fcsenknoten<\/a><\/li>\n<li><a href=\"https:\/\/schilddruesenguide.de\/thyreoiditis\/ethanoltherapie\/\">Ethanoltherapie bei Schilddr\u00fcsenknoten<\/a><\/li>\n<\/ul>\n<p><strong>1 cm<\/strong><\/p>\n<p>Kleine Schilddr\u00fcsenknoten sind in den allermeisten F\u00e4llen harmlos, d.h. sie werden eher zuf\u00e4llig im Rahmen einer ausf\u00fchrlicheren Routineuntersuchung entdeckt und gehen nicht mit gesundheitlichen Beeintr\u00e4chtigungen einher. Betr\u00e4gt der Durchmesser weniger als 1 cm werden sie \u00fcblicherweise nicht sofort behandelt, sondern nur beobachtet. Das bedeutet es wird in regelm\u00e4\u00dfigen Abst\u00e4nden, alle sechs bis zw\u00f6lf Monate, kontrolliert, ob sie sich ver\u00e4ndern.<\/p>\n<p><strong>K\u00f6nnen sich Knoten in der Schilddr\u00fcse wieder zur\u00fcckbilden?<\/strong><\/p>\n<p>Ja, es ist m\u00f6glich, dass sich Schilddr\u00fcsenknoten wieder von selbst zur\u00fcckbilden.<\/p>\n<p><strong>Welche Ern\u00e4hrung bei Knoten in der Schilddr\u00fcse?<\/strong><\/p>\n<p>Wenn man bereits Schilddr\u00fcsenknoten hat oder diesen vorbeugen m\u00f6chte, sollte man auf eine ausreichende Versorgung mit dem Spurenelement Jod achten. Der Tagesbedarf eines Erwachsenen betr\u00e4gt 200 \u00b5g Jod pro Tag. Dies erreicht man, indem man Jodsalz verwendet, t\u00e4glich Milchprodukte zu sich nimmt sowie zwei Mal pro Woche Seefisch isst.<\/p>\n<h3>Operation der Schilddr\u00fcse<\/h3>\n<p>&#x2705; <strong>Lesen Sie dazu\u00a0<\/strong><strong>auch:<\/strong><\/p>\n<ul>\n<li><a href=\"https:\/\/schilddruesenguide.de\/thyreoiditis\/schilddruesenzysten-und-schilddruesenknoten-sind-kein-schilddruesenkrebs\/\">Schilddr\u00fcsenzysten und Schilddr\u00fcsenknoten sind kein Schilddr\u00fcsenkrebs<\/a><\/li>\n<li><a href=\"https:\/\/schilddruesenguide.de\/thyreoiditis\/chirurgische-therapie-von-gut-und-boesartigen-schilddruesenerkrankungen\/\">Chirurgische Therapie von gut- und b\u00f6sartigen Schilddr\u00fcsenerkrankungen<\/a><\/li>\n<\/ul>\n<p><strong>Wann muss ein Knoten in der Schilddr\u00fcse operiert werden?<\/strong><\/p>\n<p>Das ist \u00fcblicherweise der Fall, wenn es durch den oder die Schilddr\u00fcsenknoten zu Missempfindungen (Druck-, Enge-, Klo\u00dfgef\u00fchl) kommt oder wenn der Verdacht auf eine b\u00f6sartige Schilddr\u00fcsenkrebserkrankung besteht.<\/p>\n<p><strong>Wird bei einer Schilddr\u00fcsen-OP die gesamte Schilddr\u00fcse entfernt?<\/strong><\/p>\n<p>Nein!<\/p>\n<p>Nur bei Schilddr\u00fcsenkrebs wird immer die ganze Schilddr\u00fcse operativ entfernt. Bei den gutartigen Schilddr\u00fcsenknoten wird meistens der betroffene Schilddr\u00fcsenlappen oder manchmal auch nur ein einzelner Schilddr\u00fcsenknoten herausoperiert.<\/p>\n<p><strong>Wie lange ist man nach einer Schilddr\u00fcsenoperation krank?<\/strong><\/p>\n<p>Die operative Entfernung eines oder mehrerer Schilddr\u00fcsenknoten ist eine Routineoperation die sehr h\u00e4ufig durchgef\u00fchrt wird und bei der es selten zu Komplikationen kommt. Das hei\u00dft, die meisten PatientInnen sind schon nach wenigen Tagen wieder arbeitsf\u00e4hig. Eine Krankschreibung, die l\u00e4nger als zwei Wochen dauert, ist eher eine Ausnahme.<\/p>\n<p>&#x1f4a1; Tipp: Es gibt ein sehr ausf\u00fchrliches <a href=\"https:\/\/schilddruesenguide.de\/thyreoiditis\/spezial-schilddruesenoperation\/\">Themen-Spezial zu operativen Eingriffe an der Schilddr\u00fcse<\/a> (Schilddr\u00fcsenoperation, Thyreoidektomie)<\/p>\n<h3>ohne Operation<\/h3>\n<h4><strong>Medikamente<\/strong><\/h4>\n<ul>\n<li>Schilddr\u00fcsenhormonpr\u00e4parate kombiniert mit Jod<\/li>\n<li>Schilddr\u00fcsenhemmer, sogenannte Thyreostatika, mit den Wirkstoffen Thiamazol oder Carbimazol<\/li>\n<\/ul>\n<h4><strong>Radioiodtherapie<\/strong><\/h4>\n<p>Radioiod (I-131) ist eine radioaktive Form des nat\u00fcrlichen Spurenelements Iod. Es wird \u00fcber das Blut aufgenommen, gelangt dar\u00fcber zur Schilddr\u00fcse und wird dort genauso behandelt wie das nat\u00fcrliche Jod.<\/p>\n<p>Das mit einer Kapsel geschluckte Radioiod wird bevorzugt von den warmen Knoten (autonomen Adenomem) in der Schilddr\u00fcse aufgenommen. Dort strahlt es von innen heraus und zerst\u00f6rt die Schilddr\u00fcsenknoten, Das kann einige Wochen dauern.<\/p>\n<p>Die Radioiodtherapie ist schmerzfrei und nebenwirkungsarm. Andere Organe werden dabei nicht gesch\u00e4digt.<\/p>\n<p>&#x2705; <strong>Lesen Sie dazu\u00a0<\/strong><strong>auch:<\/strong><\/p>\n<p><a href=\"https:\/\/schilddruesenguide.de\/thyreoiditis\/radioiodtherapie-wissenswertes-fuer-patienten\/\">Radioiodtherapie &#8211; Wissenswertes f\u00fcr Patienten<\/a><\/p>\n<h4><strong>Thermoablation<\/strong><\/h4>\n<p>Unter einer in der Regel ambulant durchgef\u00fchrten Thermoablation versteht man die Entfernung eines oder mehrere Schilddr\u00fcsenknoten mittels Hitze. Daf\u00fcr ist meist nur eine \u00f6rtliche Bet\u00e4ubung notwendig.<\/p>\n<p>Es gibt unterschiedliche, thermoablative Verfahren.<\/p>\n<ul>\n<li><strong>HIFU<\/strong> = Ablation mit hochintensivem fokussiertem Ultraschall<\/li>\n<li><strong>RFA<\/strong> = Radiofrequenzablation unter \u00f6rtlicher Bet\u00e4ubung<\/li>\n<li><strong>MWA<\/strong> = Mikrowellenablation<\/li>\n<li><strong>LITT<\/strong> = laserinduzierte Thermotherapie<\/li>\n<\/ul>\n<p>&#x2705; <strong>Lesen Sie dazu\u00a0<\/strong><strong>auch:<\/strong><\/p>\n<ul>\n<li><a href=\"https:\/\/schilddruesenguide.de\/thyreoiditis\/thermoablative-verfahren-zur-behandlung-von-schilddruesenknoten\/\">Thermoablative Verfahren zur Behandlung von Schilddr\u00fcsenknoten<\/a><\/li>\n<li><a href=\"https:\/\/schilddruesenguide.de\/thyreoiditis\/thermoablation-von-schilddruesenknoten\/\">Thermoablation von Schilddr\u00fcsenknoten<\/a><\/li>\n<\/ul>\n<h2>ICD<\/h2>\n<p>E01.1 Jodmangelbedingte mehrknotige Struma<\/p>\n<p>E04.1 Nichttoxischer solit\u00e4rer Schilddr\u00fcsenknoten<\/p>\n<p>E04.2 Nichttoxische mehrknotige Struma<\/p>\n<p>E05.1 Hyperthyreose mit toxischem solit\u00e4rem Schilddr\u00fcsenknoten<\/p>\n<p>E05.2 Hyperthyreose mit toxischer mehrknotiger Struma<\/p>\n<h2>Fachbegriffe<\/h2>\n<p>autonomes Adenom = warmer, aktiv Schilddr\u00fcsenhormone produzierender Schilddr\u00fcsenknoten<\/p>\n<p>benigne = gutartig<\/p>\n<p>Enukleation = Entfernung eines einzelner Schilddr\u00fcsenknoten<\/p>\n<p>Glandula thyroidea = medizinische Bezeichnung f\u00fcr die Schilddr\u00fcse<\/p>\n<p>Hemithyreoidektomie = Entfernung eines Schilddr\u00fcsenlappens<\/p>\n<p>Hyperthyreose = Schilddr\u00fcsen\u00fcberfunktion (\u00dcberschuss an Schilddr\u00fcsenhormonen)<\/p>\n<p>Hypothyreose = Schilddr\u00fcsenunterfunktion (Mangel an Schilddr\u00fcsenhormonen)<\/p>\n<p>Knotenstruma = Vergr\u00f6\u00dferte Schilddr\u00fcse mit mehreren Schilddr\u00fcsenknoten<\/p>\n<p>maligne = b\u00f6sartig<\/p>\n<p>Schilddr\u00fcsensonografie = Ultraschalluntersuchung der Schilddr\u00fcse<\/p>\n<p>Schilddr\u00fcsenszintigrafie<\/p>\n<p>Schilddr\u00fcsenwerte TSH, fT3, fT4<\/p>\n<p>Struma = vergr\u00f6\u00dferte Schilddr\u00fcse<\/p>\n<p>TNM = Tumor (T), Nodes (N), Metastasen (M)<\/p>\n<p>Thyreoidektomie = operative Entfernung der gesamten Schilddr\u00fcse<\/p>\n<div style=\"border-left: 4px solid #008000; background-color: #f1fdf3; padding: 12px; font-family: Arial, sans-serif; font-size: 14px; line-height: 1.5; margin-bottom: 20px; text-align: left;\"><span style=\"color: #000000;\"><strong>Tipp<\/strong>: Um Ihnen die Orientierung auf www.schilddruesenguide.de zu erleichtern, habe ich eine \u00dcbersicht der wichtigsten Inhalte erstellt. <\/span>\u27a4<span style=\"color: #008000;\"><strong> <a style=\"color: #008000;\" href=\"https:\/\/schilddruesenguide.de\/thyreoiditis\/navigationsseite\/\">Zur Navigationsseite<\/a><\/strong><\/span><\/div>\n<hr \/>\n<p>Letzte Aktualisierung: 15. Dezember 2025<\/p>\n<p>Zur\u00fcck zur \u00dcbersicht: Erkrankungen der Schilddr\u00fcse verstehen &#8211; <a href=\"https:\/\/schilddruesenguide.de\/thyreoiditis\/schilddruesenerkrankungen-verstehen-symptome-werte-therapie-ein-ueberblick-der-meistgelesenen-blogartikel\/\"><b>Symptome, Werte &amp; Therapie<\/b><\/a><\/p>\n","protected":false},"excerpt":{"rendered":"<p>Kurz und knapp zusammengefasst, erfahren Sie hier alles Wichtige zu Schilddr\u00fcsenknoten. Was bedeutet es, wenn man Knoten in der Schilddr\u00fcse hat? Das Vorhandensein eines oder mehrerer Schilddr\u00fcsenknoten ist NICHT gleichbedeutend mit einer Krebsdiagnose und nur selten ein Grund sich Sorgen zu machen. Trotzdem ist es ratsam, diese von einem Facharzt [&hellip;]<\/p>\n","protected":false},"author":1,"featured_media":0,"parent":0,"menu_order":0,"comment_status":"closed","ping_status":"closed","template":"","meta":{"_metis_text_type":"standard","_metis_text_length":12137,"_post_count":0,"footnotes":""},"class_list":["post-14687","page","type-page","status-publish","hentry"],"public_identification_id":"e78a5f4bce784d4fbc173b8de13170be","private_identification_id":"6eb58ade776f4a34bf33a51a06408cfc","_links":{"self":[{"href":"https:\/\/schilddruesenguide.de\/thyreoiditis\/wp-json\/wp\/v2\/pages\/14687","targetHints":{"allow":["GET"]}}],"collection":[{"href":"https:\/\/schilddruesenguide.de\/thyreoiditis\/wp-json\/wp\/v2\/pages"}],"about":[{"href":"https:\/\/schilddruesenguide.de\/thyreoiditis\/wp-json\/wp\/v2\/types\/page"}],"author":[{"embeddable":true,"href":"https:\/\/schilddruesenguide.de\/thyreoiditis\/wp-json\/wp\/v2\/users\/1"}],"replies":[{"embeddable":true,"href":"https:\/\/schilddruesenguide.de\/thyreoiditis\/wp-json\/wp\/v2\/comments?post=14687"}],"version-history":[{"count":0,"href":"https:\/\/schilddruesenguide.de\/thyreoiditis\/wp-json\/wp\/v2\/pages\/14687\/revisions"}],"wp:attachment":[{"href":"https:\/\/schilddruesenguide.de\/thyreoiditis\/wp-json\/wp\/v2\/media?parent=14687"}],"curies":[{"name":"wp","href":"https:\/\/api.w.org\/{rel}","templated":true}]}}