{"id":14378,"date":"2024-01-24T08:51:59","date_gmt":"2024-01-24T07:51:59","guid":{"rendered":"https:\/\/schilddruesenguide.de\/thyreoiditis\/?page_id=14378"},"modified":"2025-07-31T08:23:02","modified_gmt":"2025-07-31T06:23:02","slug":"spezial-behandlung-der-endokrinen-orbitopathie-augenbeteiligung-beim-morbus-basedow","status":"publish","type":"page","link":"https:\/\/schilddruesenguide.de\/thyreoiditis\/spezial-behandlung-der-endokrinen-orbitopathie-augenbeteiligung-beim-morbus-basedow\/","title":{"rendered":"Was tun bei Endokriner Orbitopathie (Augenbeteiligung) beim Morbus Basedow?"},"content":{"rendered":"<p>Da ich mich selbst mit der Endokrinen Orbitopathie (Augenbeteiligung, hervortretende Augen) beim Morbus Basedow nicht auskenne, habe ich davon betroffene Morbus Basedow-PatientInnen und \u00e4rztliche SpezialistInnen bei diesem Thema um ihre Hilfe gebeten. Sie finden hier also \u00fcberwiegend Texte von GastautorInnen sowie Verweise auf Pressemitteilungen und Ver\u00f6ffentlichungen auf anderen Websites. Sollten sich hier Fehler eingeschlichen haben, bitte ich um eine kurze R\u00fcckmeldung, damit ich diese korrigieren kann. Danke!<\/p>\n<div style=\"border-left: 6px solid #4CAF50; background-color: #f0fff4; padding: 16px 20px 10px 20px; margin: 20px 0; border-radius: 6px; font-family: sans-serif;\">\n<div style=\"font-size: 18px; margin-bottom: 8px;\"><strong>Produktempfehlungen f\u00fcr Schilddr\u00fcsenpatientinnen:<\/strong><\/div>\n<ul style=\"margin: 0 0 4px 20px; padding: 0; color: #333; list-style-type: disc;\">\n<li><a href=\"https:\/\/amzn.to\/4o89pF1\">Tablettenteiler<\/a> f\u00fcr das exakte Halbieren oder Vierteln von L-Thyroxin<\/li>\n<li><a href=\"https:\/\/amzn.to\/3GSZfr7\">Basalthermometer<\/a> (alternative Diagnose einer Schilddr\u00fcsenunterfunktion)<\/li>\n<li><a href=\"https:\/\/amzn.to\/4lGCkyi\">7-Tage-Tablettenbox<\/a>: praktisch auf Reisen<\/li>\n<li><a href=\"https:\/\/amzn.to\/455tfb7\">TSH-Selbsttest<\/a> \u2192 schnelles Ergebnis in nur 10 Minuten<\/li>\n<li><a href=\"https:\/\/amzn.to\/4fbucmX\">Thermocase<\/a> f\u00fcr den wirksicheren Transport der Schilddr\u00fcsenmedikamente<\/li>\n<\/ul>\n<div style=\"font-size: 13px; color: #666; margin-top: 8px;\"><em>Dieser Bereich enth\u00e4lt Affiliate-Links von Amazon. So kann ich Inhalte wie diesen ohne redaktionelle Beeinflussung und unabh\u00e4ngig von Partnern f\u00fcr Sie bereitstellen \u2013 danke f\u00fcr Ihre Unterst\u00fctzung!<\/em><\/div>\n<\/div>\n<p><strong>Augenprobleme Schilddr\u00fcse &#8211; Gibt es da einen Zusammenhang?<\/strong><\/p>\n<p>Ja! Ungef\u00e4hr die H\u00e4lfte der \u2192 <a href=\"https:\/\/schilddruesenguide.de\/thyreoiditis\/informationen-zum-krankheitsbild-morbus-basedow\/\">Morbus Basedow<\/a>-Betroffenen (Jutta Knopp) leidet unter einen Endokrinen Orbitopathie. In einigen F\u00e4llen (circa 5 % der PatientInnen) ist die Augenbeteiligung so schwer, dass eine umfangreiche Behandlung erfolgen muss, um die damit verbundenen Beschwerden zu lindern.<\/p>\n<p><strong>Endokrine Orbitopathie &#8211; Was ist das?<\/strong><\/p>\n<p>Unter einer endokrinen Orbitopathie versteht man eine Erkrankung der Augenh\u00f6hle (Orbita). Dabei handelt es sich um eine Autoimmunerkrankung, die meist gemeinsam mit dem Morbus Basedow und selten mit der Hashimoto-Thyreoiditis auftritt. Dabei kommt es zu einem deutlichen Hervortreten der Augen (Exophthalmus) sowie hochgezogenen Oberlidern (Lidretraktion). Ursache daf\u00fcr sind Ver\u00e4nderungen des hinter dem Augapfel (retrobulb\u00e4r) gelegenen Muskel-, Fett- und Bindegewebes.\u00a0\u2192 Prof. Dr. Roland Gockeln &#8222;<a href=\"https:\/\/schilddruesenguide.de\/thyreoiditis\/die-endokrine-orbitopathie\/\">Die Endokrine Orbitopathie<\/a>&#8220;<\/p>\n<h2>Krankheitsverlauf, Stadien der Erkrankung und Symptome<\/h2>\n<p>TSI = TSH-Rezeptor stimulierende Immunglobuline<\/p>\n<p>\u2192\u00a0<a href=\"https:\/\/schilddruesenguide.de\/thyreoiditis\/tsi-test-ermoeglicht-ausssagen-ueber-aktivitaet-und-schweregrad-der-endokrinen-orbitopathie\/\">TSI-Test erm\u00f6glicht Aussagen \u00fcber Aktivit\u00e4t und Schweregrad der Endokrinen Orbitopathie<\/a><\/p>\n<h3>Krankheitszeichen<\/h3>\n<ul>\n<li>Ballet Zeichen = eingeschr\u00e4nkte Beweglichkeit der Augenmuskeln<\/li>\n<li>Dahlrymple Zeichen = zur\u00fcckgezogene Oberlider<\/li>\n<li>Gifford-Zeichen<\/li>\n<li>Graefe Zeichen = unvollst\u00e4ndiger Lidschluss<\/li>\n<li>Jellinek-Zeichen = Pigmentierung des Oberlids<\/li>\n<li>Joffroy-Zeichen = fehlendes Stirnrunzeln bei Blickhebung<\/li>\n<li>Kocher Zeichen = \u00e4ngstlicher Blick<\/li>\n<li>M\u00f6bius Zeichen = gegensinnige Augenbewegung<\/li>\n<li>Pocher-Zeichen = Lidfurche<\/li>\n<li>Rodenbach-Zeichen = Lidzittern bei geschlossenen Lidern<\/li>\n<li>Stellwag Zeichen = seltener Lidschlag<\/li>\n<li>Vigouroux Zeichen \/ Enroth-Zeichen = geschwollene Augenlider<\/li>\n<\/ul>\n<h3>Stadien der Erkrankung (NOSPECS \u2013 Score)<\/h3>\n<ul>\n<li>0\u00a0 = <strong>N<\/strong>o signs or symptoms<\/li>\n<li>I\u00a0 \u00a0= <strong>O<\/strong>nly signs (Dahlrymple Zeichen \/ M\u00f6bius Zeichen)<\/li>\n<li>II\u00a0 = <strong>S<\/strong>oft tissue involvement<\/li>\n<li>III = <strong>P<\/strong>roptosis (Exophthalmus)<\/li>\n<li>IV = <strong>E<\/strong>xtraocular muscle involvement<\/li>\n<li>V\u00a0 = <strong>C<\/strong>orneal involvement<\/li>\n<li>VI = <strong>S<\/strong>ight loss (visual acuity)<\/li>\n<\/ul>\n<h3>LEMO-Klassifikation<\/h3>\n<table class=\"SDG-Tabelle\">\n<tbody>\n<tr>\n<th>Symptome<\/th>\n<th>Klasse<\/th>\n<th>Befund<\/th>\n<\/tr>\n<tr>\n<td rowspan=\"5\">Ver\u00e4nderungen<br \/>\nan den <strong>Lidern<\/strong> (<b>L<\/b>)<\/td>\n<td>0<\/td>\n<td>keine<\/td>\n<\/tr>\n<tr>\n<td>1<\/td>\n<td>nur Lid\u00f6dem<\/td>\n<\/tr>\n<tr>\n<td>2<\/td>\n<td>Retraktion<\/td>\n<\/tr>\n<tr>\n<td>3<\/td>\n<td>Retraktion plus Oberlid\u00f6dem<\/td>\n<\/tr>\n<tr>\n<td>4<\/td>\n<td>Retraktion plus Ober- und Unterlid\u00f6dem<\/td>\n<\/tr>\n<tr>\n<td rowspan=\"5\"><strong>Exophthalmus<\/strong> (<b>E<\/b>)<\/td>\n<td>0<\/td>\n<td>kein<\/td>\n<\/tr>\n<tr>\n<td>1<\/td>\n<td>ohne Lidschlussinsuffizienz<\/td>\n<\/tr>\n<tr>\n<td>2<\/td>\n<td>Bindehautreizung morgens<\/td>\n<\/tr>\n<tr>\n<td>3<\/td>\n<td>permanente Bindehautreizung<\/td>\n<\/tr>\n<tr>\n<td>4<\/td>\n<td>Hornhautkomplikationen<\/td>\n<\/tr>\n<tr>\n<td rowspan=\"4\">Beeintr\u00e4chtigung der <strong>Muskeln<\/strong> (<b>M<\/b>)<\/td>\n<td>0<\/td>\n<td>keine<\/td>\n<\/tr>\n<tr>\n<td>1<\/td>\n<td>nur mit bildgebenden Verfahren nachweisbar<\/td>\n<\/tr>\n<tr>\n<td>2<\/td>\n<td>Pseudoparese<\/td>\n<\/tr>\n<tr>\n<td>3<\/td>\n<td>Pseudoparalyse<\/td>\n<\/tr>\n<tr>\n<td rowspan=\"4\">Beteiligung<br \/>\ndes Nervus <strong>Opticus<\/strong> (<b>O<\/b>)<\/td>\n<td>0<\/td>\n<td>keine<\/td>\n<\/tr>\n<tr>\n<td>1<\/td>\n<td>nur im Farbsehen und ausgel\u00f6st durch Lichtreize<\/td>\n<\/tr>\n<tr>\n<td>2<\/td>\n<td>periphere Gesichtsfelddefekte<\/td>\n<\/tr>\n<tr>\n<td>3<\/td>\n<td>zentrale Gesichtsfelddefekte<\/td>\n<\/tr>\n<\/tbody>\n<\/table>\n<h2>Behandlung der Endokrinen Orbitopathie<\/h2>\n<p>Es gibt inzwischen eine ganze Reihe von unterschiedlichen Therapieoptionen. Welche davon erforderlich sind, h\u00e4ngt von der Auspr\u00e4gung der Endokrinen Orbitopathie ab. Entscheidend ist auch, ob sich die Endokrine Orbitopathie im aktiven Entz\u00fcndungsstadium befindet oder bereits inaktiv geworden ist. Oft ist es notwendig, verschiedene Behandlungsmethoden zu kombinieren oder nacheinander anzuwenden.<\/p>\n<p>Bei <strong>aktiver Endokriner Orbitopathie<\/strong> ist die Doppeltherapie mit Kortison das Mittel der Wahl. Auch eine Orbitaspitzenbestrahlung kann eine Behandlungsoption sein.\u00a0Bei einer<strong> inaktiven Endokrinen Orbitopathie<\/strong> steht die operative Verbesserung\/Beseitigung der Folgeerscheinungen im Vordergrund.<\/p>\n<p>\u00c4rztliche \u00dcberblicksartikel:<\/p>\n<p>\u2192 <a href=\"https:\/\/schilddruesenguide.de\/thyreoiditis\/aktuelle-therapieoptionen-bei-endokriner-orbitopathie\/\">Aktuelle Therapieoptionen bei endokriner Orbitopathie<\/a><\/p>\n<p>\u2192\u00a0<a href=\"https:\/\/schilddruesenguide.de\/thyreoiditis\/augenveraenderungen-bei-morbus-basedow\/\">Augenver\u00e4nderungen bei Morbus Basedow<\/a><\/p>\n<p>Linktipp: \u2192 <a href=\"https:\/\/schilddruesenguide.de\/thyreoiditis\/therapie-der-endokrinen-orbitopathie\/\">Therapie der Endokrinen Orbitopathie\u00a0<\/a><\/p>\n<p>Erg\u00e4nzende Ratschl\u00e4ge von Betroffenen (Gabriele Hinkel): \u2192 <a href=\"https:\/\/schilddruesenguide.de\/thyreoiditis\/tipps-zur-linderung-der-beschwerden-bei-der-endokrinen-orbitopathie\/\">Tipps zur Linderung der Beschwerden bei der Endokrinen Orbitopathie<\/a> (Verhaltenstipps, Nahrungserg\u00e4nzungsmittel, Augentropfen, K\u00fchlbrille, Kr\u00e4utertees, Lymphdrainagen, Hom\u00f6opathie, Sch\u00fc\u00dfler Salze, Hinweise zur Operation)<\/p>\n<h3>Gute Einstellung des Schilddr\u00fcsenstoffwechsels<\/h3>\n<p>Das Wichtigste ist zun\u00e4chst einmal eine deutliche Schilddr\u00fcsenfehlfunktion zu vermeiden. Sowohl eine Schilddr\u00fcsen\u00fcberfunktion als auch eine Unterfunktion der Schilddr\u00fcse k\u00f6nnen den Krankheitsverlauf bei der Endokrinen Orbitopathie verschlechtern.<\/p>\n<p>Wichtig: Bei einer floriden Endokrinen Orbitopathie sollte keine Radioiodtherapie durchgef\u00fchrt werden!<\/p>\n<h3>Rauchstopp<\/h3>\n<p>Rauchen erh\u00f6ht grunds\u00e4tzlich das Risiko eine autoimmune Schilddr\u00fcsenerkrankung zu entwickeln. Es f\u00f6rdert beispielsweise das Wachstum der Thyreozyten (Schilddr\u00fcsenzellen) und damit die Entstehung einer Struma (Schilddr\u00fcsenvergr\u00f6\u00dferung). Daneben scheint besonders das im Zigarettenrauch enthaltene giftige Thiocyanid ein Risikofaktor f\u00fcr die Entwicklung einer endokrinen Orbitopathie zu sein. Bei RaucherInnen wurden signifikant h\u00f6here Thiocyanid-Konzentrationen im Urin gemessen als bei NichtraucherInnen. Das Risiko eine Endokrine Orbitopathie zu entwickeln ist bei RaucherInnen 8mal h\u00f6her als bei NichtraucherInnen. Umgekehrt wird das Erkrankungsrisiko durch Nikotinabstinenz vermindert und der Krankheitsverlauf g\u00fcnstig beeinflusst.<\/p>\n<p>Quelle: L. Hegedi\u00fcs, T. H. Brix, P. Vestergaard &#8222;Relationship between cigarette smoking and Graves&#8216; ophthalmopathy&#8220;, J Endocrinol Invest. 2004 Mar;27(3):265-71. doi: 10.1007\/BF03345276.<\/p>\n<h3>Spurenelement Selen<\/h3>\n<p>Das Fortschreiten der Augenbeteiligung beim Morbus Basedow wird durch das Spurenelement Selen nachweisbar verlangsamt. PatientInnen die an einer Endokrinen Orbitopathie leiden, berichten von einer deutlich verbesserten Lebensqualit\u00e4t durch die Selen-Gabe.<\/p>\n<p>Quelle: Marcocci C, Kahaly GJ, Krassas GE u.a. \u201eSelenium and the courseofmild graves\u2019orbitopathy.\u201c N Engl J Med364(20):1920\u20131931<\/p>\n<div class=\"selen-teaser\" style=\"border: 1px solid #ccc; padding: 15px; margin: 20px 0; background-color: #f9f9f9;\"><strong><span style=\"color: #008000;\">&#x1f48a;<\/span>Schilddr\u00fcse und Selen &#8211; was das Spurenelement f\u00fcr Ihre Hormonbalance tun kann<\/strong><br \/>\nSelen ist unverzichtbar f\u00fcr eine gesunde Schilddr\u00fcse. Warum es so wichtig ist, wie es bei Hashimoto helfen kann \u2013 und welche Pr\u00e4parate empfehlenswert sind, lesen Sie hier.<br \/>\n<span style=\"color: #ff00ff;\"><a style=\"color: #ff00ff;\" href=\"https:\/\/schilddruesenguide.de\/thyreoiditis\/schilddruese-und-selen-warum-dieses-spurenelement-so-wichtig-ist\/\">Jetzt lesen!<\/a><\/span><\/div>\n<h3>Tr\u00e4nenersatzmittel<\/h3>\n<p>K\u00fcnstliche Tr\u00e4nen (Topfen, Gel, Spray) dienen der Befeuchtung der Augen und Linderung von Augenreizungen.<\/p>\n<h3>get\u00f6nte Brillengl\u00e4ser &amp; Prismenbrille<\/h3>\n<p>Bei lichtempfindlichen Augen helfen get\u00f6nte Brillen. Eine Prismenbrille wird bei schielenden Augen eingesetzt.<\/p>\n<h3>Lymphdrainage<\/h3>\n<p>Mit einer Lymphdrainage kann erg\u00e4nzend zu der medikament\u00f6sen Behandlung versucht werden Schwellungen zu reduzieren.<\/p>\n<h3>Botulinumtoxin<\/h3>\n<p>Wenn die Augenbeweglichkeit durch die verdickten Augenmuskeln eingeschr\u00e4nkt ist, kann es zu Doppelbildern kommen. Durch Injektion von Botulinumtoxin kann die Funktionsf\u00e4higkeit der Muskeln eventuell verbessert werden.<\/p>\n<h3>Doppeltherapie (Kortisonsto\u00dftherapie)<\/h3>\n<p>Wirkstoffe:<\/p>\n<ul>\n<li>Kortison (Glukokortikoid)<\/li>\n<li>Ciclosporin (Immunsuppressivum)<\/li>\n<\/ul>\n<h3>Off-Label-Use<\/h3>\n<p>Wirkstoffe:<\/p>\n<ul>\n<li>Azathioprin<\/li>\n<li>Mycophenolat-Mofetil<\/li>\n<li>Rituximab<\/li>\n<li>Tocilizumab<\/li>\n<\/ul>\n<h3>Wirkstoff Teprotumumab<\/h3>\n<p>Die US-amerikanische Gesundheitsbeh\u00f6rde FDA hat das Medikament Tepezza\u00ae (Wirkstoff: Teprotumumab) im Jahr 2020 f\u00fcr die Behandlung der Endokrinen Orbitopathie zugelassen. Es reduziert die Vorw\u00f6lbung der Augen bei Morbus Basedow-Betroffenen.<\/p>\n<p>\u2192 05.05.2017 <a href=\"https:\/\/schilddruesenguide.de\/thyreoiditis\/moeglicherweise-medikament-zur-behandlung-des-exophthalmus-beim-morbus-basedow-entdeckt\/\">M\u00f6glicherweise Medikament zur Behandlung des Exophthalmus beim Morbus Basedow entdeckt\u00a0<\/a><\/p>\n<p>\u2192 23.10.2018 <a href=\"https:\/\/schilddruesenguide.de\/thyreoiditis\/neues-zu-teprotumumab-wirkstoff-zur-behandlung-der-endokrinen-orbitopathie-beim-morbus-basedow\/\">Neues zu Teprotumumab \u2013 Wirkstoff zur Behandlung der Endokrinen Orbitopathie beim Morbus Basedow\u00a0<\/a><\/p>\n<p>\u2192 29.01.2020 <a href=\"https:\/\/schilddruesenguide.de\/thyreoiditis\/neues-medikament-zur-behandlung-der-augenbeteiligung-bei-morbus-basedow-zugelassen\/\">Neues Medikament zur Behandlung der Augenbeteiligung bei Morbus Basedow zugelassen\u00a0<\/a><\/p>\n<p>Studien:<\/p>\n<ul>\n<li>D. H. Slentz u.a. \u201eTeprotumumab: a novel therapeutic monoclonal antibody for thyroid-associated ophthalmopathy\u201c Expert Opin Investig Drugs 2020 Jul;29(7):645-649.<\/li>\n<li>R.S. Douglas, G.J. Kahaly u.a. \u201eTeprotumumab for the Treatment of Active Thyroid Eye Disease.\u201c Engl J Med. 2020 Jan 23;382(4):341-352.<\/li>\n<li>T.J. Smith \u201eThyroid-associated ophthalmopathy: Emergence of teprotumumab as a promising medical therapy.\u201c, Clin Endocrinol Metab. 2020 Jan;34(1):101383<\/li>\n<li>G. J. Kahaly, R.S. Douglas u.a. \u201eTeprotumumab for patients with active thyroid eye disease: a pooled data analysis, subgroup analyses, and off-treatment follow-up results from two randomised, double-masked, placebo-controlled, multicentre trials.\u201c Lancet Diabetes Endocrinol. 2021 Jun;9(6):360-372.<\/li>\n<\/ul>\n<h3>Orbitaspitzenbestrahlung (Retrobul\u00e4rbestrahlung)<\/h3>\n<p>Ablauf:<\/p>\n<ul>\n<li>Erstkontakt<\/li>\n<li>Voruntersuchungen mit Computertomographie<\/li>\n<li>Bestrahlungsserie (sechs jeweils f\u00fcnf-min\u00fctige Bestrahlungen in einem Zeitraum von zwei Wochen)<\/li>\n<li>Abschlu\u00dfgespr\u00e4ch<\/li>\n<\/ul>\n<h3><strong>Operation der Endokrinen Orbitopathie<\/strong><\/h3>\n<p>Dekompression = Druckentlastung<\/p>\n<ol>\n<li>Entfernung von Fettgewebe <strong>(Transpalpebrale Orbitadekompression)<\/strong><\/li>\n<li>Kn\u00f6cherne Entlastungsoperation (<strong>Oss\u00e4re Dekompression)<\/strong><\/li>\n<li>Korrektur von Lidfehlstellungen<\/li>\n<li>Operation der Augenmuskeln<\/li>\n<\/ol>\n<p>\u2192 <a href=\"https:\/\/schilddruesenguide.de\/thyreoiditis\/ossaere-dekompression-bei-der-endokrinen-orbitopathie\/\">Oss\u00e4re Dekompression bei der Endokrinen Orbitopathie<\/a> (inkl. Linktipps)<\/p>\n<p>\u2192 Dr. Egon F. Eder &#8222;<a href=\"https:\/\/schilddruesenguide.de\/thyreoiditis\/transpalpebrale-orbitadekompression-durch-fettentfernung-bei-endokriner-orbitopathie\/\">Transpalpebrale Orbitadekompression durch Fettentfernung bei endokriner Orbitopathie<\/a>&#8220;<\/p>\n<p><strong>Webadressen von Kliniken<\/strong><\/p>\n<p>Leider gibt es deutschlandweit nur wenige wirklich gute Kliniken die sich auf die Behandlung der Endokrinen Orbitopathie spezialisiert haben. Deshalb sind diese auch nicht unter den einzelnen Postleitzahlen im Webverzeichnis &#8222;Schilddr\u00fcse&#8220; aufgef\u00fchrt, sondern nur noch zentral an dieser Stelle. Wenn Sie weitere Adressen kennen, freue ich mich \u00fcber einen Hinweis!<\/p>\n<p>Deutschlandweit f\u00fchrend in der operativen Behandlung der Endokrinen Orbitopathie ist das Basedow-Zentrum des Dreifaltigkeits-Krankenhauses in Wesseling (<a href=\"https:\/\/www.krankenhaus-wesseling.de\/medizinische-bereiche\/medizinische-zentren\/basedow-zentrum\" target=\"_blank\" rel=\"noopener noreferrer\">www.krankenhaus-wesseling.de<\/a>). Der fr\u00fchere Chefarzt Prof. Dr. Neven Olivari (1932 &#8211; 2018) hat dort eine Abteilung f\u00fcr plastische Chirurgie aufgebaut und die Technik der so genannten &#8222;Transpalpebralen Orbita-Dekompression&#8220; entwickelt. Aber auch die Operationsmethode der &#8222;Oss\u00e4ren Dekompression&#8220; wird weiterhin dort eingesetzt.<\/p>\n<p>Weitere gute Adressen an die sich betroffene Schilddr\u00fcsenpatientInnen wenden k\u00f6nnen sind<\/p>\n<ul>\n<li>Dr. Dr. Matthias Krause in Berlin (<a href=\"https:\/\/gesichtschirurgie-berlin.de\/spektrum\/eorbitopathie\/\" target=\"_blank\" rel=\"noopener noreferrer\">www.gesichtschirurgie-berlin.de<\/a>)<\/li>\n<li>Prof. Dr. Anja Eckstein, Augenklinik der Universit\u00e4tsmedizin in Essen (<a href=\"https:\/\/augenklinik.uk-essen.de\/\" target=\"_blank\" rel=\"noopener noreferrer\">www.augenklinik.uk-essen.de<\/a>)<\/li>\n<li>Universit\u00e4tsklinikum Giessen (<a href=\"https:\/\/www.ukgm.de\/ugm_2\/deu\/ugi_mkg\/4501.html\" target=\"_blank\" rel=\"noopener noreferrer\">www.ukgm.de<\/a>)<\/li>\n<li>Augen\u00e4rzte am Aegi in Hannover (www.augenklinik-hannover.de)<\/li>\n<li>Prof. Dr. George Kahaly, Augenklinik der Universit\u00e4tsmedizin in Mainz (<a href=\"https:\/\/www.unimedizin-mainz.de\/augenklinik\/spezialzentren\/orbitazentrum\/chirurgische-therapie.html\" target=\"_blank\" rel=\"noopener noreferrer\">www.unimedizin-mainz.de<\/a>)<\/li>\n<li>Prof. Dr. Thomas Neuhann in M\u00fcnchen (<a href=\"https:\/\/www.neuhann.de\/endokrine-orbitopathie\/\" target=\"_blank\" rel=\"noopener noreferrer\">www.neuhann.de<\/a>)<\/li>\n<li>Klinik f\u00fcr Augenheilkunde in W\u00fcrzburg (<a href=\"https:\/\/www.ukw.de\/augenklinik\/schwerpunkte\/kinderaugenheilkunde-strabologie-und-neuroophtalmologie\/endokrine-orbitopathie\/\" target=\"_blank\" rel=\"noopener noreferrer\">www.ukw.de<\/a>)<\/li>\n<\/ul>\n<p><strong>Forschungsprojekte<\/strong><\/p>\n<p>Arbeitsgruppe Entz\u00fcndliche Orbitaerkrankungen der Universit\u00e4tsmedizin Essen (<a href=\"https:\/\/augenklinik.uk-essen.de\/ag-entzuendliche-orbitaerkrankungen\/\">www.augenklinik.uk-essen.de<\/a>)<\/p>\n<ul>\n<li>Identifizierung neuer Biomarker bei seltenen, isolierten orbitalen Entz\u00fcndungen<\/li>\n<li>Der Einfluss von Risikofaktoren auf Auftreten und Fortschreiten der Endokrinen Orbitopathie (Rauchen, Stress)<\/li>\n<li>Die Rolle von Schilddr\u00fcsenhormonen bei der Endokrinen Orbitopathie<\/li>\n<li>Entwicklung neuer Therapieoptionen zur Behandlung der Endokrinen Orbitopathie<\/li>\n<\/ul>\n<div style=\"background-color: #f8f9fa; border: 2px solid #6c757d; padding: 20px; border-radius: 0; color: #343a40; font-family: Arial, sans-serif;\">\n<h3 style=\"margin-top: 0;\">Wissensbaustein Morbus Basedow<\/h3>\n<p>Morbus Basedow ist eine Autoimmunerkrankung der Schilddr\u00fcse, die zu einer \u00dcberproduktion von Schilddr\u00fcsenhormonen f\u00fchrt. Es ist wichtig, die Symptome fr\u00fchzeitig zu erkennen und sich regelm\u00e4\u00dfig \u00e4rztlich untersuchen zu lassen, um m\u00f6gliche Komplikationen zu vermeiden. Weitere Informationen zu Diagnose, Behandlung und Therapie von Morbus Basedow finden Sie auf der zentralen Seite &#8222;<strong>Wie schlimm ist Morbus Basedow?<\/strong>&#8222;.<\/p>\n<p><a style=\"display: inline-block; background-color: #28a745; color: white; padding: 10px 20px; border-radius: 5px; text-decoration: none; font-weight: bold; text-align: center;\" href=\"https:\/\/schilddruesenguide.de\/thyreoiditis\/basedow\/\">Mehr erfahren<\/a><\/p>\n<\/div>\n<hr \/>\n<p>Letzte Aktualisierung: 31. Juli 2025<\/p>\n","protected":false},"excerpt":{"rendered":"<p>Da ich mich selbst mit der Endokrinen Orbitopathie (Augenbeteiligung, hervortretende Augen) beim Morbus Basedow nicht auskenne, habe ich davon betroffene Morbus Basedow-PatientInnen und \u00e4rztliche SpezialistInnen bei diesem Thema um ihre Hilfe gebeten. Sie finden hier also \u00fcberwiegend Texte von GastautorInnen sowie Verweise auf Pressemitteilungen und Ver\u00f6ffentlichungen auf anderen Websites. Sollten [&hellip;]<\/p>\n","protected":false},"author":1,"featured_media":0,"parent":0,"menu_order":0,"comment_status":"closed","ping_status":"closed","template":"","meta":{"_metis_text_type":"standard","_metis_text_length":12097,"_post_count":0,"footnotes":""},"class_list":["post-14378","page","type-page","status-publish","hentry"],"public_identification_id":"d7751fd4898d48a49ac0c02bbe2ea347","private_identification_id":"4c29b33c02a14f5195568cad80314265","_links":{"self":[{"href":"https:\/\/schilddruesenguide.de\/thyreoiditis\/wp-json\/wp\/v2\/pages\/14378","targetHints":{"allow":["GET"]}}],"collection":[{"href":"https:\/\/schilddruesenguide.de\/thyreoiditis\/wp-json\/wp\/v2\/pages"}],"about":[{"href":"https:\/\/schilddruesenguide.de\/thyreoiditis\/wp-json\/wp\/v2\/types\/page"}],"author":[{"embeddable":true,"href":"https:\/\/schilddruesenguide.de\/thyreoiditis\/wp-json\/wp\/v2\/users\/1"}],"replies":[{"embeddable":true,"href":"https:\/\/schilddruesenguide.de\/thyreoiditis\/wp-json\/wp\/v2\/comments?post=14378"}],"version-history":[{"count":0,"href":"https:\/\/schilddruesenguide.de\/thyreoiditis\/wp-json\/wp\/v2\/pages\/14378\/revisions"}],"wp:attachment":[{"href":"https:\/\/schilddruesenguide.de\/thyreoiditis\/wp-json\/wp\/v2\/media?parent=14378"}],"curies":[{"name":"wp","href":"https:\/\/api.w.org\/{rel}","templated":true}]}}