{"id":13738,"date":"2009-05-16T07:43:36","date_gmt":"2009-05-16T05:43:36","guid":{"rendered":"https:\/\/schilddruesenguide.de\/thyreoiditis\/?page_id=13738"},"modified":"2025-07-16T15:51:54","modified_gmt":"2025-07-16T13:51:54","slug":"aktion-farbe-bekennen","status":"publish","type":"page","link":"https:\/\/schilddruesenguide.de\/thyreoiditis\/aktion-farbe-bekennen\/","title":{"rendered":"Aktion &#8222;Farbe bekennen&#8220;"},"content":{"rendered":"<div style=\"border: 1px solid #ccc; background-color: #f9f9f9; padding: 15px; margin: 20px 0; border-left: 5px solid #4CAF50;\">\n<h3 style=\"margin-top: 0; color: #4caf50;\">Der Hashimoto-Guide<\/h3>\n<p>Informativ, verst\u00e4ndlich &amp; speziell f\u00fcr Frauen mit Hashimoto-Thyreoiditis: Entdecken Sie den Online-Ratgeber mit Fachartikel, E-Books und praktischen Hilfen f\u00fcr den Alltag.<\/p>\n<p><a style=\"color: #ffffff; background-color: #4caf50; padding: 10px 15px; text-decoration: none; border-radius: 4px;\" href=\"http:\/\/www.hashimoto-guide.de\" target=\"_blank\" rel=\"noopener\">Jetzt besuchen: www.hashimoto-guide.de<\/a><\/p>\n<\/div>\n<p><img loading=\"lazy\" decoding=\"async\" class=\"size-medium wp-image-3252 alignright\" src=\"https:\/\/schilddruesenguide.de\/thyreoiditis\/wp-content\/uploads\/2017\/06\/Umfrage_therapieresistente_Beschwerden-292x300.png\" alt=\"Balkendiagramm Beschwerden trotz Schilddr\u00fcsenhormontherapie\" width=\"292\" height=\"300\" srcset=\"https:\/\/schilddruesenguide.de\/thyreoiditis\/wp-content\/uploads\/2017\/06\/Umfrage_therapieresistente_Beschwerden-292x300.png 292w, https:\/\/schilddruesenguide.de\/thyreoiditis\/wp-content\/uploads\/2017\/06\/Umfrage_therapieresistente_Beschwerden.png 380w\" sizes=\"auto, (max-width: 292px) 100vw, 292px\" \/>Die Hashimoto-Thyreoiditis gilt allgemein als harmlose Bagatellerkrankung, deren einzige Folge ein Mangel an Schilddr\u00fcsenhormonen, eine Schilddr\u00fcsenunterfunktion (Hypothyreose), ist. T\u00e4glich eine kleine Tablette einnehmen und dann merkt man praktisch nichts mehr davon.<\/p>\n<p>Mit der Aktion \u201eFarbe bekennen\u201c wollten wir Betroffene deshalb darauf hinweisen, dass diese weit verbreitete Lehrbuchmeinung vieler \u00c4rztInnen mit der Lebensrealit\u00e4t der meisten Hashimoto-PatientInnen so absolut gar nichts zu tun hat. <span id=\"more-1188\"><\/span>Das Ziel war es vom <strong>16.05.09 bis zum 16.05.10<\/strong> mindestens 1000 Patientenschicksale auf diese Weise darzustellen und so deutlich zu machen, dass dies weit mehr sind als nur vernachl\u00e4ssigbare Einzelf\u00e4lle.<\/p>\n<p>16. Mai 2009 <a href=\"https:\/\/schilddruesenguide.de\/thyreoiditis\/start-aktion-farbe-bekennen\/\">Start der Aktion \u201eFarbe bekennen<\/a>\u201c \/ <a href=\"https:\/\/schilddruesenguide.de\/thyreoiditis\/nachlese-aktion-farbe-bekennen-teil-1\/\">Nachlese Aktion \u201eFarbe bekennen\u201c, Teil 1\u00a0<\/a>\/ <a href=\"https:\/\/schilddruesenguide.de\/thyreoiditis\/nachlese-aktion-farbe-bekennen-teil-2\/\">Nachlese Aktion \u201eFarbe bekennen\u201c, Teil 2<\/a>\u00a0sowie die beiden dazu ver\u00f6ffentlichten Presseinformationen <a href=\"https:\/\/schilddruesenguide.de\/thyreoiditis\/presseinformation-schilddruesennetz-hannover-hashimoto-thyreoiditis-patienten-bekennen-farbe\/\">Hashimoto-Thyreoiditis-Patienten bekennen Farbe<\/a> und <a href=\"https:\/\/schilddruesenguide.de\/thyreoiditis\/presseinformation-schilddruesennetz-hannover-schon-500-hashimoto-thyreoiditis-patienten-haben-farbe-bekannt\/\">Schon 500 Hashimoto-Thyreoiditis-Patienten haben Farbe bekannt<\/a><\/p>\n<div class=\"hashimoto-immunsystem\" style=\"border: 1px solid #ccc; padding: 15px; margin: 20px 0; background-color: #f9f9f9;\"><strong><span style=\"color: #008000;\">&#x1f9e9;<\/span>Wenn die Therapie mit L-Thyroxin nicht ausreicht<\/strong><br \/>\nIn diesem Beitrag erfahren Sie mehr \u00fcber die ganzheitlichen (integrativen) Ans\u00e4tze bei der Hashimoto-Thyreoiditis.<br \/>\n<a href=\"https:\/\/schilddruesenguide.de\/thyreoiditis\/hashimoto-verstehen-wenn-das-immunsystem-gegen-die-schilddruese-arbeitet\/\"><span style=\"color: #008000;\">Hashimoto verstehen: Wenn das Immunsystem gegen die Schilddr\u00fcse arbeitet<\/span><\/a><\/div>\n<hr \/>\n<p>Letzte Aktualisierung: 10. Juli 2025<\/p>\n","protected":false},"excerpt":{"rendered":"<p>Der Hashimoto-Guide Informativ, verst\u00e4ndlich &amp; speziell f\u00fcr Frauen mit Hashimoto-Thyreoiditis: Entdecken Sie den Online-Ratgeber mit Fachartikel, E-Books und praktischen Hilfen f\u00fcr den Alltag. Jetzt besuchen: www.hashimoto-guide.de Die Hashimoto-Thyreoiditis gilt allgemein als harmlose Bagatellerkrankung, deren einzige Folge ein Mangel an Schilddr\u00fcsenhormonen, eine Schilddr\u00fcsenunterfunktion (Hypothyreose), ist. T\u00e4glich eine kleine Tablette einnehmen und [&hellip;]<\/p>\n","protected":false},"author":1,"featured_media":0,"parent":0,"menu_order":0,"comment_status":"closed","ping_status":"closed","template":"","meta":{"_metis_text_type":"standard","_metis_text_length":1531,"_post_count":0,"footnotes":""},"class_list":["post-13738","page","type-page","status-publish","hentry"],"_links":{"self":[{"href":"https:\/\/schilddruesenguide.de\/thyreoiditis\/wp-json\/wp\/v2\/pages\/13738","targetHints":{"allow":["GET"]}}],"collection":[{"href":"https:\/\/schilddruesenguide.de\/thyreoiditis\/wp-json\/wp\/v2\/pages"}],"about":[{"href":"https:\/\/schilddruesenguide.de\/thyreoiditis\/wp-json\/wp\/v2\/types\/page"}],"author":[{"embeddable":true,"href":"https:\/\/schilddruesenguide.de\/thyreoiditis\/wp-json\/wp\/v2\/users\/1"}],"replies":[{"embeddable":true,"href":"https:\/\/schilddruesenguide.de\/thyreoiditis\/wp-json\/wp\/v2\/comments?post=13738"}],"version-history":[{"count":0,"href":"https:\/\/schilddruesenguide.de\/thyreoiditis\/wp-json\/wp\/v2\/pages\/13738\/revisions"}],"wp:attachment":[{"href":"https:\/\/schilddruesenguide.de\/thyreoiditis\/wp-json\/wp\/v2\/media?parent=13738"}],"curies":[{"name":"wp","href":"https:\/\/api.w.org\/{rel}","templated":true}]}}