{"id":13552,"date":"2024-01-10T14:10:45","date_gmt":"2024-01-10T13:10:45","guid":{"rendered":"https:\/\/schilddruesenguide.de\/thyreoiditis\/?page_id=13552"},"modified":"2025-08-11T13:25:39","modified_gmt":"2025-08-11T11:25:39","slug":"schilddruesenseiten-selbsthilfegruppen","status":"publish","type":"page","link":"https:\/\/schilddruesenguide.de\/thyreoiditis\/schilddruesenseiten-selbsthilfegruppen\/","title":{"rendered":"Sonstige, interessante Schilddr\u00fcsenseiten"},"content":{"rendered":"<p>Die Schilddr\u00fcsenszene im Internet ist in den vergangenen Jahren sehr viel vielf\u00e4ltiger geworden. Da f\u00e4llt es selbst mir (und ich bin bereits seit meiner Hashimoto-Thyreoiditis Diagnose 2002 zum Thema Schilddr\u00fcse online unterwegs) immer schwerer den \u00dcberblick zu behalten und auch die Seriosit\u00e4t der einzelnen Webprojekte korrekt einzusch\u00e4tzen. Ich m\u00f6chte es hier trotzdem versuchen &#8230;<\/p>\n<div style=\"border-left: 6px solid #4CAF50; background-color: #f0fff4; padding: 16px 20px 10px 20px; margin: 20px 0; border-radius: 6px; font-family: sans-serif;\">\n<div style=\"font-size: 18px; margin-bottom: 8px;\"><strong>Produktempfehlungen f\u00fcr Schilddr\u00fcsenpatientinnen:<\/strong><\/div>\n<ul style=\"margin: 0 0 4px 20px; padding: 0; color: #333; list-style-type: disc;\">\n<li><a href=\"https:\/\/amzn.to\/4o89pF1\">Tablettenteiler<\/a> f\u00fcr das exakte Halbieren oder Vierteln von L-Thyroxin<\/li>\n<li><a href=\"https:\/\/amzn.to\/3GSZfr7\">Basalthermometer<\/a> (alternative Diagnose einer Schilddr\u00fcsenunterfunktion)<\/li>\n<li><a href=\"https:\/\/amzn.to\/4lGCkyi\">7-Tage-Tablettenbox<\/a>: praktisch auf Reisen<\/li>\n<li><a href=\"https:\/\/amzn.to\/455tfb7\">TSH-Selbsttest<\/a> \u2192 schnelles Ergebnis in nur 10 Minuten<\/li>\n<li><a href=\"https:\/\/amzn.to\/4fbucmX\">Thermocase<\/a> f\u00fcr den wirksicheren Transport der Schilddr\u00fcsenmedikamente<\/li>\n<\/ul>\n<div style=\"font-size: 13px; color: #666; margin-top: 8px;\"><em>Dieser Bereich enth\u00e4lt Affiliate-Links von Amazon. So kann ich Inhalte wie diesen ohne redaktionelle Beeinflussung und unabh\u00e4ngig von Partnern f\u00fcr Sie bereitstellen \u2013 danke f\u00fcr Ihre Unterst\u00fctzung!<\/em><\/div>\n<\/div>\n<h2><strong>\u00c4rztInnen<\/strong><\/h2>\n<p>Sie finden hier anders als auf anderen Webseiten keine Liste mit \u00c4rztInnen, deren Adressen ohnehin meist aus dem Branchenbuch abgeschrieben werden und nicht auf tats\u00e4chlichen Erfahrungen von Schilddr\u00fcsenpatientInnen beruhen. Sondern ich nehme hier grunds\u00e4tzlich nur \u00c4rztInnen auf, die mit einem ausf\u00fchrlichen Webangebot deutlich machen, dass f\u00fcr sie das Thema Schilddr\u00fcse in ihrer beruflichen T\u00e4tigkeit von zentraler Bedeutung ist.<\/p>\n<p>Wer mehr \u00fcber das Thema Thermoablation bei Schilddr\u00fcsenknoten wissen m\u00f6chte, dem empfehle ich f\u00fcr gew\u00f6hnlich die Website von <strong>Prof. Dr. Dr. H\u00fcdayi Korkusuz<\/strong>. Interessierte finden beim von ihm gegr\u00fcndeten Deutschen Zentrum f\u00fcr Thermoablation e.v. (<a href=\"http:\/\/www.dzta.de\" target=\"_blank\" rel=\"nofollow noopener\">www.dzta.de<\/a>) sehr umfangreiche Texte und informative Videos.<\/p>\n<p>Informativ ist auch das von <strong>Prof. Dr. Udo von Zieren<\/strong> begr\u00fcndete Projekt: Deutsches Schilddr\u00fcsenzentrum GmbH (<a href=\"http:\/\/www.deutsches-schilddruesenzentrum.de\" target=\"_blank\" rel=\"nofollow noopener\">www.deutsches-schilddruesenzentrum.de<\/a>). Da fortlaufend aktuelle Mitteilungen ver\u00f6ffentlicht werden, lohnt es sich dort regelm\u00e4\u00dfig mitzulesen.<\/p>\n<p><strong>Dr. Reinhold Lunow<\/strong> (www.hashimoto-thyreoiditis.de, www.jod.de)<\/p>\n<p>Die Internetseiten www.morbusbasedow.de und www.hashimoto-thyreoiditis.de geh\u00f6rten einmal zu den Top-Adressen f\u00fcr die Betroffenen der autoimmunen Schilddr\u00fcsenerkrankungen. Leider werden diese von <strong>Prof. Dr. Armin E. Heufelder<\/strong> und <strong>Dr. Leveke Brakebusch<\/strong> schon seit 2009 nicht mehr aktualisiert. Im dazugeh\u00f6rigen Forum (www.ht-mb.de\/forum) sind aber unver\u00e4ndert sehr erfahrene Schilddr\u00fcsenpatientInnen unterwegs, die neu diagnostizierten Hashimoto- und Basedow-Erkrankten zuverl\u00e4ssig zur Seite stehen. Dort gibt es auch ein <strong><a href=\"https:\/\/www.ht-mb.de\/forum\/forumdisplay.php?10-Selbsthilfegruppen\" target=\"_blank\" rel=\"nofollow noopener\">Forum f\u00fcr Selbsthilfegruppen<\/a><\/strong>. Die beiden B\u00fccher der Schilddr\u00fcsenspezialistInnen &#8222;Leben mit Morbus Basedow&#8220; und &#8222;Leben mit Hashimoto-Thyreoiditis&#8220; sind ebenfalls weiterhin im Buchhandel erh\u00e4ltlich.<\/p>\n<p>&nbsp;<\/p>\n<h2><strong>Gesundheitsselbsthilfe<\/strong><\/h2>\n<h3>Verb\u00e4nde der Schilddr\u00fcsenselbsthilfe<\/h3>\n<p>Die<strong> Schilddr\u00fcsen-Liga Deutschland e.V.<\/strong> (www.schilddruesenliga.de \/ <strong><a href=\"https:\/\/www.schilddruesenliga.de\/selbsthilfegruppen\" target=\"_blank\" rel=\"nofollow noopener\">Verzeichnis der deutschlandweit 14 Selbsthilfegruppen f\u00fcr Schilddr\u00fcsenpatientInnen<\/a><\/strong>) wird oft als DIE Selbsthilfeorganisation f\u00fcr Schilddr\u00fcsenpatientInnen hierzulande bezeichnet. Wann immer in den Medien \u00fcber das Thema Schilddr\u00fcse berichtet wird, wird entsprechend auf die Webadresse verwiesen. Das ist jedoch nicht richtig. Nach meinem Kenntnisstand hat der Verein auch 25 Jahre nach der Gr\u00fcndung nicht einmal 1000 Mitglieder und das bei gesch\u00e4tzt 20 Millionen Schilddr\u00fcsenkranken in Deutschland. Sie ist auch nicht DER Dachverband der Schilddr\u00fcsenselbsthilfegruppen &#8211; die weitaus meisten Initiativen der Schilddr\u00fcsenselbsthilfe sind unabh\u00e4ngig oder den nachfolgend aufgef\u00fchrten Organisationen angeschlossen.<\/p>\n<p>Hashimoto-Thyreoiditis und Morbus Basedow-Betroffene haben sich 2006 zum <strong>Kompetenznetz Immunthyreopathien<\/strong> (www.kit-online.org \/ <strong><a href=\"https:\/\/www.kit-online.org\/shgs\" target=\"_blank\" rel=\"nofollow noopener\">Liste von Selbsthilfegruppen f\u00fcr Hashimoto- und Basedow-Erkrankte<\/a><\/strong>) zusammen geschlossen. Das Projekt ist sehr erfolgreich gestartet, wird inzwischen aber wohl nicht mehr weiter verfolgt.<\/p>\n<p>Der Verein <strong>Ohne Schilddr\u00fcse leben e.V.<\/strong> (www.sd-krebs.de \/ <strong><a href=\"https:\/\/www.sd-krebs.de\/linktyp\/sd-krebs-shg-lokal\/\" target=\"_blank\" rel=\"nofollow noopener\">\u00dcbersicht der Selbsthilfegruppen f\u00fcr Betroffene von Schilddr\u00fcsenkrebs<\/a><\/strong>) vertritt bereits seit 1999 insbesondere die Interessen von Schilddr\u00fcsenkrebspatientInnen. Er hat \u00fcber 800 Vereinsmitglieder &#8211; das ist vergleichsweise viel, weil Schilddr\u00fcsenkrebs eine sehr seltene Erkrankung ist.<\/p>\n<p>Damit vernetzt ist auch das <strong>Netzwerk Hypopara<\/strong> (www.hypopara), welches Hilfestellung beim Krankheitsbild der Nebenschilddr\u00fcsenunterfunktion bietet. Dieses ist aus InSeNSU = Interessengemeinschaft Selbsthilfe f\u00fcr Patientinnen und Patienten mit\u00a0Nebenschilddr\u00fcsenunterfunktion (www.insensu) hervorgegangen.<\/p>\n<p>Bereits seit 1997 gibt es die deutschlandweit aktive <strong>Selbsthilfegruppe C-Zell-Karzinom e.V.<\/strong> (www.c-zell-karzinom-online.info) die sich um die Betroffenen dieser sehr seltenen Schilddr\u00fcsenkrebserkrankung k\u00fcmmert.<\/p>\n<p><span style=\"color: #000000;\">Der <strong>Schilddr\u00fcsenbundesverband Die Schmetterlinge e.V.<\/strong> ,der sich schwerpunktm\u00e4\u00dfig f\u00fcr schilddr\u00fcsenkranke Kinder eingesetzt hat, und auch der <strong>Arbeitskreis (Jod) Prophylaxe-Transparenz e.V.<\/strong> wurden zwischenzeitlich aufgel\u00f6st.\u00a0<\/span><\/p>\n<p>&nbsp;<\/p>\n<h3>Websites von Selbsthilfegruppen<\/h3>\n<figure id=\"attachment_14026\" aria-describedby=\"caption-attachment-14026\" style=\"width: 200px\" class=\"wp-caption alignleft\"><img loading=\"lazy\" decoding=\"async\" class=\"wp-image-14026 size-full\" src=\"https:\/\/schilddruesenguide.de\/thyreoiditis\/wp-content\/uploads\/2024\/01\/Schilddruese-Bewegung.jpg\" alt=\"Selbsthilfegruppen f\u00fcr Schilddr\u00fcsenkranke\" title=\"Selbsthilfegruppen f\u00fcr Schilddr\u00fcsenkranke\" width=\"200\" height=\"200\" srcset=\"https:\/\/schilddruesenguide.de\/thyreoiditis\/wp-content\/uploads\/2024\/01\/Schilddruese-Bewegung.jpg 200w, https:\/\/schilddruesenguide.de\/thyreoiditis\/wp-content\/uploads\/2024\/01\/Schilddruese-Bewegung-150x150.jpg 150w\" sizes=\"auto, (max-width: 200px) 100vw, 200px\" \/><figcaption id=\"caption-attachment-14026\" class=\"wp-caption-text\">KI-generierte Grafik<\/figcaption><\/figure>\n<p><span style=\"color: #000000;\">Dar\u00fcber hinaus muss man leider feststellen, dass die klassischen Selbsthilfegruppen offenbar nicht mehr so gefragt sind. Auch die Zeit der Internetforen scheint sich dem Ende zuzuneigen. Der Austausch findet heute vorwiegend in den sozialen Netzwerken statt. <\/span><\/p>\n<p><span style=\"color: #000000;\">Nachfolgend werden nur Selbsthilfegruppen aufgelistet, die \u00fcber eine eigene Internetseite verf\u00fcgen. Das hat den Vorteil, dass man sofort \u00fcberpr\u00fcfen kann, ob \u00fcberhaupt noch Treffen stattfinden. Davon kannte ich mal mehr als drei Dutzend und jetzt &#8230; g\u00e4hnende Leere. Denn leider ist es so, dass wirklich sehr viele Gruppen, die noch irgendwo gelistet sind, l\u00e4ngst aufgegeben wurden. F\u00fcr den \u2192 <a href=\"https:\/\/schilddruesenguide.de\/thyreoiditis\/forderungskatalog-der-schilddruesenselbsthilfe\/\">Forderungskatalog der Schilddr\u00fcsenselbsthilfe<\/a> hatte ich vor einigen Jahren zum Beispiel \u00fcber 30 Selbsthilfeinitiativen zusammengebracht, davon ist kaum noch jemand aktiv. Leider!<\/span><\/p>\n<p>Die Links werden regelm\u00e4ssig kontrolliert, weil ehemalige Webadressen der Schilddr\u00fcsenselbsthilfe (www.schilddruesenunterfunktion-aktuell.de, www.sd-bv.de) oft von Unternehmen \u00fcbernommen werden.<\/p>\n<h4>Schleswig-Holstein<\/h4>\n<h4>Hamburg<\/h4>\n<h4>Mecklenburg-Vorpommern<\/h4>\n<h4>Bremen<\/h4>\n<h4>Niedersachsen<\/h4>\n<ul>\n<li class=\"jw-heading-100\">Wilhelmshaven (www.schilddruese-whv.de)<\/li>\n<\/ul>\n<h4>Nordrhein-Westfalen<\/h4>\n<ul>\n<li>In <strong>Ostwestfalen-Lippe<\/strong>\u00a0ist die Hashimoto Thyreoiditis und Morbus Basedow Selbsthilfegruppe Bielefeld\/ Herford\/ Paderborn\/ Minden (<a href=\"http:\/\/www.hub-bielefeld.de\" target=\"_blank\" rel=\"nofollow noopener\">www.hub-bielefeld.de<\/a>) aktiv, d.h. es finden regelm\u00e4\u00dfig Gruppentreffen statt.<\/li>\n<li>Im <strong>M\u00fcnsterland<\/strong> gibt es die Selbsthilfegruppe Schilddr\u00fcsenkrebs M\u00fcnster (www.selbsthilfegruppe-schilddruesenkrebs-muenster.de \u2192 Link funktioniert nicht mehr!)<\/li>\n<li>Im <strong>Rheinland<\/strong> engagiert sich Manuela Kuniewicz seit etlichen Jahren mit der von ihr begr\u00fcndeten Schilddr\u00fcsenselbsthilfe Leichlingen, Leverkusen und Umgebung (<a href=\"https:\/\/schilddruesensh-leichlingen.jimdofree.com\" target=\"_blank\" rel=\"nofollow noopener\">https:\/\/schilddruesensh-leichlingen.jimdofree.com<\/a>).<\/li>\n<\/ul>\n<h4>Hessen<\/h4>\n<h4>Berlin<\/h4>\n<ul>\n<li>Berlin (www.jodsensibel.de)<\/li>\n<\/ul>\n<h4>Brandenburg<\/h4>\n<h4>Th\u00fcringen<\/h4>\n<h4>Sachsen-Anhalt<\/h4>\n<h4>Sachsen<\/h4>\n<h4>Rheinland-Pfalz<\/h4>\n<h4>Saarland<\/h4>\n<h4>Bayern<\/h4>\n<ul>\n<li>Coburg (www.schilddruese-coburg.de)<\/li>\n<li>Garmisch-Patenkirchen (www.ines-kern.de)<\/li>\n<\/ul>\n<h4>Baden-W\u00fcrttemberg<\/h4>\n<ul>\n<li>Karlsruhe (www.schilddruese-karlsruhe.de)<\/li>\n<\/ul>\n<p>&nbsp;<\/p>\n<h2><strong>Pharmaindustrie<\/strong><\/h2>\n<ul>\n<li>Arbeitskreis Jodmangel e.V. (www.jodmangel.de)<\/li>\n<li>Forum Schilddr\u00fcse e. V. (www.forum-schilddruese.de, www.schilddruese.de)<\/li>\n<li>Merck KGaA (www.schilddruese.net, www.schilddrueseninstitut.de, www.thyrolink.com, www.thyroidweek.com, www.thyroidaware.com)<\/li>\n<li>Sanofi-Aventis Deutschland GmbH (Henning, Aventis, Winthrop): www.schilddruese.de, www.infoline-schilddruese.de www.schilddruesenkrebs.de, www.schilddr\u00fcsenkrebs.org, www.thyroidcommunity.com<\/li>\n<\/ul>\n<p>&nbsp;<\/p>\n<h2><strong>Alternative Schilddr\u00fcsenszene<\/strong><\/h2>\n<h3>Online-Kongresse<\/h3>\n<p>Am bekanntesten ist sicher\u00a0<b>Dr. Berndt Rieger<\/b>. Er ist nicht nur Autor diverser Schilddr\u00fcsenb\u00fccher, beispielsweise &#8222;Die Schilddr\u00fcse. Balance f\u00fcr K\u00f6rper und Seele.&#8220; (\u2192 <a href=\"https:\/\/schilddruesenguide.de\/thyreoiditis\/buchvorstellung-berndt-rieger-die-schilddruese-balance-fuer-koerper-und-seele\/\">Buch-Rezension<\/a>) und &#8222;Ganzheitliche Behandlungsstrategien bei Autoimmunerkrankungen der Schilddr\u00fcse&#8220; (\u2192 <a href=\"https:\/\/schilddruesenguide.de\/thyreoiditis\/buchrezension-hashimoto-basedow-ganzheitliche-behandlung\/\">Buch-Rezension<\/a>), sondern bietet zudem eine <em>Online-Therapie \u201eSchilddr\u00fcsenzuwendung\u201c<\/em>\u00a0f\u00fcr Hashimoto-Thyreoiditis-PatientInnen (hashimoto-behandeln.de) sowie f\u00fcr HeilpraktikerInnen und \u00c4rztInnen au\u00dferdem eine 36st\u00fcndige\u00a0<em>Weiterbildung zur\/m Schilddr\u00fcsenpraktiker\/in<\/em>\u00a0(hormonie.org, schilddr\u00fcsenpraktiker.at) an.<\/p>\n<p>Als Absolventinnen werden beispielsweise die Heilpraktikerin\u00a0<strong>Claudia Rauch<\/strong>\u00a0(Autorin von \u201eHashimoto- na und!\u201c, rauch-naturheilpraxis.de) sowie die \u00c4rztin\u00a0<strong>Dr. Simone Koch<\/strong> (Gemeinsam mit <strong>Yavi Hameister<\/strong> Autorin von \u201eHappy Hashimoto\u201c, drsimonekoch.de, drkochs.de) genannt.\u00a0Rauch engagiert sich z.B. auch beim Webprojekt von <strong>Michael Ayed<\/strong> (hashimoto-info.de) als Gastautorin. Koch wird von <strong>Sandy Bittner<\/strong> (autoimmunhilfe.de) als externe Expertin angegeben.<\/p>\n<p>Rieger und Koch waren zudem als ExpertInnen f\u00fcr den <em>Online-Autoimmun-Kongress\u00a0<\/em>und den\u00a0<em>Online-Hashimoto-Kongress<\/em>\u00a0(autoimmunkongress.de, hashimotokongress.de, Veranstalter:\u00a0<strong>Susann Goldau<\/strong>,\u00a0<strong>Paul Seelhorst<\/strong>\u00a0(paleolifestyle.de),\u00a0<strong>Leon Benedens<\/strong>\u00a0(fairment.de)) t\u00e4tig. Auch das\u00a0<em>autoimmunportal.de<\/em>\u00a0wird von der Benedens, Goldau, Goldau, Seelhorst GBR (vgl. Primal Life UG) betrieben. Bekanntes Mitglied des wissenschaftlichen Beirats ist nicht nur Rieger, sondern beispielsweise auch\u00a0<strong>Dr. Joachim Mutter<\/strong>\u00a0(drmutter.org, Autor von \u201eAmalgam \u2013 Risiko f\u00fcr die Menschheit\u201c und \u201eLass dich nicht vergiften!: Warum uns Schadstoffe chronisch krank machen \u2026\u201c).<\/p>\n<p>Unter den DozentInnen der Online-Kongresse waren aber auch die \u2013 nicht zuletzt aus der Facebook-Gruppe bekannten \u2013 Bloggerinnen\u00a0<strong>Kristine Fredriksson<\/strong>\u00a0und\u00a0<strong>Anke Komorowski<\/strong>\u00a0(natuerliche-therapie.de, ernaehrungsbausteine.de), Paleo-Vertreter wie\u00a0<strong>Janis<\/strong>\u00a0<strong>Budde<\/strong>\u00a0(primal-state.de) sowie die Heilpraktikerin\u00a0<strong>Kyra Daniela Kauffmann<\/strong>.<\/p>\n<p>Kauffmann ist durch ihre B\u00fccher zum Thema Jod (<em>Jod-Schl\u00fcssel zur Gesundheit<\/em>, Das Jod-Kochbuch) aber auch durch die von ihr moderierten<em>\u00a0Jod-Kongresse<\/em>\u00a0(tisso.de\/tag\/deutscher-jod-kongress) bekannt. Neben den bereits erw\u00e4hnten Dr. Berndt Rieger und Dr. Simone Koch sind daf\u00fcr auch die ebenfalls schon f\u00fcr die Online-Kongresse aktiven\u00a0<strong>Dr. Firoz Sojitrawalla<\/strong>\u00a0(Honorararzt der schilddruesenpraxis.de von Dr. Jung Reiermann, fr\u00fcher Prof. Dr. Dr. Hotze),\u00a0<strong>Dr. rer. nat. Adriana Radler-Pohl<\/strong>,\u00a0<strong>Dr. rer. nat. Jens Pohl<\/strong>\u00a0(hygeanum.radler-pohl.de),\u00a0<strong>Prof. Dr. J\u00f6rg Spitz<\/strong>\u00a0(spitzen-praevention.com) und\u00a0<strong>Dr. Jochen Armbruster<\/strong>\u00a0(armbruster-medical-center.de) t\u00e4tig.<\/p>\n<p><strong>Vanessa Blumhagen<\/strong> (hashimoto-deutschland.de, https:\/\/de-de.facebook.com\/HashimotoDeutschland) hat inzwischen mehrere Gesundheitsratgeber verfasst: <span class=\"a-size-medium a-color-base a-text-normal\">Jeden Tag wurde ich dicker und m\u00fcder: Mein Leben mit Hashimoto. \/ <\/span><span class=\"a-size-medium a-color-base a-text-normal\">Die Hashimoto-Di\u00e4t: Wie Sie trotz Ihrer Krankheit schlank und fit werden und sich in Ihrem K\u00f6rper wohlf\u00fchlen &#8230;<\/span><span class=\"a-size-medium a-color-base a-text-normal\">. Neben modischen Accessoires mit Hashimoto Deutschland-Aufdruck bietet sie kostenpflichtige Online-Vortr\u00e4ge an. 2022 hat sie in Hamburg den ersten Hashimoto-Day (hashimoto-days.de) veranstaltet. Weitere sollen folgen. Es gibt auch eine Goodie Bag ;-) 2024 ist ein Hashimoto-Kongress geplant. Zu den Speakern, die auch sonst in der Hashimoto-Szene aktiv sind, geh\u00f6ren u.a. Henning Pless (Lesen Sie dazu auch \u2192 Hashimoto Deutschland), Anja Hecht (S.O.S. Schilddr\u00fcse Online Kongress), Kyra Kauffmann, Martin Auerswald (als Experte bei hashimoto-info.de genannt) und Marc Richter.\u00a0<\/span><\/p>\n<p>Unter \u2192 <a href=\"https:\/\/schilddruesenguide.de\/thyreoiditis\/termine-veranstaltungen\/\">Termine &amp; Veranstaltungen<\/a> finden Sie am Ende der Seite erg\u00e4nzende Informationen, die Ihnen dabei helfen Gesch\u00e4ftsmodell, Qualit\u00e4t und Seriosit\u00e4t der Online-Kongresse richtig einzusch\u00e4tzen.<\/p>\n<p>&nbsp;<\/p>\n<h3>Coaching-Angebote<\/h3>\n<p>Die Branche der Gesundheitscoachs, die sich nach eigenen Aussagen auf die Behandlung der Hashimoto-Thyreoiditis spezialisiert haben, beobachte ich einigerma\u00dfen fasziniert. Bevor ihre jeweiligen B\u00fccher erschienen sind, hatte ich vorher noch nie irgendetwas von ihnen geh\u00f6rt und ich betrachte mich als recht gut informiert was die Hashimoto-Thyreoiditis betrifft. Ehrlich gesagt, hat mich ihr Erfolg (wenn die Lobeshymnen, 5-Sterne-Bewertungen usw. sich nicht irgendwann als gefaked herausstellen) \u00fcberrascht. Ich h\u00e4tte nicht gedacht, dass Menschen bereit sind mehrere Tausend Euro f\u00fcr eine Ern\u00e4hrungsberatung &amp; Co auszugeben.<\/p>\n<ul>\n<li><strong>Peter Gehlmann<\/strong> (petergehlmann.de, hashimoto-mentor.de), Autor von &#8222;Der Hashimoto-Mentor&#8220;<\/li>\n<li><strong>Hannah Hauser<\/strong> (hannahhauser.de), Autorin von &#8222;Mach deine Schilddr\u00fcse stark&#8220;<\/li>\n<li><strong>Anja Hecht<\/strong> (hashimotobalance.de), Autorin von &#8222;Hashimoto-Fibel: Zwischen Ignoranz und Modeerscheinung<\/li>\n<li><strong>Diana Zichner<\/strong> (hashimotounddiespeckroellchen.de), Autorin von &#8222;Richtig einkaufen bei Hashimoto&#8220; und &#8222;Meine Hashimoto-Ern\u00e4hrung&#8220;<\/li>\n<\/ul>\n<p>F\u00fcr das Geld w\u00fcrde ich vermutlich eher einen dreiw\u00f6chigen Wellness-Urlaub machen, aber mir geht es ja auch Gott-Sei-Dank gesundheitlich nicht so schlecht, dass ich nach jedem Strohhalm greifen w\u00fcrde. Das waren \u00fcbrigens nur die bekanntesten Namen der Branche &#8211; es gibt unz\u00e4hlige HeilpraktikerInnen die das Marktsegment ebenfalls f\u00fcr sich entdeckt haben.<\/p>\n<p>&nbsp;<\/p>\n<h3>Private Weblogs<\/h3>\n<p>Weblogs mit pers\u00f6nlicher Note: <a href=\"http:\/\/basedow-und-ich.de\">basedow-und-ich.de<\/a> \/ schilddruesen-selbsthilfe.de \/ <a href=\"http:\/\/alekss-hashimoto-blog.de\">alekss-hashimoto-blog.de<\/a><\/p>\n<p><strong>Irene Gronegger<\/strong> hat mit &#8222;Schilddr\u00fcsenunterfunktion, Hashimoto und Hormone&#8220;. &#8222;Schilddr\u00fcsen-\u00dcberfunktion&#8220;, &#8222;Ern\u00e4hrungswissen f\u00fcr Schilddr\u00fcsen-Patientinnen&#8220; und &#8222;Hashimoto-Thyreoiditis f\u00fcr Fortgeschrittene&#8220; bereits mehrere E-Books zum Thema Schilddr\u00fcsenerkrankungen geschrieben. In ihrem Weblog (schilddruesen-unterfunktion.de) ver\u00f6ffentlicht sie erg\u00e4nzend dazu in gr\u00f6\u00dferen Abst\u00e4nden den ein oder anderen Artikel.<\/p>\n<p>&#8230; und last, but not least das <a href=\"http:\/\/www.hashimoto-forum.de\">hashimoto-forum.de<\/a><\/p>\n<p>&nbsp;<\/p>\n<p><img loading=\"lazy\" decoding=\"async\" class=\"alignnone size-full wp-image-10118\" src=\"https:\/\/schilddruesenguide.de\/thyreoiditis\/wp-content\/uploads\/2012\/03\/SDG-Tipp.png\" alt=\"Schilddr\u00fcse SDG-Tipp Leseempfehlung\" width=\"112\" height=\"48\" \/><\/p>\n<p>\u2192 <a href=\"https:\/\/schilddruesenguide.de\/thyreoiditis\/webverzeichnis-schilddruese\/\">Webverzeichnis &#8222;Schilddr\u00fcse&#8220;<\/a> (Schilddr\u00fcsenzentren, Schilddr\u00fcsensprechstunden der Universit\u00e4tskliniken, Kompetenzzentren f\u00fcr Schilddr\u00fcsen- und Nebenschilddr\u00fcsenchirurgie, Radioiodtherapiezentren)<\/p>\n<hr \/>\n<p>Letzte Aktualisierung: 12. Februar 2024<\/p>\n","protected":false},"excerpt":{"rendered":"<p>Die Schilddr\u00fcsenszene im Internet ist in den vergangenen Jahren sehr viel vielf\u00e4ltiger geworden. Da f\u00e4llt es selbst mir (und ich bin bereits seit meiner Hashimoto-Thyreoiditis Diagnose 2002 zum Thema Schilddr\u00fcse online unterwegs) immer schwerer den \u00dcberblick zu behalten und auch die Seriosit\u00e4t der einzelnen Webprojekte korrekt einzusch\u00e4tzen. Ich m\u00f6chte es [&hellip;]<\/p>\n","protected":false},"author":1,"featured_media":0,"parent":0,"menu_order":0,"comment_status":"closed","ping_status":"closed","template":"","meta":{"_metis_text_type":"standard","_metis_text_length":13681,"_post_count":0,"footnotes":""},"class_list":["post-13552","page","type-page","status-publish","hentry"],"_links":{"self":[{"href":"https:\/\/schilddruesenguide.de\/thyreoiditis\/wp-json\/wp\/v2\/pages\/13552","targetHints":{"allow":["GET"]}}],"collection":[{"href":"https:\/\/schilddruesenguide.de\/thyreoiditis\/wp-json\/wp\/v2\/pages"}],"about":[{"href":"https:\/\/schilddruesenguide.de\/thyreoiditis\/wp-json\/wp\/v2\/types\/page"}],"author":[{"embeddable":true,"href":"https:\/\/schilddruesenguide.de\/thyreoiditis\/wp-json\/wp\/v2\/users\/1"}],"replies":[{"embeddable":true,"href":"https:\/\/schilddruesenguide.de\/thyreoiditis\/wp-json\/wp\/v2\/comments?post=13552"}],"version-history":[{"count":0,"href":"https:\/\/schilddruesenguide.de\/thyreoiditis\/wp-json\/wp\/v2\/pages\/13552\/revisions"}],"wp:attachment":[{"href":"https:\/\/schilddruesenguide.de\/thyreoiditis\/wp-json\/wp\/v2\/media?parent=13552"}],"curies":[{"name":"wp","href":"https:\/\/api.w.org\/{rel}","templated":true}]}}