{"id":10211,"date":"2023-09-12T19:25:38","date_gmt":"2023-09-12T17:25:38","guid":{"rendered":"https:\/\/schilddruesenguide.de\/thyreoiditis\/?page_id=10211"},"modified":"2025-09-18T14:38:01","modified_gmt":"2025-09-18T12:38:01","slug":"wichtige-schilddruesenthemen-haeufig-nachgefragt","status":"publish","type":"page","link":"https:\/\/schilddruesenguide.de\/thyreoiditis\/wichtige-schilddruesenthemen-haeufig-nachgefragt\/","title":{"rendered":"Wichtige Schilddr\u00fcsenthemen &#8211; h\u00e4ufig nachgefragt!"},"content":{"rendered":"<p><img loading=\"lazy\" decoding=\"async\" class=\"wp-image-12641 alignleft\" title=\"Zitat von Marie Curie - Was man zu verstehen gelernt hat, f\u00fcrchtet man nicht mehr.\" src=\"https:\/\/schilddruesenguide.de\/thyreoiditis\/wp-content\/uploads\/2023\/12\/marie_curie-300x161.png\" alt=\"Zitat von Marie Curie - Was man zu verstehen gelernt hat, f\u00fcrchtet man nicht mehr.\" width=\"200\" height=\"107\" srcset=\"https:\/\/schilddruesenguide.de\/thyreoiditis\/wp-content\/uploads\/2023\/12\/marie_curie-300x161.png 300w, https:\/\/schilddruesenguide.de\/thyreoiditis\/wp-content\/uploads\/2023\/12\/marie_curie.png 357w\" sizes=\"auto, (max-width: 200px) 100vw, 200px\" \/>Hallo liebe BesucherInnen von www.schilddruesenguide.de!<\/p>\n<p>Wenn Sie sich erst einmal ganz allgemein \u00fcber Schilddr\u00fcsenerkrankungen informieren m\u00f6chten, empfehle ich Ihnen <strong><a href=\"https:\/\/schilddruesenguide.de\/thyreoiditis\/basiswissen-krankheiten-der-schilddruese\/\">als\u00a0Einstieg die \u2192 kurze Zusammenfassung<\/a><\/strong> der unterschiedlichen Krankheitsbilder, der m\u00f6glichen Krankheitssymptome sowie der zur Verf\u00fcgung stehenden Diagnose- und Behandlungsm\u00f6glichkeiten. Ansonsten bietet Ihnen auch die \u2192 <strong><a href=\"https:\/\/schilddruesenguide.de\/thyreoiditis\/navigationsseite\/\">Navigationsseite <\/a><\/strong>einen guten \u00dcberblick \u00fcber die auf www.schilddruesenguide.de ver\u00f6ffentlichten Inhalte.<\/p>\n<p>Viele Gr\u00fc\u00dfe<\/p>\n<p>Nicole Wobker<\/p>\n<div style=\"border-left: 6px solid #4CAF50; background-color: #f0fff4; padding: 16px 20px 10px 20px; margin: 20px 0; border-radius: 6px; font-family: sans-serif;\">\n<div style=\"font-size: 18px; margin-bottom: 8px;\"><strong>Produktempfehlungen f\u00fcr Schilddr\u00fcsenpatientinnen:<\/strong><\/div>\n<ul style=\"margin: 0 0 4px 20px; padding: 0; color: #333; list-style-type: disc;\">\n<li><a href=\"https:\/\/amzn.to\/4o89pF1\">Tablettenteiler<\/a> f\u00fcr das exakte Halbieren oder Vierteln von L-Thyroxin<\/li>\n<li><a href=\"https:\/\/amzn.to\/3GSZfr7\">Basalthermometer<\/a> (alternative Diagnose einer Schilddr\u00fcsenunterfunktion)<\/li>\n<li><a href=\"https:\/\/amzn.to\/4lGCkyi\">7-Tage-Tablettenbox<\/a>: praktisch auf Reisen<\/li>\n<li><a href=\"https:\/\/amzn.to\/455tfb7\">TSH-Selbsttest<\/a> \u2192 schnelles Ergebnis in nur 10 Minuten<\/li>\n<li><a href=\"https:\/\/amzn.to\/4fbucmX\">Thermocase<\/a> f\u00fcr den wirksicheren Transport der Schilddr\u00fcsenmedikamente<\/li>\n<\/ul>\n<div style=\"font-size: 13px; color: #666; margin-top: 8px;\"><em>Dieser Bereich enth\u00e4lt Affiliate-Links von Amazon. So kann ich Inhalte wie diesen ohne redaktionelle Beeinflussung und unabh\u00e4ngig von Partnern f\u00fcr Sie bereitstellen \u2013 danke f\u00fcr Ihre Unterst\u00fctzung!<\/em><\/div>\n<\/div>\n<h2>Themen-Spezials &#8222;Schilddr\u00fcse&#8220;<\/h2>\n<p>Bei den meisten BesucherInnen von www.schilddruesenguide.de wurde allerdings bereits eine Schilddr\u00fcsenerkrankung, in der Regel eine Hashimoto-Thyreoiditis, diagnostiziert. Das Weblog ist chronologisch sortiert. Um die dr\u00e4ngendsten Fragen m\u00f6glichst schnell zu beantworten habe ich deshalb erg\u00e4nzend diese Seite eingerichtet. Von hier aus gelangen Sie &#8211; ohne langes Suchen &#8211; schnell zu strukturiert aufbereiteten Informationen zur jeweiligen Fragestellung.<\/p>\n<h3>Ursache<\/h3>\n<p>Warum haben so viele <a href=\"https:\/\/schilddruesenguide.de\/thyreoiditis\/spezial-schilddruese-frauen\/\">Frauen<\/a> Probleme mit der Schilddr\u00fcse?<\/p>\n<div style=\"border: 1px solid #ddd; border-radius: 10px; padding: 15px; max-width: 500px; margin: 20px auto; background-color: #fefefe; font-family: Arial, sans-serif; font-size: 14px;\"><strong style=\"font-size: 14px; color: #333;\">Hashimoto-Thyreoiditis? Dieser aktuelle Patientenratgeber fasst zusammen, was M\u00e4dchen &amp; Frauen nach der Diagnose wissen m\u00fcssen<br \/>\n<\/strong><\/p>\n<p style=\"margin-top: 8px; color: #555; line-height: 1.5;\">Viele Betroffene f\u00fchlen sich jahrelang unverstanden. Das E-Book <em>\u201e<span style=\"color: #008000;\">Diagnose Hashimoto-Thyreoiditis bei M\u00e4dchen und Frauen<\/span>\u201c<\/em> bringt Klarheit \u2013 mit verst\u00e4ndlichen Erkl\u00e4rungen und hilfreichen Alltagstipps.<\/p>\n<p style=\"font-style: italic; color: #666; font-size: 12px; margin-top: 6px;\"><span style=\"color: #008000;\">\u201eH\u00e4tte ich das fr\u00fcher gelesen, w\u00e4ren mir viele Zweifel erspart geblieben.\u201c \u2013 Carola (51)<\/span><\/p>\n<p><a style=\"display: inline-block; background-color: #28a745; color: white; padding: 6px 12px; border-radius: 5px; font-weight: bold; font-size: 13px; text-decoration: none; margin-top: 10px;\" href=\"https:\/\/amzn.to\/3GWSXTS\" target=\"_blank\" rel=\"noopener\">Jetzt das E-Book ansehen*<br \/>\n<\/a><\/p>\n<p style=\"font-size: 10px; color: #999; margin-top: 6px;\">Hinweise: *Amazon-Partnerlink \u2013 beim Kauf erhalte ich eine kleine Provision, ohne Mehrkosten f\u00fcr Sie. Das E-Book ist auch f\u00fcr den Tolino erh\u00e4ltlich z.B. bei<span style=\"color: #008000;\"> <em><a style=\"color: #008000;\" href=\"https:\/\/www.thalia.de\/shop\/home\/artikeldetails\/A1070760968\">thalia.de<\/a><\/em><\/span><\/p>\n<\/div>\n<h3>Symptome<\/h3>\n<p><strong>Schilddr\u00fcsenunterfunktion<\/strong><\/p>\n<p>Welche <a href=\"https:\/\/schilddruesenguide.de\/thyreoiditis\/spezial-symptome-schilddruesenfehlfunktion\/\">Symptome<\/a> hat man bei einer Schilddr\u00fcsenfehlfunktion?<\/p>\n<p>Kann man eine Unterfunktion der Schilddr\u00fcse an <a href=\"https:\/\/schilddruesenguide.de\/thyreoiditis\/spezial-aeusserlich-sichtbare-zeichen-der-schilddruesenunterfunktion-erkennen\/\">\u00c4u\u00dferlichkeiten<\/a> erkennen?<\/p>\n<p><strong>Autoimmunerkrankung<\/strong><\/p>\n<p>Hashimoto-Thyreoiditis\/<a href=\"https:\/\/schilddruesenguide.de\/thyreoiditis\/spezial-autoimmunerkrankung-hashimoto-thyreoiditis\/\">Autoimmunerkrankung<\/a>\u00a0&#8211; Was bedeutet das eigentlich?<\/p>\n<p>Gibt es bei der Hashimoto-Thyreoiditis (\u00e4hnlich wie bei Rheuma) <a href=\"https:\/\/schilddruesenguide.de\/thyreoiditis\/spezial-schuebe-schmerzen-und-schwaeche-wegen-hashimoto-thyreoiditis\/\">Krankheitssch\u00fcbe<\/a>?<\/p>\n<h3>Schilddr\u00fcse &amp; Psyche<\/h3>\n<p>Haben Hashimoto und Basedow einen Einfluss auf die <a href=\"https:\/\/schilddruesenguide.de\/thyreoiditis\/spezial-schilddruese-und-psyche\/\">Psyche<\/a>?<\/p>\n<p>Kann man\u00a0<a href=\"https:\/\/schilddruesenguide.de\/thyreoiditis\/spezial-innere-unruhe-angstzustaende-und-panikattacken-bei-hashimoto-thyreoiditis\/\">Angstzust\u00e4nde und Panikattacken<\/a> bei Hashimoto-Thyreoiditis haben?<\/p>\n<p>Wie unterscheidet man <a href=\"https:\/\/schilddruesenguide.de\/thyreoiditis\/spezial-depression-und-burnout-bei-hashimoto-thyreoiditis\/\">Depression &amp; Burnout<\/a> von einer Hashimoto-Thyreoiditis?<\/p>\n<h3>Diagnose<\/h3>\n<p>Was bedeuten die einzelnen\u00a0<a href=\"https:\/\/schilddruesenguide.de\/thyreoiditis\/spezial-schilddruesenwerte\/\">Schilddr\u00fcsenwerte<\/a>?<\/p>\n<p>Ist ein zu hoher oder zu niedriger <a href=\"https:\/\/schilddruesenguide.de\/thyreoiditis\/spezial-tsh-wert-zu-niedrig-oder-zu-hoch\/\">TSH-Wert<\/a>\u00a0schlimm?<\/p>\n<h3>Therapie<\/h3>\n<p><a href=\"https:\/\/schilddruesenguide.de\/thyreoiditis\/spezial-schilddruesenhormontherapie\/\">Schilddr\u00fcsenhormontherapie<\/a> &#8211; was bedeutet das?<\/p>\n<p>Woran sollte ich vor einer <a href=\"https:\/\/schilddruesenguide.de\/thyreoiditis\/spezial-schilddruesenoperation\/\">Schilddr\u00fcsenoperation <\/a>denken?<\/p>\n<p>Was tun bei <a href=\"https:\/\/schilddruesenguide.de\/thyreoiditis\/spezial-behandlung-der-endokrinen-orbitopathie-augenbeteiligung-beim-morbus-basedow\/\">Endokriner Orbitopathie<\/a> (Augenbeteiligung) beim Morbus Basedow?<\/p>\n<p>Bei mir wurde eine Schilddr\u00fcsenerkrankung diagnostiziert &#8211; <a href=\"https:\/\/schilddruesenguide.de\/thyreoiditis\/naturheilkunde-alternativmedizin-alphabetisches-stichwortverzeichnis\/\">Was kann ich selbst tun?<\/a><\/p>\n<p>Welche <a href=\"https:\/\/schilddruesenguide.de\/thyreoiditis\/spezial-pflanzenheilkunde-bei-schilddruesenerkrankungen-1\/\">Heilpflanzen<\/a> helfen bei Schilddr\u00fcsenerkrankungen?<\/p>\n<h3>Ern\u00e4hrung<\/h3>\n<p><a href=\"https:\/\/schilddruesenguide.de\/thyreoiditis\/schilddruese-ernaehrung\/\">Schilddr\u00fcse &amp; Ern\u00e4hrung<\/a>: Wie ist der Stand der Wissenschaft?<\/p>\n<p>Hashimoto-Thyreoiditis: Worauf muss ich bei der <a href=\"https:\/\/schilddruesenguide.de\/thyreoiditis\/spezial-ernaehrung-bei-hashimoto-thyreoiditis\/\">Ern\u00e4hrung<\/a> achten?<\/p>\n<p>Wie schafft man es trotz Hashimoto-Thyreoiditis sein <a href=\"https:\/\/schilddruesenguide.de\/thyreoiditis\/spezial-abnehmen-trotz-hashimoto-thyreoiditis\/\">\u00dcbergewicht<\/a> zu reduzieren?<\/p>\n<p>Welchen Einfluss hat <a href=\"https:\/\/schilddruesenguide.de\/thyreoiditis\/spezial-einfluss-von-gluten-auf-die-hashimoto-thyreoiditis\/\">Gluten<\/a> auf die Entstehung\/den Krankheitsverlauf bei der Hashimoto-Thyreoiditis?<\/p>\n<h3>Sonstiges<\/h3>\n<p>Was ist mit Blick auf <a href=\"https:\/\/schilddruesenguide.de\/thyreoiditis\/coronavirus-covid-19-und-schilddruesenerkrankungen-hashimoto-thyreoiditis-morbus-basedow\/\">COVID-19<\/a> und Schilddr\u00fcsenerkrankungen wichtig?<\/p>\n<div style=\"border-left: 4px solid #008000; background-color: #f1fdf3; padding: 12px; font-family: Arial, sans-serif; font-size: 14px; line-height: 1.5; margin-bottom: 20px; text-align: left;\"><span style=\"color: #000000;\"><strong>Tipp<\/strong>: Um Ihnen die Orientierung auf www.schilddruesenguide.de zu erleichtern, habe ich eine \u00dcbersicht der wichtigsten Inhalte erstellt. <\/span>\u27a4<span style=\"color: #008000;\"><strong> <a style=\"color: #008000;\" href=\"https:\/\/schilddruesenguide.de\/thyreoiditis\/navigationsseite\/\">Zur Navigationsseite<\/a><\/strong><\/span><\/div>\n<hr \/>\n<p>Letzte Aktualisierung: 18. September 2025<\/p>\n","protected":false},"excerpt":{"rendered":"<p>Hallo liebe BesucherInnen von www.schilddruesenguide.de! Wenn Sie sich erst einmal ganz allgemein \u00fcber Schilddr\u00fcsenerkrankungen informieren m\u00f6chten, empfehle ich Ihnen als\u00a0Einstieg die \u2192 kurze Zusammenfassung der unterschiedlichen Krankheitsbilder, der m\u00f6glichen Krankheitssymptome sowie der zur Verf\u00fcgung stehenden Diagnose- und Behandlungsm\u00f6glichkeiten. Ansonsten bietet Ihnen auch die \u2192 Navigationsseite einen guten \u00dcberblick \u00fcber die [&hellip;]<\/p>\n","protected":false},"author":1,"featured_media":0,"parent":0,"menu_order":0,"comment_status":"closed","ping_status":"closed","template":"","meta":{"_metis_text_type":"standard","_metis_text_length":3904,"_post_count":0,"footnotes":""},"class_list":["post-10211","page","type-page","status-publish","hentry"],"_links":{"self":[{"href":"https:\/\/schilddruesenguide.de\/thyreoiditis\/wp-json\/wp\/v2\/pages\/10211","targetHints":{"allow":["GET"]}}],"collection":[{"href":"https:\/\/schilddruesenguide.de\/thyreoiditis\/wp-json\/wp\/v2\/pages"}],"about":[{"href":"https:\/\/schilddruesenguide.de\/thyreoiditis\/wp-json\/wp\/v2\/types\/page"}],"author":[{"embeddable":true,"href":"https:\/\/schilddruesenguide.de\/thyreoiditis\/wp-json\/wp\/v2\/users\/1"}],"replies":[{"embeddable":true,"href":"https:\/\/schilddruesenguide.de\/thyreoiditis\/wp-json\/wp\/v2\/comments?post=10211"}],"version-history":[{"count":0,"href":"https:\/\/schilddruesenguide.de\/thyreoiditis\/wp-json\/wp\/v2\/pages\/10211\/revisions"}],"wp:attachment":[{"href":"https:\/\/schilddruesenguide.de\/thyreoiditis\/wp-json\/wp\/v2\/media?parent=10211"}],"curies":[{"name":"wp","href":"https:\/\/api.w.org\/{rel}","templated":true}]}}